{"id":51901,"date":"2025-11-05T09:18:23","date_gmt":"2025-11-05T08:18:23","guid":{"rendered":"https:\/\/librairie7l.com\/?post_type=product&#038;p=51901"},"modified":"2026-04-22T11:27:06","modified_gmt":"2026-04-22T09:27:06","slug":"80s-paris-nights-top-models-divas-2","status":"publish","type":"product","link":"https:\/\/librairie7l.com\/en\/produit\/80s-paris-nights-top-models-divas-2\/","title":{"rendered":"80&#8217;S PARIS NIGHTS : TOP MODELS &AMP; DIVAS"},"content":{"rendered":"<p>T\u00e9moin d&#8217;une \u00e9poque. Pr\u00e9fac\u00e9 par Fr\u00e9d\u00e9ric Beigbeder, un livre d\u00e9j\u00e0 culte. Le meilleur annot\u00e9 du photographe Foc Kan qui a \u00e9cum\u00e9 les boites de nuit parisiennes durant les ann\u00e9es 80 et 90 pour en saisir l&#8217;intensit\u00e9 cr\u00e9ative et festive. Des moments rares, glamour et rafra\u00eechissants qui nous permettent de retrouver des icones comme Claudia Schieffer, Naomi Campbell, Carla Bruni, Christy Turlington, Catherine Deneuve, Mick Jagger,  Jean-Paul Gaultier, Karl Lagerfeld, Yves Saint-Laurent et bien d&#8217;autres. Ceci en des lieux magiques comme notamment Les Bains-Douches ou le Palace. Musique, mode, glamour, nighclubbing : un tr\u00e8s beau livre festif, ethnographique et chic.<\/p>\n","protected":false},"excerpt":{"rendered":"<p>T\u00e9moin d&#8217;une \u00e9poque. Pr\u00e9fac\u00e9 par Fr\u00e9d\u00e9ric Beigbeder, un livre d\u00e9j\u00e0 culte. Le meilleur annot\u00e9 du photographe Foc Kan qui a \u00e9cum\u00e9 les boites de nuit parisiennes durant les ann\u00e9es 80 et 90 pour en saisir l&#8217;intensit\u00e9 cr\u00e9ative et festive. Des moments rares, glamour et rafra\u00eechissants qui nous permettent de retrouver des icones comme Claudia Schieffer, [&hellip;]<\/p>\n","protected":false},"featured_media":51899,"template":"","meta":[],"product_cat":[2948,2958],"product_tag":[],"acf":[],"yoast_head":"<!-- This site is optimized with the Yoast SEO plugin v20.11 - https:\/\/yoast.com\/wordpress\/plugins\/seo\/ -->\n<title>80&#039;s Paris nights : Top models &amp; divas - Librairie 7L<\/title>\n<meta name=\"robots\" content=\"index, follow, max-snippet:-1, max-image-preview:large, max-video-preview:-1\" \/>\n<link rel=\"canonical\" href=\"https:\/\/librairie7l.com\/en\/produit\/80s-paris-nights-top-models-divas-2\/\" \/>\n<meta property=\"og:locale\" content=\"en_US\" \/>\n<meta property=\"og:type\" content=\"article\" \/>\n<meta property=\"og:title\" content=\"80&#039;s Paris nights : Top models &amp; divas - Librairie 7L\" \/>\n<meta property=\"og:description\" content=\"T\u00e9moin d&#8217;une \u00e9poque. Pr\u00e9fac\u00e9 par Fr\u00e9d\u00e9ric Beigbeder, un livre d\u00e9j\u00e0 culte. Le meilleur annot\u00e9 du photographe Foc Kan qui a \u00e9cum\u00e9 les boites de nuit parisiennes durant les ann\u00e9es 80 et 90 pour en saisir l&#8217;intensit\u00e9 cr\u00e9ative et festive. Des moments rares, glamour et rafra\u00eechissants qui nous permettent de retrouver des icones comme Claudia Schieffer, [&hellip;]\" \/>\n<meta property=\"og:url\" content=\"https:\/\/librairie7l.com\/en\/produit\/80s-paris-nights-top-models-divas-2\/\" \/>\n<meta property=\"og:site_name\" content=\"Librairie 7L\" \/>\n<meta property=\"article:modified_time\" content=\"2026-04-22T09:27:06+00:00\" \/>\n<meta property=\"og:image\" content=\"https:\/\/librairie7l.com\/wp-content\/uploads\/2025\/05\/9782487507104_1_75.jpg\" \/>\n\t<meta property=\"og:image:width\" content=\"600\" \/>\n\t<meta property=\"og:image:height\" content=\"800\" \/>\n\t<meta property=\"og:image:type\" content=\"image\/jpeg\" \/>\n<meta name=\"twitter:card\" content=\"summary_large_image\" \/>\n<meta name=\"twitter:label1\" content=\"Est. reading time\" \/>\n\t<meta name=\"twitter:data1\" content=\"1 minute\" \/>\n<script type=\"application\/ld+json\" class=\"yoast-schema-graph\">{\"@context\":\"https:\/\/schema.org\",\"@graph\":[{\"@type\":\"WebPage\",\"@id\":\"https:\/\/librairie7l.com\/en\/produit\/80s-paris-nights-top-models-divas-2\/\",\"url\":\"https:\/\/librairie7l.com\/en\/produit\/80s-paris-nights-top-models-divas-2\/\",\"name\":\"80's Paris nights : Top models &amp; divas - Librairie 7L\",\"isPartOf\":{\"@id\":\"https:\/\/librairie7l.com\/en\/#website\"},\"datePublished\":\"2025-11-05T08:18:23+00:00\",\"dateModified\":\"2026-04-22T09:27:06+00:00\",\"breadcrumb\":{\"@id\":\"https:\/\/librairie7l.com\/en\/produit\/80s-paris-nights-top-models-divas-2\/#breadcrumb\"},\"inLanguage\":\"en-US\",\"potentialAction\":[{\"@type\":\"ReadAction\",\"target\":[\"https:\/\/librairie7l.com\/en\/produit\/80s-paris-nights-top-models-divas-2\/\"]}]},{\"@type\":\"BreadcrumbList\",\"@id\":\"https:\/\/librairie7l.com\/en\/produit\/80s-paris-nights-top-models-divas-2\/#breadcrumb\",\"itemListElement\":[{\"@type\":\"ListItem\",\"position\":1,\"name\":\"Accueil\",\"item\":\"https:\/\/librairie7l.com\/en\/\"},{\"@type\":\"ListItem\",\"position\":2,\"name\":\"Shop\",\"item\":\"https:\/\/librairie7l.com\/en\/shop\/\"},{\"@type\":\"ListItem\",\"position\":3,\"name\":\"80&#8217;S PARIS NIGHTS : TOP MODELS &AMP; DIVAS\"}]},{\"@type\":\"WebSite\",\"@id\":\"https:\/\/librairie7l.com\/en\/#website\",\"url\":\"https:\/\/librairie7l.com\/en\/\",\"name\":\"Librairie 7L\",\"description\":\"Librairie fond\u00e9e en 1999 par Karl Lagerfeld \u00e0 Paris\",\"publisher\":{\"@id\":\"https:\/\/librairie7l.com\/en\/#organization\"},\"potentialAction\":[{\"@type\":\"SearchAction\",\"target\":{\"@type\":\"EntryPoint\",\"urlTemplate\":\"https:\/\/librairie7l.com\/en\/?s={search_term_string}\"},\"query-input\":\"required name=search_term_string\"}],\"inLanguage\":\"en-US\"},{\"@type\":\"Organization\",\"@id\":\"https:\/\/librairie7l.com\/en\/#organization\",\"name\":\"Librairie 7L\",\"url\":\"https:\/\/librairie7l.com\/en\/\",\"logo\":{\"@type\":\"ImageObject\",\"inLanguage\":\"en-US\",\"@id\":\"https:\/\/librairie7l.com\/en\/#\/schema\/logo\/image\/\",\"url\":\"https:\/\/librairie7l.com\/wp-content\/uploads\/2022\/08\/logo-1.png\",\"contentUrl\":\"https:\/\/librairie7l.com\/wp-content\/uploads\/2022\/08\/logo-1.png\",\"width\":227,\"height\":301,\"caption\":\"Librairie 7L\"},\"image\":{\"@id\":\"https:\/\/librairie7l.com\/en\/#\/schema\/logo\/image\/\"}}]}<\/script>\n<!-- \/ Yoast SEO plugin. -->","yoast_head_json":{"title":"80's Paris nights : Top models &amp; divas - Librairie 7L","robots":{"index":"index","follow":"follow","max-snippet":"max-snippet:-1","max-image-preview":"max-image-preview:large","max-video-preview":"max-video-preview:-1"},"canonical":"https:\/\/librairie7l.com\/en\/produit\/80s-paris-nights-top-models-divas-2\/","og_locale":"en_US","og_type":"article","og_title":"80's Paris nights : Top models &amp; divas - Librairie 7L","og_description":"T\u00e9moin d&#8217;une \u00e9poque. Pr\u00e9fac\u00e9 par Fr\u00e9d\u00e9ric Beigbeder, un livre d\u00e9j\u00e0 culte. Le meilleur annot\u00e9 du photographe Foc Kan qui a \u00e9cum\u00e9 les boites de nuit parisiennes durant les ann\u00e9es 80 et 90 pour en saisir l&#8217;intensit\u00e9 cr\u00e9ative et festive. Des moments rares, glamour et rafra\u00eechissants qui nous permettent de retrouver des icones comme Claudia Schieffer, [&hellip;]","og_url":"https:\/\/librairie7l.com\/en\/produit\/80s-paris-nights-top-models-divas-2\/","og_site_name":"Librairie 7L","article_modified_time":"2026-04-22T09:27:06+00:00","og_image":[{"width":600,"height":800,"url":"https:\/\/librairie7l.com\/wp-content\/uploads\/2025\/05\/9782487507104_1_75.jpg","type":"image\/jpeg"}],"twitter_card":"summary_large_image","twitter_misc":{"Est. reading time":"1 minute"},"schema":{"@context":"https:\/\/schema.org","@graph":[{"@type":"WebPage","@id":"https:\/\/librairie7l.com\/en\/produit\/80s-paris-nights-top-models-divas-2\/","url":"https:\/\/librairie7l.com\/en\/produit\/80s-paris-nights-top-models-divas-2\/","name":"80's Paris nights : Top models &amp; divas - Librairie 7L","isPartOf":{"@id":"https:\/\/librairie7l.com\/en\/#website"},"datePublished":"2025-11-05T08:18:23+00:00","dateModified":"2026-04-22T09:27:06+00:00","breadcrumb":{"@id":"https:\/\/librairie7l.com\/en\/produit\/80s-paris-nights-top-models-divas-2\/#breadcrumb"},"inLanguage":"en-US","potentialAction":[{"@type":"ReadAction","target":["https:\/\/librairie7l.com\/en\/produit\/80s-paris-nights-top-models-divas-2\/"]}]},{"@type":"BreadcrumbList","@id":"https:\/\/librairie7l.com\/en\/produit\/80s-paris-nights-top-models-divas-2\/#breadcrumb","itemListElement":[{"@type":"ListItem","position":1,"name":"Accueil","item":"https:\/\/librairie7l.com\/en\/"},{"@type":"ListItem","position":2,"name":"Shop","item":"https:\/\/librairie7l.com\/en\/shop\/"},{"@type":"ListItem","position":3,"name":"80&#8217;S PARIS NIGHTS : TOP MODELS &AMP; DIVAS"}]},{"@type":"WebSite","@id":"https:\/\/librairie7l.com\/en\/#website","url":"https:\/\/librairie7l.com\/en\/","name":"Librairie 7L","description":"Librairie fond\u00e9e en 1999 par Karl Lagerfeld \u00e0 Paris","publisher":{"@id":"https:\/\/librairie7l.com\/en\/#organization"},"potentialAction":[{"@type":"SearchAction","target":{"@type":"EntryPoint","urlTemplate":"https:\/\/librairie7l.com\/en\/?s={search_term_string}"},"query-input":"required name=search_term_string"}],"inLanguage":"en-US"},{"@type":"Organization","@id":"https:\/\/librairie7l.com\/en\/#organization","name":"Librairie 7L","url":"https:\/\/librairie7l.com\/en\/","logo":{"@type":"ImageObject","inLanguage":"en-US","@id":"https:\/\/librairie7l.com\/en\/#\/schema\/logo\/image\/","url":"https:\/\/librairie7l.com\/wp-content\/uploads\/2022\/08\/logo-1.png","contentUrl":"https:\/\/librairie7l.com\/wp-content\/uploads\/2022\/08\/logo-1.png","width":227,"height":301,"caption":"Librairie 7L"},"image":{"@id":"https:\/\/librairie7l.com\/en\/#\/schema\/logo\/image\/"}}]}},"_links":{"self":[{"href":"https:\/\/librairie7l.com\/en\/wp-json\/wp\/v2\/product\/51901"}],"collection":[{"href":"https:\/\/librairie7l.com\/en\/wp-json\/wp\/v2\/product"}],"about":[{"href":"https:\/\/librairie7l.com\/en\/wp-json\/wp\/v2\/types\/product"}],"wp:featuredmedia":[{"embeddable":true,"href":"https:\/\/librairie7l.com\/en\/wp-json\/wp\/v2\/media\/51899"}],"wp:attachment":[{"href":"https:\/\/librairie7l.com\/en\/wp-json\/wp\/v2\/media?parent=51901"}],"wp:term":[{"taxonomy":"product_cat","embeddable":true,"href":"https:\/\/librairie7l.com\/en\/wp-json\/wp\/v2\/product_cat?post=51901"},{"taxonomy":"product_tag","embeddable":true,"href":"https:\/\/librairie7l.com\/en\/wp-json\/wp\/v2\/product_tag?post=51901"}],"curies":[{"name":"wp","href":"https:\/\/api.w.org\/{rel}","templated":true}]}}