{"id":51911,"date":"2025-11-05T10:16:09","date_gmt":"2025-11-05T09:16:09","guid":{"rendered":"https:\/\/librairie7l.com\/?post_type=product&#038;p=51911"},"modified":"2026-04-19T10:06:23","modified_gmt":"2026-04-19T08:06:23","slug":"ecole-de-paris-collection-marek-roefler-2","status":"publish","type":"product","link":"https:\/\/librairie7l.com\/en\/produit\/ecole-de-paris-collection-marek-roefler-2\/","title":{"rendered":"\u00c9COLE DE PARIS : COLLECTION MAREK ROEFLER"},"content":{"rendered":"<p>Le terme \u00ab \u00c9cole de Paris \u00bb a \u00e9t\u00e9 utilis\u00e9 pour la premi\u00e8re fois en 1925 par le critique d&#8217;art fran\u00e7ais Andr\u00e9 Warnod. Plut\u00f4t que de d\u00e9signer un mouvement ou une \u00e9cole de peinture pr\u00e9cise, il fait r\u00e9f\u00e9rence \u00e0 un ph\u00e9nom\u00e8ne plus large : l&#8217;afflux d&#8217;artistes \u00e9trangers qui se sont install\u00e9s d&#8217;abord \u00e0 Montmartre et puis \u00e0 Montparnasse avant la Premi\u00e8re Guerre mondiale, et qui ont fait de Paris leur \u00e9cole d&#8217;art et de vie.<br \/>\nParmi ces artistes venus principalement d&#8217;Europe centrale et orientale, nombreux \u00e9taient d&#8217;origine juive, mais on comptait \u00e9galement des artistes venus d&#8217;Espagne (Picasso), d&#8217;Italie (Modigliani), du Japon (Foujita), du Mexique (Rivera), de Grande-Bretagne et des \u00c9tats-Unis. Ce brassage artistique a permis \u00e0 Montmartre et Montparnasse de devenir les berceaux des avant-gardes de la premi\u00e8re moiti\u00e9 du XXe si\u00e8cle. Sous les pinceaux d&#8217;une multitude d&#8217;artistes internationaux le cubisme, le fauvisme, l&#8217;expressionnisme et le postimpressionnisme se c\u00f4toient et \u00e9voluent dans des milieux fertiles.<br \/>\nC&#8217;est dans ce contexte que s&#8217;enracine la collection form\u00e9e par Marek Roefler \u00e0 partir des ann\u00e9es 1990 et constituant le fonds permanent du mus\u00e9e Villa la Fleur, \u00e0 Konstancin-Jeziorna pr\u00e8s de Varsovie. Le mus\u00e9e de Montmartre d\u00e9voile au public une s\u00e9lection d&#8217;oeuvres embl\u00e9matiques de cette collection priv\u00e9e qui met \u00e0 l&#8217;honneur la contribution des artistes internationaux dans le Paris du XXe si\u00e8cle.<\/p>\n","protected":false},"excerpt":{"rendered":"<p>Le terme \u00ab \u00c9cole de Paris \u00bb a \u00e9t\u00e9 utilis\u00e9 pour la premi\u00e8re fois en 1925 par le critique d&#8217;art fran\u00e7ais Andr\u00e9 Warnod. Plut\u00f4t que de d\u00e9signer un mouvement ou une \u00e9cole de peinture pr\u00e9cise, il fait r\u00e9f\u00e9rence \u00e0 un ph\u00e9nom\u00e8ne plus large : l&#8217;afflux d&#8217;artistes \u00e9trangers qui se sont install\u00e9s d&#8217;abord \u00e0 Montmartre et [&hellip;]<\/p>\n","protected":false},"featured_media":52863,"template":"","meta":[],"product_cat":[2948,2953],"product_tag":[],"acf":[],"yoast_head":"<!-- This site is optimized with the Yoast SEO plugin v20.11 - https:\/\/yoast.com\/wordpress\/plugins\/seo\/ -->\n<title>\u00c9cole de Paris : Collection Marek Roefler - Librairie 7L<\/title>\n<meta name=\"robots\" content=\"index, follow, max-snippet:-1, max-image-preview:large, max-video-preview:-1\" \/>\n<link rel=\"canonical\" href=\"https:\/\/librairie7l.com\/en\/produit\/ecole-de-paris-collection-marek-roefler-2\/\" \/>\n<meta property=\"og:locale\" content=\"en_US\" \/>\n<meta property=\"og:type\" content=\"article\" \/>\n<meta property=\"og:title\" content=\"\u00c9cole de Paris : Collection Marek Roefler - Librairie 7L\" \/>\n<meta property=\"og:description\" content=\"Le terme \u00ab \u00c9cole de Paris \u00bb a \u00e9t\u00e9 utilis\u00e9 pour la premi\u00e8re fois en 1925 par le critique d&#8217;art fran\u00e7ais Andr\u00e9 Warnod. Plut\u00f4t que de d\u00e9signer un mouvement ou une \u00e9cole de peinture pr\u00e9cise, il fait r\u00e9f\u00e9rence \u00e0 un ph\u00e9nom\u00e8ne plus large : l&#8217;afflux d&#8217;artistes \u00e9trangers qui se sont install\u00e9s d&#8217;abord \u00e0 Montmartre et [&hellip;]\" \/>\n<meta property=\"og:url\" content=\"https:\/\/librairie7l.com\/en\/produit\/ecole-de-paris-collection-marek-roefler-2\/\" \/>\n<meta property=\"og:site_name\" content=\"Librairie 7L\" \/>\n<meta property=\"article:modified_time\" content=\"2026-04-19T08:06:23+00:00\" \/>\n<meta name=\"twitter:card\" content=\"summary_large_image\" \/>\n<meta name=\"twitter:label1\" content=\"Est. reading time\" \/>\n\t<meta name=\"twitter:data1\" content=\"1 minute\" \/>\n<script type=\"application\/ld+json\" class=\"yoast-schema-graph\">{\"@context\":\"https:\/\/schema.org\",\"@graph\":[{\"@type\":\"WebPage\",\"@id\":\"https:\/\/librairie7l.com\/en\/produit\/ecole-de-paris-collection-marek-roefler-2\/\",\"url\":\"https:\/\/librairie7l.com\/en\/produit\/ecole-de-paris-collection-marek-roefler-2\/\",\"name\":\"\u00c9cole de Paris : Collection Marek Roefler - Librairie 7L\",\"isPartOf\":{\"@id\":\"https:\/\/librairie7l.com\/en\/#website\"},\"datePublished\":\"2025-11-05T09:16:09+00:00\",\"dateModified\":\"2026-04-19T08:06:23+00:00\",\"breadcrumb\":{\"@id\":\"https:\/\/librairie7l.com\/en\/produit\/ecole-de-paris-collection-marek-roefler-2\/#breadcrumb\"},\"inLanguage\":\"en-US\",\"potentialAction\":[{\"@type\":\"ReadAction\",\"target\":[\"https:\/\/librairie7l.com\/en\/produit\/ecole-de-paris-collection-marek-roefler-2\/\"]}]},{\"@type\":\"BreadcrumbList\",\"@id\":\"https:\/\/librairie7l.com\/en\/produit\/ecole-de-paris-collection-marek-roefler-2\/#breadcrumb\",\"itemListElement\":[{\"@type\":\"ListItem\",\"position\":1,\"name\":\"Accueil\",\"item\":\"https:\/\/librairie7l.com\/en\/\"},{\"@type\":\"ListItem\",\"position\":2,\"name\":\"Shop\",\"item\":\"https:\/\/librairie7l.com\/en\/shop\/\"},{\"@type\":\"ListItem\",\"position\":3,\"name\":\"\u00c9COLE DE PARIS : COLLECTION MAREK ROEFLER\"}]},{\"@type\":\"WebSite\",\"@id\":\"https:\/\/librairie7l.com\/en\/#website\",\"url\":\"https:\/\/librairie7l.com\/en\/\",\"name\":\"Librairie 7L\",\"description\":\"Librairie fond\u00e9e en 1999 par Karl Lagerfeld \u00e0 Paris\",\"publisher\":{\"@id\":\"https:\/\/librairie7l.com\/en\/#organization\"},\"potentialAction\":[{\"@type\":\"SearchAction\",\"target\":{\"@type\":\"EntryPoint\",\"urlTemplate\":\"https:\/\/librairie7l.com\/en\/?s={search_term_string}\"},\"query-input\":\"required name=search_term_string\"}],\"inLanguage\":\"en-US\"},{\"@type\":\"Organization\",\"@id\":\"https:\/\/librairie7l.com\/en\/#organization\",\"name\":\"Librairie 7L\",\"url\":\"https:\/\/librairie7l.com\/en\/\",\"logo\":{\"@type\":\"ImageObject\",\"inLanguage\":\"en-US\",\"@id\":\"https:\/\/librairie7l.com\/en\/#\/schema\/logo\/image\/\",\"url\":\"https:\/\/librairie7l.com\/wp-content\/uploads\/2022\/08\/logo-1.png\",\"contentUrl\":\"https:\/\/librairie7l.com\/wp-content\/uploads\/2022\/08\/logo-1.png\",\"width\":227,\"height\":301,\"caption\":\"Librairie 7L\"},\"image\":{\"@id\":\"https:\/\/librairie7l.com\/en\/#\/schema\/logo\/image\/\"}}]}<\/script>\n<!-- \/ Yoast SEO plugin. -->","yoast_head_json":{"title":"\u00c9cole de Paris : Collection Marek Roefler - Librairie 7L","robots":{"index":"index","follow":"follow","max-snippet":"max-snippet:-1","max-image-preview":"max-image-preview:large","max-video-preview":"max-video-preview:-1"},"canonical":"https:\/\/librairie7l.com\/en\/produit\/ecole-de-paris-collection-marek-roefler-2\/","og_locale":"en_US","og_type":"article","og_title":"\u00c9cole de Paris : Collection Marek Roefler - Librairie 7L","og_description":"Le terme \u00ab \u00c9cole de Paris \u00bb a \u00e9t\u00e9 utilis\u00e9 pour la premi\u00e8re fois en 1925 par le critique d&#8217;art fran\u00e7ais Andr\u00e9 Warnod. Plut\u00f4t que de d\u00e9signer un mouvement ou une \u00e9cole de peinture pr\u00e9cise, il fait r\u00e9f\u00e9rence \u00e0 un ph\u00e9nom\u00e8ne plus large : l&#8217;afflux d&#8217;artistes \u00e9trangers qui se sont install\u00e9s d&#8217;abord \u00e0 Montmartre et [&hellip;]","og_url":"https:\/\/librairie7l.com\/en\/produit\/ecole-de-paris-collection-marek-roefler-2\/","og_site_name":"Librairie 7L","article_modified_time":"2026-04-19T08:06:23+00:00","twitter_card":"summary_large_image","twitter_misc":{"Est. reading time":"1 minute"},"schema":{"@context":"https:\/\/schema.org","@graph":[{"@type":"WebPage","@id":"https:\/\/librairie7l.com\/en\/produit\/ecole-de-paris-collection-marek-roefler-2\/","url":"https:\/\/librairie7l.com\/en\/produit\/ecole-de-paris-collection-marek-roefler-2\/","name":"\u00c9cole de Paris : Collection Marek Roefler - Librairie 7L","isPartOf":{"@id":"https:\/\/librairie7l.com\/en\/#website"},"datePublished":"2025-11-05T09:16:09+00:00","dateModified":"2026-04-19T08:06:23+00:00","breadcrumb":{"@id":"https:\/\/librairie7l.com\/en\/produit\/ecole-de-paris-collection-marek-roefler-2\/#breadcrumb"},"inLanguage":"en-US","potentialAction":[{"@type":"ReadAction","target":["https:\/\/librairie7l.com\/en\/produit\/ecole-de-paris-collection-marek-roefler-2\/"]}]},{"@type":"BreadcrumbList","@id":"https:\/\/librairie7l.com\/en\/produit\/ecole-de-paris-collection-marek-roefler-2\/#breadcrumb","itemListElement":[{"@type":"ListItem","position":1,"name":"Accueil","item":"https:\/\/librairie7l.com\/en\/"},{"@type":"ListItem","position":2,"name":"Shop","item":"https:\/\/librairie7l.com\/en\/shop\/"},{"@type":"ListItem","position":3,"name":"\u00c9COLE DE PARIS : COLLECTION MAREK ROEFLER"}]},{"@type":"WebSite","@id":"https:\/\/librairie7l.com\/en\/#website","url":"https:\/\/librairie7l.com\/en\/","name":"Librairie 7L","description":"Librairie fond\u00e9e en 1999 par Karl Lagerfeld \u00e0 Paris","publisher":{"@id":"https:\/\/librairie7l.com\/en\/#organization"},"potentialAction":[{"@type":"SearchAction","target":{"@type":"EntryPoint","urlTemplate":"https:\/\/librairie7l.com\/en\/?s={search_term_string}"},"query-input":"required name=search_term_string"}],"inLanguage":"en-US"},{"@type":"Organization","@id":"https:\/\/librairie7l.com\/en\/#organization","name":"Librairie 7L","url":"https:\/\/librairie7l.com\/en\/","logo":{"@type":"ImageObject","inLanguage":"en-US","@id":"https:\/\/librairie7l.com\/en\/#\/schema\/logo\/image\/","url":"https:\/\/librairie7l.com\/wp-content\/uploads\/2022\/08\/logo-1.png","contentUrl":"https:\/\/librairie7l.com\/wp-content\/uploads\/2022\/08\/logo-1.png","width":227,"height":301,"caption":"Librairie 7L"},"image":{"@id":"https:\/\/librairie7l.com\/en\/#\/schema\/logo\/image\/"}}]}},"_links":{"self":[{"href":"https:\/\/librairie7l.com\/en\/wp-json\/wp\/v2\/product\/51911"}],"collection":[{"href":"https:\/\/librairie7l.com\/en\/wp-json\/wp\/v2\/product"}],"about":[{"href":"https:\/\/librairie7l.com\/en\/wp-json\/wp\/v2\/types\/product"}],"wp:featuredmedia":[{"embeddable":true,"href":"https:\/\/librairie7l.com\/en\/wp-json\/wp\/v2\/media\/52863"}],"wp:attachment":[{"href":"https:\/\/librairie7l.com\/en\/wp-json\/wp\/v2\/media?parent=51911"}],"wp:term":[{"taxonomy":"product_cat","embeddable":true,"href":"https:\/\/librairie7l.com\/en\/wp-json\/wp\/v2\/product_cat?post=51911"},{"taxonomy":"product_tag","embeddable":true,"href":"https:\/\/librairie7l.com\/en\/wp-json\/wp\/v2\/product_tag?post=51911"}],"curies":[{"name":"wp","href":"https:\/\/api.w.org\/{rel}","templated":true}]}}