{"id":51919,"date":"2025-11-05T10:16:13","date_gmt":"2025-11-05T09:16:13","guid":{"rendered":"https:\/\/librairie7l.com\/?post_type=product&#038;p=51919"},"modified":"2026-04-05T18:31:43","modified_gmt":"2026-04-05T16:31:43","slug":"le-corbusier-le-grand-2","status":"publish","type":"product","link":"https:\/\/librairie7l.com\/en\/produit\/le-corbusier-le-grand-2\/","title":{"rendered":"LE CORBUSIER LE GRAND"},"content":{"rendered":"<p>La monographie de r\u00e9f\u00e9rence sur ce ma\u00eetre de l&#8217;architecture du XXe si\u00e8cle de nouveau disponible<\/p>\n<p>Pr\u00e8s de 20 ans apr\u00e8s sa premi\u00e8re parution, ce best-seller est \u00e0 nouveau disponible. Examinant en d\u00e9tail la vie et l&#8217;oeuvre de Le Corbusier, l&#8217;ouvrage pr\u00e9sente une somme in\u00e9gal\u00e9e de croquis, de photographies d&#8217;archives et d&#8217;extraits de correspondance. Il refl\u00e8te la richesse de la production de Le Corbusier, figure hors du commun qui fascine aujourd&#8217;hui encore bien au-del\u00e0 des fronti\u00e8res de l&#8217;urbanisme et de l&#8217;architecture. L&#8217;ouvrage comprend un essai introductif de Jean-Louis Cohen, historien de l&#8217;architecture et sp\u00e9cialiste de Le Corbusier, \u00e0 qui cette \u00e9dition est d\u00e9di\u00e9e, ainsi que des introductions de chapitres r\u00e9dig\u00e9es par Tim Benton, un autre \u00e9minent sp\u00e9cialiste de Le Corbusier.<\/p>\n","protected":false},"excerpt":{"rendered":"<p>La monographie de r\u00e9f\u00e9rence sur ce ma\u00eetre de l&#8217;architecture du XXe si\u00e8cle de nouveau disponible Pr\u00e8s de 20 ans apr\u00e8s sa premi\u00e8re parution, ce best-seller est \u00e0 nouveau disponible. Examinant en d\u00e9tail la vie et l&#8217;oeuvre de Le Corbusier, l&#8217;ouvrage pr\u00e9sente une somme in\u00e9gal\u00e9e de croquis, de photographies d&#8217;archives et d&#8217;extraits de correspondance. Il refl\u00e8te [&hellip;]<\/p>\n","protected":false},"featured_media":51917,"template":"","meta":[],"product_cat":[2948,2950],"product_tag":[],"acf":[],"yoast_head":"<!-- This site is optimized with the Yoast SEO plugin v20.11 - https:\/\/yoast.com\/wordpress\/plugins\/seo\/ -->\n<title>Le Corbusier Le Grand - Librairie 7L<\/title>\n<meta name=\"robots\" content=\"index, follow, max-snippet:-1, max-image-preview:large, max-video-preview:-1\" \/>\n<link rel=\"canonical\" href=\"https:\/\/librairie7l.com\/en\/produit\/le-corbusier-le-grand-2\/\" \/>\n<meta property=\"og:locale\" content=\"en_US\" \/>\n<meta property=\"og:type\" content=\"article\" \/>\n<meta property=\"og:title\" content=\"Le Corbusier Le Grand - Librairie 7L\" \/>\n<meta property=\"og:description\" content=\"La monographie de r\u00e9f\u00e9rence sur ce ma\u00eetre de l&#8217;architecture du XXe si\u00e8cle de nouveau disponible Pr\u00e8s de 20 ans apr\u00e8s sa premi\u00e8re parution, ce best-seller est \u00e0 nouveau disponible. Examinant en d\u00e9tail la vie et l&#8217;oeuvre de Le Corbusier, l&#8217;ouvrage pr\u00e9sente une somme in\u00e9gal\u00e9e de croquis, de photographies d&#8217;archives et d&#8217;extraits de correspondance. Il refl\u00e8te [&hellip;]\" \/>\n<meta property=\"og:url\" content=\"https:\/\/librairie7l.com\/en\/produit\/le-corbusier-le-grand-2\/\" \/>\n<meta property=\"og:site_name\" content=\"Librairie 7L\" \/>\n<meta property=\"article:modified_time\" content=\"2026-04-05T16:31:43+00:00\" \/>\n<meta property=\"og:image\" content=\"https:\/\/librairie7l.com\/wp-content\/uploads\/2025\/06\/9781837291021_1_75.jpg\" \/>\n\t<meta property=\"og:image:width\" content=\"600\" \/>\n\t<meta property=\"og:image:height\" content=\"800\" \/>\n\t<meta property=\"og:image:type\" content=\"image\/jpeg\" \/>\n<meta name=\"twitter:card\" content=\"summary_large_image\" \/>\n<meta name=\"twitter:label1\" content=\"Est. reading time\" \/>\n\t<meta name=\"twitter:data1\" content=\"1 minute\" \/>\n<script type=\"application\/ld+json\" class=\"yoast-schema-graph\">{\"@context\":\"https:\/\/schema.org\",\"@graph\":[{\"@type\":\"WebPage\",\"@id\":\"https:\/\/librairie7l.com\/en\/produit\/le-corbusier-le-grand-2\/\",\"url\":\"https:\/\/librairie7l.com\/en\/produit\/le-corbusier-le-grand-2\/\",\"name\":\"Le Corbusier Le Grand - Librairie 7L\",\"isPartOf\":{\"@id\":\"https:\/\/librairie7l.com\/en\/#website\"},\"datePublished\":\"2025-11-05T09:16:13+00:00\",\"dateModified\":\"2026-04-05T16:31:43+00:00\",\"breadcrumb\":{\"@id\":\"https:\/\/librairie7l.com\/en\/produit\/le-corbusier-le-grand-2\/#breadcrumb\"},\"inLanguage\":\"en-US\",\"potentialAction\":[{\"@type\":\"ReadAction\",\"target\":[\"https:\/\/librairie7l.com\/en\/produit\/le-corbusier-le-grand-2\/\"]}]},{\"@type\":\"BreadcrumbList\",\"@id\":\"https:\/\/librairie7l.com\/en\/produit\/le-corbusier-le-grand-2\/#breadcrumb\",\"itemListElement\":[{\"@type\":\"ListItem\",\"position\":1,\"name\":\"Accueil\",\"item\":\"https:\/\/librairie7l.com\/en\/\"},{\"@type\":\"ListItem\",\"position\":2,\"name\":\"Shop\",\"item\":\"https:\/\/librairie7l.com\/en\/shop\/\"},{\"@type\":\"ListItem\",\"position\":3,\"name\":\"LE CORBUSIER LE GRAND\"}]},{\"@type\":\"WebSite\",\"@id\":\"https:\/\/librairie7l.com\/en\/#website\",\"url\":\"https:\/\/librairie7l.com\/en\/\",\"name\":\"Librairie 7L\",\"description\":\"Librairie fond\u00e9e en 1999 par Karl Lagerfeld \u00e0 Paris\",\"publisher\":{\"@id\":\"https:\/\/librairie7l.com\/en\/#organization\"},\"potentialAction\":[{\"@type\":\"SearchAction\",\"target\":{\"@type\":\"EntryPoint\",\"urlTemplate\":\"https:\/\/librairie7l.com\/en\/?s={search_term_string}\"},\"query-input\":\"required name=search_term_string\"}],\"inLanguage\":\"en-US\"},{\"@type\":\"Organization\",\"@id\":\"https:\/\/librairie7l.com\/en\/#organization\",\"name\":\"Librairie 7L\",\"url\":\"https:\/\/librairie7l.com\/en\/\",\"logo\":{\"@type\":\"ImageObject\",\"inLanguage\":\"en-US\",\"@id\":\"https:\/\/librairie7l.com\/en\/#\/schema\/logo\/image\/\",\"url\":\"https:\/\/librairie7l.com\/wp-content\/uploads\/2022\/08\/logo-1.png\",\"contentUrl\":\"https:\/\/librairie7l.com\/wp-content\/uploads\/2022\/08\/logo-1.png\",\"width\":227,\"height\":301,\"caption\":\"Librairie 7L\"},\"image\":{\"@id\":\"https:\/\/librairie7l.com\/en\/#\/schema\/logo\/image\/\"}}]}<\/script>\n<!-- \/ Yoast SEO plugin. -->","yoast_head_json":{"title":"Le Corbusier Le Grand - Librairie 7L","robots":{"index":"index","follow":"follow","max-snippet":"max-snippet:-1","max-image-preview":"max-image-preview:large","max-video-preview":"max-video-preview:-1"},"canonical":"https:\/\/librairie7l.com\/en\/produit\/le-corbusier-le-grand-2\/","og_locale":"en_US","og_type":"article","og_title":"Le Corbusier Le Grand - Librairie 7L","og_description":"La monographie de r\u00e9f\u00e9rence sur ce ma\u00eetre de l&#8217;architecture du XXe si\u00e8cle de nouveau disponible Pr\u00e8s de 20 ans apr\u00e8s sa premi\u00e8re parution, ce best-seller est \u00e0 nouveau disponible. Examinant en d\u00e9tail la vie et l&#8217;oeuvre de Le Corbusier, l&#8217;ouvrage pr\u00e9sente une somme in\u00e9gal\u00e9e de croquis, de photographies d&#8217;archives et d&#8217;extraits de correspondance. Il refl\u00e8te [&hellip;]","og_url":"https:\/\/librairie7l.com\/en\/produit\/le-corbusier-le-grand-2\/","og_site_name":"Librairie 7L","article_modified_time":"2026-04-05T16:31:43+00:00","og_image":[{"width":600,"height":800,"url":"https:\/\/librairie7l.com\/wp-content\/uploads\/2025\/06\/9781837291021_1_75.jpg","type":"image\/jpeg"}],"twitter_card":"summary_large_image","twitter_misc":{"Est. reading time":"1 minute"},"schema":{"@context":"https:\/\/schema.org","@graph":[{"@type":"WebPage","@id":"https:\/\/librairie7l.com\/en\/produit\/le-corbusier-le-grand-2\/","url":"https:\/\/librairie7l.com\/en\/produit\/le-corbusier-le-grand-2\/","name":"Le Corbusier Le Grand - Librairie 7L","isPartOf":{"@id":"https:\/\/librairie7l.com\/en\/#website"},"datePublished":"2025-11-05T09:16:13+00:00","dateModified":"2026-04-05T16:31:43+00:00","breadcrumb":{"@id":"https:\/\/librairie7l.com\/en\/produit\/le-corbusier-le-grand-2\/#breadcrumb"},"inLanguage":"en-US","potentialAction":[{"@type":"ReadAction","target":["https:\/\/librairie7l.com\/en\/produit\/le-corbusier-le-grand-2\/"]}]},{"@type":"BreadcrumbList","@id":"https:\/\/librairie7l.com\/en\/produit\/le-corbusier-le-grand-2\/#breadcrumb","itemListElement":[{"@type":"ListItem","position":1,"name":"Accueil","item":"https:\/\/librairie7l.com\/en\/"},{"@type":"ListItem","position":2,"name":"Shop","item":"https:\/\/librairie7l.com\/en\/shop\/"},{"@type":"ListItem","position":3,"name":"LE CORBUSIER LE GRAND"}]},{"@type":"WebSite","@id":"https:\/\/librairie7l.com\/en\/#website","url":"https:\/\/librairie7l.com\/en\/","name":"Librairie 7L","description":"Librairie fond\u00e9e en 1999 par Karl Lagerfeld \u00e0 Paris","publisher":{"@id":"https:\/\/librairie7l.com\/en\/#organization"},"potentialAction":[{"@type":"SearchAction","target":{"@type":"EntryPoint","urlTemplate":"https:\/\/librairie7l.com\/en\/?s={search_term_string}"},"query-input":"required name=search_term_string"}],"inLanguage":"en-US"},{"@type":"Organization","@id":"https:\/\/librairie7l.com\/en\/#organization","name":"Librairie 7L","url":"https:\/\/librairie7l.com\/en\/","logo":{"@type":"ImageObject","inLanguage":"en-US","@id":"https:\/\/librairie7l.com\/en\/#\/schema\/logo\/image\/","url":"https:\/\/librairie7l.com\/wp-content\/uploads\/2022\/08\/logo-1.png","contentUrl":"https:\/\/librairie7l.com\/wp-content\/uploads\/2022\/08\/logo-1.png","width":227,"height":301,"caption":"Librairie 7L"},"image":{"@id":"https:\/\/librairie7l.com\/en\/#\/schema\/logo\/image\/"}}]}},"_links":{"self":[{"href":"https:\/\/librairie7l.com\/en\/wp-json\/wp\/v2\/product\/51919"}],"collection":[{"href":"https:\/\/librairie7l.com\/en\/wp-json\/wp\/v2\/product"}],"about":[{"href":"https:\/\/librairie7l.com\/en\/wp-json\/wp\/v2\/types\/product"}],"wp:featuredmedia":[{"embeddable":true,"href":"https:\/\/librairie7l.com\/en\/wp-json\/wp\/v2\/media\/51917"}],"wp:attachment":[{"href":"https:\/\/librairie7l.com\/en\/wp-json\/wp\/v2\/media?parent=51919"}],"wp:term":[{"taxonomy":"product_cat","embeddable":true,"href":"https:\/\/librairie7l.com\/en\/wp-json\/wp\/v2\/product_cat?post=51919"},{"taxonomy":"product_tag","embeddable":true,"href":"https:\/\/librairie7l.com\/en\/wp-json\/wp\/v2\/product_tag?post=51919"}],"curies":[{"name":"wp","href":"https:\/\/api.w.org\/{rel}","templated":true}]}}