{"id":51923,"date":"2025-11-05T10:16:16","date_gmt":"2025-11-05T09:16:16","guid":{"rendered":"https:\/\/librairie7l.com\/?post_type=product&#038;p=51923"},"modified":"2026-04-12T06:09:10","modified_gmt":"2026-04-12T04:09:10","slug":"henri-matisse-chemin-de-croix-2","status":"publish","type":"product","link":"https:\/\/librairie7l.com\/en\/produit\/henri-matisse-chemin-de-croix-2\/","title":{"rendered":"HENRI MATISSE : CHEMIN DE CROIX"},"content":{"rendered":"<p>De toute son oeuvre, le Chemin de Croix de Matisse est peut-\u00eatre celle qui est la plus radicale et sans doute aussi la plus singuli\u00e8re car intimement li\u00e9 \u00e0 la r\u00e9alisation de sa chapelle \u00e0 Vence inaugur\u00e9e en 1951. Le mus\u00e9e Matisse met \u00e0 l&#8217;honneur du 1er octobre 2025 au 19 janvier 2026, ce Chemin de croix, en pr\u00e9sentant dans son exposition la gen\u00e8se de la r\u00e9alisation de cette oeuvre, des premi\u00e8res id\u00e9es jet\u00e9es sur le papier \u00e0 la r\u00e9alisation finale sur les carreaux en c\u00e9ramique. Lorsque la chapelle du Rosaire des dominicaines de Vence est achev\u00e9e, elle est le r\u00e9sultat de plusieurs ann\u00e9es d&#8217;un travail immense d&#8217;Henri Matisse qui a tout pens\u00e9 dans les moindres d\u00e9tails : architecture, mobilier, ornements, d\u00e9coration, vitraux&#8230; Il r\u00e9alise \u00e0 cette occasion un travail graphique pr\u00e9paratoire consid\u00e9rable, \u00e9tudiant et d\u00e9taillant chaque \u00e9l\u00e9ment de la future chapelle, dont le Chemin de Croix. Cet ensemble comprend des dessins originaux au fusain, \u00e0 la mine de plomb, des extraits de carnets et de cahiers, des estampes&#8230; provenant du fonds du mus\u00e9e Matisse et de la chapelle de Vence. Un catalogue \u00e0 l&#8217;image de l&#8217;oeuvre : spirituel, minimaliste et audacieux, r\u00e9v\u00e9lant la douleur universelle.<\/p>\n","protected":false},"excerpt":{"rendered":"<p>De toute son oeuvre, le Chemin de Croix de Matisse est peut-\u00eatre celle qui est la plus radicale et sans doute aussi la plus singuli\u00e8re car intimement li\u00e9 \u00e0 la r\u00e9alisation de sa chapelle \u00e0 Vence inaugur\u00e9e en 1951. Le mus\u00e9e Matisse met \u00e0 l&#8217;honneur du 1er octobre 2025 au 19 janvier 2026, ce Chemin [&hellip;]<\/p>\n","protected":false},"featured_media":51921,"template":"","meta":[],"product_cat":[2948,2953],"product_tag":[],"acf":[],"yoast_head":"<!-- This site is optimized with the Yoast SEO plugin v20.11 - https:\/\/yoast.com\/wordpress\/plugins\/seo\/ -->\n<title>Henri Matisse : Chemin de croix - Librairie 7L<\/title>\n<meta name=\"robots\" content=\"index, follow, max-snippet:-1, max-image-preview:large, max-video-preview:-1\" \/>\n<link rel=\"canonical\" href=\"https:\/\/librairie7l.com\/en\/produit\/henri-matisse-chemin-de-croix-2\/\" \/>\n<meta property=\"og:locale\" content=\"en_US\" \/>\n<meta property=\"og:type\" content=\"article\" \/>\n<meta property=\"og:title\" content=\"Henri Matisse : Chemin de croix - Librairie 7L\" \/>\n<meta property=\"og:description\" content=\"De toute son oeuvre, le Chemin de Croix de Matisse est peut-\u00eatre celle qui est la plus radicale et sans doute aussi la plus singuli\u00e8re car intimement li\u00e9 \u00e0 la r\u00e9alisation de sa chapelle \u00e0 Vence inaugur\u00e9e en 1951. Le mus\u00e9e Matisse met \u00e0 l&#8217;honneur du 1er octobre 2025 au 19 janvier 2026, ce Chemin [&hellip;]\" \/>\n<meta property=\"og:url\" content=\"https:\/\/librairie7l.com\/en\/produit\/henri-matisse-chemin-de-croix-2\/\" \/>\n<meta property=\"og:site_name\" content=\"Librairie 7L\" \/>\n<meta property=\"article:modified_time\" content=\"2026-04-12T04:09:10+00:00\" \/>\n<meta property=\"og:image\" content=\"https:\/\/librairie7l.com\/wp-content\/uploads\/2025\/06\/9782363063779_1_75.jpg\" \/>\n\t<meta property=\"og:image:width\" content=\"424\" \/>\n\t<meta property=\"og:image:height\" content=\"590\" \/>\n\t<meta property=\"og:image:type\" content=\"image\/jpeg\" \/>\n<meta name=\"twitter:card\" content=\"summary_large_image\" \/>\n<meta name=\"twitter:label1\" content=\"Est. reading time\" \/>\n\t<meta name=\"twitter:data1\" content=\"1 minute\" \/>\n<script type=\"application\/ld+json\" class=\"yoast-schema-graph\">{\"@context\":\"https:\/\/schema.org\",\"@graph\":[{\"@type\":\"WebPage\",\"@id\":\"https:\/\/librairie7l.com\/en\/produit\/henri-matisse-chemin-de-croix-2\/\",\"url\":\"https:\/\/librairie7l.com\/en\/produit\/henri-matisse-chemin-de-croix-2\/\",\"name\":\"Henri Matisse : Chemin de croix - Librairie 7L\",\"isPartOf\":{\"@id\":\"https:\/\/librairie7l.com\/en\/#website\"},\"datePublished\":\"2025-11-05T09:16:16+00:00\",\"dateModified\":\"2026-04-12T04:09:10+00:00\",\"breadcrumb\":{\"@id\":\"https:\/\/librairie7l.com\/en\/produit\/henri-matisse-chemin-de-croix-2\/#breadcrumb\"},\"inLanguage\":\"en-US\",\"potentialAction\":[{\"@type\":\"ReadAction\",\"target\":[\"https:\/\/librairie7l.com\/en\/produit\/henri-matisse-chemin-de-croix-2\/\"]}]},{\"@type\":\"BreadcrumbList\",\"@id\":\"https:\/\/librairie7l.com\/en\/produit\/henri-matisse-chemin-de-croix-2\/#breadcrumb\",\"itemListElement\":[{\"@type\":\"ListItem\",\"position\":1,\"name\":\"Accueil\",\"item\":\"https:\/\/librairie7l.com\/en\/\"},{\"@type\":\"ListItem\",\"position\":2,\"name\":\"Shop\",\"item\":\"https:\/\/librairie7l.com\/en\/shop\/\"},{\"@type\":\"ListItem\",\"position\":3,\"name\":\"HENRI MATISSE : CHEMIN DE CROIX\"}]},{\"@type\":\"WebSite\",\"@id\":\"https:\/\/librairie7l.com\/en\/#website\",\"url\":\"https:\/\/librairie7l.com\/en\/\",\"name\":\"Librairie 7L\",\"description\":\"Librairie fond\u00e9e en 1999 par Karl Lagerfeld \u00e0 Paris\",\"publisher\":{\"@id\":\"https:\/\/librairie7l.com\/en\/#organization\"},\"potentialAction\":[{\"@type\":\"SearchAction\",\"target\":{\"@type\":\"EntryPoint\",\"urlTemplate\":\"https:\/\/librairie7l.com\/en\/?s={search_term_string}\"},\"query-input\":\"required name=search_term_string\"}],\"inLanguage\":\"en-US\"},{\"@type\":\"Organization\",\"@id\":\"https:\/\/librairie7l.com\/en\/#organization\",\"name\":\"Librairie 7L\",\"url\":\"https:\/\/librairie7l.com\/en\/\",\"logo\":{\"@type\":\"ImageObject\",\"inLanguage\":\"en-US\",\"@id\":\"https:\/\/librairie7l.com\/en\/#\/schema\/logo\/image\/\",\"url\":\"https:\/\/librairie7l.com\/wp-content\/uploads\/2022\/08\/logo-1.png\",\"contentUrl\":\"https:\/\/librairie7l.com\/wp-content\/uploads\/2022\/08\/logo-1.png\",\"width\":227,\"height\":301,\"caption\":\"Librairie 7L\"},\"image\":{\"@id\":\"https:\/\/librairie7l.com\/en\/#\/schema\/logo\/image\/\"}}]}<\/script>\n<!-- \/ Yoast SEO plugin. -->","yoast_head_json":{"title":"Henri Matisse : Chemin de croix - Librairie 7L","robots":{"index":"index","follow":"follow","max-snippet":"max-snippet:-1","max-image-preview":"max-image-preview:large","max-video-preview":"max-video-preview:-1"},"canonical":"https:\/\/librairie7l.com\/en\/produit\/henri-matisse-chemin-de-croix-2\/","og_locale":"en_US","og_type":"article","og_title":"Henri Matisse : Chemin de croix - Librairie 7L","og_description":"De toute son oeuvre, le Chemin de Croix de Matisse est peut-\u00eatre celle qui est la plus radicale et sans doute aussi la plus singuli\u00e8re car intimement li\u00e9 \u00e0 la r\u00e9alisation de sa chapelle \u00e0 Vence inaugur\u00e9e en 1951. Le mus\u00e9e Matisse met \u00e0 l&#8217;honneur du 1er octobre 2025 au 19 janvier 2026, ce Chemin [&hellip;]","og_url":"https:\/\/librairie7l.com\/en\/produit\/henri-matisse-chemin-de-croix-2\/","og_site_name":"Librairie 7L","article_modified_time":"2026-04-12T04:09:10+00:00","og_image":[{"width":424,"height":590,"url":"https:\/\/librairie7l.com\/wp-content\/uploads\/2025\/06\/9782363063779_1_75.jpg","type":"image\/jpeg"}],"twitter_card":"summary_large_image","twitter_misc":{"Est. reading time":"1 minute"},"schema":{"@context":"https:\/\/schema.org","@graph":[{"@type":"WebPage","@id":"https:\/\/librairie7l.com\/en\/produit\/henri-matisse-chemin-de-croix-2\/","url":"https:\/\/librairie7l.com\/en\/produit\/henri-matisse-chemin-de-croix-2\/","name":"Henri Matisse : Chemin de croix - Librairie 7L","isPartOf":{"@id":"https:\/\/librairie7l.com\/en\/#website"},"datePublished":"2025-11-05T09:16:16+00:00","dateModified":"2026-04-12T04:09:10+00:00","breadcrumb":{"@id":"https:\/\/librairie7l.com\/en\/produit\/henri-matisse-chemin-de-croix-2\/#breadcrumb"},"inLanguage":"en-US","potentialAction":[{"@type":"ReadAction","target":["https:\/\/librairie7l.com\/en\/produit\/henri-matisse-chemin-de-croix-2\/"]}]},{"@type":"BreadcrumbList","@id":"https:\/\/librairie7l.com\/en\/produit\/henri-matisse-chemin-de-croix-2\/#breadcrumb","itemListElement":[{"@type":"ListItem","position":1,"name":"Accueil","item":"https:\/\/librairie7l.com\/en\/"},{"@type":"ListItem","position":2,"name":"Shop","item":"https:\/\/librairie7l.com\/en\/shop\/"},{"@type":"ListItem","position":3,"name":"HENRI MATISSE : CHEMIN DE CROIX"}]},{"@type":"WebSite","@id":"https:\/\/librairie7l.com\/en\/#website","url":"https:\/\/librairie7l.com\/en\/","name":"Librairie 7L","description":"Librairie fond\u00e9e en 1999 par Karl Lagerfeld \u00e0 Paris","publisher":{"@id":"https:\/\/librairie7l.com\/en\/#organization"},"potentialAction":[{"@type":"SearchAction","target":{"@type":"EntryPoint","urlTemplate":"https:\/\/librairie7l.com\/en\/?s={search_term_string}"},"query-input":"required name=search_term_string"}],"inLanguage":"en-US"},{"@type":"Organization","@id":"https:\/\/librairie7l.com\/en\/#organization","name":"Librairie 7L","url":"https:\/\/librairie7l.com\/en\/","logo":{"@type":"ImageObject","inLanguage":"en-US","@id":"https:\/\/librairie7l.com\/en\/#\/schema\/logo\/image\/","url":"https:\/\/librairie7l.com\/wp-content\/uploads\/2022\/08\/logo-1.png","contentUrl":"https:\/\/librairie7l.com\/wp-content\/uploads\/2022\/08\/logo-1.png","width":227,"height":301,"caption":"Librairie 7L"},"image":{"@id":"https:\/\/librairie7l.com\/en\/#\/schema\/logo\/image\/"}}]}},"_links":{"self":[{"href":"https:\/\/librairie7l.com\/en\/wp-json\/wp\/v2\/product\/51923"}],"collection":[{"href":"https:\/\/librairie7l.com\/en\/wp-json\/wp\/v2\/product"}],"about":[{"href":"https:\/\/librairie7l.com\/en\/wp-json\/wp\/v2\/types\/product"}],"wp:featuredmedia":[{"embeddable":true,"href":"https:\/\/librairie7l.com\/en\/wp-json\/wp\/v2\/media\/51921"}],"wp:attachment":[{"href":"https:\/\/librairie7l.com\/en\/wp-json\/wp\/v2\/media?parent=51923"}],"wp:term":[{"taxonomy":"product_cat","embeddable":true,"href":"https:\/\/librairie7l.com\/en\/wp-json\/wp\/v2\/product_cat?post=51923"},{"taxonomy":"product_tag","embeddable":true,"href":"https:\/\/librairie7l.com\/en\/wp-json\/wp\/v2\/product_tag?post=51923"}],"curies":[{"name":"wp","href":"https:\/\/api.w.org\/{rel}","templated":true}]}}