{"id":51927,"date":"2025-11-05T10:16:18","date_gmt":"2025-11-05T09:16:18","guid":{"rendered":"https:\/\/librairie7l.com\/?post_type=product&#038;p=51927"},"modified":"2026-04-12T01:05:51","modified_gmt":"2026-04-11T23:05:51","slug":"pekka-halonen-un-hymne-a-la-finlande-2","status":"publish","type":"product","link":"https:\/\/librairie7l.com\/en\/produit\/pekka-halonen-un-hymne-a-la-finlande-2\/","title":{"rendered":"PEKKA HALONEN : UN HYMNE \u00c0 LA FINLANDE"},"content":{"rendered":"<p>Form\u00e9 \u00e0 Paris o\u00f9 il est l&#8217;\u00e9l\u00e8ve de Paul Gauguin, le peintre finlandais PekkaHalonen (1865-1933) est influenc\u00e9 par les courants artistiques qui infusent la cr\u00e9ation parisienne \u00e0 la fin du XIXe si\u00e8cle : le japonisme, le pleinairisme et le synth\u00e9tisme. \u00c0 travers ses nombreuses peintures de paysages sauvages, il n&#8217;aura de cesse de restituer la po\u00e9sie du passage des saisons. S&#8217;affirmant comme \u00ab le peintre de la Neige \u00bb, il excelle tout particuli\u00e8rement dans la transcription de l&#8217;hiver. Son attachement \u00e0 sa terre natale et son amour de la nature le poussent \u00e0 \u00e9tablir son atelier, baptis\u00e9 Halosenniemi, le long du lac de Tuusula, \u00e0 35 km d&#8217;Helsinki. Dans ce havre de paix, se cr\u00e9e une communaut\u00e9 d&#8217;artistes. Halonen se laisse aller au bonheur simple de la vie domestique, entretenant un jardin dont la production lui sert de motifs pour des compositions empreintes de lumi\u00e8re et de couleur. Son \u00e9pouse et ses huits enfants lui servent \u00e9galement de mod\u00e8les. Cette premi\u00e8re monographie fran\u00e7aise de l&#8217;oeuvre de PekkaHalonen montrera son apport \u00e0 la modernit\u00e9, par sa synth\u00e8se entre les diff\u00e9rentes tendances picturales de la fin du XIXe si\u00e8cle. Elle plongera surtout les lecteurs au coeur des somptueux paysages sauvages de Finlande.<\/p>\n","protected":false},"excerpt":{"rendered":"<p>Form\u00e9 \u00e0 Paris o\u00f9 il est l&#8217;\u00e9l\u00e8ve de Paul Gauguin, le peintre finlandais PekkaHalonen (1865-1933) est influenc\u00e9 par les courants artistiques qui infusent la cr\u00e9ation parisienne \u00e0 la fin du XIXe si\u00e8cle : le japonisme, le pleinairisme et le synth\u00e9tisme. \u00c0 travers ses nombreuses peintures de paysages sauvages, il n&#8217;aura de cesse de restituer la [&hellip;]<\/p>\n","protected":false},"featured_media":51925,"template":"","meta":[],"product_cat":[2948,2953],"product_tag":[],"acf":[],"yoast_head":"<!-- This site is optimized with the Yoast SEO plugin v20.11 - https:\/\/yoast.com\/wordpress\/plugins\/seo\/ -->\n<title>Pekka Halonen : Un hymne \u00e0 la Finlande - Librairie 7L<\/title>\n<meta name=\"robots\" content=\"index, follow, max-snippet:-1, max-image-preview:large, max-video-preview:-1\" \/>\n<link rel=\"canonical\" href=\"https:\/\/librairie7l.com\/en\/produit\/pekka-halonen-un-hymne-a-la-finlande-2\/\" \/>\n<meta property=\"og:locale\" content=\"en_US\" \/>\n<meta property=\"og:type\" content=\"article\" \/>\n<meta property=\"og:title\" content=\"Pekka Halonen : Un hymne \u00e0 la Finlande - Librairie 7L\" \/>\n<meta property=\"og:description\" content=\"Form\u00e9 \u00e0 Paris o\u00f9 il est l&#8217;\u00e9l\u00e8ve de Paul Gauguin, le peintre finlandais PekkaHalonen (1865-1933) est influenc\u00e9 par les courants artistiques qui infusent la cr\u00e9ation parisienne \u00e0 la fin du XIXe si\u00e8cle : le japonisme, le pleinairisme et le synth\u00e9tisme. \u00c0 travers ses nombreuses peintures de paysages sauvages, il n&#8217;aura de cesse de restituer la [&hellip;]\" \/>\n<meta property=\"og:url\" content=\"https:\/\/librairie7l.com\/en\/produit\/pekka-halonen-un-hymne-a-la-finlande-2\/\" \/>\n<meta property=\"og:site_name\" content=\"Librairie 7L\" \/>\n<meta property=\"article:modified_time\" content=\"2026-04-11T23:05:51+00:00\" \/>\n<meta property=\"og:image\" content=\"https:\/\/librairie7l.com\/wp-content\/uploads\/2025\/06\/9782759606245_1_75.jpg\" \/>\n\t<meta property=\"og:image:width\" content=\"400\" \/>\n\t<meta property=\"og:image:height\" content=\"502\" \/>\n\t<meta property=\"og:image:type\" content=\"image\/jpeg\" \/>\n<meta name=\"twitter:card\" content=\"summary_large_image\" \/>\n<meta name=\"twitter:label1\" content=\"Est. reading time\" \/>\n\t<meta name=\"twitter:data1\" content=\"1 minute\" \/>\n<script type=\"application\/ld+json\" class=\"yoast-schema-graph\">{\"@context\":\"https:\/\/schema.org\",\"@graph\":[{\"@type\":\"WebPage\",\"@id\":\"https:\/\/librairie7l.com\/en\/produit\/pekka-halonen-un-hymne-a-la-finlande-2\/\",\"url\":\"https:\/\/librairie7l.com\/en\/produit\/pekka-halonen-un-hymne-a-la-finlande-2\/\",\"name\":\"Pekka Halonen : Un hymne \u00e0 la Finlande - Librairie 7L\",\"isPartOf\":{\"@id\":\"https:\/\/librairie7l.com\/en\/#website\"},\"datePublished\":\"2025-11-05T09:16:18+00:00\",\"dateModified\":\"2026-04-11T23:05:51+00:00\",\"breadcrumb\":{\"@id\":\"https:\/\/librairie7l.com\/en\/produit\/pekka-halonen-un-hymne-a-la-finlande-2\/#breadcrumb\"},\"inLanguage\":\"en-US\",\"potentialAction\":[{\"@type\":\"ReadAction\",\"target\":[\"https:\/\/librairie7l.com\/en\/produit\/pekka-halonen-un-hymne-a-la-finlande-2\/\"]}]},{\"@type\":\"BreadcrumbList\",\"@id\":\"https:\/\/librairie7l.com\/en\/produit\/pekka-halonen-un-hymne-a-la-finlande-2\/#breadcrumb\",\"itemListElement\":[{\"@type\":\"ListItem\",\"position\":1,\"name\":\"Accueil\",\"item\":\"https:\/\/librairie7l.com\/en\/\"},{\"@type\":\"ListItem\",\"position\":2,\"name\":\"Shop\",\"item\":\"https:\/\/librairie7l.com\/en\/shop\/\"},{\"@type\":\"ListItem\",\"position\":3,\"name\":\"PEKKA HALONEN : UN HYMNE \u00c0 LA FINLANDE\"}]},{\"@type\":\"WebSite\",\"@id\":\"https:\/\/librairie7l.com\/en\/#website\",\"url\":\"https:\/\/librairie7l.com\/en\/\",\"name\":\"Librairie 7L\",\"description\":\"Librairie fond\u00e9e en 1999 par Karl Lagerfeld \u00e0 Paris\",\"publisher\":{\"@id\":\"https:\/\/librairie7l.com\/en\/#organization\"},\"potentialAction\":[{\"@type\":\"SearchAction\",\"target\":{\"@type\":\"EntryPoint\",\"urlTemplate\":\"https:\/\/librairie7l.com\/en\/?s={search_term_string}\"},\"query-input\":\"required name=search_term_string\"}],\"inLanguage\":\"en-US\"},{\"@type\":\"Organization\",\"@id\":\"https:\/\/librairie7l.com\/en\/#organization\",\"name\":\"Librairie 7L\",\"url\":\"https:\/\/librairie7l.com\/en\/\",\"logo\":{\"@type\":\"ImageObject\",\"inLanguage\":\"en-US\",\"@id\":\"https:\/\/librairie7l.com\/en\/#\/schema\/logo\/image\/\",\"url\":\"https:\/\/librairie7l.com\/wp-content\/uploads\/2022\/08\/logo-1.png\",\"contentUrl\":\"https:\/\/librairie7l.com\/wp-content\/uploads\/2022\/08\/logo-1.png\",\"width\":227,\"height\":301,\"caption\":\"Librairie 7L\"},\"image\":{\"@id\":\"https:\/\/librairie7l.com\/en\/#\/schema\/logo\/image\/\"}}]}<\/script>\n<!-- \/ Yoast SEO plugin. -->","yoast_head_json":{"title":"Pekka Halonen : Un hymne \u00e0 la Finlande - Librairie 7L","robots":{"index":"index","follow":"follow","max-snippet":"max-snippet:-1","max-image-preview":"max-image-preview:large","max-video-preview":"max-video-preview:-1"},"canonical":"https:\/\/librairie7l.com\/en\/produit\/pekka-halonen-un-hymne-a-la-finlande-2\/","og_locale":"en_US","og_type":"article","og_title":"Pekka Halonen : Un hymne \u00e0 la Finlande - Librairie 7L","og_description":"Form\u00e9 \u00e0 Paris o\u00f9 il est l&#8217;\u00e9l\u00e8ve de Paul Gauguin, le peintre finlandais PekkaHalonen (1865-1933) est influenc\u00e9 par les courants artistiques qui infusent la cr\u00e9ation parisienne \u00e0 la fin du XIXe si\u00e8cle : le japonisme, le pleinairisme et le synth\u00e9tisme. \u00c0 travers ses nombreuses peintures de paysages sauvages, il n&#8217;aura de cesse de restituer la [&hellip;]","og_url":"https:\/\/librairie7l.com\/en\/produit\/pekka-halonen-un-hymne-a-la-finlande-2\/","og_site_name":"Librairie 7L","article_modified_time":"2026-04-11T23:05:51+00:00","og_image":[{"width":400,"height":502,"url":"https:\/\/librairie7l.com\/wp-content\/uploads\/2025\/06\/9782759606245_1_75.jpg","type":"image\/jpeg"}],"twitter_card":"summary_large_image","twitter_misc":{"Est. reading time":"1 minute"},"schema":{"@context":"https:\/\/schema.org","@graph":[{"@type":"WebPage","@id":"https:\/\/librairie7l.com\/en\/produit\/pekka-halonen-un-hymne-a-la-finlande-2\/","url":"https:\/\/librairie7l.com\/en\/produit\/pekka-halonen-un-hymne-a-la-finlande-2\/","name":"Pekka Halonen : Un hymne \u00e0 la Finlande - Librairie 7L","isPartOf":{"@id":"https:\/\/librairie7l.com\/en\/#website"},"datePublished":"2025-11-05T09:16:18+00:00","dateModified":"2026-04-11T23:05:51+00:00","breadcrumb":{"@id":"https:\/\/librairie7l.com\/en\/produit\/pekka-halonen-un-hymne-a-la-finlande-2\/#breadcrumb"},"inLanguage":"en-US","potentialAction":[{"@type":"ReadAction","target":["https:\/\/librairie7l.com\/en\/produit\/pekka-halonen-un-hymne-a-la-finlande-2\/"]}]},{"@type":"BreadcrumbList","@id":"https:\/\/librairie7l.com\/en\/produit\/pekka-halonen-un-hymne-a-la-finlande-2\/#breadcrumb","itemListElement":[{"@type":"ListItem","position":1,"name":"Accueil","item":"https:\/\/librairie7l.com\/en\/"},{"@type":"ListItem","position":2,"name":"Shop","item":"https:\/\/librairie7l.com\/en\/shop\/"},{"@type":"ListItem","position":3,"name":"PEKKA HALONEN : UN HYMNE \u00c0 LA FINLANDE"}]},{"@type":"WebSite","@id":"https:\/\/librairie7l.com\/en\/#website","url":"https:\/\/librairie7l.com\/en\/","name":"Librairie 7L","description":"Librairie fond\u00e9e en 1999 par Karl Lagerfeld \u00e0 Paris","publisher":{"@id":"https:\/\/librairie7l.com\/en\/#organization"},"potentialAction":[{"@type":"SearchAction","target":{"@type":"EntryPoint","urlTemplate":"https:\/\/librairie7l.com\/en\/?s={search_term_string}"},"query-input":"required name=search_term_string"}],"inLanguage":"en-US"},{"@type":"Organization","@id":"https:\/\/librairie7l.com\/en\/#organization","name":"Librairie 7L","url":"https:\/\/librairie7l.com\/en\/","logo":{"@type":"ImageObject","inLanguage":"en-US","@id":"https:\/\/librairie7l.com\/en\/#\/schema\/logo\/image\/","url":"https:\/\/librairie7l.com\/wp-content\/uploads\/2022\/08\/logo-1.png","contentUrl":"https:\/\/librairie7l.com\/wp-content\/uploads\/2022\/08\/logo-1.png","width":227,"height":301,"caption":"Librairie 7L"},"image":{"@id":"https:\/\/librairie7l.com\/en\/#\/schema\/logo\/image\/"}}]}},"_links":{"self":[{"href":"https:\/\/librairie7l.com\/en\/wp-json\/wp\/v2\/product\/51927"}],"collection":[{"href":"https:\/\/librairie7l.com\/en\/wp-json\/wp\/v2\/product"}],"about":[{"href":"https:\/\/librairie7l.com\/en\/wp-json\/wp\/v2\/types\/product"}],"wp:featuredmedia":[{"embeddable":true,"href":"https:\/\/librairie7l.com\/en\/wp-json\/wp\/v2\/media\/51925"}],"wp:attachment":[{"href":"https:\/\/librairie7l.com\/en\/wp-json\/wp\/v2\/media?parent=51927"}],"wp:term":[{"taxonomy":"product_cat","embeddable":true,"href":"https:\/\/librairie7l.com\/en\/wp-json\/wp\/v2\/product_cat?post=51927"},{"taxonomy":"product_tag","embeddable":true,"href":"https:\/\/librairie7l.com\/en\/wp-json\/wp\/v2\/product_tag?post=51927"}],"curies":[{"name":"wp","href":"https:\/\/api.w.org\/{rel}","templated":true}]}}