{"id":51931,"date":"2025-11-05T10:16:20","date_gmt":"2025-11-05T09:16:20","guid":{"rendered":"https:\/\/librairie7l.com\/?post_type=product&#038;p=51931"},"modified":"2026-04-04T18:15:52","modified_gmt":"2026-04-04T16:15:52","slug":"paris-de-nuit-2","status":"publish","type":"product","link":"https:\/\/librairie7l.com\/en\/produit\/paris-de-nuit-2\/","title":{"rendered":"PARIS DE NUIT"},"content":{"rendered":"<p>Usant comme personne du noir profond de l&#8217;h\u00e9liogravure, Brassa\u00ef a fix\u00e9 \u00e0 jamais dans Paris de nuit le monde nocturne de la capitale dans les ann\u00e9es 1930. Un Paris myst\u00e9rieux et en m\u00eame temps tr\u00e8s r\u00e9el, celui des bas-fonds et des cabarets, des clochards et des artistocrates, celui aussi des travailleurs de nuit, boulangers, mara\u00eechers, imprimeurs de journaux et \u00abagents cyclistes\u00bb&#8230; Brassa\u00ef consid\u00e9rait les ann\u00e9es 1932 et 1933 comme les plus importantes de sa vie, puisqu&#8217;elles correspondaient \u00e0 une \u00e9poque o\u00f9, coup sur coup, il avait fait la connaissance de Picasso, publi\u00e9 son Paris de nuit et collabor\u00e9 \u00e0 la revue Minotaure avec les surr\u00e9alistes. Mais il ajoutait aussit\u00f4t, comme pour se d\u00e9marquer du groupe\u00a0:\u00a0\u00abLe surr\u00e9alisme de mes images ne fut autre que le r\u00e9el rendu fantastique par la vision. Je ne cherchais qu&#8217;\u00e0 exprimer la r\u00e9alit\u00e9, car rien n&#8217;est plus surr\u00e9el&#8230; Mon ambition fut toujours de faire voir un aspect de la vie quotidienne comme si nous la d\u00e9couvrions pour la premi\u00e8re fois.\u00bb La po\u00e9sie insolite et envo\u00fbtante de Paris de nuit, son premier livre de photographie, traduit fid\u00e8lement ce credo dans les r\u00e9serves in\u00e9puisables du quotidien. La premi\u00e8re \u00e9dition de cet ouvrage mythique est parue en 1933 aux \u00e9ditions Arts et M\u00e9tiers Graphiques.<\/p>\n","protected":false},"excerpt":{"rendered":"<p>Usant comme personne du noir profond de l&#8217;h\u00e9liogravure, Brassa\u00ef a fix\u00e9 \u00e0 jamais dans Paris de nuit le monde nocturne de la capitale dans les ann\u00e9es 1930. Un Paris myst\u00e9rieux et en m\u00eame temps tr\u00e8s r\u00e9el, celui des bas-fonds et des cabarets, des clochards et des artistocrates, celui aussi des travailleurs de nuit, boulangers, mara\u00eechers, [&hellip;]<\/p>\n","protected":false},"featured_media":51929,"template":"","meta":[],"product_cat":[2948,2958],"product_tag":[],"acf":[],"yoast_head":"<!-- This site is optimized with the Yoast SEO plugin v20.11 - https:\/\/yoast.com\/wordpress\/plugins\/seo\/ -->\n<title>Paris de nuit - Librairie 7L<\/title>\n<meta name=\"robots\" content=\"index, follow, max-snippet:-1, max-image-preview:large, max-video-preview:-1\" \/>\n<link rel=\"canonical\" href=\"https:\/\/librairie7l.com\/en\/produit\/paris-de-nuit-2\/\" \/>\n<meta property=\"og:locale\" content=\"en_US\" \/>\n<meta property=\"og:type\" content=\"article\" \/>\n<meta property=\"og:title\" content=\"Paris de nuit - Librairie 7L\" \/>\n<meta property=\"og:description\" content=\"Usant comme personne du noir profond de l&#8217;h\u00e9liogravure, Brassa\u00ef a fix\u00e9 \u00e0 jamais dans Paris de nuit le monde nocturne de la capitale dans les ann\u00e9es 1930. Un Paris myst\u00e9rieux et en m\u00eame temps tr\u00e8s r\u00e9el, celui des bas-fonds et des cabarets, des clochards et des artistocrates, celui aussi des travailleurs de nuit, boulangers, mara\u00eechers, [&hellip;]\" \/>\n<meta property=\"og:url\" content=\"https:\/\/librairie7l.com\/en\/produit\/paris-de-nuit-2\/\" \/>\n<meta property=\"og:site_name\" content=\"Librairie 7L\" \/>\n<meta property=\"article:modified_time\" content=\"2026-04-04T16:15:52+00:00\" \/>\n<meta property=\"og:image\" content=\"https:\/\/librairie7l.com\/wp-content\/uploads\/2025\/06\/9782080491169_1_75.jpg\" \/>\n\t<meta property=\"og:image:width\" content=\"600\" \/>\n\t<meta property=\"og:image:height\" content=\"697\" \/>\n\t<meta property=\"og:image:type\" content=\"image\/jpeg\" \/>\n<meta name=\"twitter:card\" content=\"summary_large_image\" \/>\n<meta name=\"twitter:label1\" content=\"Est. reading time\" \/>\n\t<meta name=\"twitter:data1\" content=\"1 minute\" \/>\n<script type=\"application\/ld+json\" class=\"yoast-schema-graph\">{\"@context\":\"https:\/\/schema.org\",\"@graph\":[{\"@type\":\"WebPage\",\"@id\":\"https:\/\/librairie7l.com\/en\/produit\/paris-de-nuit-2\/\",\"url\":\"https:\/\/librairie7l.com\/en\/produit\/paris-de-nuit-2\/\",\"name\":\"Paris de nuit - Librairie 7L\",\"isPartOf\":{\"@id\":\"https:\/\/librairie7l.com\/en\/#website\"},\"datePublished\":\"2025-11-05T09:16:20+00:00\",\"dateModified\":\"2026-04-04T16:15:52+00:00\",\"breadcrumb\":{\"@id\":\"https:\/\/librairie7l.com\/en\/produit\/paris-de-nuit-2\/#breadcrumb\"},\"inLanguage\":\"en-US\",\"potentialAction\":[{\"@type\":\"ReadAction\",\"target\":[\"https:\/\/librairie7l.com\/en\/produit\/paris-de-nuit-2\/\"]}]},{\"@type\":\"BreadcrumbList\",\"@id\":\"https:\/\/librairie7l.com\/en\/produit\/paris-de-nuit-2\/#breadcrumb\",\"itemListElement\":[{\"@type\":\"ListItem\",\"position\":1,\"name\":\"Accueil\",\"item\":\"https:\/\/librairie7l.com\/en\/\"},{\"@type\":\"ListItem\",\"position\":2,\"name\":\"Shop\",\"item\":\"https:\/\/librairie7l.com\/en\/shop\/\"},{\"@type\":\"ListItem\",\"position\":3,\"name\":\"PARIS DE NUIT\"}]},{\"@type\":\"WebSite\",\"@id\":\"https:\/\/librairie7l.com\/en\/#website\",\"url\":\"https:\/\/librairie7l.com\/en\/\",\"name\":\"Librairie 7L\",\"description\":\"Librairie fond\u00e9e en 1999 par Karl Lagerfeld \u00e0 Paris\",\"publisher\":{\"@id\":\"https:\/\/librairie7l.com\/en\/#organization\"},\"potentialAction\":[{\"@type\":\"SearchAction\",\"target\":{\"@type\":\"EntryPoint\",\"urlTemplate\":\"https:\/\/librairie7l.com\/en\/?s={search_term_string}\"},\"query-input\":\"required name=search_term_string\"}],\"inLanguage\":\"en-US\"},{\"@type\":\"Organization\",\"@id\":\"https:\/\/librairie7l.com\/en\/#organization\",\"name\":\"Librairie 7L\",\"url\":\"https:\/\/librairie7l.com\/en\/\",\"logo\":{\"@type\":\"ImageObject\",\"inLanguage\":\"en-US\",\"@id\":\"https:\/\/librairie7l.com\/en\/#\/schema\/logo\/image\/\",\"url\":\"https:\/\/librairie7l.com\/wp-content\/uploads\/2022\/08\/logo-1.png\",\"contentUrl\":\"https:\/\/librairie7l.com\/wp-content\/uploads\/2022\/08\/logo-1.png\",\"width\":227,\"height\":301,\"caption\":\"Librairie 7L\"},\"image\":{\"@id\":\"https:\/\/librairie7l.com\/en\/#\/schema\/logo\/image\/\"}}]}<\/script>\n<!-- \/ Yoast SEO plugin. -->","yoast_head_json":{"title":"Paris de nuit - Librairie 7L","robots":{"index":"index","follow":"follow","max-snippet":"max-snippet:-1","max-image-preview":"max-image-preview:large","max-video-preview":"max-video-preview:-1"},"canonical":"https:\/\/librairie7l.com\/en\/produit\/paris-de-nuit-2\/","og_locale":"en_US","og_type":"article","og_title":"Paris de nuit - Librairie 7L","og_description":"Usant comme personne du noir profond de l&#8217;h\u00e9liogravure, Brassa\u00ef a fix\u00e9 \u00e0 jamais dans Paris de nuit le monde nocturne de la capitale dans les ann\u00e9es 1930. Un Paris myst\u00e9rieux et en m\u00eame temps tr\u00e8s r\u00e9el, celui des bas-fonds et des cabarets, des clochards et des artistocrates, celui aussi des travailleurs de nuit, boulangers, mara\u00eechers, [&hellip;]","og_url":"https:\/\/librairie7l.com\/en\/produit\/paris-de-nuit-2\/","og_site_name":"Librairie 7L","article_modified_time":"2026-04-04T16:15:52+00:00","og_image":[{"width":600,"height":697,"url":"https:\/\/librairie7l.com\/wp-content\/uploads\/2025\/06\/9782080491169_1_75.jpg","type":"image\/jpeg"}],"twitter_card":"summary_large_image","twitter_misc":{"Est. reading time":"1 minute"},"schema":{"@context":"https:\/\/schema.org","@graph":[{"@type":"WebPage","@id":"https:\/\/librairie7l.com\/en\/produit\/paris-de-nuit-2\/","url":"https:\/\/librairie7l.com\/en\/produit\/paris-de-nuit-2\/","name":"Paris de nuit - Librairie 7L","isPartOf":{"@id":"https:\/\/librairie7l.com\/en\/#website"},"datePublished":"2025-11-05T09:16:20+00:00","dateModified":"2026-04-04T16:15:52+00:00","breadcrumb":{"@id":"https:\/\/librairie7l.com\/en\/produit\/paris-de-nuit-2\/#breadcrumb"},"inLanguage":"en-US","potentialAction":[{"@type":"ReadAction","target":["https:\/\/librairie7l.com\/en\/produit\/paris-de-nuit-2\/"]}]},{"@type":"BreadcrumbList","@id":"https:\/\/librairie7l.com\/en\/produit\/paris-de-nuit-2\/#breadcrumb","itemListElement":[{"@type":"ListItem","position":1,"name":"Accueil","item":"https:\/\/librairie7l.com\/en\/"},{"@type":"ListItem","position":2,"name":"Shop","item":"https:\/\/librairie7l.com\/en\/shop\/"},{"@type":"ListItem","position":3,"name":"PARIS DE NUIT"}]},{"@type":"WebSite","@id":"https:\/\/librairie7l.com\/en\/#website","url":"https:\/\/librairie7l.com\/en\/","name":"Librairie 7L","description":"Librairie fond\u00e9e en 1999 par Karl Lagerfeld \u00e0 Paris","publisher":{"@id":"https:\/\/librairie7l.com\/en\/#organization"},"potentialAction":[{"@type":"SearchAction","target":{"@type":"EntryPoint","urlTemplate":"https:\/\/librairie7l.com\/en\/?s={search_term_string}"},"query-input":"required name=search_term_string"}],"inLanguage":"en-US"},{"@type":"Organization","@id":"https:\/\/librairie7l.com\/en\/#organization","name":"Librairie 7L","url":"https:\/\/librairie7l.com\/en\/","logo":{"@type":"ImageObject","inLanguage":"en-US","@id":"https:\/\/librairie7l.com\/en\/#\/schema\/logo\/image\/","url":"https:\/\/librairie7l.com\/wp-content\/uploads\/2022\/08\/logo-1.png","contentUrl":"https:\/\/librairie7l.com\/wp-content\/uploads\/2022\/08\/logo-1.png","width":227,"height":301,"caption":"Librairie 7L"},"image":{"@id":"https:\/\/librairie7l.com\/en\/#\/schema\/logo\/image\/"}}]}},"_links":{"self":[{"href":"https:\/\/librairie7l.com\/en\/wp-json\/wp\/v2\/product\/51931"}],"collection":[{"href":"https:\/\/librairie7l.com\/en\/wp-json\/wp\/v2\/product"}],"about":[{"href":"https:\/\/librairie7l.com\/en\/wp-json\/wp\/v2\/types\/product"}],"wp:featuredmedia":[{"embeddable":true,"href":"https:\/\/librairie7l.com\/en\/wp-json\/wp\/v2\/media\/51929"}],"wp:attachment":[{"href":"https:\/\/librairie7l.com\/en\/wp-json\/wp\/v2\/media?parent=51931"}],"wp:term":[{"taxonomy":"product_cat","embeddable":true,"href":"https:\/\/librairie7l.com\/en\/wp-json\/wp\/v2\/product_cat?post=51931"},{"taxonomy":"product_tag","embeddable":true,"href":"https:\/\/librairie7l.com\/en\/wp-json\/wp\/v2\/product_tag?post=51931"}],"curies":[{"name":"wp","href":"https:\/\/api.w.org\/{rel}","templated":true}]}}