{"id":51947,"date":"2025-11-05T10:16:29","date_gmt":"2025-11-05T09:16:29","guid":{"rendered":"https:\/\/librairie7l.com\/?post_type=product&#038;p=51947"},"modified":"2026-04-22T10:37:28","modified_gmt":"2026-04-22T08:37:28","slug":"la-maison-de-pierre-loti-ecrivain-voyageur-2","status":"publish","type":"product","link":"https:\/\/librairie7l.com\/en\/produit\/la-maison-de-pierre-loti-ecrivain-voyageur-2\/","title":{"rendered":"LA MAISON DE PIERRE LOTI : \u00c9CRIVAIN VOYAGEUR"},"content":{"rendered":"<p>Pierre Loti a transform\u00e9 sa modeste maison natale en th\u00e9\u00e2tre aux multiples d\u00e9cors. Officier de marine et collectionneur dans l&#8217;\u00e2me depuis sa plus tendre enfance, il n&#8217;a cess\u00e9 de rapporter de ses exp\u00e9ditions lointaines mille objets exotiques, pour reconstituer dans sa demeure rochefortaise les lieux tant aim\u00e9s et en conserver le souvenir. Salon turc, mosqu\u00e9e, chambre arabe, salle renaissance, salle gothique, pagode japonaise, salle chinoise\u00a0:\u00a0chaque pi\u00e8ce t\u00e9moigne du go\u00fbt des ailleurs et de la mise en sc\u00e8ne du ma\u00eetre des lieux, qui aimait y organiser des r\u00e9ceptions costum\u00e9es. Tous ces d\u00e9cors, aujourd&#8217;hui enti\u00e8rement restitu\u00e9s, nous r\u00e9v\u00e8lent le caract\u00e8re exub\u00e9rant et romanesque du plus c\u00e9l\u00e8bre des \u00e9crivains-voyageurs.<\/p>\n","protected":false},"excerpt":{"rendered":"<p>Pierre Loti a transform\u00e9 sa modeste maison natale en th\u00e9\u00e2tre aux multiples d\u00e9cors. Officier de marine et collectionneur dans l&#8217;\u00e2me depuis sa plus tendre enfance, il n&#8217;a cess\u00e9 de rapporter de ses exp\u00e9ditions lointaines mille objets exotiques, pour reconstituer dans sa demeure rochefortaise les lieux tant aim\u00e9s et en conserver le souvenir. Salon turc, mosqu\u00e9e, [&hellip;]<\/p>\n","protected":false},"featured_media":51945,"template":"","meta":[],"product_cat":[2948,2951],"product_tag":[],"acf":[],"yoast_head":"<!-- This site is optimized with the Yoast SEO plugin v20.11 - https:\/\/yoast.com\/wordpress\/plugins\/seo\/ -->\n<title>La maison de Pierre Loti : \u00c9crivain voyageur - Librairie 7L<\/title>\n<meta name=\"robots\" content=\"index, follow, max-snippet:-1, max-image-preview:large, max-video-preview:-1\" \/>\n<link rel=\"canonical\" href=\"https:\/\/librairie7l.com\/en\/produit\/la-maison-de-pierre-loti-ecrivain-voyageur-2\/\" \/>\n<meta property=\"og:locale\" content=\"en_US\" \/>\n<meta property=\"og:type\" content=\"article\" \/>\n<meta property=\"og:title\" content=\"La maison de Pierre Loti : \u00c9crivain voyageur - Librairie 7L\" \/>\n<meta property=\"og:description\" content=\"Pierre Loti a transform\u00e9 sa modeste maison natale en th\u00e9\u00e2tre aux multiples d\u00e9cors. Officier de marine et collectionneur dans l&#8217;\u00e2me depuis sa plus tendre enfance, il n&#8217;a cess\u00e9 de rapporter de ses exp\u00e9ditions lointaines mille objets exotiques, pour reconstituer dans sa demeure rochefortaise les lieux tant aim\u00e9s et en conserver le souvenir. Salon turc, mosqu\u00e9e, [&hellip;]\" \/>\n<meta property=\"og:url\" content=\"https:\/\/librairie7l.com\/en\/produit\/la-maison-de-pierre-loti-ecrivain-voyageur-2\/\" \/>\n<meta property=\"og:site_name\" content=\"Librairie 7L\" \/>\n<meta property=\"article:modified_time\" content=\"2026-04-22T08:37:28+00:00\" \/>\n<meta property=\"og:image\" content=\"https:\/\/librairie7l.com\/wp-content\/uploads\/2025\/01\/9782073012463_1_75.jpg\" \/>\n\t<meta property=\"og:image:width\" content=\"600\" \/>\n\t<meta property=\"og:image:height\" content=\"797\" \/>\n\t<meta property=\"og:image:type\" content=\"image\/jpeg\" \/>\n<meta name=\"twitter:card\" content=\"summary_large_image\" \/>\n<meta name=\"twitter:label1\" content=\"Est. reading time\" \/>\n\t<meta name=\"twitter:data1\" content=\"1 minute\" \/>\n<script type=\"application\/ld+json\" class=\"yoast-schema-graph\">{\"@context\":\"https:\/\/schema.org\",\"@graph\":[{\"@type\":\"WebPage\",\"@id\":\"https:\/\/librairie7l.com\/en\/produit\/la-maison-de-pierre-loti-ecrivain-voyageur-2\/\",\"url\":\"https:\/\/librairie7l.com\/en\/produit\/la-maison-de-pierre-loti-ecrivain-voyageur-2\/\",\"name\":\"La maison de Pierre Loti : \u00c9crivain voyageur - Librairie 7L\",\"isPartOf\":{\"@id\":\"https:\/\/librairie7l.com\/en\/#website\"},\"datePublished\":\"2025-11-05T09:16:29+00:00\",\"dateModified\":\"2026-04-22T08:37:28+00:00\",\"breadcrumb\":{\"@id\":\"https:\/\/librairie7l.com\/en\/produit\/la-maison-de-pierre-loti-ecrivain-voyageur-2\/#breadcrumb\"},\"inLanguage\":\"en-US\",\"potentialAction\":[{\"@type\":\"ReadAction\",\"target\":[\"https:\/\/librairie7l.com\/en\/produit\/la-maison-de-pierre-loti-ecrivain-voyageur-2\/\"]}]},{\"@type\":\"BreadcrumbList\",\"@id\":\"https:\/\/librairie7l.com\/en\/produit\/la-maison-de-pierre-loti-ecrivain-voyageur-2\/#breadcrumb\",\"itemListElement\":[{\"@type\":\"ListItem\",\"position\":1,\"name\":\"Accueil\",\"item\":\"https:\/\/librairie7l.com\/en\/\"},{\"@type\":\"ListItem\",\"position\":2,\"name\":\"Shop\",\"item\":\"https:\/\/librairie7l.com\/en\/shop\/\"},{\"@type\":\"ListItem\",\"position\":3,\"name\":\"LA MAISON DE PIERRE LOTI : \u00c9CRIVAIN VOYAGEUR\"}]},{\"@type\":\"WebSite\",\"@id\":\"https:\/\/librairie7l.com\/en\/#website\",\"url\":\"https:\/\/librairie7l.com\/en\/\",\"name\":\"Librairie 7L\",\"description\":\"Librairie fond\u00e9e en 1999 par Karl Lagerfeld \u00e0 Paris\",\"publisher\":{\"@id\":\"https:\/\/librairie7l.com\/en\/#organization\"},\"potentialAction\":[{\"@type\":\"SearchAction\",\"target\":{\"@type\":\"EntryPoint\",\"urlTemplate\":\"https:\/\/librairie7l.com\/en\/?s={search_term_string}\"},\"query-input\":\"required name=search_term_string\"}],\"inLanguage\":\"en-US\"},{\"@type\":\"Organization\",\"@id\":\"https:\/\/librairie7l.com\/en\/#organization\",\"name\":\"Librairie 7L\",\"url\":\"https:\/\/librairie7l.com\/en\/\",\"logo\":{\"@type\":\"ImageObject\",\"inLanguage\":\"en-US\",\"@id\":\"https:\/\/librairie7l.com\/en\/#\/schema\/logo\/image\/\",\"url\":\"https:\/\/librairie7l.com\/wp-content\/uploads\/2022\/08\/logo-1.png\",\"contentUrl\":\"https:\/\/librairie7l.com\/wp-content\/uploads\/2022\/08\/logo-1.png\",\"width\":227,\"height\":301,\"caption\":\"Librairie 7L\"},\"image\":{\"@id\":\"https:\/\/librairie7l.com\/en\/#\/schema\/logo\/image\/\"}}]}<\/script>\n<!-- \/ Yoast SEO plugin. -->","yoast_head_json":{"title":"La maison de Pierre Loti : \u00c9crivain voyageur - Librairie 7L","robots":{"index":"index","follow":"follow","max-snippet":"max-snippet:-1","max-image-preview":"max-image-preview:large","max-video-preview":"max-video-preview:-1"},"canonical":"https:\/\/librairie7l.com\/en\/produit\/la-maison-de-pierre-loti-ecrivain-voyageur-2\/","og_locale":"en_US","og_type":"article","og_title":"La maison de Pierre Loti : \u00c9crivain voyageur - Librairie 7L","og_description":"Pierre Loti a transform\u00e9 sa modeste maison natale en th\u00e9\u00e2tre aux multiples d\u00e9cors. Officier de marine et collectionneur dans l&#8217;\u00e2me depuis sa plus tendre enfance, il n&#8217;a cess\u00e9 de rapporter de ses exp\u00e9ditions lointaines mille objets exotiques, pour reconstituer dans sa demeure rochefortaise les lieux tant aim\u00e9s et en conserver le souvenir. Salon turc, mosqu\u00e9e, [&hellip;]","og_url":"https:\/\/librairie7l.com\/en\/produit\/la-maison-de-pierre-loti-ecrivain-voyageur-2\/","og_site_name":"Librairie 7L","article_modified_time":"2026-04-22T08:37:28+00:00","og_image":[{"width":600,"height":797,"url":"https:\/\/librairie7l.com\/wp-content\/uploads\/2025\/01\/9782073012463_1_75.jpg","type":"image\/jpeg"}],"twitter_card":"summary_large_image","twitter_misc":{"Est. reading time":"1 minute"},"schema":{"@context":"https:\/\/schema.org","@graph":[{"@type":"WebPage","@id":"https:\/\/librairie7l.com\/en\/produit\/la-maison-de-pierre-loti-ecrivain-voyageur-2\/","url":"https:\/\/librairie7l.com\/en\/produit\/la-maison-de-pierre-loti-ecrivain-voyageur-2\/","name":"La maison de Pierre Loti : \u00c9crivain voyageur - Librairie 7L","isPartOf":{"@id":"https:\/\/librairie7l.com\/en\/#website"},"datePublished":"2025-11-05T09:16:29+00:00","dateModified":"2026-04-22T08:37:28+00:00","breadcrumb":{"@id":"https:\/\/librairie7l.com\/en\/produit\/la-maison-de-pierre-loti-ecrivain-voyageur-2\/#breadcrumb"},"inLanguage":"en-US","potentialAction":[{"@type":"ReadAction","target":["https:\/\/librairie7l.com\/en\/produit\/la-maison-de-pierre-loti-ecrivain-voyageur-2\/"]}]},{"@type":"BreadcrumbList","@id":"https:\/\/librairie7l.com\/en\/produit\/la-maison-de-pierre-loti-ecrivain-voyageur-2\/#breadcrumb","itemListElement":[{"@type":"ListItem","position":1,"name":"Accueil","item":"https:\/\/librairie7l.com\/en\/"},{"@type":"ListItem","position":2,"name":"Shop","item":"https:\/\/librairie7l.com\/en\/shop\/"},{"@type":"ListItem","position":3,"name":"LA MAISON DE PIERRE LOTI : \u00c9CRIVAIN VOYAGEUR"}]},{"@type":"WebSite","@id":"https:\/\/librairie7l.com\/en\/#website","url":"https:\/\/librairie7l.com\/en\/","name":"Librairie 7L","description":"Librairie fond\u00e9e en 1999 par Karl Lagerfeld \u00e0 Paris","publisher":{"@id":"https:\/\/librairie7l.com\/en\/#organization"},"potentialAction":[{"@type":"SearchAction","target":{"@type":"EntryPoint","urlTemplate":"https:\/\/librairie7l.com\/en\/?s={search_term_string}"},"query-input":"required name=search_term_string"}],"inLanguage":"en-US"},{"@type":"Organization","@id":"https:\/\/librairie7l.com\/en\/#organization","name":"Librairie 7L","url":"https:\/\/librairie7l.com\/en\/","logo":{"@type":"ImageObject","inLanguage":"en-US","@id":"https:\/\/librairie7l.com\/en\/#\/schema\/logo\/image\/","url":"https:\/\/librairie7l.com\/wp-content\/uploads\/2022\/08\/logo-1.png","contentUrl":"https:\/\/librairie7l.com\/wp-content\/uploads\/2022\/08\/logo-1.png","width":227,"height":301,"caption":"Librairie 7L"},"image":{"@id":"https:\/\/librairie7l.com\/en\/#\/schema\/logo\/image\/"}}]}},"_links":{"self":[{"href":"https:\/\/librairie7l.com\/en\/wp-json\/wp\/v2\/product\/51947"}],"collection":[{"href":"https:\/\/librairie7l.com\/en\/wp-json\/wp\/v2\/product"}],"about":[{"href":"https:\/\/librairie7l.com\/en\/wp-json\/wp\/v2\/types\/product"}],"wp:featuredmedia":[{"embeddable":true,"href":"https:\/\/librairie7l.com\/en\/wp-json\/wp\/v2\/media\/51945"}],"wp:attachment":[{"href":"https:\/\/librairie7l.com\/en\/wp-json\/wp\/v2\/media?parent=51947"}],"wp:term":[{"taxonomy":"product_cat","embeddable":true,"href":"https:\/\/librairie7l.com\/en\/wp-json\/wp\/v2\/product_cat?post=51947"},{"taxonomy":"product_tag","embeddable":true,"href":"https:\/\/librairie7l.com\/en\/wp-json\/wp\/v2\/product_tag?post=51947"}],"curies":[{"name":"wp","href":"https:\/\/api.w.org\/{rel}","templated":true}]}}