{"id":51951,"date":"2025-11-05T10:16:30","date_gmt":"2025-11-05T09:16:30","guid":{"rendered":"https:\/\/librairie7l.com\/?post_type=product&#038;p=51951"},"modified":"2026-04-04T16:24:23","modified_gmt":"2026-04-04T14:24:23","slug":"tilda-swinton-2","status":"publish","type":"product","link":"https:\/\/librairie7l.com\/en\/produit\/tilda-swinton-2\/","title":{"rendered":"TILDA SWINTON"},"content":{"rendered":"<p>Un regard exclusif sur les r\u00f4les cin\u00e9matographiques embl\u00e9matiques de Tilda Swinton, avec un accent particulier sur les collaborations artistiques essentielles \u00e0 sa carri\u00e8re. En utilisant comme point de d\u00e9part les collaborations artistiques qui ont aid\u00e9 \u00e0 fa\u00e7onner sa pr\u00e9sence singuli\u00e8re, des projets avec Derek Jarman \u00e0 Luca Distraino, le livre explorera la biographie de l&#8217;actrice. Tilda Swinton repousse les limites du r\u00f4le parfois limit\u00e9 de l&#8217;acteur, embrassant l&#8217;influence de diverses formes d&#8217;art. Ce projet rend hommage \u00e0 l&#8217;esprit de \u00ab renouveau par la connectivit\u00e9 \u00bb qui a d\u00e9fini la carri\u00e8re remarquable de Swinton. Des photos de films et des photographies in\u00e9dites issues d&#8217;une s\u00e9lection de courts et longs m\u00e9trages, notamment Suspiria, Only Lovers Left Alive, I Am Love, Orlando, Problemista, Dix Mille Ans de D\u00e9sir, A Bigger Splash, Julia, Br\u00fbler apr\u00e8s avoir lu, Asteroid City, Edward II, Adaptation, We Need to Talk about Kevin, Snowpiercer, et bien d&#8217;autres encore. Le livre consacre une section \u00e0 l&#8217;oeuvre de Derek Jarman, qui a jou\u00e9 un r\u00f4le central dans le d\u00e9veloppement artistique de Tilda Swinton, et de Joanna Hogg, une amie d&#8217;enfance avec laquelle elle a r\u00e9cemment collabor\u00e9. La s\u00e9lection comprendra \u00e9galement des textes et des photos explorant ses collaborations avec Derek Jarman, Pedro Almod\u00f3var et Apichatpong Weerasethakul, en se concentrant sur la dynamique entre l&#8217;acteur et le r\u00e9alisateur dans les processus artistiques collectifs.<\/p>\n","protected":false},"excerpt":{"rendered":"<p>Un regard exclusif sur les r\u00f4les cin\u00e9matographiques embl\u00e9matiques de Tilda Swinton, avec un accent particulier sur les collaborations artistiques essentielles \u00e0 sa carri\u00e8re. En utilisant comme point de d\u00e9part les collaborations artistiques qui ont aid\u00e9 \u00e0 fa\u00e7onner sa pr\u00e9sence singuli\u00e8re, des projets avec Derek Jarman \u00e0 Luca Distraino, le livre explorera la biographie de l&#8217;actrice. [&hellip;]<\/p>\n","protected":false},"featured_media":51949,"template":"","meta":[],"product_cat":[2948,2958],"product_tag":[],"acf":[],"yoast_head":"<!-- This site is optimized with the Yoast SEO plugin v20.11 - https:\/\/yoast.com\/wordpress\/plugins\/seo\/ -->\n<title>Tilda Swinton - Librairie 7L<\/title>\n<meta name=\"robots\" content=\"index, follow, max-snippet:-1, max-image-preview:large, max-video-preview:-1\" \/>\n<link rel=\"canonical\" href=\"https:\/\/librairie7l.com\/en\/produit\/tilda-swinton-2\/\" \/>\n<meta property=\"og:locale\" content=\"en_US\" \/>\n<meta property=\"og:type\" content=\"article\" \/>\n<meta property=\"og:title\" content=\"Tilda Swinton - Librairie 7L\" \/>\n<meta property=\"og:description\" content=\"Un regard exclusif sur les r\u00f4les cin\u00e9matographiques embl\u00e9matiques de Tilda Swinton, avec un accent particulier sur les collaborations artistiques essentielles \u00e0 sa carri\u00e8re. En utilisant comme point de d\u00e9part les collaborations artistiques qui ont aid\u00e9 \u00e0 fa\u00e7onner sa pr\u00e9sence singuli\u00e8re, des projets avec Derek Jarman \u00e0 Luca Distraino, le livre explorera la biographie de l&#8217;actrice. [&hellip;]\" \/>\n<meta property=\"og:url\" content=\"https:\/\/librairie7l.com\/en\/produit\/tilda-swinton-2\/\" \/>\n<meta property=\"og:site_name\" content=\"Librairie 7L\" \/>\n<meta property=\"article:modified_time\" content=\"2026-04-04T14:24:23+00:00\" \/>\n<meta property=\"og:image\" content=\"https:\/\/librairie7l.com\/wp-content\/uploads\/2025\/08\/9780847860517_1_75.jpg\" \/>\n\t<meta property=\"og:image:width\" content=\"390\" \/>\n\t<meta property=\"og:image:height\" content=\"500\" \/>\n\t<meta property=\"og:image:type\" content=\"image\/jpeg\" \/>\n<meta name=\"twitter:card\" content=\"summary_large_image\" \/>\n<meta name=\"twitter:label1\" content=\"Est. reading time\" \/>\n\t<meta name=\"twitter:data1\" content=\"1 minute\" \/>\n<script type=\"application\/ld+json\" class=\"yoast-schema-graph\">{\"@context\":\"https:\/\/schema.org\",\"@graph\":[{\"@type\":\"WebPage\",\"@id\":\"https:\/\/librairie7l.com\/en\/produit\/tilda-swinton-2\/\",\"url\":\"https:\/\/librairie7l.com\/en\/produit\/tilda-swinton-2\/\",\"name\":\"Tilda Swinton - Librairie 7L\",\"isPartOf\":{\"@id\":\"https:\/\/librairie7l.com\/en\/#website\"},\"datePublished\":\"2025-11-05T09:16:30+00:00\",\"dateModified\":\"2026-04-04T14:24:23+00:00\",\"breadcrumb\":{\"@id\":\"https:\/\/librairie7l.com\/en\/produit\/tilda-swinton-2\/#breadcrumb\"},\"inLanguage\":\"en-US\",\"potentialAction\":[{\"@type\":\"ReadAction\",\"target\":[\"https:\/\/librairie7l.com\/en\/produit\/tilda-swinton-2\/\"]}]},{\"@type\":\"BreadcrumbList\",\"@id\":\"https:\/\/librairie7l.com\/en\/produit\/tilda-swinton-2\/#breadcrumb\",\"itemListElement\":[{\"@type\":\"ListItem\",\"position\":1,\"name\":\"Accueil\",\"item\":\"https:\/\/librairie7l.com\/en\/\"},{\"@type\":\"ListItem\",\"position\":2,\"name\":\"Shop\",\"item\":\"https:\/\/librairie7l.com\/en\/shop\/\"},{\"@type\":\"ListItem\",\"position\":3,\"name\":\"TILDA SWINTON\"}]},{\"@type\":\"WebSite\",\"@id\":\"https:\/\/librairie7l.com\/en\/#website\",\"url\":\"https:\/\/librairie7l.com\/en\/\",\"name\":\"Librairie 7L\",\"description\":\"Librairie fond\u00e9e en 1999 par Karl Lagerfeld \u00e0 Paris\",\"publisher\":{\"@id\":\"https:\/\/librairie7l.com\/en\/#organization\"},\"potentialAction\":[{\"@type\":\"SearchAction\",\"target\":{\"@type\":\"EntryPoint\",\"urlTemplate\":\"https:\/\/librairie7l.com\/en\/?s={search_term_string}\"},\"query-input\":\"required name=search_term_string\"}],\"inLanguage\":\"en-US\"},{\"@type\":\"Organization\",\"@id\":\"https:\/\/librairie7l.com\/en\/#organization\",\"name\":\"Librairie 7L\",\"url\":\"https:\/\/librairie7l.com\/en\/\",\"logo\":{\"@type\":\"ImageObject\",\"inLanguage\":\"en-US\",\"@id\":\"https:\/\/librairie7l.com\/en\/#\/schema\/logo\/image\/\",\"url\":\"https:\/\/librairie7l.com\/wp-content\/uploads\/2022\/08\/logo-1.png\",\"contentUrl\":\"https:\/\/librairie7l.com\/wp-content\/uploads\/2022\/08\/logo-1.png\",\"width\":227,\"height\":301,\"caption\":\"Librairie 7L\"},\"image\":{\"@id\":\"https:\/\/librairie7l.com\/en\/#\/schema\/logo\/image\/\"}}]}<\/script>\n<!-- \/ Yoast SEO plugin. -->","yoast_head_json":{"title":"Tilda Swinton - Librairie 7L","robots":{"index":"index","follow":"follow","max-snippet":"max-snippet:-1","max-image-preview":"max-image-preview:large","max-video-preview":"max-video-preview:-1"},"canonical":"https:\/\/librairie7l.com\/en\/produit\/tilda-swinton-2\/","og_locale":"en_US","og_type":"article","og_title":"Tilda Swinton - Librairie 7L","og_description":"Un regard exclusif sur les r\u00f4les cin\u00e9matographiques embl\u00e9matiques de Tilda Swinton, avec un accent particulier sur les collaborations artistiques essentielles \u00e0 sa carri\u00e8re. En utilisant comme point de d\u00e9part les collaborations artistiques qui ont aid\u00e9 \u00e0 fa\u00e7onner sa pr\u00e9sence singuli\u00e8re, des projets avec Derek Jarman \u00e0 Luca Distraino, le livre explorera la biographie de l&#8217;actrice. [&hellip;]","og_url":"https:\/\/librairie7l.com\/en\/produit\/tilda-swinton-2\/","og_site_name":"Librairie 7L","article_modified_time":"2026-04-04T14:24:23+00:00","og_image":[{"width":390,"height":500,"url":"https:\/\/librairie7l.com\/wp-content\/uploads\/2025\/08\/9780847860517_1_75.jpg","type":"image\/jpeg"}],"twitter_card":"summary_large_image","twitter_misc":{"Est. reading time":"1 minute"},"schema":{"@context":"https:\/\/schema.org","@graph":[{"@type":"WebPage","@id":"https:\/\/librairie7l.com\/en\/produit\/tilda-swinton-2\/","url":"https:\/\/librairie7l.com\/en\/produit\/tilda-swinton-2\/","name":"Tilda Swinton - Librairie 7L","isPartOf":{"@id":"https:\/\/librairie7l.com\/en\/#website"},"datePublished":"2025-11-05T09:16:30+00:00","dateModified":"2026-04-04T14:24:23+00:00","breadcrumb":{"@id":"https:\/\/librairie7l.com\/en\/produit\/tilda-swinton-2\/#breadcrumb"},"inLanguage":"en-US","potentialAction":[{"@type":"ReadAction","target":["https:\/\/librairie7l.com\/en\/produit\/tilda-swinton-2\/"]}]},{"@type":"BreadcrumbList","@id":"https:\/\/librairie7l.com\/en\/produit\/tilda-swinton-2\/#breadcrumb","itemListElement":[{"@type":"ListItem","position":1,"name":"Accueil","item":"https:\/\/librairie7l.com\/en\/"},{"@type":"ListItem","position":2,"name":"Shop","item":"https:\/\/librairie7l.com\/en\/shop\/"},{"@type":"ListItem","position":3,"name":"TILDA SWINTON"}]},{"@type":"WebSite","@id":"https:\/\/librairie7l.com\/en\/#website","url":"https:\/\/librairie7l.com\/en\/","name":"Librairie 7L","description":"Librairie fond\u00e9e en 1999 par Karl Lagerfeld \u00e0 Paris","publisher":{"@id":"https:\/\/librairie7l.com\/en\/#organization"},"potentialAction":[{"@type":"SearchAction","target":{"@type":"EntryPoint","urlTemplate":"https:\/\/librairie7l.com\/en\/?s={search_term_string}"},"query-input":"required name=search_term_string"}],"inLanguage":"en-US"},{"@type":"Organization","@id":"https:\/\/librairie7l.com\/en\/#organization","name":"Librairie 7L","url":"https:\/\/librairie7l.com\/en\/","logo":{"@type":"ImageObject","inLanguage":"en-US","@id":"https:\/\/librairie7l.com\/en\/#\/schema\/logo\/image\/","url":"https:\/\/librairie7l.com\/wp-content\/uploads\/2022\/08\/logo-1.png","contentUrl":"https:\/\/librairie7l.com\/wp-content\/uploads\/2022\/08\/logo-1.png","width":227,"height":301,"caption":"Librairie 7L"},"image":{"@id":"https:\/\/librairie7l.com\/en\/#\/schema\/logo\/image\/"}}]}},"_links":{"self":[{"href":"https:\/\/librairie7l.com\/en\/wp-json\/wp\/v2\/product\/51951"}],"collection":[{"href":"https:\/\/librairie7l.com\/en\/wp-json\/wp\/v2\/product"}],"about":[{"href":"https:\/\/librairie7l.com\/en\/wp-json\/wp\/v2\/types\/product"}],"wp:featuredmedia":[{"embeddable":true,"href":"https:\/\/librairie7l.com\/en\/wp-json\/wp\/v2\/media\/51949"}],"wp:attachment":[{"href":"https:\/\/librairie7l.com\/en\/wp-json\/wp\/v2\/media?parent=51951"}],"wp:term":[{"taxonomy":"product_cat","embeddable":true,"href":"https:\/\/librairie7l.com\/en\/wp-json\/wp\/v2\/product_cat?post=51951"},{"taxonomy":"product_tag","embeddable":true,"href":"https:\/\/librairie7l.com\/en\/wp-json\/wp\/v2\/product_tag?post=51951"}],"curies":[{"name":"wp","href":"https:\/\/api.w.org\/{rel}","templated":true}]}}