{"id":51963,"date":"2025-11-05T10:16:39","date_gmt":"2025-11-05T09:16:39","guid":{"rendered":"https:\/\/librairie7l.com\/?post_type=product&#038;p=51963"},"modified":"2026-04-04T16:26:01","modified_gmt":"2026-04-04T14:26:01","slug":"luc-delahaye-catalogue-raisonne-2001-2025-2","status":"publish","type":"product","link":"https:\/\/librairie7l.com\/en\/produit\/luc-delahaye-catalogue-raisonne-2001-2025-2\/","title":{"rendered":"LUC DELAHAYE : CATALOGUE RAISONN\u00c9 2001 &#8211; 2025"},"content":{"rendered":"<p>Publi\u00e9 \u00e0 l&#8217;occasion d&#8217;une grande exposition personnelle au Jeu de Paume, Paris, cet ouvrage retrace 25 ann\u00e9es de l&#8217;oeuvre photographique de Luc Delahaye. Y compris toutes les oeuvres que Delahaye a produites entre 2001 et 2025, le livre couvre la p\u00e9riode d\u00e9cisive au cours de laquelle il s&#8217;est progressivement distanc\u00e9 du photojournalisme de guerre dans les ann\u00e9es 1990 et s&#8217;est engag\u00e9 dans le domaine de l&#8217;art. Des premiers tableaux photographiques de Delahaye \u00e0 ceux compos\u00e9s sur ordinateur ou mis en sc\u00e8ne, ainsi que ses polyptyques, s\u00e9ries et vid\u00e9os-stills, ces images offrent un r\u00e9cit sobre mais puissant de notre monde troubl\u00e9 et turbulent. Ce catalogue raisonn\u00e9 offre un cadre complet pour retracer l&#8217;\u00e9volution des m\u00e9thodes et th\u00e8mes de Delahaye, en identifiant des p\u00e9riodes distinctes et en examinant les processus rigoureux par lesquels il dessine la cartographie des temps contemporains. Une vari\u00e9t\u00e9 de textes et un entretien approfondi avec l&#8217;artiste donnent un aper\u00e7u de l&#8217;oeuvre insaisissable de Delahaye-celle qui r\u00e9fl\u00e9chit sur la pr\u00e9sence dans la repr\u00e9sentation du r\u00e9el, sur l&#8217;histoire, la m\u00e9moire, la violence et notre responsabilit\u00e9 en tant que spectateurs. Co-\u00e9dit\u00e9 par le Jeu de Paume, Paris et Photo \u00c9lys\u00e9e, Lausanne.<\/p>\n","protected":false},"excerpt":{"rendered":"<p>Publi\u00e9 \u00e0 l&#8217;occasion d&#8217;une grande exposition personnelle au Jeu de Paume, Paris, cet ouvrage retrace 25 ann\u00e9es de l&#8217;oeuvre photographique de Luc Delahaye. Y compris toutes les oeuvres que Delahaye a produites entre 2001 et 2025, le livre couvre la p\u00e9riode d\u00e9cisive au cours de laquelle il s&#8217;est progressivement distanc\u00e9 du photojournalisme de guerre dans [&hellip;]<\/p>\n","protected":false},"featured_media":51961,"template":"","meta":[],"product_cat":[2948,2958],"product_tag":[],"acf":[],"yoast_head":"<!-- This site is optimized with the Yoast SEO plugin v20.11 - https:\/\/yoast.com\/wordpress\/plugins\/seo\/ -->\n<title>Luc Delahaye : Catalogue Raisonn\u00e9 2001 - 2025 - Librairie 7L<\/title>\n<meta name=\"robots\" content=\"index, follow, max-snippet:-1, max-image-preview:large, max-video-preview:-1\" \/>\n<link rel=\"canonical\" href=\"https:\/\/librairie7l.com\/en\/produit\/luc-delahaye-catalogue-raisonne-2001-2025-2\/\" \/>\n<meta property=\"og:locale\" content=\"en_US\" \/>\n<meta property=\"og:type\" content=\"article\" \/>\n<meta property=\"og:title\" content=\"Luc Delahaye : Catalogue Raisonn\u00e9 2001 - 2025 - Librairie 7L\" \/>\n<meta property=\"og:description\" content=\"Publi\u00e9 \u00e0 l&#8217;occasion d&#8217;une grande exposition personnelle au Jeu de Paume, Paris, cet ouvrage retrace 25 ann\u00e9es de l&#8217;oeuvre photographique de Luc Delahaye. Y compris toutes les oeuvres que Delahaye a produites entre 2001 et 2025, le livre couvre la p\u00e9riode d\u00e9cisive au cours de laquelle il s&#8217;est progressivement distanc\u00e9 du photojournalisme de guerre dans [&hellip;]\" \/>\n<meta property=\"og:url\" content=\"https:\/\/librairie7l.com\/en\/produit\/luc-delahaye-catalogue-raisonne-2001-2025-2\/\" \/>\n<meta property=\"og:site_name\" content=\"Librairie 7L\" \/>\n<meta property=\"article:modified_time\" content=\"2026-04-04T14:26:01+00:00\" \/>\n<meta property=\"og:image\" content=\"https:\/\/librairie7l.com\/wp-content\/uploads\/2025\/10\/9783969995228_1_75.jpg\" \/>\n\t<meta property=\"og:image:width\" content=\"600\" \/>\n\t<meta property=\"og:image:height\" content=\"726\" \/>\n\t<meta property=\"og:image:type\" content=\"image\/jpeg\" \/>\n<meta name=\"twitter:card\" content=\"summary_large_image\" \/>\n<meta name=\"twitter:label1\" content=\"Est. reading time\" \/>\n\t<meta name=\"twitter:data1\" content=\"1 minute\" \/>\n<script type=\"application\/ld+json\" class=\"yoast-schema-graph\">{\"@context\":\"https:\/\/schema.org\",\"@graph\":[{\"@type\":\"WebPage\",\"@id\":\"https:\/\/librairie7l.com\/en\/produit\/luc-delahaye-catalogue-raisonne-2001-2025-2\/\",\"url\":\"https:\/\/librairie7l.com\/en\/produit\/luc-delahaye-catalogue-raisonne-2001-2025-2\/\",\"name\":\"Luc Delahaye : Catalogue Raisonn\u00e9 2001 - 2025 - Librairie 7L\",\"isPartOf\":{\"@id\":\"https:\/\/librairie7l.com\/en\/#website\"},\"datePublished\":\"2025-11-05T09:16:39+00:00\",\"dateModified\":\"2026-04-04T14:26:01+00:00\",\"breadcrumb\":{\"@id\":\"https:\/\/librairie7l.com\/en\/produit\/luc-delahaye-catalogue-raisonne-2001-2025-2\/#breadcrumb\"},\"inLanguage\":\"en-US\",\"potentialAction\":[{\"@type\":\"ReadAction\",\"target\":[\"https:\/\/librairie7l.com\/en\/produit\/luc-delahaye-catalogue-raisonne-2001-2025-2\/\"]}]},{\"@type\":\"BreadcrumbList\",\"@id\":\"https:\/\/librairie7l.com\/en\/produit\/luc-delahaye-catalogue-raisonne-2001-2025-2\/#breadcrumb\",\"itemListElement\":[{\"@type\":\"ListItem\",\"position\":1,\"name\":\"Accueil\",\"item\":\"https:\/\/librairie7l.com\/en\/\"},{\"@type\":\"ListItem\",\"position\":2,\"name\":\"Shop\",\"item\":\"https:\/\/librairie7l.com\/en\/shop\/\"},{\"@type\":\"ListItem\",\"position\":3,\"name\":\"LUC DELAHAYE : CATALOGUE RAISONN\u00c9 2001 &#8211; 2025\"}]},{\"@type\":\"WebSite\",\"@id\":\"https:\/\/librairie7l.com\/en\/#website\",\"url\":\"https:\/\/librairie7l.com\/en\/\",\"name\":\"Librairie 7L\",\"description\":\"Librairie fond\u00e9e en 1999 par Karl Lagerfeld \u00e0 Paris\",\"publisher\":{\"@id\":\"https:\/\/librairie7l.com\/en\/#organization\"},\"potentialAction\":[{\"@type\":\"SearchAction\",\"target\":{\"@type\":\"EntryPoint\",\"urlTemplate\":\"https:\/\/librairie7l.com\/en\/?s={search_term_string}\"},\"query-input\":\"required name=search_term_string\"}],\"inLanguage\":\"en-US\"},{\"@type\":\"Organization\",\"@id\":\"https:\/\/librairie7l.com\/en\/#organization\",\"name\":\"Librairie 7L\",\"url\":\"https:\/\/librairie7l.com\/en\/\",\"logo\":{\"@type\":\"ImageObject\",\"inLanguage\":\"en-US\",\"@id\":\"https:\/\/librairie7l.com\/en\/#\/schema\/logo\/image\/\",\"url\":\"https:\/\/librairie7l.com\/wp-content\/uploads\/2022\/08\/logo-1.png\",\"contentUrl\":\"https:\/\/librairie7l.com\/wp-content\/uploads\/2022\/08\/logo-1.png\",\"width\":227,\"height\":301,\"caption\":\"Librairie 7L\"},\"image\":{\"@id\":\"https:\/\/librairie7l.com\/en\/#\/schema\/logo\/image\/\"}}]}<\/script>\n<!-- \/ Yoast SEO plugin. -->","yoast_head_json":{"title":"Luc Delahaye : Catalogue Raisonn\u00e9 2001 - 2025 - Librairie 7L","robots":{"index":"index","follow":"follow","max-snippet":"max-snippet:-1","max-image-preview":"max-image-preview:large","max-video-preview":"max-video-preview:-1"},"canonical":"https:\/\/librairie7l.com\/en\/produit\/luc-delahaye-catalogue-raisonne-2001-2025-2\/","og_locale":"en_US","og_type":"article","og_title":"Luc Delahaye : Catalogue Raisonn\u00e9 2001 - 2025 - Librairie 7L","og_description":"Publi\u00e9 \u00e0 l&#8217;occasion d&#8217;une grande exposition personnelle au Jeu de Paume, Paris, cet ouvrage retrace 25 ann\u00e9es de l&#8217;oeuvre photographique de Luc Delahaye. Y compris toutes les oeuvres que Delahaye a produites entre 2001 et 2025, le livre couvre la p\u00e9riode d\u00e9cisive au cours de laquelle il s&#8217;est progressivement distanc\u00e9 du photojournalisme de guerre dans [&hellip;]","og_url":"https:\/\/librairie7l.com\/en\/produit\/luc-delahaye-catalogue-raisonne-2001-2025-2\/","og_site_name":"Librairie 7L","article_modified_time":"2026-04-04T14:26:01+00:00","og_image":[{"width":600,"height":726,"url":"https:\/\/librairie7l.com\/wp-content\/uploads\/2025\/10\/9783969995228_1_75.jpg","type":"image\/jpeg"}],"twitter_card":"summary_large_image","twitter_misc":{"Est. reading time":"1 minute"},"schema":{"@context":"https:\/\/schema.org","@graph":[{"@type":"WebPage","@id":"https:\/\/librairie7l.com\/en\/produit\/luc-delahaye-catalogue-raisonne-2001-2025-2\/","url":"https:\/\/librairie7l.com\/en\/produit\/luc-delahaye-catalogue-raisonne-2001-2025-2\/","name":"Luc Delahaye : Catalogue Raisonn\u00e9 2001 - 2025 - Librairie 7L","isPartOf":{"@id":"https:\/\/librairie7l.com\/en\/#website"},"datePublished":"2025-11-05T09:16:39+00:00","dateModified":"2026-04-04T14:26:01+00:00","breadcrumb":{"@id":"https:\/\/librairie7l.com\/en\/produit\/luc-delahaye-catalogue-raisonne-2001-2025-2\/#breadcrumb"},"inLanguage":"en-US","potentialAction":[{"@type":"ReadAction","target":["https:\/\/librairie7l.com\/en\/produit\/luc-delahaye-catalogue-raisonne-2001-2025-2\/"]}]},{"@type":"BreadcrumbList","@id":"https:\/\/librairie7l.com\/en\/produit\/luc-delahaye-catalogue-raisonne-2001-2025-2\/#breadcrumb","itemListElement":[{"@type":"ListItem","position":1,"name":"Accueil","item":"https:\/\/librairie7l.com\/en\/"},{"@type":"ListItem","position":2,"name":"Shop","item":"https:\/\/librairie7l.com\/en\/shop\/"},{"@type":"ListItem","position":3,"name":"LUC DELAHAYE : CATALOGUE RAISONN\u00c9 2001 &#8211; 2025"}]},{"@type":"WebSite","@id":"https:\/\/librairie7l.com\/en\/#website","url":"https:\/\/librairie7l.com\/en\/","name":"Librairie 7L","description":"Librairie fond\u00e9e en 1999 par Karl Lagerfeld \u00e0 Paris","publisher":{"@id":"https:\/\/librairie7l.com\/en\/#organization"},"potentialAction":[{"@type":"SearchAction","target":{"@type":"EntryPoint","urlTemplate":"https:\/\/librairie7l.com\/en\/?s={search_term_string}"},"query-input":"required name=search_term_string"}],"inLanguage":"en-US"},{"@type":"Organization","@id":"https:\/\/librairie7l.com\/en\/#organization","name":"Librairie 7L","url":"https:\/\/librairie7l.com\/en\/","logo":{"@type":"ImageObject","inLanguage":"en-US","@id":"https:\/\/librairie7l.com\/en\/#\/schema\/logo\/image\/","url":"https:\/\/librairie7l.com\/wp-content\/uploads\/2022\/08\/logo-1.png","contentUrl":"https:\/\/librairie7l.com\/wp-content\/uploads\/2022\/08\/logo-1.png","width":227,"height":301,"caption":"Librairie 7L"},"image":{"@id":"https:\/\/librairie7l.com\/en\/#\/schema\/logo\/image\/"}}]}},"_links":{"self":[{"href":"https:\/\/librairie7l.com\/en\/wp-json\/wp\/v2\/product\/51963"}],"collection":[{"href":"https:\/\/librairie7l.com\/en\/wp-json\/wp\/v2\/product"}],"about":[{"href":"https:\/\/librairie7l.com\/en\/wp-json\/wp\/v2\/types\/product"}],"wp:featuredmedia":[{"embeddable":true,"href":"https:\/\/librairie7l.com\/en\/wp-json\/wp\/v2\/media\/51961"}],"wp:attachment":[{"href":"https:\/\/librairie7l.com\/en\/wp-json\/wp\/v2\/media?parent=51963"}],"wp:term":[{"taxonomy":"product_cat","embeddable":true,"href":"https:\/\/librairie7l.com\/en\/wp-json\/wp\/v2\/product_cat?post=51963"},{"taxonomy":"product_tag","embeddable":true,"href":"https:\/\/librairie7l.com\/en\/wp-json\/wp\/v2\/product_tag?post=51963"}],"curies":[{"name":"wp","href":"https:\/\/api.w.org\/{rel}","templated":true}]}}