{"id":51989,"date":"2025-11-05T10:16:59","date_gmt":"2025-11-05T09:16:59","guid":{"rendered":"https:\/\/librairie7l.com\/?post_type=product&#038;p=51989"},"modified":"2026-04-12T16:37:00","modified_gmt":"2026-04-12T14:37:00","slug":"paul-troubetzkoy-le-prince-sculpteur-2","status":"publish","type":"product","link":"https:\/\/librairie7l.com\/en\/produit\/paul-troubetzkoy-le-prince-sculpteur-2\/","title":{"rendered":"PAUL TROUBETZKOY : LE PRINCE SCULPTEUR"},"content":{"rendered":"<p>L&#8217;exposition et son catalogue retraceront le parcours hors du commun de cet artiste italien, prince russe de naissance, parisien d&#8217;adoption qui m\u00e8ne parall\u00e8lement une brillante carri\u00e8re aux Etats-Unis. Port\u00e9 par un grand talent de portraitiste, il est recherch\u00e9 par une \u00e9lite cosmopolite, les c\u00e9l\u00e9brit\u00e9s, le tout Paris, jusqu&#8217;aux premi\u00e8res stars du cin\u00e9ma am\u00e9ricain. Sa vie est ponctu\u00e9e de rencontres et d&#8217;amiti\u00e9s d\u00e9cisives avec des hommes de lettres, Tolsto\u00ef en Russie, Georges Bernard Shaw \u00e0 Paris, avec lesquels il partage un mode de vie v\u00e9g\u00e9tarien, assez inhabituel pour l&#8217;\u00e9poque. Au-del\u00e0 des portraits qui ont fait sa r\u00e9putation, l&#8217;exposition mettra aussi en lumi\u00e8re sa sculpture animali\u00e8re, ainsi que ses travaux \u00e9tonnants en rapport avec la cause animale dont il \u00e9tait, avant l&#8217;heure, un fervent d\u00e9fenseur. Enrichie gr\u00e2ce aux pr\u00eats exceptionnels du museo del Paesaggio de Verbania abritant son fonds d&#8217;atelier, l&#8217;exposition sera l&#8217;occasion de pr\u00e9senter une partie de ce fonds, l\u00e9gu\u00e9 au mus\u00e9e apr\u00e8s sa mort. Elle invitera \u00e0 porter un regard neuf sur sa pratique et sur son style si reconnaissable. La mani\u00e8re dont Troubetzkoy travaille ses mod\u00e8les par petites touches pleines d&#8217;\u00e9nergie qui, dans les tirages en bronze, accrochent et font vibrer la lumi\u00e8re sur la surface du m\u00e9tal, posera clairement la question de l&#8217;impressionnisme en sculpture. Les visiteurs d\u00e9couvriront ainsi un artiste sensible et moderne, particuli\u00e8rement subtil dans sa capacit\u00e9 \u00e0 rendre la fluidit\u00e9 des corps, l&#8217;\u00e9nergie du mouvement et la force des caract\u00e8res. Son oeuvre, qui s&#8217;inscrit entre la fin du XIXe et le d\u00e9but du XXe si\u00e8cle, livrera par ailleurs une image pleine de vie de la Belle Epoque. Le catalogue de l&#8217;exposition sera \u00e9galement l&#8217;occasion de publier le premier ouvrage en fran\u00e7ais sur ce sculpteur qui a pourtant pass\u00e9 une partie de sa vie \u00e0 Paris.<\/p>\n","protected":false},"excerpt":{"rendered":"<p>L&#8217;exposition et son catalogue retraceront le parcours hors du commun de cet artiste italien, prince russe de naissance, parisien d&#8217;adoption qui m\u00e8ne parall\u00e8lement une brillante carri\u00e8re aux Etats-Unis. Port\u00e9 par un grand talent de portraitiste, il est recherch\u00e9 par une \u00e9lite cosmopolite, les c\u00e9l\u00e9brit\u00e9s, le tout Paris, jusqu&#8217;aux premi\u00e8res stars du cin\u00e9ma am\u00e9ricain. Sa vie [&hellip;]<\/p>\n","protected":false},"featured_media":51987,"template":"","meta":[],"product_cat":[2948,2953],"product_tag":[],"acf":[],"yoast_head":"<!-- This site is optimized with the Yoast SEO plugin v20.11 - https:\/\/yoast.com\/wordpress\/plugins\/seo\/ -->\n<title>Paul Troubetzkoy : Le prince sculpteur - Librairie 7L<\/title>\n<meta name=\"robots\" content=\"index, follow, max-snippet:-1, max-image-preview:large, max-video-preview:-1\" \/>\n<link rel=\"canonical\" href=\"https:\/\/librairie7l.com\/en\/produit\/paul-troubetzkoy-le-prince-sculpteur-2\/\" \/>\n<meta property=\"og:locale\" content=\"en_US\" \/>\n<meta property=\"og:type\" content=\"article\" \/>\n<meta property=\"og:title\" content=\"Paul Troubetzkoy : Le prince sculpteur - Librairie 7L\" \/>\n<meta property=\"og:description\" content=\"L&#8217;exposition et son catalogue retraceront le parcours hors du commun de cet artiste italien, prince russe de naissance, parisien d&#8217;adoption qui m\u00e8ne parall\u00e8lement une brillante carri\u00e8re aux Etats-Unis. Port\u00e9 par un grand talent de portraitiste, il est recherch\u00e9 par une \u00e9lite cosmopolite, les c\u00e9l\u00e9brit\u00e9s, le tout Paris, jusqu&#8217;aux premi\u00e8res stars du cin\u00e9ma am\u00e9ricain. Sa vie [&hellip;]\" \/>\n<meta property=\"og:url\" content=\"https:\/\/librairie7l.com\/en\/produit\/paul-troubetzkoy-le-prince-sculpteur-2\/\" \/>\n<meta property=\"og:site_name\" content=\"Librairie 7L\" \/>\n<meta property=\"article:modified_time\" content=\"2026-04-12T14:37:00+00:00\" \/>\n<meta property=\"og:image\" content=\"https:\/\/librairie7l.com\/wp-content\/uploads\/2025\/03\/9788833673325_1_75.jpg\" \/>\n\t<meta property=\"og:image:width\" content=\"600\" \/>\n\t<meta property=\"og:image:height\" content=\"824\" \/>\n\t<meta property=\"og:image:type\" content=\"image\/jpeg\" \/>\n<meta name=\"twitter:card\" content=\"summary_large_image\" \/>\n<meta name=\"twitter:label1\" content=\"Est. reading time\" \/>\n\t<meta name=\"twitter:data1\" content=\"2 minutes\" \/>\n<script type=\"application\/ld+json\" class=\"yoast-schema-graph\">{\"@context\":\"https:\/\/schema.org\",\"@graph\":[{\"@type\":\"WebPage\",\"@id\":\"https:\/\/librairie7l.com\/en\/produit\/paul-troubetzkoy-le-prince-sculpteur-2\/\",\"url\":\"https:\/\/librairie7l.com\/en\/produit\/paul-troubetzkoy-le-prince-sculpteur-2\/\",\"name\":\"Paul Troubetzkoy : Le prince sculpteur - Librairie 7L\",\"isPartOf\":{\"@id\":\"https:\/\/librairie7l.com\/en\/#website\"},\"datePublished\":\"2025-11-05T09:16:59+00:00\",\"dateModified\":\"2026-04-12T14:37:00+00:00\",\"breadcrumb\":{\"@id\":\"https:\/\/librairie7l.com\/en\/produit\/paul-troubetzkoy-le-prince-sculpteur-2\/#breadcrumb\"},\"inLanguage\":\"en-US\",\"potentialAction\":[{\"@type\":\"ReadAction\",\"target\":[\"https:\/\/librairie7l.com\/en\/produit\/paul-troubetzkoy-le-prince-sculpteur-2\/\"]}]},{\"@type\":\"BreadcrumbList\",\"@id\":\"https:\/\/librairie7l.com\/en\/produit\/paul-troubetzkoy-le-prince-sculpteur-2\/#breadcrumb\",\"itemListElement\":[{\"@type\":\"ListItem\",\"position\":1,\"name\":\"Accueil\",\"item\":\"https:\/\/librairie7l.com\/en\/\"},{\"@type\":\"ListItem\",\"position\":2,\"name\":\"Shop\",\"item\":\"https:\/\/librairie7l.com\/en\/shop\/\"},{\"@type\":\"ListItem\",\"position\":3,\"name\":\"PAUL TROUBETZKOY : LE PRINCE SCULPTEUR\"}]},{\"@type\":\"WebSite\",\"@id\":\"https:\/\/librairie7l.com\/en\/#website\",\"url\":\"https:\/\/librairie7l.com\/en\/\",\"name\":\"Librairie 7L\",\"description\":\"Librairie fond\u00e9e en 1999 par Karl Lagerfeld \u00e0 Paris\",\"publisher\":{\"@id\":\"https:\/\/librairie7l.com\/en\/#organization\"},\"potentialAction\":[{\"@type\":\"SearchAction\",\"target\":{\"@type\":\"EntryPoint\",\"urlTemplate\":\"https:\/\/librairie7l.com\/en\/?s={search_term_string}\"},\"query-input\":\"required name=search_term_string\"}],\"inLanguage\":\"en-US\"},{\"@type\":\"Organization\",\"@id\":\"https:\/\/librairie7l.com\/en\/#organization\",\"name\":\"Librairie 7L\",\"url\":\"https:\/\/librairie7l.com\/en\/\",\"logo\":{\"@type\":\"ImageObject\",\"inLanguage\":\"en-US\",\"@id\":\"https:\/\/librairie7l.com\/en\/#\/schema\/logo\/image\/\",\"url\":\"https:\/\/librairie7l.com\/wp-content\/uploads\/2022\/08\/logo-1.png\",\"contentUrl\":\"https:\/\/librairie7l.com\/wp-content\/uploads\/2022\/08\/logo-1.png\",\"width\":227,\"height\":301,\"caption\":\"Librairie 7L\"},\"image\":{\"@id\":\"https:\/\/librairie7l.com\/en\/#\/schema\/logo\/image\/\"}}]}<\/script>\n<!-- \/ Yoast SEO plugin. -->","yoast_head_json":{"title":"Paul Troubetzkoy : Le prince sculpteur - Librairie 7L","robots":{"index":"index","follow":"follow","max-snippet":"max-snippet:-1","max-image-preview":"max-image-preview:large","max-video-preview":"max-video-preview:-1"},"canonical":"https:\/\/librairie7l.com\/en\/produit\/paul-troubetzkoy-le-prince-sculpteur-2\/","og_locale":"en_US","og_type":"article","og_title":"Paul Troubetzkoy : Le prince sculpteur - Librairie 7L","og_description":"L&#8217;exposition et son catalogue retraceront le parcours hors du commun de cet artiste italien, prince russe de naissance, parisien d&#8217;adoption qui m\u00e8ne parall\u00e8lement une brillante carri\u00e8re aux Etats-Unis. Port\u00e9 par un grand talent de portraitiste, il est recherch\u00e9 par une \u00e9lite cosmopolite, les c\u00e9l\u00e9brit\u00e9s, le tout Paris, jusqu&#8217;aux premi\u00e8res stars du cin\u00e9ma am\u00e9ricain. Sa vie [&hellip;]","og_url":"https:\/\/librairie7l.com\/en\/produit\/paul-troubetzkoy-le-prince-sculpteur-2\/","og_site_name":"Librairie 7L","article_modified_time":"2026-04-12T14:37:00+00:00","og_image":[{"width":600,"height":824,"url":"https:\/\/librairie7l.com\/wp-content\/uploads\/2025\/03\/9788833673325_1_75.jpg","type":"image\/jpeg"}],"twitter_card":"summary_large_image","twitter_misc":{"Est. reading time":"2 minutes"},"schema":{"@context":"https:\/\/schema.org","@graph":[{"@type":"WebPage","@id":"https:\/\/librairie7l.com\/en\/produit\/paul-troubetzkoy-le-prince-sculpteur-2\/","url":"https:\/\/librairie7l.com\/en\/produit\/paul-troubetzkoy-le-prince-sculpteur-2\/","name":"Paul Troubetzkoy : Le prince sculpteur - Librairie 7L","isPartOf":{"@id":"https:\/\/librairie7l.com\/en\/#website"},"datePublished":"2025-11-05T09:16:59+00:00","dateModified":"2026-04-12T14:37:00+00:00","breadcrumb":{"@id":"https:\/\/librairie7l.com\/en\/produit\/paul-troubetzkoy-le-prince-sculpteur-2\/#breadcrumb"},"inLanguage":"en-US","potentialAction":[{"@type":"ReadAction","target":["https:\/\/librairie7l.com\/en\/produit\/paul-troubetzkoy-le-prince-sculpteur-2\/"]}]},{"@type":"BreadcrumbList","@id":"https:\/\/librairie7l.com\/en\/produit\/paul-troubetzkoy-le-prince-sculpteur-2\/#breadcrumb","itemListElement":[{"@type":"ListItem","position":1,"name":"Accueil","item":"https:\/\/librairie7l.com\/en\/"},{"@type":"ListItem","position":2,"name":"Shop","item":"https:\/\/librairie7l.com\/en\/shop\/"},{"@type":"ListItem","position":3,"name":"PAUL TROUBETZKOY : LE PRINCE SCULPTEUR"}]},{"@type":"WebSite","@id":"https:\/\/librairie7l.com\/en\/#website","url":"https:\/\/librairie7l.com\/en\/","name":"Librairie 7L","description":"Librairie fond\u00e9e en 1999 par Karl Lagerfeld \u00e0 Paris","publisher":{"@id":"https:\/\/librairie7l.com\/en\/#organization"},"potentialAction":[{"@type":"SearchAction","target":{"@type":"EntryPoint","urlTemplate":"https:\/\/librairie7l.com\/en\/?s={search_term_string}"},"query-input":"required name=search_term_string"}],"inLanguage":"en-US"},{"@type":"Organization","@id":"https:\/\/librairie7l.com\/en\/#organization","name":"Librairie 7L","url":"https:\/\/librairie7l.com\/en\/","logo":{"@type":"ImageObject","inLanguage":"en-US","@id":"https:\/\/librairie7l.com\/en\/#\/schema\/logo\/image\/","url":"https:\/\/librairie7l.com\/wp-content\/uploads\/2022\/08\/logo-1.png","contentUrl":"https:\/\/librairie7l.com\/wp-content\/uploads\/2022\/08\/logo-1.png","width":227,"height":301,"caption":"Librairie 7L"},"image":{"@id":"https:\/\/librairie7l.com\/en\/#\/schema\/logo\/image\/"}}]}},"_links":{"self":[{"href":"https:\/\/librairie7l.com\/en\/wp-json\/wp\/v2\/product\/51989"}],"collection":[{"href":"https:\/\/librairie7l.com\/en\/wp-json\/wp\/v2\/product"}],"about":[{"href":"https:\/\/librairie7l.com\/en\/wp-json\/wp\/v2\/types\/product"}],"wp:featuredmedia":[{"embeddable":true,"href":"https:\/\/librairie7l.com\/en\/wp-json\/wp\/v2\/media\/51987"}],"wp:attachment":[{"href":"https:\/\/librairie7l.com\/en\/wp-json\/wp\/v2\/media?parent=51989"}],"wp:term":[{"taxonomy":"product_cat","embeddable":true,"href":"https:\/\/librairie7l.com\/en\/wp-json\/wp\/v2\/product_cat?post=51989"},{"taxonomy":"product_tag","embeddable":true,"href":"https:\/\/librairie7l.com\/en\/wp-json\/wp\/v2\/product_tag?post=51989"}],"curies":[{"name":"wp","href":"https:\/\/api.w.org\/{rel}","templated":true}]}}