{"id":51993,"date":"2025-11-05T10:17:02","date_gmt":"2025-11-05T09:17:02","guid":{"rendered":"https:\/\/librairie7l.com\/?post_type=product&#038;p=51993"},"modified":"2026-04-20T04:28:38","modified_gmt":"2026-04-20T02:28:38","slug":"picasso-ceramiques-techniques-du-multiple-2","status":"publish","type":"product","link":"https:\/\/librairie7l.com\/en\/produit\/picasso-ceramiques-techniques-du-multiple-2\/","title":{"rendered":"PICASSO C\u00c9RAMIQUES : TECHNIQUES DU MULTIPLE"},"content":{"rendered":"<p>Picasso n&#8217;a jamais consid\u00e9r\u00e9 la c\u00e9ramique comme un art mineur et a ainsi pu approfondir, \u00e0 travers ce m\u00e9dium, des pratiques artistiques qui le pr\u00e9occupaient depuis ses ann\u00e9es cubistes. La c\u00e9ramique lui a \u00e9galement permis de renouer avec les traditions anciennes et populaires, ainsi qu&#8217;avec l&#8217;iconographie et les mythes de l&#8217;espace m\u00e9diterran\u00e9en.<\/p>\n<p>Apr\u00e8s quelques exp\u00e9riences au d\u00e9but du si\u00e8cle, Picasso ne se consacre \u00e0 la c\u00e9ramique qu&#8217;\u00e0 partir de 1947, dans l&#8217;atelier Madoura \u00e0 Vallauris. L&#8217;artiste a ensuite autoris\u00e9 Suzanne et Georges Rami\u00e9 \u00e0 r\u00e9aliser des reproductions en \u00e9dition limit\u00e9e d&#8217;une partie de ses c\u00e9ramiques, couvrant l&#8217;ensemble de sa production entre 1947 et 1971. Ces \u00e9ditions, qui s&#8217;inscrivent dans la continuit\u00e9 de sa production, ont contribu\u00e9 \u00e0 populariser son oeuvre.<\/p>\n<p>Ce catalogue apporte quelques cl\u00e9s pour mieux comprendre le processus cr\u00e9atif de Picasso, ses motivations, ainsi que les proc\u00e9d\u00e9s de cr\u00e9ation de ses s\u00e9ries d&#8217;\u00e9dition c\u00e9ramiques.<\/p>\n","protected":false},"excerpt":{"rendered":"<p>Picasso n&#8217;a jamais consid\u00e9r\u00e9 la c\u00e9ramique comme un art mineur et a ainsi pu approfondir, \u00e0 travers ce m\u00e9dium, des pratiques artistiques qui le pr\u00e9occupaient depuis ses ann\u00e9es cubistes. La c\u00e9ramique lui a \u00e9galement permis de renouer avec les traditions anciennes et populaires, ainsi qu&#8217;avec l&#8217;iconographie et les mythes de l&#8217;espace m\u00e9diterran\u00e9en. Apr\u00e8s quelques exp\u00e9riences [&hellip;]<\/p>\n","protected":false},"featured_media":51991,"template":"","meta":[],"product_cat":[2948,2952],"product_tag":[],"acf":[],"yoast_head":"<!-- This site is optimized with the Yoast SEO plugin v20.11 - https:\/\/yoast.com\/wordpress\/plugins\/seo\/ -->\n<title>Picasso c\u00e9ramiques : Techniques du multiple - Librairie 7L<\/title>\n<meta name=\"robots\" content=\"index, follow, max-snippet:-1, max-image-preview:large, max-video-preview:-1\" \/>\n<link rel=\"canonical\" href=\"https:\/\/librairie7l.com\/en\/produit\/picasso-ceramiques-techniques-du-multiple-2\/\" \/>\n<meta property=\"og:locale\" content=\"en_US\" \/>\n<meta property=\"og:type\" content=\"article\" \/>\n<meta property=\"og:title\" content=\"Picasso c\u00e9ramiques : Techniques du multiple - Librairie 7L\" \/>\n<meta property=\"og:description\" content=\"Picasso n&#8217;a jamais consid\u00e9r\u00e9 la c\u00e9ramique comme un art mineur et a ainsi pu approfondir, \u00e0 travers ce m\u00e9dium, des pratiques artistiques qui le pr\u00e9occupaient depuis ses ann\u00e9es cubistes. La c\u00e9ramique lui a \u00e9galement permis de renouer avec les traditions anciennes et populaires, ainsi qu&#8217;avec l&#8217;iconographie et les mythes de l&#8217;espace m\u00e9diterran\u00e9en. Apr\u00e8s quelques exp\u00e9riences [&hellip;]\" \/>\n<meta property=\"og:url\" content=\"https:\/\/librairie7l.com\/en\/produit\/picasso-ceramiques-techniques-du-multiple-2\/\" \/>\n<meta property=\"og:site_name\" content=\"Librairie 7L\" \/>\n<meta property=\"article:modified_time\" content=\"2026-04-20T02:28:38+00:00\" \/>\n<meta property=\"og:image\" content=\"https:\/\/librairie7l.com\/wp-content\/uploads\/2025\/06\/9788836661473_1_75.jpg\" \/>\n\t<meta property=\"og:image:width\" content=\"600\" \/>\n\t<meta property=\"og:image:height\" content=\"723\" \/>\n\t<meta property=\"og:image:type\" content=\"image\/jpeg\" \/>\n<meta name=\"twitter:card\" content=\"summary_large_image\" \/>\n<meta name=\"twitter:label1\" content=\"Est. reading time\" \/>\n\t<meta name=\"twitter:data1\" content=\"1 minute\" \/>\n<script type=\"application\/ld+json\" class=\"yoast-schema-graph\">{\"@context\":\"https:\/\/schema.org\",\"@graph\":[{\"@type\":\"WebPage\",\"@id\":\"https:\/\/librairie7l.com\/en\/produit\/picasso-ceramiques-techniques-du-multiple-2\/\",\"url\":\"https:\/\/librairie7l.com\/en\/produit\/picasso-ceramiques-techniques-du-multiple-2\/\",\"name\":\"Picasso c\u00e9ramiques : Techniques du multiple - Librairie 7L\",\"isPartOf\":{\"@id\":\"https:\/\/librairie7l.com\/en\/#website\"},\"datePublished\":\"2025-11-05T09:17:02+00:00\",\"dateModified\":\"2026-04-20T02:28:38+00:00\",\"breadcrumb\":{\"@id\":\"https:\/\/librairie7l.com\/en\/produit\/picasso-ceramiques-techniques-du-multiple-2\/#breadcrumb\"},\"inLanguage\":\"en-US\",\"potentialAction\":[{\"@type\":\"ReadAction\",\"target\":[\"https:\/\/librairie7l.com\/en\/produit\/picasso-ceramiques-techniques-du-multiple-2\/\"]}]},{\"@type\":\"BreadcrumbList\",\"@id\":\"https:\/\/librairie7l.com\/en\/produit\/picasso-ceramiques-techniques-du-multiple-2\/#breadcrumb\",\"itemListElement\":[{\"@type\":\"ListItem\",\"position\":1,\"name\":\"Accueil\",\"item\":\"https:\/\/librairie7l.com\/en\/\"},{\"@type\":\"ListItem\",\"position\":2,\"name\":\"Shop\",\"item\":\"https:\/\/librairie7l.com\/en\/shop\/\"},{\"@type\":\"ListItem\",\"position\":3,\"name\":\"PICASSO C\u00c9RAMIQUES : TECHNIQUES DU MULTIPLE\"}]},{\"@type\":\"WebSite\",\"@id\":\"https:\/\/librairie7l.com\/en\/#website\",\"url\":\"https:\/\/librairie7l.com\/en\/\",\"name\":\"Librairie 7L\",\"description\":\"Librairie fond\u00e9e en 1999 par Karl Lagerfeld \u00e0 Paris\",\"publisher\":{\"@id\":\"https:\/\/librairie7l.com\/en\/#organization\"},\"potentialAction\":[{\"@type\":\"SearchAction\",\"target\":{\"@type\":\"EntryPoint\",\"urlTemplate\":\"https:\/\/librairie7l.com\/en\/?s={search_term_string}\"},\"query-input\":\"required name=search_term_string\"}],\"inLanguage\":\"en-US\"},{\"@type\":\"Organization\",\"@id\":\"https:\/\/librairie7l.com\/en\/#organization\",\"name\":\"Librairie 7L\",\"url\":\"https:\/\/librairie7l.com\/en\/\",\"logo\":{\"@type\":\"ImageObject\",\"inLanguage\":\"en-US\",\"@id\":\"https:\/\/librairie7l.com\/en\/#\/schema\/logo\/image\/\",\"url\":\"https:\/\/librairie7l.com\/wp-content\/uploads\/2022\/08\/logo-1.png\",\"contentUrl\":\"https:\/\/librairie7l.com\/wp-content\/uploads\/2022\/08\/logo-1.png\",\"width\":227,\"height\":301,\"caption\":\"Librairie 7L\"},\"image\":{\"@id\":\"https:\/\/librairie7l.com\/en\/#\/schema\/logo\/image\/\"}}]}<\/script>\n<!-- \/ Yoast SEO plugin. -->","yoast_head_json":{"title":"Picasso c\u00e9ramiques : Techniques du multiple - Librairie 7L","robots":{"index":"index","follow":"follow","max-snippet":"max-snippet:-1","max-image-preview":"max-image-preview:large","max-video-preview":"max-video-preview:-1"},"canonical":"https:\/\/librairie7l.com\/en\/produit\/picasso-ceramiques-techniques-du-multiple-2\/","og_locale":"en_US","og_type":"article","og_title":"Picasso c\u00e9ramiques : Techniques du multiple - Librairie 7L","og_description":"Picasso n&#8217;a jamais consid\u00e9r\u00e9 la c\u00e9ramique comme un art mineur et a ainsi pu approfondir, \u00e0 travers ce m\u00e9dium, des pratiques artistiques qui le pr\u00e9occupaient depuis ses ann\u00e9es cubistes. La c\u00e9ramique lui a \u00e9galement permis de renouer avec les traditions anciennes et populaires, ainsi qu&#8217;avec l&#8217;iconographie et les mythes de l&#8217;espace m\u00e9diterran\u00e9en. Apr\u00e8s quelques exp\u00e9riences [&hellip;]","og_url":"https:\/\/librairie7l.com\/en\/produit\/picasso-ceramiques-techniques-du-multiple-2\/","og_site_name":"Librairie 7L","article_modified_time":"2026-04-20T02:28:38+00:00","og_image":[{"width":600,"height":723,"url":"https:\/\/librairie7l.com\/wp-content\/uploads\/2025\/06\/9788836661473_1_75.jpg","type":"image\/jpeg"}],"twitter_card":"summary_large_image","twitter_misc":{"Est. reading time":"1 minute"},"schema":{"@context":"https:\/\/schema.org","@graph":[{"@type":"WebPage","@id":"https:\/\/librairie7l.com\/en\/produit\/picasso-ceramiques-techniques-du-multiple-2\/","url":"https:\/\/librairie7l.com\/en\/produit\/picasso-ceramiques-techniques-du-multiple-2\/","name":"Picasso c\u00e9ramiques : Techniques du multiple - Librairie 7L","isPartOf":{"@id":"https:\/\/librairie7l.com\/en\/#website"},"datePublished":"2025-11-05T09:17:02+00:00","dateModified":"2026-04-20T02:28:38+00:00","breadcrumb":{"@id":"https:\/\/librairie7l.com\/en\/produit\/picasso-ceramiques-techniques-du-multiple-2\/#breadcrumb"},"inLanguage":"en-US","potentialAction":[{"@type":"ReadAction","target":["https:\/\/librairie7l.com\/en\/produit\/picasso-ceramiques-techniques-du-multiple-2\/"]}]},{"@type":"BreadcrumbList","@id":"https:\/\/librairie7l.com\/en\/produit\/picasso-ceramiques-techniques-du-multiple-2\/#breadcrumb","itemListElement":[{"@type":"ListItem","position":1,"name":"Accueil","item":"https:\/\/librairie7l.com\/en\/"},{"@type":"ListItem","position":2,"name":"Shop","item":"https:\/\/librairie7l.com\/en\/shop\/"},{"@type":"ListItem","position":3,"name":"PICASSO C\u00c9RAMIQUES : TECHNIQUES DU MULTIPLE"}]},{"@type":"WebSite","@id":"https:\/\/librairie7l.com\/en\/#website","url":"https:\/\/librairie7l.com\/en\/","name":"Librairie 7L","description":"Librairie fond\u00e9e en 1999 par Karl Lagerfeld \u00e0 Paris","publisher":{"@id":"https:\/\/librairie7l.com\/en\/#organization"},"potentialAction":[{"@type":"SearchAction","target":{"@type":"EntryPoint","urlTemplate":"https:\/\/librairie7l.com\/en\/?s={search_term_string}"},"query-input":"required name=search_term_string"}],"inLanguage":"en-US"},{"@type":"Organization","@id":"https:\/\/librairie7l.com\/en\/#organization","name":"Librairie 7L","url":"https:\/\/librairie7l.com\/en\/","logo":{"@type":"ImageObject","inLanguage":"en-US","@id":"https:\/\/librairie7l.com\/en\/#\/schema\/logo\/image\/","url":"https:\/\/librairie7l.com\/wp-content\/uploads\/2022\/08\/logo-1.png","contentUrl":"https:\/\/librairie7l.com\/wp-content\/uploads\/2022\/08\/logo-1.png","width":227,"height":301,"caption":"Librairie 7L"},"image":{"@id":"https:\/\/librairie7l.com\/en\/#\/schema\/logo\/image\/"}}]}},"_links":{"self":[{"href":"https:\/\/librairie7l.com\/en\/wp-json\/wp\/v2\/product\/51993"}],"collection":[{"href":"https:\/\/librairie7l.com\/en\/wp-json\/wp\/v2\/product"}],"about":[{"href":"https:\/\/librairie7l.com\/en\/wp-json\/wp\/v2\/types\/product"}],"wp:featuredmedia":[{"embeddable":true,"href":"https:\/\/librairie7l.com\/en\/wp-json\/wp\/v2\/media\/51991"}],"wp:attachment":[{"href":"https:\/\/librairie7l.com\/en\/wp-json\/wp\/v2\/media?parent=51993"}],"wp:term":[{"taxonomy":"product_cat","embeddable":true,"href":"https:\/\/librairie7l.com\/en\/wp-json\/wp\/v2\/product_cat?post=51993"},{"taxonomy":"product_tag","embeddable":true,"href":"https:\/\/librairie7l.com\/en\/wp-json\/wp\/v2\/product_tag?post=51993"}],"curies":[{"name":"wp","href":"https:\/\/api.w.org\/{rel}","templated":true}]}}