{"id":52026,"date":"2025-11-06T09:18:07","date_gmt":"2025-11-06T08:18:07","guid":{"rendered":"https:\/\/librairie7l.com\/?post_type=product&#038;p=52026"},"modified":"2026-04-04T18:34:43","modified_gmt":"2026-04-04T16:34:43","slug":"bruno-sassarone-paris-2","status":"publish","type":"product","link":"https:\/\/librairie7l.com\/en\/produit\/bruno-sassarone-paris-2\/","title":{"rendered":"BRUNO SASSARONE, PARIS"},"content":{"rendered":"<p>Bruno Sassarone r\u00e9v\u00e8le un Paris abstrait et radical. Jouant sur les effets de la lumi\u00e8re et de l&#8217;ombre, ses photographies offrent une nouvelle vision, qui transforme notre fa\u00e7on de voir la ville.<br \/>\nLa s\u00e9rie th\u00e9matique Paris propose une approche abstraite de la repr\u00e9sentation de la ville, tout en se fondant sur un rapport direct au r\u00e9el, dans la lign\u00e9e de la photographie moderniste. Elle s&#8217;en distingue toutefois par un perfectionnement obtenu gr\u00e2ce \u00e0 la retouche num\u00e9rique.<br \/>\nL&#8217;ombre est un \u00e9l\u00e9ment essentiel participant \u00e0 la simplification du r\u00e9el et dissocie le lieu de son identification visuelle traditionnelle. L&#8217;\u00e9pure ainsi cr\u00e9\u00e9e permet de transfigurer, dans sa radicalit\u00e9, la reproduction de Paris, en d\u00e9passant la vocation purement descriptive de la photographie.<br \/>\nAu premier regard, l&#8217;observateur appr\u00e9hende le contraste de l&#8217;image dans sa globalit\u00e9, seules les lignes claires se d\u00e9tachent de l&#8217;ombre. Apr\u00e8s une p\u00e9riode d&#8217;adaptation de l&#8217;oeil, les d\u00e9tails des zones d&#8217;ombre se r\u00e9v\u00e8lent pour donner un second sens \u00e0 la photographie et en enrichir la perception.<br \/>\nLa vision de Paris est alors red\u00e9couverte, en passant de l&#8217;ombre \u00e0 l&#8217;abstraction.<br \/>\n&#8211; Les photographies de Sassarone d\u00e9passent le r\u00f4le purement descriptif de la photographie et offrent une vision abstraite et personnelle de Paris.<br \/>\n&#8211; Photographe au talent consacr\u00e9, il a remport\u00e9 en 2006 le Grand prix du magazine Photo (la couverture) et a expos\u00e9 \u00e0 la Maison Europ\u00e9enne de la Photographie (en tant que laur\u00e9at du concours SFR Jeunes Talents) et au Studio Harcourt Paris.<br \/>\n&#8211; Le livre est pr\u00e9fac\u00e9 par l&#8217;actrice Aurore Cl\u00e9ment, qui \u00e9voque \u00e0 la fois son amiti\u00e9 pour l&#8217;artiste et son int\u00e9r\u00eat pour son oeuvre.<\/p>\n","protected":false},"excerpt":{"rendered":"<p>Bruno Sassarone r\u00e9v\u00e8le un Paris abstrait et radical. Jouant sur les effets de la lumi\u00e8re et de l&#8217;ombre, ses photographies offrent une nouvelle vision, qui transforme notre fa\u00e7on de voir la ville. La s\u00e9rie th\u00e9matique Paris propose une approche abstraite de la repr\u00e9sentation de la ville, tout en se fondant sur un rapport direct au [&hellip;]<\/p>\n","protected":false},"featured_media":52024,"template":"","meta":[],"product_cat":[2948,2958],"product_tag":[],"acf":[],"yoast_head":"<!-- This site is optimized with the Yoast SEO plugin v20.11 - https:\/\/yoast.com\/wordpress\/plugins\/seo\/ -->\n<title>Bruno Sassarone, Paris - Librairie 7L<\/title>\n<meta name=\"robots\" content=\"index, follow, max-snippet:-1, max-image-preview:large, max-video-preview:-1\" \/>\n<link rel=\"canonical\" href=\"https:\/\/librairie7l.com\/en\/produit\/bruno-sassarone-paris-2\/\" \/>\n<meta property=\"og:locale\" content=\"en_US\" \/>\n<meta property=\"og:type\" content=\"article\" \/>\n<meta property=\"og:title\" content=\"Bruno Sassarone, Paris - Librairie 7L\" \/>\n<meta property=\"og:description\" content=\"Bruno Sassarone r\u00e9v\u00e8le un Paris abstrait et radical. Jouant sur les effets de la lumi\u00e8re et de l&#8217;ombre, ses photographies offrent une nouvelle vision, qui transforme notre fa\u00e7on de voir la ville. La s\u00e9rie th\u00e9matique Paris propose une approche abstraite de la repr\u00e9sentation de la ville, tout en se fondant sur un rapport direct au [&hellip;]\" \/>\n<meta property=\"og:url\" content=\"https:\/\/librairie7l.com\/en\/produit\/bruno-sassarone-paris-2\/\" \/>\n<meta property=\"og:site_name\" content=\"Librairie 7L\" \/>\n<meta property=\"article:modified_time\" content=\"2026-04-04T16:34:43+00:00\" \/>\n<meta property=\"og:image\" content=\"https:\/\/librairie7l.com\/wp-content\/uploads\/2025\/03\/9788874394074_1_75.jpg\" \/>\n\t<meta property=\"og:image:width\" content=\"600\" \/>\n\t<meta property=\"og:image:height\" content=\"732\" \/>\n\t<meta property=\"og:image:type\" content=\"image\/jpeg\" \/>\n<meta name=\"twitter:card\" content=\"summary_large_image\" \/>\n<meta name=\"twitter:label1\" content=\"Est. reading time\" \/>\n\t<meta name=\"twitter:data1\" content=\"1 minute\" \/>\n<script type=\"application\/ld+json\" class=\"yoast-schema-graph\">{\"@context\":\"https:\/\/schema.org\",\"@graph\":[{\"@type\":\"WebPage\",\"@id\":\"https:\/\/librairie7l.com\/en\/produit\/bruno-sassarone-paris-2\/\",\"url\":\"https:\/\/librairie7l.com\/en\/produit\/bruno-sassarone-paris-2\/\",\"name\":\"Bruno Sassarone, Paris - Librairie 7L\",\"isPartOf\":{\"@id\":\"https:\/\/librairie7l.com\/en\/#website\"},\"datePublished\":\"2025-11-06T08:18:07+00:00\",\"dateModified\":\"2026-04-04T16:34:43+00:00\",\"breadcrumb\":{\"@id\":\"https:\/\/librairie7l.com\/en\/produit\/bruno-sassarone-paris-2\/#breadcrumb\"},\"inLanguage\":\"en-US\",\"potentialAction\":[{\"@type\":\"ReadAction\",\"target\":[\"https:\/\/librairie7l.com\/en\/produit\/bruno-sassarone-paris-2\/\"]}]},{\"@type\":\"BreadcrumbList\",\"@id\":\"https:\/\/librairie7l.com\/en\/produit\/bruno-sassarone-paris-2\/#breadcrumb\",\"itemListElement\":[{\"@type\":\"ListItem\",\"position\":1,\"name\":\"Accueil\",\"item\":\"https:\/\/librairie7l.com\/en\/\"},{\"@type\":\"ListItem\",\"position\":2,\"name\":\"Shop\",\"item\":\"https:\/\/librairie7l.com\/en\/shop\/\"},{\"@type\":\"ListItem\",\"position\":3,\"name\":\"BRUNO SASSARONE, PARIS\"}]},{\"@type\":\"WebSite\",\"@id\":\"https:\/\/librairie7l.com\/en\/#website\",\"url\":\"https:\/\/librairie7l.com\/en\/\",\"name\":\"Librairie 7L\",\"description\":\"Librairie fond\u00e9e en 1999 par Karl Lagerfeld \u00e0 Paris\",\"publisher\":{\"@id\":\"https:\/\/librairie7l.com\/en\/#organization\"},\"potentialAction\":[{\"@type\":\"SearchAction\",\"target\":{\"@type\":\"EntryPoint\",\"urlTemplate\":\"https:\/\/librairie7l.com\/en\/?s={search_term_string}\"},\"query-input\":\"required name=search_term_string\"}],\"inLanguage\":\"en-US\"},{\"@type\":\"Organization\",\"@id\":\"https:\/\/librairie7l.com\/en\/#organization\",\"name\":\"Librairie 7L\",\"url\":\"https:\/\/librairie7l.com\/en\/\",\"logo\":{\"@type\":\"ImageObject\",\"inLanguage\":\"en-US\",\"@id\":\"https:\/\/librairie7l.com\/en\/#\/schema\/logo\/image\/\",\"url\":\"https:\/\/librairie7l.com\/wp-content\/uploads\/2022\/08\/logo-1.png\",\"contentUrl\":\"https:\/\/librairie7l.com\/wp-content\/uploads\/2022\/08\/logo-1.png\",\"width\":227,\"height\":301,\"caption\":\"Librairie 7L\"},\"image\":{\"@id\":\"https:\/\/librairie7l.com\/en\/#\/schema\/logo\/image\/\"}}]}<\/script>\n<!-- \/ Yoast SEO plugin. -->","yoast_head_json":{"title":"Bruno Sassarone, Paris - Librairie 7L","robots":{"index":"index","follow":"follow","max-snippet":"max-snippet:-1","max-image-preview":"max-image-preview:large","max-video-preview":"max-video-preview:-1"},"canonical":"https:\/\/librairie7l.com\/en\/produit\/bruno-sassarone-paris-2\/","og_locale":"en_US","og_type":"article","og_title":"Bruno Sassarone, Paris - Librairie 7L","og_description":"Bruno Sassarone r\u00e9v\u00e8le un Paris abstrait et radical. Jouant sur les effets de la lumi\u00e8re et de l&#8217;ombre, ses photographies offrent une nouvelle vision, qui transforme notre fa\u00e7on de voir la ville. La s\u00e9rie th\u00e9matique Paris propose une approche abstraite de la repr\u00e9sentation de la ville, tout en se fondant sur un rapport direct au [&hellip;]","og_url":"https:\/\/librairie7l.com\/en\/produit\/bruno-sassarone-paris-2\/","og_site_name":"Librairie 7L","article_modified_time":"2026-04-04T16:34:43+00:00","og_image":[{"width":600,"height":732,"url":"https:\/\/librairie7l.com\/wp-content\/uploads\/2025\/03\/9788874394074_1_75.jpg","type":"image\/jpeg"}],"twitter_card":"summary_large_image","twitter_misc":{"Est. reading time":"1 minute"},"schema":{"@context":"https:\/\/schema.org","@graph":[{"@type":"WebPage","@id":"https:\/\/librairie7l.com\/en\/produit\/bruno-sassarone-paris-2\/","url":"https:\/\/librairie7l.com\/en\/produit\/bruno-sassarone-paris-2\/","name":"Bruno Sassarone, Paris - Librairie 7L","isPartOf":{"@id":"https:\/\/librairie7l.com\/en\/#website"},"datePublished":"2025-11-06T08:18:07+00:00","dateModified":"2026-04-04T16:34:43+00:00","breadcrumb":{"@id":"https:\/\/librairie7l.com\/en\/produit\/bruno-sassarone-paris-2\/#breadcrumb"},"inLanguage":"en-US","potentialAction":[{"@type":"ReadAction","target":["https:\/\/librairie7l.com\/en\/produit\/bruno-sassarone-paris-2\/"]}]},{"@type":"BreadcrumbList","@id":"https:\/\/librairie7l.com\/en\/produit\/bruno-sassarone-paris-2\/#breadcrumb","itemListElement":[{"@type":"ListItem","position":1,"name":"Accueil","item":"https:\/\/librairie7l.com\/en\/"},{"@type":"ListItem","position":2,"name":"Shop","item":"https:\/\/librairie7l.com\/en\/shop\/"},{"@type":"ListItem","position":3,"name":"BRUNO SASSARONE, PARIS"}]},{"@type":"WebSite","@id":"https:\/\/librairie7l.com\/en\/#website","url":"https:\/\/librairie7l.com\/en\/","name":"Librairie 7L","description":"Librairie fond\u00e9e en 1999 par Karl Lagerfeld \u00e0 Paris","publisher":{"@id":"https:\/\/librairie7l.com\/en\/#organization"},"potentialAction":[{"@type":"SearchAction","target":{"@type":"EntryPoint","urlTemplate":"https:\/\/librairie7l.com\/en\/?s={search_term_string}"},"query-input":"required name=search_term_string"}],"inLanguage":"en-US"},{"@type":"Organization","@id":"https:\/\/librairie7l.com\/en\/#organization","name":"Librairie 7L","url":"https:\/\/librairie7l.com\/en\/","logo":{"@type":"ImageObject","inLanguage":"en-US","@id":"https:\/\/librairie7l.com\/en\/#\/schema\/logo\/image\/","url":"https:\/\/librairie7l.com\/wp-content\/uploads\/2022\/08\/logo-1.png","contentUrl":"https:\/\/librairie7l.com\/wp-content\/uploads\/2022\/08\/logo-1.png","width":227,"height":301,"caption":"Librairie 7L"},"image":{"@id":"https:\/\/librairie7l.com\/en\/#\/schema\/logo\/image\/"}}]}},"_links":{"self":[{"href":"https:\/\/librairie7l.com\/en\/wp-json\/wp\/v2\/product\/52026"}],"collection":[{"href":"https:\/\/librairie7l.com\/en\/wp-json\/wp\/v2\/product"}],"about":[{"href":"https:\/\/librairie7l.com\/en\/wp-json\/wp\/v2\/types\/product"}],"wp:featuredmedia":[{"embeddable":true,"href":"https:\/\/librairie7l.com\/en\/wp-json\/wp\/v2\/media\/52024"}],"wp:attachment":[{"href":"https:\/\/librairie7l.com\/en\/wp-json\/wp\/v2\/media?parent=52026"}],"wp:term":[{"taxonomy":"product_cat","embeddable":true,"href":"https:\/\/librairie7l.com\/en\/wp-json\/wp\/v2\/product_cat?post=52026"},{"taxonomy":"product_tag","embeddable":true,"href":"https:\/\/librairie7l.com\/en\/wp-json\/wp\/v2\/product_tag?post=52026"}],"curies":[{"name":"wp","href":"https:\/\/api.w.org\/{rel}","templated":true}]}}