{"id":52030,"date":"2025-11-06T09:18:10","date_gmt":"2025-11-06T08:18:10","guid":{"rendered":"https:\/\/librairie7l.com\/?post_type=product&#038;p=52030"},"modified":"2026-04-22T17:26:45","modified_gmt":"2026-04-22T15:26:45","slug":"1925-2025-cent-ans-dart-deco-2","status":"publish","type":"product","link":"https:\/\/librairie7l.com\/en\/produit\/1925-2025-cent-ans-dart-deco-2\/","title":{"rendered":"1925-2025 : CENT ANS D&#8217;ART D\u00c9CO"},"content":{"rendered":"<p>\u00c0 l&#8217;occasion du centenaire de l&#8217;Exposition des arts d\u00e9coratifs et industriels modernes qui marqua l&#8217;apog\u00e9e de l&#8217;Art d\u00e9co, ce catalogue c\u00e9l\u00e8bre un style majeur et son succ\u00e8s. Lors de cet \u00e9v\u00e9nement qui consacra l&#8217;Art d\u00e9co, nombre de d\u00e9corateurs, fabricants, magazines, grands magasins, artistes, et m\u00eame des nations \u00e9trang\u00e8res se livr\u00e8rent une concurrence acharn\u00e9e pour prendre possession des b\u00e2timents parisiens, tandis que d&#8217;autres \u00e9rigeaient des structures temporaires pour pr\u00e9senter leurs derni\u00e8res cr\u00e9ations.<br \/>\nTendance esth\u00e9tique et artistique n\u00e9e avant la Premi\u00e8re Guerre mondiale, l&#8217;Art d\u00e9co prend son essor dans les ann\u00e9es 1920, alors qu&#8217;\u00e9merge un nouveau mode de vie en rupture avec les d\u00e9cennies pr\u00e9c\u00e9dentes : vitesse, mouvement et libert\u00e9 sont d\u00e9sormais les ma\u00eetres mots de la soci\u00e9t\u00e9. Prot\u00e9iforme et insaisissable, ce courant regroupe un ensemble de formes, motifs, mat\u00e9riaux et techniques modernes utilis\u00e9s par des cr\u00e9ateurs comme Jean Puiforcat, Maurice Marinot, Suzanne et Ren\u00e9 Lalique, Pierre Chareau, Jacques-\u00c9mile Ruhlmann, Andr\u00e9 Groult&#8230;<br \/>\n\u00c0 travers huit essais, douze focus et portfolios d&#8217;images, ce catalogue couvre les multiples incarnations de l&#8217;Art d\u00e9co, de ses d\u00e9buts, dans les ann\u00e9es 1910, \u00e0 ses r\u00e9interpr\u00e9tations contemporaines, en passant par son \u00e2ge d&#8217;or lors de l&#8217;Exposition de1925. Il s&#8217;appuie sur une riche iconographie qui offre \u00e0 voir les chefs-d&#8217;oeuvre du style Art d\u00e9co issus des collections du mus\u00e9e des Arts d\u00e9coratifs, et d&#8217;autres encore, \u00e0 travers de magnifiques reproductions en pleine page et des d\u00e9tails in\u00e9dits.<\/p>\n","protected":false},"excerpt":{"rendered":"<p>\u00c0 l&#8217;occasion du centenaire de l&#8217;Exposition des arts d\u00e9coratifs et industriels modernes qui marqua l&#8217;apog\u00e9e de l&#8217;Art d\u00e9co, ce catalogue c\u00e9l\u00e8bre un style majeur et son succ\u00e8s. Lors de cet \u00e9v\u00e9nement qui consacra l&#8217;Art d\u00e9co, nombre de d\u00e9corateurs, fabricants, magazines, grands magasins, artistes, et m\u00eame des nations \u00e9trang\u00e8res se livr\u00e8rent une concurrence acharn\u00e9e pour prendre [&hellip;]<\/p>\n","protected":false},"featured_media":52028,"template":"","meta":[],"product_cat":[2948,2952],"product_tag":[],"acf":[],"yoast_head":"<!-- This site is optimized with the Yoast SEO plugin v20.11 - https:\/\/yoast.com\/wordpress\/plugins\/seo\/ -->\n<title>1925-2025 : Cent ans d&#039;Art d\u00e9co - Librairie 7L<\/title>\n<meta name=\"robots\" content=\"index, follow, max-snippet:-1, max-image-preview:large, max-video-preview:-1\" \/>\n<link rel=\"canonical\" href=\"https:\/\/librairie7l.com\/en\/produit\/1925-2025-cent-ans-dart-deco-2\/\" \/>\n<meta property=\"og:locale\" content=\"en_US\" \/>\n<meta property=\"og:type\" content=\"article\" \/>\n<meta property=\"og:title\" content=\"1925-2025 : Cent ans d&#039;Art d\u00e9co - Librairie 7L\" \/>\n<meta property=\"og:description\" content=\"\u00c0 l&#8217;occasion du centenaire de l&#8217;Exposition des arts d\u00e9coratifs et industriels modernes qui marqua l&#8217;apog\u00e9e de l&#8217;Art d\u00e9co, ce catalogue c\u00e9l\u00e8bre un style majeur et son succ\u00e8s. Lors de cet \u00e9v\u00e9nement qui consacra l&#8217;Art d\u00e9co, nombre de d\u00e9corateurs, fabricants, magazines, grands magasins, artistes, et m\u00eame des nations \u00e9trang\u00e8res se livr\u00e8rent une concurrence acharn\u00e9e pour prendre [&hellip;]\" \/>\n<meta property=\"og:url\" content=\"https:\/\/librairie7l.com\/en\/produit\/1925-2025-cent-ans-dart-deco-2\/\" \/>\n<meta property=\"og:site_name\" content=\"Librairie 7L\" \/>\n<meta property=\"article:modified_time\" content=\"2026-04-22T15:26:45+00:00\" \/>\n<meta property=\"og:image\" content=\"https:\/\/librairie7l.com\/wp-content\/uploads\/2025\/06\/9782383140337_1_75.jpg\" \/>\n\t<meta property=\"og:image:width\" content=\"600\" \/>\n\t<meta property=\"og:image:height\" content=\"748\" \/>\n\t<meta property=\"og:image:type\" content=\"image\/jpeg\" \/>\n<meta name=\"twitter:card\" content=\"summary_large_image\" \/>\n<meta name=\"twitter:label1\" content=\"Est. reading time\" \/>\n\t<meta name=\"twitter:data1\" content=\"1 minute\" \/>\n<script type=\"application\/ld+json\" class=\"yoast-schema-graph\">{\"@context\":\"https:\/\/schema.org\",\"@graph\":[{\"@type\":\"WebPage\",\"@id\":\"https:\/\/librairie7l.com\/en\/produit\/1925-2025-cent-ans-dart-deco-2\/\",\"url\":\"https:\/\/librairie7l.com\/en\/produit\/1925-2025-cent-ans-dart-deco-2\/\",\"name\":\"1925-2025 : Cent ans d'Art d\u00e9co - Librairie 7L\",\"isPartOf\":{\"@id\":\"https:\/\/librairie7l.com\/en\/#website\"},\"datePublished\":\"2025-11-06T08:18:10+00:00\",\"dateModified\":\"2026-04-22T15:26:45+00:00\",\"breadcrumb\":{\"@id\":\"https:\/\/librairie7l.com\/en\/produit\/1925-2025-cent-ans-dart-deco-2\/#breadcrumb\"},\"inLanguage\":\"en-US\",\"potentialAction\":[{\"@type\":\"ReadAction\",\"target\":[\"https:\/\/librairie7l.com\/en\/produit\/1925-2025-cent-ans-dart-deco-2\/\"]}]},{\"@type\":\"BreadcrumbList\",\"@id\":\"https:\/\/librairie7l.com\/en\/produit\/1925-2025-cent-ans-dart-deco-2\/#breadcrumb\",\"itemListElement\":[{\"@type\":\"ListItem\",\"position\":1,\"name\":\"Accueil\",\"item\":\"https:\/\/librairie7l.com\/en\/\"},{\"@type\":\"ListItem\",\"position\":2,\"name\":\"Shop\",\"item\":\"https:\/\/librairie7l.com\/en\/shop\/\"},{\"@type\":\"ListItem\",\"position\":3,\"name\":\"1925-2025 : CENT ANS D&#8217;ART D\u00c9CO\"}]},{\"@type\":\"WebSite\",\"@id\":\"https:\/\/librairie7l.com\/en\/#website\",\"url\":\"https:\/\/librairie7l.com\/en\/\",\"name\":\"Librairie 7L\",\"description\":\"Librairie fond\u00e9e en 1999 par Karl Lagerfeld \u00e0 Paris\",\"publisher\":{\"@id\":\"https:\/\/librairie7l.com\/en\/#organization\"},\"potentialAction\":[{\"@type\":\"SearchAction\",\"target\":{\"@type\":\"EntryPoint\",\"urlTemplate\":\"https:\/\/librairie7l.com\/en\/?s={search_term_string}\"},\"query-input\":\"required name=search_term_string\"}],\"inLanguage\":\"en-US\"},{\"@type\":\"Organization\",\"@id\":\"https:\/\/librairie7l.com\/en\/#organization\",\"name\":\"Librairie 7L\",\"url\":\"https:\/\/librairie7l.com\/en\/\",\"logo\":{\"@type\":\"ImageObject\",\"inLanguage\":\"en-US\",\"@id\":\"https:\/\/librairie7l.com\/en\/#\/schema\/logo\/image\/\",\"url\":\"https:\/\/librairie7l.com\/wp-content\/uploads\/2022\/08\/logo-1.png\",\"contentUrl\":\"https:\/\/librairie7l.com\/wp-content\/uploads\/2022\/08\/logo-1.png\",\"width\":227,\"height\":301,\"caption\":\"Librairie 7L\"},\"image\":{\"@id\":\"https:\/\/librairie7l.com\/en\/#\/schema\/logo\/image\/\"}}]}<\/script>\n<!-- \/ Yoast SEO plugin. -->","yoast_head_json":{"title":"1925-2025 : Cent ans d'Art d\u00e9co - Librairie 7L","robots":{"index":"index","follow":"follow","max-snippet":"max-snippet:-1","max-image-preview":"max-image-preview:large","max-video-preview":"max-video-preview:-1"},"canonical":"https:\/\/librairie7l.com\/en\/produit\/1925-2025-cent-ans-dart-deco-2\/","og_locale":"en_US","og_type":"article","og_title":"1925-2025 : Cent ans d'Art d\u00e9co - Librairie 7L","og_description":"\u00c0 l&#8217;occasion du centenaire de l&#8217;Exposition des arts d\u00e9coratifs et industriels modernes qui marqua l&#8217;apog\u00e9e de l&#8217;Art d\u00e9co, ce catalogue c\u00e9l\u00e8bre un style majeur et son succ\u00e8s. Lors de cet \u00e9v\u00e9nement qui consacra l&#8217;Art d\u00e9co, nombre de d\u00e9corateurs, fabricants, magazines, grands magasins, artistes, et m\u00eame des nations \u00e9trang\u00e8res se livr\u00e8rent une concurrence acharn\u00e9e pour prendre [&hellip;]","og_url":"https:\/\/librairie7l.com\/en\/produit\/1925-2025-cent-ans-dart-deco-2\/","og_site_name":"Librairie 7L","article_modified_time":"2026-04-22T15:26:45+00:00","og_image":[{"width":600,"height":748,"url":"https:\/\/librairie7l.com\/wp-content\/uploads\/2025\/06\/9782383140337_1_75.jpg","type":"image\/jpeg"}],"twitter_card":"summary_large_image","twitter_misc":{"Est. reading time":"1 minute"},"schema":{"@context":"https:\/\/schema.org","@graph":[{"@type":"WebPage","@id":"https:\/\/librairie7l.com\/en\/produit\/1925-2025-cent-ans-dart-deco-2\/","url":"https:\/\/librairie7l.com\/en\/produit\/1925-2025-cent-ans-dart-deco-2\/","name":"1925-2025 : Cent ans d'Art d\u00e9co - Librairie 7L","isPartOf":{"@id":"https:\/\/librairie7l.com\/en\/#website"},"datePublished":"2025-11-06T08:18:10+00:00","dateModified":"2026-04-22T15:26:45+00:00","breadcrumb":{"@id":"https:\/\/librairie7l.com\/en\/produit\/1925-2025-cent-ans-dart-deco-2\/#breadcrumb"},"inLanguage":"en-US","potentialAction":[{"@type":"ReadAction","target":["https:\/\/librairie7l.com\/en\/produit\/1925-2025-cent-ans-dart-deco-2\/"]}]},{"@type":"BreadcrumbList","@id":"https:\/\/librairie7l.com\/en\/produit\/1925-2025-cent-ans-dart-deco-2\/#breadcrumb","itemListElement":[{"@type":"ListItem","position":1,"name":"Accueil","item":"https:\/\/librairie7l.com\/en\/"},{"@type":"ListItem","position":2,"name":"Shop","item":"https:\/\/librairie7l.com\/en\/shop\/"},{"@type":"ListItem","position":3,"name":"1925-2025 : CENT ANS D&#8217;ART D\u00c9CO"}]},{"@type":"WebSite","@id":"https:\/\/librairie7l.com\/en\/#website","url":"https:\/\/librairie7l.com\/en\/","name":"Librairie 7L","description":"Librairie fond\u00e9e en 1999 par Karl Lagerfeld \u00e0 Paris","publisher":{"@id":"https:\/\/librairie7l.com\/en\/#organization"},"potentialAction":[{"@type":"SearchAction","target":{"@type":"EntryPoint","urlTemplate":"https:\/\/librairie7l.com\/en\/?s={search_term_string}"},"query-input":"required name=search_term_string"}],"inLanguage":"en-US"},{"@type":"Organization","@id":"https:\/\/librairie7l.com\/en\/#organization","name":"Librairie 7L","url":"https:\/\/librairie7l.com\/en\/","logo":{"@type":"ImageObject","inLanguage":"en-US","@id":"https:\/\/librairie7l.com\/en\/#\/schema\/logo\/image\/","url":"https:\/\/librairie7l.com\/wp-content\/uploads\/2022\/08\/logo-1.png","contentUrl":"https:\/\/librairie7l.com\/wp-content\/uploads\/2022\/08\/logo-1.png","width":227,"height":301,"caption":"Librairie 7L"},"image":{"@id":"https:\/\/librairie7l.com\/en\/#\/schema\/logo\/image\/"}}]}},"_links":{"self":[{"href":"https:\/\/librairie7l.com\/en\/wp-json\/wp\/v2\/product\/52030"}],"collection":[{"href":"https:\/\/librairie7l.com\/en\/wp-json\/wp\/v2\/product"}],"about":[{"href":"https:\/\/librairie7l.com\/en\/wp-json\/wp\/v2\/types\/product"}],"wp:featuredmedia":[{"embeddable":true,"href":"https:\/\/librairie7l.com\/en\/wp-json\/wp\/v2\/media\/52028"}],"wp:attachment":[{"href":"https:\/\/librairie7l.com\/en\/wp-json\/wp\/v2\/media?parent=52030"}],"wp:term":[{"taxonomy":"product_cat","embeddable":true,"href":"https:\/\/librairie7l.com\/en\/wp-json\/wp\/v2\/product_cat?post=52030"},{"taxonomy":"product_tag","embeddable":true,"href":"https:\/\/librairie7l.com\/en\/wp-json\/wp\/v2\/product_tag?post=52030"}],"curies":[{"name":"wp","href":"https:\/\/api.w.org\/{rel}","templated":true}]}}