{"id":52100,"date":"2025-11-06T10:16:51","date_gmt":"2025-11-06T09:16:51","guid":{"rendered":"https:\/\/librairie7l.com\/?post_type=product&#038;p=52100"},"modified":"2026-04-20T06:23:24","modified_gmt":"2026-04-20T04:23:24","slug":"made-in-italy-in-mostra-lamerica-e-la-nascita-del-mito-tra-arte-e-design-2","status":"publish","type":"product","link":"https:\/\/librairie7l.com\/en\/produit\/made-in-italy-in-mostra-lamerica-e-la-nascita-del-mito-tra-arte-e-design-2\/","title":{"rendered":"MADE IN ITALY IN MOSTRA : L&#8217;AMERICA E LA NASCITA DEL MITO TRA ARTE E DESIGN"},"content":{"rendered":"<p>Ce volume fait partie des \u00e9tudes les plus<br \/>\nr\u00e9centes sur les \u00e9changes culturels et<br \/>\n\u00e9conomiques italiens au XXe si\u00e8cle, dans<br \/>\nlesquelles les relations avec les \u00c9tats-<br \/>\nUnis d&#8217;Am\u00e9rique apparaissent comme un<br \/>\ncas exemplaire, \u00e0 \u00e9tudier \u00e0 la recherche<br \/>\nde nouvelles id\u00e9es sur les origines et les<br \/>\nd\u00e9veloppements de la mondialisation.<br \/>\nDans un tel sc\u00e9nario, qui a vu la contribution<br \/>\nd\u00e9cisive de Carlo Ludovico Ragghianti, les<br \/>\nconditions ont \u00e9t\u00e9 cr\u00e9\u00e9es pour le soutien et la<br \/>\nvalorisation de la culture artistique, du design<br \/>\net de la production &#8211; artisanale et industrielle &#8211;<br \/>\nde l&#8217;Italie, avec des r\u00e9percussions significatives<br \/>\nsur la composition d&#8217;une imagerie identitaire<br \/>\ncollective largement utilis\u00e9e, longtemps, dans<br \/>\nla promotion du design et du made in Italy.<br \/>\nLa publication, caract\u00e9ris\u00e9e par une forte<br \/>\norientation interdisciplinaire &#8211; oeuvres<br \/>\npicturales, sculpturales et graphiques, objets<br \/>\nd&#8217;art appliqu\u00e9 et de design, accessoires<br \/>\nde mode, dessins d&#8217;exposition, produits et<br \/>\ndocumentation &#8211; analyse le sc\u00e9nario d\u00e9crit<br \/>\nci-dessus, en abordant des sujets tels que les<br \/>\nrelations politiques et culturelles dans l&#8217;Italie<br \/>\nd&#8217;apr\u00e8s-guerre, les r\u00e9seaux internationaux<br \/>\nqui ont vu l&#8217;implication d&#8217;hommes politiques,<br \/>\nde critiques, d&#8217;artistes et de designers d&#8217;une<br \/>\nimportance particuli\u00e8re, ainsi que l&#8217;histoire de<br \/>\nmanufactures prestigieuses, dont certaines<br \/>\nsont encore en activit\u00e9 aujourd&#8217;hui.<\/p>\n","protected":false},"excerpt":{"rendered":"<p>Ce volume fait partie des \u00e9tudes les plus r\u00e9centes sur les \u00e9changes culturels et \u00e9conomiques italiens au XXe si\u00e8cle, dans lesquelles les relations avec les \u00c9tats- Unis d&#8217;Am\u00e9rique apparaissent comme un cas exemplaire, \u00e0 \u00e9tudier \u00e0 la recherche de nouvelles id\u00e9es sur les origines et les d\u00e9veloppements de la mondialisation. Dans un tel sc\u00e9nario, qui [&hellip;]<\/p>\n","protected":false},"featured_media":52098,"template":"","meta":[],"product_cat":[2948,2952],"product_tag":[],"acf":[],"yoast_head":"<!-- This site is optimized with the Yoast SEO plugin v20.11 - https:\/\/yoast.com\/wordpress\/plugins\/seo\/ -->\n<title>Made in Italy in mostra : L&#039;America e la nascita del mito tra arte e design - Librairie 7L<\/title>\n<meta name=\"robots\" content=\"index, follow, max-snippet:-1, max-image-preview:large, max-video-preview:-1\" \/>\n<link rel=\"canonical\" href=\"https:\/\/librairie7l.com\/en\/produit\/made-in-italy-in-mostra-lamerica-e-la-nascita-del-mito-tra-arte-e-design-2\/\" \/>\n<meta property=\"og:locale\" content=\"en_US\" \/>\n<meta property=\"og:type\" content=\"article\" \/>\n<meta property=\"og:title\" content=\"Made in Italy in mostra : L&#039;America e la nascita del mito tra arte e design - Librairie 7L\" \/>\n<meta property=\"og:description\" content=\"Ce volume fait partie des \u00e9tudes les plus r\u00e9centes sur les \u00e9changes culturels et \u00e9conomiques italiens au XXe si\u00e8cle, dans lesquelles les relations avec les \u00c9tats- Unis d&#8217;Am\u00e9rique apparaissent comme un cas exemplaire, \u00e0 \u00e9tudier \u00e0 la recherche de nouvelles id\u00e9es sur les origines et les d\u00e9veloppements de la mondialisation. Dans un tel sc\u00e9nario, qui [&hellip;]\" \/>\n<meta property=\"og:url\" content=\"https:\/\/librairie7l.com\/en\/produit\/made-in-italy-in-mostra-lamerica-e-la-nascita-del-mito-tra-arte-e-design-2\/\" \/>\n<meta property=\"og:site_name\" content=\"Librairie 7L\" \/>\n<meta property=\"article:modified_time\" content=\"2026-04-20T04:23:24+00:00\" \/>\n<meta property=\"og:image\" content=\"https:\/\/librairie7l.com\/wp-content\/uploads\/2025\/06\/9791255611448_1_75.jpg\" \/>\n\t<meta property=\"og:image:width\" content=\"600\" \/>\n\t<meta property=\"og:image:height\" content=\"750\" \/>\n\t<meta property=\"og:image:type\" content=\"image\/jpeg\" \/>\n<meta name=\"twitter:card\" content=\"summary_large_image\" \/>\n<meta name=\"twitter:label1\" content=\"Est. reading time\" \/>\n\t<meta name=\"twitter:data1\" content=\"1 minute\" \/>\n<script type=\"application\/ld+json\" class=\"yoast-schema-graph\">{\"@context\":\"https:\/\/schema.org\",\"@graph\":[{\"@type\":\"WebPage\",\"@id\":\"https:\/\/librairie7l.com\/en\/produit\/made-in-italy-in-mostra-lamerica-e-la-nascita-del-mito-tra-arte-e-design-2\/\",\"url\":\"https:\/\/librairie7l.com\/en\/produit\/made-in-italy-in-mostra-lamerica-e-la-nascita-del-mito-tra-arte-e-design-2\/\",\"name\":\"Made in Italy in mostra : L'America e la nascita del mito tra arte e design - Librairie 7L\",\"isPartOf\":{\"@id\":\"https:\/\/librairie7l.com\/en\/#website\"},\"datePublished\":\"2025-11-06T09:16:51+00:00\",\"dateModified\":\"2026-04-20T04:23:24+00:00\",\"breadcrumb\":{\"@id\":\"https:\/\/librairie7l.com\/en\/produit\/made-in-italy-in-mostra-lamerica-e-la-nascita-del-mito-tra-arte-e-design-2\/#breadcrumb\"},\"inLanguage\":\"en-US\",\"potentialAction\":[{\"@type\":\"ReadAction\",\"target\":[\"https:\/\/librairie7l.com\/en\/produit\/made-in-italy-in-mostra-lamerica-e-la-nascita-del-mito-tra-arte-e-design-2\/\"]}]},{\"@type\":\"BreadcrumbList\",\"@id\":\"https:\/\/librairie7l.com\/en\/produit\/made-in-italy-in-mostra-lamerica-e-la-nascita-del-mito-tra-arte-e-design-2\/#breadcrumb\",\"itemListElement\":[{\"@type\":\"ListItem\",\"position\":1,\"name\":\"Accueil\",\"item\":\"https:\/\/librairie7l.com\/en\/\"},{\"@type\":\"ListItem\",\"position\":2,\"name\":\"Shop\",\"item\":\"https:\/\/librairie7l.com\/en\/shop\/\"},{\"@type\":\"ListItem\",\"position\":3,\"name\":\"MADE IN ITALY IN MOSTRA : L&#8217;AMERICA E LA NASCITA DEL MITO TRA ARTE E DESIGN\"}]},{\"@type\":\"WebSite\",\"@id\":\"https:\/\/librairie7l.com\/en\/#website\",\"url\":\"https:\/\/librairie7l.com\/en\/\",\"name\":\"Librairie 7L\",\"description\":\"Librairie fond\u00e9e en 1999 par Karl Lagerfeld \u00e0 Paris\",\"publisher\":{\"@id\":\"https:\/\/librairie7l.com\/en\/#organization\"},\"potentialAction\":[{\"@type\":\"SearchAction\",\"target\":{\"@type\":\"EntryPoint\",\"urlTemplate\":\"https:\/\/librairie7l.com\/en\/?s={search_term_string}\"},\"query-input\":\"required name=search_term_string\"}],\"inLanguage\":\"en-US\"},{\"@type\":\"Organization\",\"@id\":\"https:\/\/librairie7l.com\/en\/#organization\",\"name\":\"Librairie 7L\",\"url\":\"https:\/\/librairie7l.com\/en\/\",\"logo\":{\"@type\":\"ImageObject\",\"inLanguage\":\"en-US\",\"@id\":\"https:\/\/librairie7l.com\/en\/#\/schema\/logo\/image\/\",\"url\":\"https:\/\/librairie7l.com\/wp-content\/uploads\/2022\/08\/logo-1.png\",\"contentUrl\":\"https:\/\/librairie7l.com\/wp-content\/uploads\/2022\/08\/logo-1.png\",\"width\":227,\"height\":301,\"caption\":\"Librairie 7L\"},\"image\":{\"@id\":\"https:\/\/librairie7l.com\/en\/#\/schema\/logo\/image\/\"}}]}<\/script>\n<!-- \/ Yoast SEO plugin. -->","yoast_head_json":{"title":"Made in Italy in mostra : L'America e la nascita del mito tra arte e design - Librairie 7L","robots":{"index":"index","follow":"follow","max-snippet":"max-snippet:-1","max-image-preview":"max-image-preview:large","max-video-preview":"max-video-preview:-1"},"canonical":"https:\/\/librairie7l.com\/en\/produit\/made-in-italy-in-mostra-lamerica-e-la-nascita-del-mito-tra-arte-e-design-2\/","og_locale":"en_US","og_type":"article","og_title":"Made in Italy in mostra : L'America e la nascita del mito tra arte e design - Librairie 7L","og_description":"Ce volume fait partie des \u00e9tudes les plus r\u00e9centes sur les \u00e9changes culturels et \u00e9conomiques italiens au XXe si\u00e8cle, dans lesquelles les relations avec les \u00c9tats- Unis d&#8217;Am\u00e9rique apparaissent comme un cas exemplaire, \u00e0 \u00e9tudier \u00e0 la recherche de nouvelles id\u00e9es sur les origines et les d\u00e9veloppements de la mondialisation. Dans un tel sc\u00e9nario, qui [&hellip;]","og_url":"https:\/\/librairie7l.com\/en\/produit\/made-in-italy-in-mostra-lamerica-e-la-nascita-del-mito-tra-arte-e-design-2\/","og_site_name":"Librairie 7L","article_modified_time":"2026-04-20T04:23:24+00:00","og_image":[{"width":600,"height":750,"url":"https:\/\/librairie7l.com\/wp-content\/uploads\/2025\/06\/9791255611448_1_75.jpg","type":"image\/jpeg"}],"twitter_card":"summary_large_image","twitter_misc":{"Est. reading time":"1 minute"},"schema":{"@context":"https:\/\/schema.org","@graph":[{"@type":"WebPage","@id":"https:\/\/librairie7l.com\/en\/produit\/made-in-italy-in-mostra-lamerica-e-la-nascita-del-mito-tra-arte-e-design-2\/","url":"https:\/\/librairie7l.com\/en\/produit\/made-in-italy-in-mostra-lamerica-e-la-nascita-del-mito-tra-arte-e-design-2\/","name":"Made in Italy in mostra : L'America e la nascita del mito tra arte e design - Librairie 7L","isPartOf":{"@id":"https:\/\/librairie7l.com\/en\/#website"},"datePublished":"2025-11-06T09:16:51+00:00","dateModified":"2026-04-20T04:23:24+00:00","breadcrumb":{"@id":"https:\/\/librairie7l.com\/en\/produit\/made-in-italy-in-mostra-lamerica-e-la-nascita-del-mito-tra-arte-e-design-2\/#breadcrumb"},"inLanguage":"en-US","potentialAction":[{"@type":"ReadAction","target":["https:\/\/librairie7l.com\/en\/produit\/made-in-italy-in-mostra-lamerica-e-la-nascita-del-mito-tra-arte-e-design-2\/"]}]},{"@type":"BreadcrumbList","@id":"https:\/\/librairie7l.com\/en\/produit\/made-in-italy-in-mostra-lamerica-e-la-nascita-del-mito-tra-arte-e-design-2\/#breadcrumb","itemListElement":[{"@type":"ListItem","position":1,"name":"Accueil","item":"https:\/\/librairie7l.com\/en\/"},{"@type":"ListItem","position":2,"name":"Shop","item":"https:\/\/librairie7l.com\/en\/shop\/"},{"@type":"ListItem","position":3,"name":"MADE IN ITALY IN MOSTRA : L&#8217;AMERICA E LA NASCITA DEL MITO TRA ARTE E DESIGN"}]},{"@type":"WebSite","@id":"https:\/\/librairie7l.com\/en\/#website","url":"https:\/\/librairie7l.com\/en\/","name":"Librairie 7L","description":"Librairie fond\u00e9e en 1999 par Karl Lagerfeld \u00e0 Paris","publisher":{"@id":"https:\/\/librairie7l.com\/en\/#organization"},"potentialAction":[{"@type":"SearchAction","target":{"@type":"EntryPoint","urlTemplate":"https:\/\/librairie7l.com\/en\/?s={search_term_string}"},"query-input":"required name=search_term_string"}],"inLanguage":"en-US"},{"@type":"Organization","@id":"https:\/\/librairie7l.com\/en\/#organization","name":"Librairie 7L","url":"https:\/\/librairie7l.com\/en\/","logo":{"@type":"ImageObject","inLanguage":"en-US","@id":"https:\/\/librairie7l.com\/en\/#\/schema\/logo\/image\/","url":"https:\/\/librairie7l.com\/wp-content\/uploads\/2022\/08\/logo-1.png","contentUrl":"https:\/\/librairie7l.com\/wp-content\/uploads\/2022\/08\/logo-1.png","width":227,"height":301,"caption":"Librairie 7L"},"image":{"@id":"https:\/\/librairie7l.com\/en\/#\/schema\/logo\/image\/"}}]}},"_links":{"self":[{"href":"https:\/\/librairie7l.com\/en\/wp-json\/wp\/v2\/product\/52100"}],"collection":[{"href":"https:\/\/librairie7l.com\/en\/wp-json\/wp\/v2\/product"}],"about":[{"href":"https:\/\/librairie7l.com\/en\/wp-json\/wp\/v2\/types\/product"}],"wp:featuredmedia":[{"embeddable":true,"href":"https:\/\/librairie7l.com\/en\/wp-json\/wp\/v2\/media\/52098"}],"wp:attachment":[{"href":"https:\/\/librairie7l.com\/en\/wp-json\/wp\/v2\/media?parent=52100"}],"wp:term":[{"taxonomy":"product_cat","embeddable":true,"href":"https:\/\/librairie7l.com\/en\/wp-json\/wp\/v2\/product_cat?post=52100"},{"taxonomy":"product_tag","embeddable":true,"href":"https:\/\/librairie7l.com\/en\/wp-json\/wp\/v2\/product_tag?post=52100"}],"curies":[{"name":"wp","href":"https:\/\/api.w.org\/{rel}","templated":true}]}}