{"id":52108,"date":"2025-11-06T10:17:09","date_gmt":"2025-11-06T09:17:09","guid":{"rendered":"https:\/\/librairie7l.com\/?post_type=product&#038;p=52108"},"modified":"2026-04-04T06:24:25","modified_gmt":"2026-04-04T04:24:25","slug":"jean-michel-frank-un-decorateur-francais-en-amerique-du-sud-2","status":"publish","type":"product","link":"https:\/\/librairie7l.com\/en\/produit\/jean-michel-frank-un-decorateur-francais-en-amerique-du-sud-2\/","title":{"rendered":"JEAN-MICHEL FRANK : UN D\u00c9CORATEUR FRAN\u00c7AIS EN AM\u00c9RIQUE DU SUD"},"content":{"rendered":"<p>ARGUMENTAIRE<br \/>\nCe livre retrace l&#8217;aventure sud-am\u00e9ricaine d&#8217;un des plus grands d\u00e9corateurs fran\u00e7ais du XXe si\u00e8cle, Jean-Michel Frank, qui a oeuvr\u00e9 pour des clients issus de grandes familles nord et sud-am\u00e9ricaines : Winnaretta Singer, Elsie de Wolfe, Nancy Cunard, Luis Maria Carreras Saavedra, Felisa de Santamarina&#8230;<br \/>\nOn sait moins que c&#8217;est une femme exceptionnelle, francophile et amatrice d&#8217;art moderne, amie de Picasso, la chilienne Eugenia Errazuriz, qui a ouvert la voie am\u00e9ricaine au c\u00e9l\u00e8bre d\u00e9corateur parisien et \u00e0 son \u00e9quipe d&#8217;amis, dont Alberto Giacometti, Christian B\u00e9rard, Emilio Terry, Salvador Dal\u00ed. C&#8217;est elle qui a convaincu Jean Michel Frank qu&#8217;\u00ab \u00e9l\u00e9gance veut dire \u00e9limination \u00bb (des moulures, des tentures et du mobilier encombrant). De 1928 \u00e0 1932, elle lui a ouvert les portes de la client\u00e8le des riches familles argentines, puis \u00e0 partir de 1932, la soci\u00e9t\u00e9 COMTE \u00e9tablie \u00e0 Buenos Aires, a reproduit, avec son assentiment, les mod\u00e8les de Jean-Michel Frank, dont l&#8217;iconique fauteuil \u00ab Confortable \u00bb.  La soci\u00e9t\u00e9 COMTE, fond\u00e9e par Ignacio Pirovano, un parent d&#8217;Eugenia, est alors capable de rivaliser avec les grandes maisons fran\u00e7aises et, entre 1932 et les ann\u00e9es 1950, le mobilier produit pour l&#8217;\u00e9lite argentine est, comme en t\u00e9moigne l&#8217;architecte et d\u00e9corateur Andr\u00e9 Arbus, d&#8217;un haut niveau. En 1940, c&#8217;est une autre femme, l&#8217;\u00e9crivaine et m\u00e9c\u00e8ne Victoria Ocampo, qui accueille \u00e0 Buenos Aires Jean-Michel Frank qui a fui Paris occup\u00e9 par les nazis.<\/p>\n","protected":false},"excerpt":{"rendered":"<p>ARGUMENTAIRE Ce livre retrace l&#8217;aventure sud-am\u00e9ricaine d&#8217;un des plus grands d\u00e9corateurs fran\u00e7ais du XXe si\u00e8cle, Jean-Michel Frank, qui a oeuvr\u00e9 pour des clients issus de grandes familles nord et sud-am\u00e9ricaines : Winnaretta Singer, Elsie de Wolfe, Nancy Cunard, Luis Maria Carreras Saavedra, Felisa de Santamarina&#8230; On sait moins que c&#8217;est une femme exceptionnelle, francophile et [&hellip;]<\/p>\n","protected":false},"featured_media":52106,"template":"","meta":[],"product_cat":[2948,2952],"product_tag":[],"acf":[],"yoast_head":"<!-- This site is optimized with the Yoast SEO plugin v20.11 - https:\/\/yoast.com\/wordpress\/plugins\/seo\/ -->\n<title>Jean-Michel Frank : Un d\u00e9corateur fran\u00e7ais en Am\u00e9rique du Sud - Librairie 7L<\/title>\n<meta name=\"robots\" content=\"index, follow, max-snippet:-1, max-image-preview:large, max-video-preview:-1\" \/>\n<link rel=\"canonical\" href=\"https:\/\/librairie7l.com\/en\/produit\/jean-michel-frank-un-decorateur-francais-en-amerique-du-sud-2\/\" \/>\n<meta property=\"og:locale\" content=\"en_US\" \/>\n<meta property=\"og:type\" content=\"article\" \/>\n<meta property=\"og:title\" content=\"Jean-Michel Frank : Un d\u00e9corateur fran\u00e7ais en Am\u00e9rique du Sud - Librairie 7L\" \/>\n<meta property=\"og:description\" content=\"ARGUMENTAIRE Ce livre retrace l&#8217;aventure sud-am\u00e9ricaine d&#8217;un des plus grands d\u00e9corateurs fran\u00e7ais du XXe si\u00e8cle, Jean-Michel Frank, qui a oeuvr\u00e9 pour des clients issus de grandes familles nord et sud-am\u00e9ricaines : Winnaretta Singer, Elsie de Wolfe, Nancy Cunard, Luis Maria Carreras Saavedra, Felisa de Santamarina&#8230; On sait moins que c&#8217;est une femme exceptionnelle, francophile et [&hellip;]\" \/>\n<meta property=\"og:url\" content=\"https:\/\/librairie7l.com\/en\/produit\/jean-michel-frank-un-decorateur-francais-en-amerique-du-sud-2\/\" \/>\n<meta property=\"og:site_name\" content=\"Librairie 7L\" \/>\n<meta property=\"article:modified_time\" content=\"2026-04-04T04:24:25+00:00\" \/>\n<meta property=\"og:image\" content=\"https:\/\/librairie7l.com\/wp-content\/uploads\/2025\/06\/9782488271042_1_75.jpg\" \/>\n\t<meta property=\"og:image:width\" content=\"600\" \/>\n\t<meta property=\"og:image:height\" content=\"784\" \/>\n\t<meta property=\"og:image:type\" content=\"image\/jpeg\" \/>\n<meta name=\"twitter:card\" content=\"summary_large_image\" \/>\n<meta name=\"twitter:label1\" content=\"Est. reading time\" \/>\n\t<meta name=\"twitter:data1\" content=\"1 minute\" \/>\n<script type=\"application\/ld+json\" class=\"yoast-schema-graph\">{\"@context\":\"https:\/\/schema.org\",\"@graph\":[{\"@type\":\"WebPage\",\"@id\":\"https:\/\/librairie7l.com\/en\/produit\/jean-michel-frank-un-decorateur-francais-en-amerique-du-sud-2\/\",\"url\":\"https:\/\/librairie7l.com\/en\/produit\/jean-michel-frank-un-decorateur-francais-en-amerique-du-sud-2\/\",\"name\":\"Jean-Michel Frank : Un d\u00e9corateur fran\u00e7ais en Am\u00e9rique du Sud - Librairie 7L\",\"isPartOf\":{\"@id\":\"https:\/\/librairie7l.com\/en\/#website\"},\"datePublished\":\"2025-11-06T09:17:09+00:00\",\"dateModified\":\"2026-04-04T04:24:25+00:00\",\"breadcrumb\":{\"@id\":\"https:\/\/librairie7l.com\/en\/produit\/jean-michel-frank-un-decorateur-francais-en-amerique-du-sud-2\/#breadcrumb\"},\"inLanguage\":\"en-US\",\"potentialAction\":[{\"@type\":\"ReadAction\",\"target\":[\"https:\/\/librairie7l.com\/en\/produit\/jean-michel-frank-un-decorateur-francais-en-amerique-du-sud-2\/\"]}]},{\"@type\":\"BreadcrumbList\",\"@id\":\"https:\/\/librairie7l.com\/en\/produit\/jean-michel-frank-un-decorateur-francais-en-amerique-du-sud-2\/#breadcrumb\",\"itemListElement\":[{\"@type\":\"ListItem\",\"position\":1,\"name\":\"Accueil\",\"item\":\"https:\/\/librairie7l.com\/en\/\"},{\"@type\":\"ListItem\",\"position\":2,\"name\":\"Shop\",\"item\":\"https:\/\/librairie7l.com\/en\/shop\/\"},{\"@type\":\"ListItem\",\"position\":3,\"name\":\"JEAN-MICHEL FRANK : UN D\u00c9CORATEUR FRAN\u00c7AIS EN AM\u00c9RIQUE DU SUD\"}]},{\"@type\":\"WebSite\",\"@id\":\"https:\/\/librairie7l.com\/en\/#website\",\"url\":\"https:\/\/librairie7l.com\/en\/\",\"name\":\"Librairie 7L\",\"description\":\"Librairie fond\u00e9e en 1999 par Karl Lagerfeld \u00e0 Paris\",\"publisher\":{\"@id\":\"https:\/\/librairie7l.com\/en\/#organization\"},\"potentialAction\":[{\"@type\":\"SearchAction\",\"target\":{\"@type\":\"EntryPoint\",\"urlTemplate\":\"https:\/\/librairie7l.com\/en\/?s={search_term_string}\"},\"query-input\":\"required name=search_term_string\"}],\"inLanguage\":\"en-US\"},{\"@type\":\"Organization\",\"@id\":\"https:\/\/librairie7l.com\/en\/#organization\",\"name\":\"Librairie 7L\",\"url\":\"https:\/\/librairie7l.com\/en\/\",\"logo\":{\"@type\":\"ImageObject\",\"inLanguage\":\"en-US\",\"@id\":\"https:\/\/librairie7l.com\/en\/#\/schema\/logo\/image\/\",\"url\":\"https:\/\/librairie7l.com\/wp-content\/uploads\/2022\/08\/logo-1.png\",\"contentUrl\":\"https:\/\/librairie7l.com\/wp-content\/uploads\/2022\/08\/logo-1.png\",\"width\":227,\"height\":301,\"caption\":\"Librairie 7L\"},\"image\":{\"@id\":\"https:\/\/librairie7l.com\/en\/#\/schema\/logo\/image\/\"}}]}<\/script>\n<!-- \/ Yoast SEO plugin. -->","yoast_head_json":{"title":"Jean-Michel Frank : Un d\u00e9corateur fran\u00e7ais en Am\u00e9rique du Sud - Librairie 7L","robots":{"index":"index","follow":"follow","max-snippet":"max-snippet:-1","max-image-preview":"max-image-preview:large","max-video-preview":"max-video-preview:-1"},"canonical":"https:\/\/librairie7l.com\/en\/produit\/jean-michel-frank-un-decorateur-francais-en-amerique-du-sud-2\/","og_locale":"en_US","og_type":"article","og_title":"Jean-Michel Frank : Un d\u00e9corateur fran\u00e7ais en Am\u00e9rique du Sud - Librairie 7L","og_description":"ARGUMENTAIRE Ce livre retrace l&#8217;aventure sud-am\u00e9ricaine d&#8217;un des plus grands d\u00e9corateurs fran\u00e7ais du XXe si\u00e8cle, Jean-Michel Frank, qui a oeuvr\u00e9 pour des clients issus de grandes familles nord et sud-am\u00e9ricaines : Winnaretta Singer, Elsie de Wolfe, Nancy Cunard, Luis Maria Carreras Saavedra, Felisa de Santamarina&#8230; On sait moins que c&#8217;est une femme exceptionnelle, francophile et [&hellip;]","og_url":"https:\/\/librairie7l.com\/en\/produit\/jean-michel-frank-un-decorateur-francais-en-amerique-du-sud-2\/","og_site_name":"Librairie 7L","article_modified_time":"2026-04-04T04:24:25+00:00","og_image":[{"width":600,"height":784,"url":"https:\/\/librairie7l.com\/wp-content\/uploads\/2025\/06\/9782488271042_1_75.jpg","type":"image\/jpeg"}],"twitter_card":"summary_large_image","twitter_misc":{"Est. reading time":"1 minute"},"schema":{"@context":"https:\/\/schema.org","@graph":[{"@type":"WebPage","@id":"https:\/\/librairie7l.com\/en\/produit\/jean-michel-frank-un-decorateur-francais-en-amerique-du-sud-2\/","url":"https:\/\/librairie7l.com\/en\/produit\/jean-michel-frank-un-decorateur-francais-en-amerique-du-sud-2\/","name":"Jean-Michel Frank : Un d\u00e9corateur fran\u00e7ais en Am\u00e9rique du Sud - Librairie 7L","isPartOf":{"@id":"https:\/\/librairie7l.com\/en\/#website"},"datePublished":"2025-11-06T09:17:09+00:00","dateModified":"2026-04-04T04:24:25+00:00","breadcrumb":{"@id":"https:\/\/librairie7l.com\/en\/produit\/jean-michel-frank-un-decorateur-francais-en-amerique-du-sud-2\/#breadcrumb"},"inLanguage":"en-US","potentialAction":[{"@type":"ReadAction","target":["https:\/\/librairie7l.com\/en\/produit\/jean-michel-frank-un-decorateur-francais-en-amerique-du-sud-2\/"]}]},{"@type":"BreadcrumbList","@id":"https:\/\/librairie7l.com\/en\/produit\/jean-michel-frank-un-decorateur-francais-en-amerique-du-sud-2\/#breadcrumb","itemListElement":[{"@type":"ListItem","position":1,"name":"Accueil","item":"https:\/\/librairie7l.com\/en\/"},{"@type":"ListItem","position":2,"name":"Shop","item":"https:\/\/librairie7l.com\/en\/shop\/"},{"@type":"ListItem","position":3,"name":"JEAN-MICHEL FRANK : UN D\u00c9CORATEUR FRAN\u00c7AIS EN AM\u00c9RIQUE DU SUD"}]},{"@type":"WebSite","@id":"https:\/\/librairie7l.com\/en\/#website","url":"https:\/\/librairie7l.com\/en\/","name":"Librairie 7L","description":"Librairie fond\u00e9e en 1999 par Karl Lagerfeld \u00e0 Paris","publisher":{"@id":"https:\/\/librairie7l.com\/en\/#organization"},"potentialAction":[{"@type":"SearchAction","target":{"@type":"EntryPoint","urlTemplate":"https:\/\/librairie7l.com\/en\/?s={search_term_string}"},"query-input":"required name=search_term_string"}],"inLanguage":"en-US"},{"@type":"Organization","@id":"https:\/\/librairie7l.com\/en\/#organization","name":"Librairie 7L","url":"https:\/\/librairie7l.com\/en\/","logo":{"@type":"ImageObject","inLanguage":"en-US","@id":"https:\/\/librairie7l.com\/en\/#\/schema\/logo\/image\/","url":"https:\/\/librairie7l.com\/wp-content\/uploads\/2022\/08\/logo-1.png","contentUrl":"https:\/\/librairie7l.com\/wp-content\/uploads\/2022\/08\/logo-1.png","width":227,"height":301,"caption":"Librairie 7L"},"image":{"@id":"https:\/\/librairie7l.com\/en\/#\/schema\/logo\/image\/"}}]}},"_links":{"self":[{"href":"https:\/\/librairie7l.com\/en\/wp-json\/wp\/v2\/product\/52108"}],"collection":[{"href":"https:\/\/librairie7l.com\/en\/wp-json\/wp\/v2\/product"}],"about":[{"href":"https:\/\/librairie7l.com\/en\/wp-json\/wp\/v2\/types\/product"}],"wp:featuredmedia":[{"embeddable":true,"href":"https:\/\/librairie7l.com\/en\/wp-json\/wp\/v2\/media\/52106"}],"wp:attachment":[{"href":"https:\/\/librairie7l.com\/en\/wp-json\/wp\/v2\/media?parent=52108"}],"wp:term":[{"taxonomy":"product_cat","embeddable":true,"href":"https:\/\/librairie7l.com\/en\/wp-json\/wp\/v2\/product_cat?post=52108"},{"taxonomy":"product_tag","embeddable":true,"href":"https:\/\/librairie7l.com\/en\/wp-json\/wp\/v2\/product_tag?post=52108"}],"curies":[{"name":"wp","href":"https:\/\/api.w.org\/{rel}","templated":true}]}}