{"id":52112,"date":"2025-11-06T10:17:12","date_gmt":"2025-11-06T09:17:12","guid":{"rendered":"https:\/\/librairie7l.com\/?post_type=product&#038;p=52112"},"modified":"2026-04-22T08:02:38","modified_gmt":"2026-04-22T06:02:38","slug":"lodeur-de-linde-2","status":"publish","type":"product","link":"https:\/\/librairie7l.com\/en\/produit\/lodeur-de-linde-2\/","title":{"rendered":"L&#8217;ODEUR DE L&#8217;INDE"},"content":{"rendered":"<p>Dans L&#8217;Odeur de l&#8217;Inde, Pasolini t\u00e9moigne de son \u00e9merveillement et de son exp\u00e9rience sensible d&#8217;une humanit\u00e9 autre, loin des perceptions occidentales. Trente ans plus tard, Paolo Roversi donne \u00e0 voir une Inde tout aussi mystique et fabuleuse, saisie dans des tonalit\u00e9s s\u00e9pia et des couleurs poudr\u00e9es, signature de son esth\u00e9tique.<br \/>\nUn soir de janvier 1989, Paolo Roversi fait une halte \u00e0 l&#8217;h\u00f4tel Malabar de Cochin, dans la r\u00e9gion du Kerala. Il a d\u00e9j\u00e0 r\u00e9alis\u00e9 plusieurs voyages en Inde. Ce soir-l\u00e0, alors qu&#8217;il entame la lecture de L&#8217;Odeur de l&#8217;Inde de Pier Paolo Pasolini, il r\u00e9alise qu&#8217;il r\u00e9side exactement dans l&#8217;\u00e9tablissement o\u00f9 a s\u00e9journ\u00e9 presque trente ans plus t\u00f4t son compatriote italien. En 1961, Pasolini part en Inde en compagnie d&#8217;Alberto Moravia et d&#8217;Elsa Morante. L&#8217;ouvrage qu&#8217;il \u00e9crit \u00e0 son retour \u00e9voque ses impressions, ses errances nocturnes, mais aussi ses rencontres. Dans L&#8217;Odeur de l&#8217;Inde, Pasolini t\u00e9moigne de son \u00e9merveillement et de son exp\u00e9rience sensible d&#8217;une humanit\u00e9 autre, loin des perceptions occidentales.<br \/>\nTrente ans plus tard, Paolo Roversi donne \u00e0 voir une Inde tout aussi mystique et fabuleuse, saisie dans des tonalit\u00e9s s\u00e9pia et des couleurs poudr\u00e9es, signature de son esth\u00e9tique. Les variations de lumi\u00e8re et le model\u00e9 des volumes dessinent un univers onirique, en suspens. Palais de marbre d\u00e9cr\u00e9pis, petites \u00e9choppes, ruelles peupl\u00e9es d&#8217;un bestiaire d&#8217;\u00e2nes et de vaches sacr\u00e9es, vall\u00e9es sableuses nimb\u00e9es d&#8217;un voile ambr\u00e9, et surtout portraits de femmes, d&#8217;hommes et d&#8217;enfants o\u00f9 l&#8217;on retrouve la douceur et l&#8217;\u00e9l\u00e9gance du regard de Roversi. Concentr\u00e9s sur leur t\u00e2che ou posant, subrepticement, devant l&#8217;objectif du photographe, ils composent un portrait kal\u00e9idoscopique de l&#8217;Inde.<br \/>\nPubli\u00e9 conjointement avec le texte in extenso de Pasolini, L&#8217;Odeur de l&#8217;Inde de Roversi immerge le lecteur dans une Inde myst\u00e9rieuse et fantastique.<\/p>\n","protected":false},"excerpt":{"rendered":"<p>Dans L&#8217;Odeur de l&#8217;Inde, Pasolini t\u00e9moigne de son \u00e9merveillement et de son exp\u00e9rience sensible d&#8217;une humanit\u00e9 autre, loin des perceptions occidentales. Trente ans plus tard, Paolo Roversi donne \u00e0 voir une Inde tout aussi mystique et fabuleuse, saisie dans des tonalit\u00e9s s\u00e9pia et des couleurs poudr\u00e9es, signature de son esth\u00e9tique. Un soir de janvier 1989, [&hellip;]<\/p>\n","protected":false},"featured_media":52110,"template":"","meta":[],"product_cat":[2948,2958],"product_tag":[],"acf":[],"yoast_head":"<!-- This site is optimized with the Yoast SEO plugin v20.11 - https:\/\/yoast.com\/wordpress\/plugins\/seo\/ -->\n<title>L&#039;odeur de l&#039;Inde - Librairie 7L<\/title>\n<meta name=\"robots\" content=\"index, follow, max-snippet:-1, max-image-preview:large, max-video-preview:-1\" \/>\n<link rel=\"canonical\" href=\"https:\/\/librairie7l.com\/en\/produit\/lodeur-de-linde-2\/\" \/>\n<meta property=\"og:locale\" content=\"en_US\" \/>\n<meta property=\"og:type\" content=\"article\" \/>\n<meta property=\"og:title\" content=\"L&#039;odeur de l&#039;Inde - Librairie 7L\" \/>\n<meta property=\"og:description\" content=\"Dans L&#8217;Odeur de l&#8217;Inde, Pasolini t\u00e9moigne de son \u00e9merveillement et de son exp\u00e9rience sensible d&#8217;une humanit\u00e9 autre, loin des perceptions occidentales. Trente ans plus tard, Paolo Roversi donne \u00e0 voir une Inde tout aussi mystique et fabuleuse, saisie dans des tonalit\u00e9s s\u00e9pia et des couleurs poudr\u00e9es, signature de son esth\u00e9tique. Un soir de janvier 1989, [&hellip;]\" \/>\n<meta property=\"og:url\" content=\"https:\/\/librairie7l.com\/en\/produit\/lodeur-de-linde-2\/\" \/>\n<meta property=\"og:site_name\" content=\"Librairie 7L\" \/>\n<meta property=\"article:modified_time\" content=\"2026-04-22T06:02:38+00:00\" \/>\n<meta property=\"og:image\" content=\"https:\/\/librairie7l.com\/wp-content\/uploads\/2025\/04\/9782365114516_1_75.jpg\" \/>\n\t<meta property=\"og:image:width\" content=\"600\" \/>\n\t<meta property=\"og:image:height\" content=\"743\" \/>\n\t<meta property=\"og:image:type\" content=\"image\/jpeg\" \/>\n<meta name=\"twitter:card\" content=\"summary_large_image\" \/>\n<meta name=\"twitter:label1\" content=\"Est. reading time\" \/>\n\t<meta name=\"twitter:data1\" content=\"2 minutes\" \/>\n<script type=\"application\/ld+json\" class=\"yoast-schema-graph\">{\"@context\":\"https:\/\/schema.org\",\"@graph\":[{\"@type\":\"WebPage\",\"@id\":\"https:\/\/librairie7l.com\/en\/produit\/lodeur-de-linde-2\/\",\"url\":\"https:\/\/librairie7l.com\/en\/produit\/lodeur-de-linde-2\/\",\"name\":\"L'odeur de l'Inde - Librairie 7L\",\"isPartOf\":{\"@id\":\"https:\/\/librairie7l.com\/en\/#website\"},\"datePublished\":\"2025-11-06T09:17:12+00:00\",\"dateModified\":\"2026-04-22T06:02:38+00:00\",\"breadcrumb\":{\"@id\":\"https:\/\/librairie7l.com\/en\/produit\/lodeur-de-linde-2\/#breadcrumb\"},\"inLanguage\":\"en-US\",\"potentialAction\":[{\"@type\":\"ReadAction\",\"target\":[\"https:\/\/librairie7l.com\/en\/produit\/lodeur-de-linde-2\/\"]}]},{\"@type\":\"BreadcrumbList\",\"@id\":\"https:\/\/librairie7l.com\/en\/produit\/lodeur-de-linde-2\/#breadcrumb\",\"itemListElement\":[{\"@type\":\"ListItem\",\"position\":1,\"name\":\"Accueil\",\"item\":\"https:\/\/librairie7l.com\/en\/\"},{\"@type\":\"ListItem\",\"position\":2,\"name\":\"Shop\",\"item\":\"https:\/\/librairie7l.com\/en\/shop\/\"},{\"@type\":\"ListItem\",\"position\":3,\"name\":\"L&#8217;ODEUR DE L&#8217;INDE\"}]},{\"@type\":\"WebSite\",\"@id\":\"https:\/\/librairie7l.com\/en\/#website\",\"url\":\"https:\/\/librairie7l.com\/en\/\",\"name\":\"Librairie 7L\",\"description\":\"Librairie fond\u00e9e en 1999 par Karl Lagerfeld \u00e0 Paris\",\"publisher\":{\"@id\":\"https:\/\/librairie7l.com\/en\/#organization\"},\"potentialAction\":[{\"@type\":\"SearchAction\",\"target\":{\"@type\":\"EntryPoint\",\"urlTemplate\":\"https:\/\/librairie7l.com\/en\/?s={search_term_string}\"},\"query-input\":\"required name=search_term_string\"}],\"inLanguage\":\"en-US\"},{\"@type\":\"Organization\",\"@id\":\"https:\/\/librairie7l.com\/en\/#organization\",\"name\":\"Librairie 7L\",\"url\":\"https:\/\/librairie7l.com\/en\/\",\"logo\":{\"@type\":\"ImageObject\",\"inLanguage\":\"en-US\",\"@id\":\"https:\/\/librairie7l.com\/en\/#\/schema\/logo\/image\/\",\"url\":\"https:\/\/librairie7l.com\/wp-content\/uploads\/2022\/08\/logo-1.png\",\"contentUrl\":\"https:\/\/librairie7l.com\/wp-content\/uploads\/2022\/08\/logo-1.png\",\"width\":227,\"height\":301,\"caption\":\"Librairie 7L\"},\"image\":{\"@id\":\"https:\/\/librairie7l.com\/en\/#\/schema\/logo\/image\/\"}}]}<\/script>\n<!-- \/ Yoast SEO plugin. -->","yoast_head_json":{"title":"L'odeur de l'Inde - Librairie 7L","robots":{"index":"index","follow":"follow","max-snippet":"max-snippet:-1","max-image-preview":"max-image-preview:large","max-video-preview":"max-video-preview:-1"},"canonical":"https:\/\/librairie7l.com\/en\/produit\/lodeur-de-linde-2\/","og_locale":"en_US","og_type":"article","og_title":"L'odeur de l'Inde - Librairie 7L","og_description":"Dans L&#8217;Odeur de l&#8217;Inde, Pasolini t\u00e9moigne de son \u00e9merveillement et de son exp\u00e9rience sensible d&#8217;une humanit\u00e9 autre, loin des perceptions occidentales. Trente ans plus tard, Paolo Roversi donne \u00e0 voir une Inde tout aussi mystique et fabuleuse, saisie dans des tonalit\u00e9s s\u00e9pia et des couleurs poudr\u00e9es, signature de son esth\u00e9tique. Un soir de janvier 1989, [&hellip;]","og_url":"https:\/\/librairie7l.com\/en\/produit\/lodeur-de-linde-2\/","og_site_name":"Librairie 7L","article_modified_time":"2026-04-22T06:02:38+00:00","og_image":[{"width":600,"height":743,"url":"https:\/\/librairie7l.com\/wp-content\/uploads\/2025\/04\/9782365114516_1_75.jpg","type":"image\/jpeg"}],"twitter_card":"summary_large_image","twitter_misc":{"Est. reading time":"2 minutes"},"schema":{"@context":"https:\/\/schema.org","@graph":[{"@type":"WebPage","@id":"https:\/\/librairie7l.com\/en\/produit\/lodeur-de-linde-2\/","url":"https:\/\/librairie7l.com\/en\/produit\/lodeur-de-linde-2\/","name":"L'odeur de l'Inde - Librairie 7L","isPartOf":{"@id":"https:\/\/librairie7l.com\/en\/#website"},"datePublished":"2025-11-06T09:17:12+00:00","dateModified":"2026-04-22T06:02:38+00:00","breadcrumb":{"@id":"https:\/\/librairie7l.com\/en\/produit\/lodeur-de-linde-2\/#breadcrumb"},"inLanguage":"en-US","potentialAction":[{"@type":"ReadAction","target":["https:\/\/librairie7l.com\/en\/produit\/lodeur-de-linde-2\/"]}]},{"@type":"BreadcrumbList","@id":"https:\/\/librairie7l.com\/en\/produit\/lodeur-de-linde-2\/#breadcrumb","itemListElement":[{"@type":"ListItem","position":1,"name":"Accueil","item":"https:\/\/librairie7l.com\/en\/"},{"@type":"ListItem","position":2,"name":"Shop","item":"https:\/\/librairie7l.com\/en\/shop\/"},{"@type":"ListItem","position":3,"name":"L&#8217;ODEUR DE L&#8217;INDE"}]},{"@type":"WebSite","@id":"https:\/\/librairie7l.com\/en\/#website","url":"https:\/\/librairie7l.com\/en\/","name":"Librairie 7L","description":"Librairie fond\u00e9e en 1999 par Karl Lagerfeld \u00e0 Paris","publisher":{"@id":"https:\/\/librairie7l.com\/en\/#organization"},"potentialAction":[{"@type":"SearchAction","target":{"@type":"EntryPoint","urlTemplate":"https:\/\/librairie7l.com\/en\/?s={search_term_string}"},"query-input":"required name=search_term_string"}],"inLanguage":"en-US"},{"@type":"Organization","@id":"https:\/\/librairie7l.com\/en\/#organization","name":"Librairie 7L","url":"https:\/\/librairie7l.com\/en\/","logo":{"@type":"ImageObject","inLanguage":"en-US","@id":"https:\/\/librairie7l.com\/en\/#\/schema\/logo\/image\/","url":"https:\/\/librairie7l.com\/wp-content\/uploads\/2022\/08\/logo-1.png","contentUrl":"https:\/\/librairie7l.com\/wp-content\/uploads\/2022\/08\/logo-1.png","width":227,"height":301,"caption":"Librairie 7L"},"image":{"@id":"https:\/\/librairie7l.com\/en\/#\/schema\/logo\/image\/"}}]}},"_links":{"self":[{"href":"https:\/\/librairie7l.com\/en\/wp-json\/wp\/v2\/product\/52112"}],"collection":[{"href":"https:\/\/librairie7l.com\/en\/wp-json\/wp\/v2\/product"}],"about":[{"href":"https:\/\/librairie7l.com\/en\/wp-json\/wp\/v2\/types\/product"}],"wp:featuredmedia":[{"embeddable":true,"href":"https:\/\/librairie7l.com\/en\/wp-json\/wp\/v2\/media\/52110"}],"wp:attachment":[{"href":"https:\/\/librairie7l.com\/en\/wp-json\/wp\/v2\/media?parent=52112"}],"wp:term":[{"taxonomy":"product_cat","embeddable":true,"href":"https:\/\/librairie7l.com\/en\/wp-json\/wp\/v2\/product_cat?post=52112"},{"taxonomy":"product_tag","embeddable":true,"href":"https:\/\/librairie7l.com\/en\/wp-json\/wp\/v2\/product_tag?post=52112"}],"curies":[{"name":"wp","href":"https:\/\/api.w.org\/{rel}","templated":true}]}}