{"id":52115,"date":"2025-07-08T17:02:17","date_gmt":"2025-07-08T15:02:17","guid":{"rendered":"https:\/\/librairie7l.com\/?post_type=product&#038;p=52115"},"modified":"2026-04-08T15:25:19","modified_gmt":"2026-04-08T13:25:19","slug":"arhant-shrestha-collection-grand-prix-du-jury-de-la-photographie-7l","status":"publish","type":"product","link":"https:\/\/librairie7l.com\/en\/produit\/arhant-shrestha-collection-grand-prix-du-jury-de-la-photographie-7l\/","title":{"rendered":"ARHANT SHRESTHA : COLLECTION GRAND PRIX DU JURY DE LA PHOTOGRAPHIE 7L"},"content":{"rendered":"<p>Arhant Shrestha est le laur\u00e9at 2024 du Grand Prix du jury de la Photographie 7L du Festival international de mode, de photographie et d\u2019accessoires \u2013 Hy\u00e8res de la villa Noailles.<\/p>\n<p>Deuxi\u00e8me opus de la collection, co-\u00e9dit\u00e9e avec Atelier EXB,<em> Loose Fist<\/em> est accompagn\u00e9 d\u2019un tirage num\u00e9rot\u00e9 et sign\u00e9.<\/p>\n<p>Cr\u00e9\u00e9es comme un exercice de confrontation et de r\u00e9solution, suite \u00e0 un traumatisme, ses images lui permettent de partager l\u2019\u00e9volution de sa relation personnelle \u00e0 la masculinit\u00e9 \u00e0 Katmandou, la ville o\u00f9 il est n\u00e9 et o\u00f9 il vit.<\/p>\n<p>Conception graphique : Coline Aguettaz<\/p>\n<p>Pr\u00e9face : Laurence Delamare<\/p>\n<p>Interview : Arhant Shrestha et Coco Capit\u00e1n, men\u00e9e par Simon Baker (MEP)<\/p>\n<p>Fiction : Deborah Levy<\/p>\n<p>Essai : Alona Pardo<\/p>\n","protected":false},"excerpt":{"rendered":"<p>Arhant Shrestha est le laur\u00e9at 2024 du Grand Prix du jury de la Photographie 7L du Festival international de mode, de photographie et d\u2019accessoires \u2013 Hy\u00e8res de la villa Noailles. Deuxi\u00e8me opus de la collection, co-\u00e9dit\u00e9e avec Atelier EXB, Loose Fist est accompagn\u00e9 d\u2019un tirage num\u00e9rot\u00e9 et sign\u00e9. Cr\u00e9\u00e9es comme un exercice de confrontation et [&hellip;]<\/p>\n","protected":false},"featured_media":48383,"template":"","meta":[],"product_cat":[9095,2948,2959,2958,2961],"product_tag":[],"acf":[],"yoast_head":"<!-- This site is optimized with the Yoast SEO plugin v20.11 - https:\/\/yoast.com\/wordpress\/plugins\/seo\/ -->\n<title>Arhant Shrestha : Collection Grand Prix du jury de la Photographie 7L - Librairie 7L<\/title>\n<meta name=\"robots\" content=\"index, follow, max-snippet:-1, max-image-preview:large, max-video-preview:-1\" \/>\n<link rel=\"canonical\" href=\"https:\/\/librairie7l.com\/en\/produit\/arhant-shrestha-collection-grand-prix-du-jury-de-la-photographie-7l\/\" \/>\n<meta property=\"og:locale\" content=\"en_US\" \/>\n<meta property=\"og:type\" content=\"article\" \/>\n<meta property=\"og:title\" content=\"Arhant Shrestha : Collection Grand Prix du jury de la Photographie 7L - Librairie 7L\" \/>\n<meta property=\"og:description\" content=\"Arhant Shrestha est le laur\u00e9at 2024 du Grand Prix du jury de la Photographie 7L du Festival international de mode, de photographie et d\u2019accessoires \u2013 Hy\u00e8res de la villa Noailles. Deuxi\u00e8me opus de la collection, co-\u00e9dit\u00e9e avec Atelier EXB, Loose Fist est accompagn\u00e9 d\u2019un tirage num\u00e9rot\u00e9 et sign\u00e9. Cr\u00e9\u00e9es comme un exercice de confrontation et [&hellip;]\" \/>\n<meta property=\"og:url\" content=\"https:\/\/librairie7l.com\/en\/produit\/arhant-shrestha-collection-grand-prix-du-jury-de-la-photographie-7l\/\" \/>\n<meta property=\"og:site_name\" content=\"Librairie 7L\" \/>\n<meta property=\"article:modified_time\" content=\"2026-04-08T13:25:19+00:00\" \/>\n<meta property=\"og:image\" content=\"https:\/\/librairie7l.com\/wp-content\/uploads\/2025\/06\/AEXB_7L_ARHANT_COVER_2204-copie-002.jpg\" \/>\n\t<meta property=\"og:image:width\" content=\"485\" \/>\n\t<meta property=\"og:image:height\" content=\"624\" \/>\n\t<meta property=\"og:image:type\" content=\"image\/jpeg\" \/>\n<meta name=\"twitter:card\" content=\"summary_large_image\" \/>\n<meta name=\"twitter:label1\" content=\"Est. reading time\" \/>\n\t<meta name=\"twitter:data1\" content=\"1 minute\" \/>\n<script type=\"application\/ld+json\" class=\"yoast-schema-graph\">{\"@context\":\"https:\/\/schema.org\",\"@graph\":[{\"@type\":\"WebPage\",\"@id\":\"https:\/\/librairie7l.com\/en\/produit\/arhant-shrestha-collection-grand-prix-du-jury-de-la-photographie-7l\/\",\"url\":\"https:\/\/librairie7l.com\/en\/produit\/arhant-shrestha-collection-grand-prix-du-jury-de-la-photographie-7l\/\",\"name\":\"Arhant Shrestha : Collection Grand Prix du jury de la Photographie 7L - Librairie 7L\",\"isPartOf\":{\"@id\":\"https:\/\/librairie7l.com\/en\/#website\"},\"datePublished\":\"2025-07-08T15:02:17+00:00\",\"dateModified\":\"2026-04-08T13:25:19+00:00\",\"breadcrumb\":{\"@id\":\"https:\/\/librairie7l.com\/en\/produit\/arhant-shrestha-collection-grand-prix-du-jury-de-la-photographie-7l\/#breadcrumb\"},\"inLanguage\":\"en-US\",\"potentialAction\":[{\"@type\":\"ReadAction\",\"target\":[\"https:\/\/librairie7l.com\/en\/produit\/arhant-shrestha-collection-grand-prix-du-jury-de-la-photographie-7l\/\"]}]},{\"@type\":\"BreadcrumbList\",\"@id\":\"https:\/\/librairie7l.com\/en\/produit\/arhant-shrestha-collection-grand-prix-du-jury-de-la-photographie-7l\/#breadcrumb\",\"itemListElement\":[{\"@type\":\"ListItem\",\"position\":1,\"name\":\"Accueil\",\"item\":\"https:\/\/librairie7l.com\/en\/\"},{\"@type\":\"ListItem\",\"position\":2,\"name\":\"Shop\",\"item\":\"https:\/\/librairie7l.com\/en\/shop\/\"},{\"@type\":\"ListItem\",\"position\":3,\"name\":\"ARHANT SHRESTHA : COLLECTION GRAND PRIX DU JURY DE LA PHOTOGRAPHIE 7L\"}]},{\"@type\":\"WebSite\",\"@id\":\"https:\/\/librairie7l.com\/en\/#website\",\"url\":\"https:\/\/librairie7l.com\/en\/\",\"name\":\"Librairie 7L\",\"description\":\"Librairie fond\u00e9e en 1999 par Karl Lagerfeld \u00e0 Paris\",\"publisher\":{\"@id\":\"https:\/\/librairie7l.com\/en\/#organization\"},\"potentialAction\":[{\"@type\":\"SearchAction\",\"target\":{\"@type\":\"EntryPoint\",\"urlTemplate\":\"https:\/\/librairie7l.com\/en\/?s={search_term_string}\"},\"query-input\":\"required name=search_term_string\"}],\"inLanguage\":\"en-US\"},{\"@type\":\"Organization\",\"@id\":\"https:\/\/librairie7l.com\/en\/#organization\",\"name\":\"Librairie 7L\",\"url\":\"https:\/\/librairie7l.com\/en\/\",\"logo\":{\"@type\":\"ImageObject\",\"inLanguage\":\"en-US\",\"@id\":\"https:\/\/librairie7l.com\/en\/#\/schema\/logo\/image\/\",\"url\":\"https:\/\/librairie7l.com\/wp-content\/uploads\/2022\/08\/logo-1.png\",\"contentUrl\":\"https:\/\/librairie7l.com\/wp-content\/uploads\/2022\/08\/logo-1.png\",\"width\":227,\"height\":301,\"caption\":\"Librairie 7L\"},\"image\":{\"@id\":\"https:\/\/librairie7l.com\/en\/#\/schema\/logo\/image\/\"}}]}<\/script>\n<!-- \/ Yoast SEO plugin. -->","yoast_head_json":{"title":"Arhant Shrestha : Collection Grand Prix du jury de la Photographie 7L - Librairie 7L","robots":{"index":"index","follow":"follow","max-snippet":"max-snippet:-1","max-image-preview":"max-image-preview:large","max-video-preview":"max-video-preview:-1"},"canonical":"https:\/\/librairie7l.com\/en\/produit\/arhant-shrestha-collection-grand-prix-du-jury-de-la-photographie-7l\/","og_locale":"en_US","og_type":"article","og_title":"Arhant Shrestha : Collection Grand Prix du jury de la Photographie 7L - Librairie 7L","og_description":"Arhant Shrestha est le laur\u00e9at 2024 du Grand Prix du jury de la Photographie 7L du Festival international de mode, de photographie et d\u2019accessoires \u2013 Hy\u00e8res de la villa Noailles. Deuxi\u00e8me opus de la collection, co-\u00e9dit\u00e9e avec Atelier EXB, Loose Fist est accompagn\u00e9 d\u2019un tirage num\u00e9rot\u00e9 et sign\u00e9. Cr\u00e9\u00e9es comme un exercice de confrontation et [&hellip;]","og_url":"https:\/\/librairie7l.com\/en\/produit\/arhant-shrestha-collection-grand-prix-du-jury-de-la-photographie-7l\/","og_site_name":"Librairie 7L","article_modified_time":"2026-04-08T13:25:19+00:00","og_image":[{"width":485,"height":624,"url":"https:\/\/librairie7l.com\/wp-content\/uploads\/2025\/06\/AEXB_7L_ARHANT_COVER_2204-copie-002.jpg","type":"image\/jpeg"}],"twitter_card":"summary_large_image","twitter_misc":{"Est. reading time":"1 minute"},"schema":{"@context":"https:\/\/schema.org","@graph":[{"@type":"WebPage","@id":"https:\/\/librairie7l.com\/en\/produit\/arhant-shrestha-collection-grand-prix-du-jury-de-la-photographie-7l\/","url":"https:\/\/librairie7l.com\/en\/produit\/arhant-shrestha-collection-grand-prix-du-jury-de-la-photographie-7l\/","name":"Arhant Shrestha : Collection Grand Prix du jury de la Photographie 7L - Librairie 7L","isPartOf":{"@id":"https:\/\/librairie7l.com\/en\/#website"},"datePublished":"2025-07-08T15:02:17+00:00","dateModified":"2026-04-08T13:25:19+00:00","breadcrumb":{"@id":"https:\/\/librairie7l.com\/en\/produit\/arhant-shrestha-collection-grand-prix-du-jury-de-la-photographie-7l\/#breadcrumb"},"inLanguage":"en-US","potentialAction":[{"@type":"ReadAction","target":["https:\/\/librairie7l.com\/en\/produit\/arhant-shrestha-collection-grand-prix-du-jury-de-la-photographie-7l\/"]}]},{"@type":"BreadcrumbList","@id":"https:\/\/librairie7l.com\/en\/produit\/arhant-shrestha-collection-grand-prix-du-jury-de-la-photographie-7l\/#breadcrumb","itemListElement":[{"@type":"ListItem","position":1,"name":"Accueil","item":"https:\/\/librairie7l.com\/en\/"},{"@type":"ListItem","position":2,"name":"Shop","item":"https:\/\/librairie7l.com\/en\/shop\/"},{"@type":"ListItem","position":3,"name":"ARHANT SHRESTHA : COLLECTION GRAND PRIX DU JURY DE LA PHOTOGRAPHIE 7L"}]},{"@type":"WebSite","@id":"https:\/\/librairie7l.com\/en\/#website","url":"https:\/\/librairie7l.com\/en\/","name":"Librairie 7L","description":"Librairie fond\u00e9e en 1999 par Karl Lagerfeld \u00e0 Paris","publisher":{"@id":"https:\/\/librairie7l.com\/en\/#organization"},"potentialAction":[{"@type":"SearchAction","target":{"@type":"EntryPoint","urlTemplate":"https:\/\/librairie7l.com\/en\/?s={search_term_string}"},"query-input":"required name=search_term_string"}],"inLanguage":"en-US"},{"@type":"Organization","@id":"https:\/\/librairie7l.com\/en\/#organization","name":"Librairie 7L","url":"https:\/\/librairie7l.com\/en\/","logo":{"@type":"ImageObject","inLanguage":"en-US","@id":"https:\/\/librairie7l.com\/en\/#\/schema\/logo\/image\/","url":"https:\/\/librairie7l.com\/wp-content\/uploads\/2022\/08\/logo-1.png","contentUrl":"https:\/\/librairie7l.com\/wp-content\/uploads\/2022\/08\/logo-1.png","width":227,"height":301,"caption":"Librairie 7L"},"image":{"@id":"https:\/\/librairie7l.com\/en\/#\/schema\/logo\/image\/"}}]}},"_links":{"self":[{"href":"https:\/\/librairie7l.com\/en\/wp-json\/wp\/v2\/product\/52115"}],"collection":[{"href":"https:\/\/librairie7l.com\/en\/wp-json\/wp\/v2\/product"}],"about":[{"href":"https:\/\/librairie7l.com\/en\/wp-json\/wp\/v2\/types\/product"}],"wp:featuredmedia":[{"embeddable":true,"href":"https:\/\/librairie7l.com\/en\/wp-json\/wp\/v2\/media\/48383"}],"wp:attachment":[{"href":"https:\/\/librairie7l.com\/en\/wp-json\/wp\/v2\/media?parent=52115"}],"wp:term":[{"taxonomy":"product_cat","embeddable":true,"href":"https:\/\/librairie7l.com\/en\/wp-json\/wp\/v2\/product_cat?post=52115"},{"taxonomy":"product_tag","embeddable":true,"href":"https:\/\/librairie7l.com\/en\/wp-json\/wp\/v2\/product_tag?post=52115"}],"curies":[{"name":"wp","href":"https:\/\/api.w.org\/{rel}","templated":true}]}}