{"id":52169,"date":"2025-11-08T09:18:00","date_gmt":"2025-11-08T08:18:00","guid":{"rendered":"https:\/\/librairie7l.com\/?post_type=product&#038;p=52169"},"modified":"2026-04-18T13:00:00","modified_gmt":"2026-04-18T11:00:00","slug":"voutes-plafonds-dexception-de-lart-au-dessus-de-nos-tetes-2","status":"publish","type":"product","link":"https:\/\/librairie7l.com\/en\/produit\/voutes-plafonds-dexception-de-lart-au-dessus-de-nos-tetes-2\/","title":{"rendered":"VO\u00dbTES &AMP; PLAFONDS D&#8217;EXCEPTION ; DE L&#8217;ART AU-DESSUS DE NOS T\u00caTES"},"content":{"rendered":"<p>D\u00e9couvrez les vo\u00fbtes et plafonds les plus spectaculaires et embl\u00e9matiques du monde entier. De la chapelle Sixtine au Vatican, jusqu&#8217;au temple Senso ji au Japon, en passant par le Palais Garnier de Paris et l&#8217;h\u00f4tel Bellagio de Las Vegas, levez les yeux au plafond et embarquez pour un voyage extraordinaire.<br \/>\nCes oeuvres proposent un t\u00e9moignage fort et audacieux sur la religion, la culture, le pouvoir et la politique, d\u00e9voilant toutes les facettes de la soci\u00e9t\u00e9 et de l&#8217;\u00e9poque de leur cr\u00e9ation. L&#8217;auteur nous livre les d\u00e9tails de leur conception, de leur r\u00e9alisation et de l&#8217;artiste derri\u00e8re chacune d&#8217;elles, le tout savamment illustr\u00e9 par d&#8217;\u00e9poustouflantes photographies les montrant dans toute leur splendeur.<br \/>\nVo\u00fbtes et plafonds d&#8217;exception offre une perspective nouvelle sur l&#8217;art et vous donne un acc\u00e8s privil\u00e9gi\u00e9 aux plafonds les plus majestueux et extravagants du monde.<\/p>\n","protected":false},"excerpt":{"rendered":"<p>D\u00e9couvrez les vo\u00fbtes et plafonds les plus spectaculaires et embl\u00e9matiques du monde entier. De la chapelle Sixtine au Vatican, jusqu&#8217;au temple Senso ji au Japon, en passant par le Palais Garnier de Paris et l&#8217;h\u00f4tel Bellagio de Las Vegas, levez les yeux au plafond et embarquez pour un voyage extraordinaire. Ces oeuvres proposent un t\u00e9moignage [&hellip;]<\/p>\n","protected":false},"featured_media":52167,"template":"","meta":[],"product_cat":[2948,2952],"product_tag":[],"acf":[],"yoast_head":"<!-- This site is optimized with the Yoast SEO plugin v20.11 - https:\/\/yoast.com\/wordpress\/plugins\/seo\/ -->\n<title>Vo\u00fbtes &amp; plafonds d&#039;exception ; De l&#039;art au-dessus de nos t\u00eates - Librairie 7L<\/title>\n<meta name=\"robots\" content=\"index, follow, max-snippet:-1, max-image-preview:large, max-video-preview:-1\" \/>\n<link rel=\"canonical\" href=\"https:\/\/librairie7l.com\/en\/produit\/voutes-plafonds-dexception-de-lart-au-dessus-de-nos-tetes-2\/\" \/>\n<meta property=\"og:locale\" content=\"en_US\" \/>\n<meta property=\"og:type\" content=\"article\" \/>\n<meta property=\"og:title\" content=\"Vo\u00fbtes &amp; plafonds d&#039;exception ; De l&#039;art au-dessus de nos t\u00eates - Librairie 7L\" \/>\n<meta property=\"og:description\" content=\"D\u00e9couvrez les vo\u00fbtes et plafonds les plus spectaculaires et embl\u00e9matiques du monde entier. De la chapelle Sixtine au Vatican, jusqu&#8217;au temple Senso ji au Japon, en passant par le Palais Garnier de Paris et l&#8217;h\u00f4tel Bellagio de Las Vegas, levez les yeux au plafond et embarquez pour un voyage extraordinaire. Ces oeuvres proposent un t\u00e9moignage [&hellip;]\" \/>\n<meta property=\"og:url\" content=\"https:\/\/librairie7l.com\/en\/produit\/voutes-plafonds-dexception-de-lart-au-dessus-de-nos-tetes-2\/\" \/>\n<meta property=\"og:site_name\" content=\"Librairie 7L\" \/>\n<meta property=\"article:modified_time\" content=\"2026-04-18T11:00:00+00:00\" \/>\n<meta property=\"og:image\" content=\"https:\/\/librairie7l.com\/wp-content\/uploads\/2020\/04\/9782862538884_1_75.jpg\" \/>\n\t<meta property=\"og:image:width\" content=\"600\" \/>\n\t<meta property=\"og:image:height\" content=\"731\" \/>\n\t<meta property=\"og:image:type\" content=\"image\/jpeg\" \/>\n<meta name=\"twitter:card\" content=\"summary_large_image\" \/>\n<meta name=\"twitter:label1\" content=\"Est. reading time\" \/>\n\t<meta name=\"twitter:data1\" content=\"1 minute\" \/>\n<script type=\"application\/ld+json\" class=\"yoast-schema-graph\">{\"@context\":\"https:\/\/schema.org\",\"@graph\":[{\"@type\":\"WebPage\",\"@id\":\"https:\/\/librairie7l.com\/en\/produit\/voutes-plafonds-dexception-de-lart-au-dessus-de-nos-tetes-2\/\",\"url\":\"https:\/\/librairie7l.com\/en\/produit\/voutes-plafonds-dexception-de-lart-au-dessus-de-nos-tetes-2\/\",\"name\":\"Vo\u00fbtes &amp; plafonds d'exception ; De l'art au-dessus de nos t\u00eates - Librairie 7L\",\"isPartOf\":{\"@id\":\"https:\/\/librairie7l.com\/en\/#website\"},\"datePublished\":\"2025-11-08T08:18:00+00:00\",\"dateModified\":\"2026-04-18T11:00:00+00:00\",\"breadcrumb\":{\"@id\":\"https:\/\/librairie7l.com\/en\/produit\/voutes-plafonds-dexception-de-lart-au-dessus-de-nos-tetes-2\/#breadcrumb\"},\"inLanguage\":\"en-US\",\"potentialAction\":[{\"@type\":\"ReadAction\",\"target\":[\"https:\/\/librairie7l.com\/en\/produit\/voutes-plafonds-dexception-de-lart-au-dessus-de-nos-tetes-2\/\"]}]},{\"@type\":\"BreadcrumbList\",\"@id\":\"https:\/\/librairie7l.com\/en\/produit\/voutes-plafonds-dexception-de-lart-au-dessus-de-nos-tetes-2\/#breadcrumb\",\"itemListElement\":[{\"@type\":\"ListItem\",\"position\":1,\"name\":\"Accueil\",\"item\":\"https:\/\/librairie7l.com\/en\/\"},{\"@type\":\"ListItem\",\"position\":2,\"name\":\"Shop\",\"item\":\"https:\/\/librairie7l.com\/en\/shop\/\"},{\"@type\":\"ListItem\",\"position\":3,\"name\":\"VO\u00dbTES &AMP; PLAFONDS D&#8217;EXCEPTION ; DE L&#8217;ART AU-DESSUS DE NOS T\u00caTES\"}]},{\"@type\":\"WebSite\",\"@id\":\"https:\/\/librairie7l.com\/en\/#website\",\"url\":\"https:\/\/librairie7l.com\/en\/\",\"name\":\"Librairie 7L\",\"description\":\"Librairie fond\u00e9e en 1999 par Karl Lagerfeld \u00e0 Paris\",\"publisher\":{\"@id\":\"https:\/\/librairie7l.com\/en\/#organization\"},\"potentialAction\":[{\"@type\":\"SearchAction\",\"target\":{\"@type\":\"EntryPoint\",\"urlTemplate\":\"https:\/\/librairie7l.com\/en\/?s={search_term_string}\"},\"query-input\":\"required name=search_term_string\"}],\"inLanguage\":\"en-US\"},{\"@type\":\"Organization\",\"@id\":\"https:\/\/librairie7l.com\/en\/#organization\",\"name\":\"Librairie 7L\",\"url\":\"https:\/\/librairie7l.com\/en\/\",\"logo\":{\"@type\":\"ImageObject\",\"inLanguage\":\"en-US\",\"@id\":\"https:\/\/librairie7l.com\/en\/#\/schema\/logo\/image\/\",\"url\":\"https:\/\/librairie7l.com\/wp-content\/uploads\/2022\/08\/logo-1.png\",\"contentUrl\":\"https:\/\/librairie7l.com\/wp-content\/uploads\/2022\/08\/logo-1.png\",\"width\":227,\"height\":301,\"caption\":\"Librairie 7L\"},\"image\":{\"@id\":\"https:\/\/librairie7l.com\/en\/#\/schema\/logo\/image\/\"}}]}<\/script>\n<!-- \/ Yoast SEO plugin. -->","yoast_head_json":{"title":"Vo\u00fbtes &amp; plafonds d'exception ; De l'art au-dessus de nos t\u00eates - Librairie 7L","robots":{"index":"index","follow":"follow","max-snippet":"max-snippet:-1","max-image-preview":"max-image-preview:large","max-video-preview":"max-video-preview:-1"},"canonical":"https:\/\/librairie7l.com\/en\/produit\/voutes-plafonds-dexception-de-lart-au-dessus-de-nos-tetes-2\/","og_locale":"en_US","og_type":"article","og_title":"Vo\u00fbtes &amp; plafonds d'exception ; De l'art au-dessus de nos t\u00eates - Librairie 7L","og_description":"D\u00e9couvrez les vo\u00fbtes et plafonds les plus spectaculaires et embl\u00e9matiques du monde entier. De la chapelle Sixtine au Vatican, jusqu&#8217;au temple Senso ji au Japon, en passant par le Palais Garnier de Paris et l&#8217;h\u00f4tel Bellagio de Las Vegas, levez les yeux au plafond et embarquez pour un voyage extraordinaire. Ces oeuvres proposent un t\u00e9moignage [&hellip;]","og_url":"https:\/\/librairie7l.com\/en\/produit\/voutes-plafonds-dexception-de-lart-au-dessus-de-nos-tetes-2\/","og_site_name":"Librairie 7L","article_modified_time":"2026-04-18T11:00:00+00:00","og_image":[{"width":600,"height":731,"url":"https:\/\/librairie7l.com\/wp-content\/uploads\/2020\/04\/9782862538884_1_75.jpg","type":"image\/jpeg"}],"twitter_card":"summary_large_image","twitter_misc":{"Est. reading time":"1 minute"},"schema":{"@context":"https:\/\/schema.org","@graph":[{"@type":"WebPage","@id":"https:\/\/librairie7l.com\/en\/produit\/voutes-plafonds-dexception-de-lart-au-dessus-de-nos-tetes-2\/","url":"https:\/\/librairie7l.com\/en\/produit\/voutes-plafonds-dexception-de-lart-au-dessus-de-nos-tetes-2\/","name":"Vo\u00fbtes &amp; plafonds d'exception ; De l'art au-dessus de nos t\u00eates - Librairie 7L","isPartOf":{"@id":"https:\/\/librairie7l.com\/en\/#website"},"datePublished":"2025-11-08T08:18:00+00:00","dateModified":"2026-04-18T11:00:00+00:00","breadcrumb":{"@id":"https:\/\/librairie7l.com\/en\/produit\/voutes-plafonds-dexception-de-lart-au-dessus-de-nos-tetes-2\/#breadcrumb"},"inLanguage":"en-US","potentialAction":[{"@type":"ReadAction","target":["https:\/\/librairie7l.com\/en\/produit\/voutes-plafonds-dexception-de-lart-au-dessus-de-nos-tetes-2\/"]}]},{"@type":"BreadcrumbList","@id":"https:\/\/librairie7l.com\/en\/produit\/voutes-plafonds-dexception-de-lart-au-dessus-de-nos-tetes-2\/#breadcrumb","itemListElement":[{"@type":"ListItem","position":1,"name":"Accueil","item":"https:\/\/librairie7l.com\/en\/"},{"@type":"ListItem","position":2,"name":"Shop","item":"https:\/\/librairie7l.com\/en\/shop\/"},{"@type":"ListItem","position":3,"name":"VO\u00dbTES &AMP; PLAFONDS D&#8217;EXCEPTION ; DE L&#8217;ART AU-DESSUS DE NOS T\u00caTES"}]},{"@type":"WebSite","@id":"https:\/\/librairie7l.com\/en\/#website","url":"https:\/\/librairie7l.com\/en\/","name":"Librairie 7L","description":"Librairie fond\u00e9e en 1999 par Karl Lagerfeld \u00e0 Paris","publisher":{"@id":"https:\/\/librairie7l.com\/en\/#organization"},"potentialAction":[{"@type":"SearchAction","target":{"@type":"EntryPoint","urlTemplate":"https:\/\/librairie7l.com\/en\/?s={search_term_string}"},"query-input":"required name=search_term_string"}],"inLanguage":"en-US"},{"@type":"Organization","@id":"https:\/\/librairie7l.com\/en\/#organization","name":"Librairie 7L","url":"https:\/\/librairie7l.com\/en\/","logo":{"@type":"ImageObject","inLanguage":"en-US","@id":"https:\/\/librairie7l.com\/en\/#\/schema\/logo\/image\/","url":"https:\/\/librairie7l.com\/wp-content\/uploads\/2022\/08\/logo-1.png","contentUrl":"https:\/\/librairie7l.com\/wp-content\/uploads\/2022\/08\/logo-1.png","width":227,"height":301,"caption":"Librairie 7L"},"image":{"@id":"https:\/\/librairie7l.com\/en\/#\/schema\/logo\/image\/"}}]}},"_links":{"self":[{"href":"https:\/\/librairie7l.com\/en\/wp-json\/wp\/v2\/product\/52169"}],"collection":[{"href":"https:\/\/librairie7l.com\/en\/wp-json\/wp\/v2\/product"}],"about":[{"href":"https:\/\/librairie7l.com\/en\/wp-json\/wp\/v2\/types\/product"}],"wp:featuredmedia":[{"embeddable":true,"href":"https:\/\/librairie7l.com\/en\/wp-json\/wp\/v2\/media\/52167"}],"wp:attachment":[{"href":"https:\/\/librairie7l.com\/en\/wp-json\/wp\/v2\/media?parent=52169"}],"wp:term":[{"taxonomy":"product_cat","embeddable":true,"href":"https:\/\/librairie7l.com\/en\/wp-json\/wp\/v2\/product_cat?post=52169"},{"taxonomy":"product_tag","embeddable":true,"href":"https:\/\/librairie7l.com\/en\/wp-json\/wp\/v2\/product_tag?post=52169"}],"curies":[{"name":"wp","href":"https:\/\/api.w.org\/{rel}","templated":true}]}}