{"id":52173,"date":"2025-11-08T09:18:02","date_gmt":"2025-11-08T08:18:02","guid":{"rendered":"https:\/\/librairie7l.com\/?post_type=product&#038;p=52173"},"modified":"2026-04-10T23:53:42","modified_gmt":"2026-04-10T21:53:42","slug":"pierres-anagogiques-2","status":"publish","type":"product","link":"https:\/\/librairie7l.com\/en\/produit\/pierres-anagogiques-2\/","title":{"rendered":"PIERRES ANAGOGIQUES"},"content":{"rendered":"<p>Roger Caillois aimait les pierres avec passion. Fruit de recherches in\u00e9dites, cet ouvrage fait dialoguer les photographies des min\u00e9raux de sa collection avec ses textes, et d\u00e9voile le processus m\u00eame de pens\u00e9e et d&#8217;\u00e9criture de son auteur. La contemplation des pierres lib\u00e8re une prose po\u00e9tique d&#8217;une rare intensit\u00e9, transformant le min\u00e9ral en un miroir de ses propres songes et de ses aspirations les plus profondes.<\/p>\n","protected":false},"excerpt":{"rendered":"<p>Roger Caillois aimait les pierres avec passion. Fruit de recherches in\u00e9dites, cet ouvrage fait dialoguer les photographies des min\u00e9raux de sa collection avec ses textes, et d\u00e9voile le processus m\u00eame de pens\u00e9e et d&#8217;\u00e9criture de son auteur. La contemplation des pierres lib\u00e8re une prose po\u00e9tique d&#8217;une rare intensit\u00e9, transformant le min\u00e9ral en un miroir de [&hellip;]<\/p>\n","protected":false},"featured_media":52171,"template":"","meta":[],"product_cat":[2948,2953],"product_tag":[],"acf":[],"yoast_head":"<!-- This site is optimized with the Yoast SEO plugin v20.11 - https:\/\/yoast.com\/wordpress\/plugins\/seo\/ -->\n<title>Pierres anagogiques - Librairie 7L<\/title>\n<meta name=\"robots\" content=\"index, follow, max-snippet:-1, max-image-preview:large, max-video-preview:-1\" \/>\n<link rel=\"canonical\" href=\"https:\/\/librairie7l.com\/en\/produit\/pierres-anagogiques-2\/\" \/>\n<meta property=\"og:locale\" content=\"en_US\" \/>\n<meta property=\"og:type\" content=\"article\" \/>\n<meta property=\"og:title\" content=\"Pierres anagogiques - Librairie 7L\" \/>\n<meta property=\"og:description\" content=\"Roger Caillois aimait les pierres avec passion. Fruit de recherches in\u00e9dites, cet ouvrage fait dialoguer les photographies des min\u00e9raux de sa collection avec ses textes, et d\u00e9voile le processus m\u00eame de pens\u00e9e et d&#8217;\u00e9criture de son auteur. La contemplation des pierres lib\u00e8re une prose po\u00e9tique d&#8217;une rare intensit\u00e9, transformant le min\u00e9ral en un miroir de [&hellip;]\" \/>\n<meta property=\"og:url\" content=\"https:\/\/librairie7l.com\/en\/produit\/pierres-anagogiques-2\/\" \/>\n<meta property=\"og:site_name\" content=\"Librairie 7L\" \/>\n<meta property=\"article:modified_time\" content=\"2026-04-10T21:53:42+00:00\" \/>\n<meta property=\"og:image\" content=\"https:\/\/librairie7l.com\/wp-content\/uploads\/2025\/05\/9782073115577_1_75.jpg\" \/>\n\t<meta property=\"og:image:width\" content=\"600\" \/>\n\t<meta property=\"og:image:height\" content=\"817\" \/>\n\t<meta property=\"og:image:type\" content=\"image\/jpeg\" \/>\n<meta name=\"twitter:card\" content=\"summary_large_image\" \/>\n<script type=\"application\/ld+json\" class=\"yoast-schema-graph\">{\"@context\":\"https:\/\/schema.org\",\"@graph\":[{\"@type\":\"WebPage\",\"@id\":\"https:\/\/librairie7l.com\/en\/produit\/pierres-anagogiques-2\/\",\"url\":\"https:\/\/librairie7l.com\/en\/produit\/pierres-anagogiques-2\/\",\"name\":\"Pierres anagogiques - Librairie 7L\",\"isPartOf\":{\"@id\":\"https:\/\/librairie7l.com\/en\/#website\"},\"datePublished\":\"2025-11-08T08:18:02+00:00\",\"dateModified\":\"2026-04-10T21:53:42+00:00\",\"breadcrumb\":{\"@id\":\"https:\/\/librairie7l.com\/en\/produit\/pierres-anagogiques-2\/#breadcrumb\"},\"inLanguage\":\"en-US\",\"potentialAction\":[{\"@type\":\"ReadAction\",\"target\":[\"https:\/\/librairie7l.com\/en\/produit\/pierres-anagogiques-2\/\"]}]},{\"@type\":\"BreadcrumbList\",\"@id\":\"https:\/\/librairie7l.com\/en\/produit\/pierres-anagogiques-2\/#breadcrumb\",\"itemListElement\":[{\"@type\":\"ListItem\",\"position\":1,\"name\":\"Accueil\",\"item\":\"https:\/\/librairie7l.com\/en\/\"},{\"@type\":\"ListItem\",\"position\":2,\"name\":\"Shop\",\"item\":\"https:\/\/librairie7l.com\/en\/shop\/\"},{\"@type\":\"ListItem\",\"position\":3,\"name\":\"PIERRES ANAGOGIQUES\"}]},{\"@type\":\"WebSite\",\"@id\":\"https:\/\/librairie7l.com\/en\/#website\",\"url\":\"https:\/\/librairie7l.com\/en\/\",\"name\":\"Librairie 7L\",\"description\":\"Librairie fond\u00e9e en 1999 par Karl Lagerfeld \u00e0 Paris\",\"publisher\":{\"@id\":\"https:\/\/librairie7l.com\/en\/#organization\"},\"potentialAction\":[{\"@type\":\"SearchAction\",\"target\":{\"@type\":\"EntryPoint\",\"urlTemplate\":\"https:\/\/librairie7l.com\/en\/?s={search_term_string}\"},\"query-input\":\"required name=search_term_string\"}],\"inLanguage\":\"en-US\"},{\"@type\":\"Organization\",\"@id\":\"https:\/\/librairie7l.com\/en\/#organization\",\"name\":\"Librairie 7L\",\"url\":\"https:\/\/librairie7l.com\/en\/\",\"logo\":{\"@type\":\"ImageObject\",\"inLanguage\":\"en-US\",\"@id\":\"https:\/\/librairie7l.com\/en\/#\/schema\/logo\/image\/\",\"url\":\"https:\/\/librairie7l.com\/wp-content\/uploads\/2022\/08\/logo-1.png\",\"contentUrl\":\"https:\/\/librairie7l.com\/wp-content\/uploads\/2022\/08\/logo-1.png\",\"width\":227,\"height\":301,\"caption\":\"Librairie 7L\"},\"image\":{\"@id\":\"https:\/\/librairie7l.com\/en\/#\/schema\/logo\/image\/\"}}]}<\/script>\n<!-- \/ Yoast SEO plugin. -->","yoast_head_json":{"title":"Pierres anagogiques - Librairie 7L","robots":{"index":"index","follow":"follow","max-snippet":"max-snippet:-1","max-image-preview":"max-image-preview:large","max-video-preview":"max-video-preview:-1"},"canonical":"https:\/\/librairie7l.com\/en\/produit\/pierres-anagogiques-2\/","og_locale":"en_US","og_type":"article","og_title":"Pierres anagogiques - Librairie 7L","og_description":"Roger Caillois aimait les pierres avec passion. Fruit de recherches in\u00e9dites, cet ouvrage fait dialoguer les photographies des min\u00e9raux de sa collection avec ses textes, et d\u00e9voile le processus m\u00eame de pens\u00e9e et d&#8217;\u00e9criture de son auteur. La contemplation des pierres lib\u00e8re une prose po\u00e9tique d&#8217;une rare intensit\u00e9, transformant le min\u00e9ral en un miroir de [&hellip;]","og_url":"https:\/\/librairie7l.com\/en\/produit\/pierres-anagogiques-2\/","og_site_name":"Librairie 7L","article_modified_time":"2026-04-10T21:53:42+00:00","og_image":[{"width":600,"height":817,"url":"https:\/\/librairie7l.com\/wp-content\/uploads\/2025\/05\/9782073115577_1_75.jpg","type":"image\/jpeg"}],"twitter_card":"summary_large_image","schema":{"@context":"https:\/\/schema.org","@graph":[{"@type":"WebPage","@id":"https:\/\/librairie7l.com\/en\/produit\/pierres-anagogiques-2\/","url":"https:\/\/librairie7l.com\/en\/produit\/pierres-anagogiques-2\/","name":"Pierres anagogiques - Librairie 7L","isPartOf":{"@id":"https:\/\/librairie7l.com\/en\/#website"},"datePublished":"2025-11-08T08:18:02+00:00","dateModified":"2026-04-10T21:53:42+00:00","breadcrumb":{"@id":"https:\/\/librairie7l.com\/en\/produit\/pierres-anagogiques-2\/#breadcrumb"},"inLanguage":"en-US","potentialAction":[{"@type":"ReadAction","target":["https:\/\/librairie7l.com\/en\/produit\/pierres-anagogiques-2\/"]}]},{"@type":"BreadcrumbList","@id":"https:\/\/librairie7l.com\/en\/produit\/pierres-anagogiques-2\/#breadcrumb","itemListElement":[{"@type":"ListItem","position":1,"name":"Accueil","item":"https:\/\/librairie7l.com\/en\/"},{"@type":"ListItem","position":2,"name":"Shop","item":"https:\/\/librairie7l.com\/en\/shop\/"},{"@type":"ListItem","position":3,"name":"PIERRES ANAGOGIQUES"}]},{"@type":"WebSite","@id":"https:\/\/librairie7l.com\/en\/#website","url":"https:\/\/librairie7l.com\/en\/","name":"Librairie 7L","description":"Librairie fond\u00e9e en 1999 par Karl Lagerfeld \u00e0 Paris","publisher":{"@id":"https:\/\/librairie7l.com\/en\/#organization"},"potentialAction":[{"@type":"SearchAction","target":{"@type":"EntryPoint","urlTemplate":"https:\/\/librairie7l.com\/en\/?s={search_term_string}"},"query-input":"required name=search_term_string"}],"inLanguage":"en-US"},{"@type":"Organization","@id":"https:\/\/librairie7l.com\/en\/#organization","name":"Librairie 7L","url":"https:\/\/librairie7l.com\/en\/","logo":{"@type":"ImageObject","inLanguage":"en-US","@id":"https:\/\/librairie7l.com\/en\/#\/schema\/logo\/image\/","url":"https:\/\/librairie7l.com\/wp-content\/uploads\/2022\/08\/logo-1.png","contentUrl":"https:\/\/librairie7l.com\/wp-content\/uploads\/2022\/08\/logo-1.png","width":227,"height":301,"caption":"Librairie 7L"},"image":{"@id":"https:\/\/librairie7l.com\/en\/#\/schema\/logo\/image\/"}}]}},"_links":{"self":[{"href":"https:\/\/librairie7l.com\/en\/wp-json\/wp\/v2\/product\/52173"}],"collection":[{"href":"https:\/\/librairie7l.com\/en\/wp-json\/wp\/v2\/product"}],"about":[{"href":"https:\/\/librairie7l.com\/en\/wp-json\/wp\/v2\/types\/product"}],"wp:featuredmedia":[{"embeddable":true,"href":"https:\/\/librairie7l.com\/en\/wp-json\/wp\/v2\/media\/52171"}],"wp:attachment":[{"href":"https:\/\/librairie7l.com\/en\/wp-json\/wp\/v2\/media?parent=52173"}],"wp:term":[{"taxonomy":"product_cat","embeddable":true,"href":"https:\/\/librairie7l.com\/en\/wp-json\/wp\/v2\/product_cat?post=52173"},{"taxonomy":"product_tag","embeddable":true,"href":"https:\/\/librairie7l.com\/en\/wp-json\/wp\/v2\/product_tag?post=52173"}],"curies":[{"name":"wp","href":"https:\/\/api.w.org\/{rel}","templated":true}]}}