{"id":52191,"date":"2025-11-09T09:18:08","date_gmt":"2025-11-09T08:18:08","guid":{"rendered":"https:\/\/librairie7l.com\/?post_type=product&#038;p=52191"},"modified":"2026-04-22T06:12:36","modified_gmt":"2026-04-22T04:12:36","slug":"vivienne-westwood-bijoux-2","status":"publish","type":"product","link":"https:\/\/librairie7l.com\/en\/produit\/vivienne-westwood-bijoux-2\/","title":{"rendered":"VIVIENNE WESTWOOD : BIJOUX"},"content":{"rendered":"<p>Vivienne Westwood &#8211; Les Bijoux est le premier ouvrage consacr\u00e9 aux r\u00e9alisations de bijoux de la cr\u00e9atrice, publi\u00e9 en \u00e9troite collaboration avec la maison et r\u00e9dig\u00e9 par le critique de mode Alexander Fury.<\/p>\n<p>\u00ab Des \u00e9pingles \u00e0 nourrice transper\u00e7ant les visages. Des colliers ras-du-cou en perles et des boucles d&#8217;oreilles en forme de gouttes emprunt\u00e9s aux portraits Elisab\u00e9thains. Des cha\u00eenes de bandage, des menottes \u00e0 boucles sadomasochistes et des colliers pour chiens. Des couronnes, des m\u00e9daillons et des globes royaux incrust\u00e9s de pierres pr\u00e9cieuses. Le vocabulaire joaillier de Vivienne Westwood est aussi distinct et imm\u00e9diatement reconnaissable que celui de ses v\u00eatements \u00bb, explique Alexander Fury, auteur et r\u00e9dacteur de mode renomm\u00e9. Cette somptueuse encyclop\u00e9die des bijoux Vivienne Westwood \u00e9voque le m\u00e9lange de luxe et de r\u00e9bellion qui caract\u00e9rise le style de la maison. Qu&#8217;il s&#8217;agisse d&#8217;une broche en \u00e9pingle \u00e0 nourrice habilement r\u00e9alis\u00e9e, d&#8217;un collier \u00ab bris\u00e9 \u00bb de perles enfil\u00e9es \u00e0 la main ou de l&#8217;embl\u00e9matique orbe Westwood en cristal, ce sont des pi\u00e8ces qui d\u00e9finissent les codes de la Maison.<\/p>\n<p>Apr\u00e8s une introduction de Fury, dix chapitres pr\u00e9sentent des th\u00e8mes tels que \u00ab Pearls \u00bb, \u00ab Do It Yourself \u00bb, \u00ab Pagan \u00bb et \u00ab Drops &amp; Bows \u00bb, familiarisant les lecteurs avec les motifs r\u00e9currents, les techniques et les inspirations du monde des bijoux Vivienne Westwood. Le livre est illustr\u00e9 par pr\u00e8s de deux cents images prises par le c\u00e9l\u00e8bre photographe de nature morte Philippe Lacombe.Des chefs-d&#8217;oeuvre punk, tels que les boucles d&#8217;oreilles \u00ab Hardcore Paperclip Earrings \u00bb et le collier \u00ab Chaos Necklace \u00bb, aux boucles d&#8217;oreilles \u00ab Nymph Earrings \u00bb et au collier \u00ab Flower Skull Necklace \u00bb aux tons pastel, en passant par les boucles d&#8217;oreilles upcycl\u00e9es \u00ab Simone Earrings \u00bb et le collier pa\u00efen \u00ab Conkers Necklace \u00bb, les cr\u00e9ations contemporaines se m\u00ealent aux classiques r\u00e9invent\u00e9s. Chaque pi\u00e8ce est r\u00e9pertori\u00e9e avec son nom, la saison de la collection et sa composition, qui pr\u00e9sente souvent une gamme extraordinaire de mat\u00e9riaux. \u00c0 travers des natures mortes \u00e9vocatrices et des plans rapproch\u00e9s, des images de d\u00e9fil\u00e9s et des portraits de Vivienne Westwood elle-m\u00eame, ainsi qu&#8217;un riche catalogue des bijoux Westwood \u00e0 travers les \u00e2ges, cet ouvrage invite les lecteurs \u00e0 d\u00e9couvrir un univers vibrant qui s&#8217;inspire du riche h\u00e9ritage de la Maison. Le livre comprend, par ailleurs, une pr\u00e9face d&#8217;Andreas Kronthaler, directeur cr\u00e9atif de Vivienne Westwood.<\/p>\n<p>Vivienne Westwood &#8211; Les Bijoux est publi\u00e9 pour accompagner une exposition internationale du m\u00eame nom qui a d\u00e9but\u00e9 fin 2024 au Te Papa, le mus\u00e9e national de Nouvelle-Z\u00e9lande, avant de faire escale \u00e0 Shanghai en juillet 2025 et de poursuivre sa tourn\u00e9e mondiale en Asie, aux \u00c9tats-Unis et en Europe.<\/p>\n","protected":false},"excerpt":{"rendered":"<p>Vivienne Westwood &#8211; Les Bijoux est le premier ouvrage consacr\u00e9 aux r\u00e9alisations de bijoux de la cr\u00e9atrice, publi\u00e9 en \u00e9troite collaboration avec la maison et r\u00e9dig\u00e9 par le critique de mode Alexander Fury. \u00ab Des \u00e9pingles \u00e0 nourrice transper\u00e7ant les visages. Des colliers ras-du-cou en perles et des boucles d&#8217;oreilles en forme de gouttes emprunt\u00e9s [&hellip;]<\/p>\n","protected":false},"featured_media":52189,"template":"","meta":[],"product_cat":[2948,2957],"product_tag":[],"acf":[],"yoast_head":"<!-- This site is optimized with the Yoast SEO plugin v20.11 - https:\/\/yoast.com\/wordpress\/plugins\/seo\/ -->\n<title>Vivienne Westwood : Bijoux - Librairie 7L<\/title>\n<meta name=\"robots\" content=\"index, follow, max-snippet:-1, max-image-preview:large, max-video-preview:-1\" \/>\n<link rel=\"canonical\" href=\"https:\/\/librairie7l.com\/en\/produit\/vivienne-westwood-bijoux-2\/\" \/>\n<meta property=\"og:locale\" content=\"en_US\" \/>\n<meta property=\"og:type\" content=\"article\" \/>\n<meta property=\"og:title\" content=\"Vivienne Westwood : Bijoux - Librairie 7L\" \/>\n<meta property=\"og:description\" content=\"Vivienne Westwood &#8211; Les Bijoux est le premier ouvrage consacr\u00e9 aux r\u00e9alisations de bijoux de la cr\u00e9atrice, publi\u00e9 en \u00e9troite collaboration avec la maison et r\u00e9dig\u00e9 par le critique de mode Alexander Fury. \u00ab Des \u00e9pingles \u00e0 nourrice transper\u00e7ant les visages. Des colliers ras-du-cou en perles et des boucles d&#8217;oreilles en forme de gouttes emprunt\u00e9s [&hellip;]\" \/>\n<meta property=\"og:url\" content=\"https:\/\/librairie7l.com\/en\/produit\/vivienne-westwood-bijoux-2\/\" \/>\n<meta property=\"og:site_name\" content=\"Librairie 7L\" \/>\n<meta property=\"article:modified_time\" content=\"2026-04-22T04:12:36+00:00\" \/>\n<meta property=\"og:image\" content=\"https:\/\/librairie7l.com\/wp-content\/uploads\/2025\/08\/9780500030684_1_75.jpg\" \/>\n\t<meta property=\"og:image:width\" content=\"424\" \/>\n\t<meta property=\"og:image:height\" content=\"500\" \/>\n\t<meta property=\"og:image:type\" content=\"image\/jpeg\" \/>\n<meta name=\"twitter:card\" content=\"summary_large_image\" \/>\n<meta name=\"twitter:label1\" content=\"Est. reading time\" \/>\n\t<meta name=\"twitter:data1\" content=\"2 minutes\" \/>\n<script type=\"application\/ld+json\" class=\"yoast-schema-graph\">{\"@context\":\"https:\/\/schema.org\",\"@graph\":[{\"@type\":\"WebPage\",\"@id\":\"https:\/\/librairie7l.com\/en\/produit\/vivienne-westwood-bijoux-2\/\",\"url\":\"https:\/\/librairie7l.com\/en\/produit\/vivienne-westwood-bijoux-2\/\",\"name\":\"Vivienne Westwood : Bijoux - Librairie 7L\",\"isPartOf\":{\"@id\":\"https:\/\/librairie7l.com\/en\/#website\"},\"datePublished\":\"2025-11-09T08:18:08+00:00\",\"dateModified\":\"2026-04-22T04:12:36+00:00\",\"breadcrumb\":{\"@id\":\"https:\/\/librairie7l.com\/en\/produit\/vivienne-westwood-bijoux-2\/#breadcrumb\"},\"inLanguage\":\"en-US\",\"potentialAction\":[{\"@type\":\"ReadAction\",\"target\":[\"https:\/\/librairie7l.com\/en\/produit\/vivienne-westwood-bijoux-2\/\"]}]},{\"@type\":\"BreadcrumbList\",\"@id\":\"https:\/\/librairie7l.com\/en\/produit\/vivienne-westwood-bijoux-2\/#breadcrumb\",\"itemListElement\":[{\"@type\":\"ListItem\",\"position\":1,\"name\":\"Accueil\",\"item\":\"https:\/\/librairie7l.com\/en\/\"},{\"@type\":\"ListItem\",\"position\":2,\"name\":\"Shop\",\"item\":\"https:\/\/librairie7l.com\/en\/shop\/\"},{\"@type\":\"ListItem\",\"position\":3,\"name\":\"VIVIENNE WESTWOOD : BIJOUX\"}]},{\"@type\":\"WebSite\",\"@id\":\"https:\/\/librairie7l.com\/en\/#website\",\"url\":\"https:\/\/librairie7l.com\/en\/\",\"name\":\"Librairie 7L\",\"description\":\"Librairie fond\u00e9e en 1999 par Karl Lagerfeld \u00e0 Paris\",\"publisher\":{\"@id\":\"https:\/\/librairie7l.com\/en\/#organization\"},\"potentialAction\":[{\"@type\":\"SearchAction\",\"target\":{\"@type\":\"EntryPoint\",\"urlTemplate\":\"https:\/\/librairie7l.com\/en\/?s={search_term_string}\"},\"query-input\":\"required name=search_term_string\"}],\"inLanguage\":\"en-US\"},{\"@type\":\"Organization\",\"@id\":\"https:\/\/librairie7l.com\/en\/#organization\",\"name\":\"Librairie 7L\",\"url\":\"https:\/\/librairie7l.com\/en\/\",\"logo\":{\"@type\":\"ImageObject\",\"inLanguage\":\"en-US\",\"@id\":\"https:\/\/librairie7l.com\/en\/#\/schema\/logo\/image\/\",\"url\":\"https:\/\/librairie7l.com\/wp-content\/uploads\/2022\/08\/logo-1.png\",\"contentUrl\":\"https:\/\/librairie7l.com\/wp-content\/uploads\/2022\/08\/logo-1.png\",\"width\":227,\"height\":301,\"caption\":\"Librairie 7L\"},\"image\":{\"@id\":\"https:\/\/librairie7l.com\/en\/#\/schema\/logo\/image\/\"}}]}<\/script>\n<!-- \/ Yoast SEO plugin. -->","yoast_head_json":{"title":"Vivienne Westwood : Bijoux - Librairie 7L","robots":{"index":"index","follow":"follow","max-snippet":"max-snippet:-1","max-image-preview":"max-image-preview:large","max-video-preview":"max-video-preview:-1"},"canonical":"https:\/\/librairie7l.com\/en\/produit\/vivienne-westwood-bijoux-2\/","og_locale":"en_US","og_type":"article","og_title":"Vivienne Westwood : Bijoux - Librairie 7L","og_description":"Vivienne Westwood &#8211; Les Bijoux est le premier ouvrage consacr\u00e9 aux r\u00e9alisations de bijoux de la cr\u00e9atrice, publi\u00e9 en \u00e9troite collaboration avec la maison et r\u00e9dig\u00e9 par le critique de mode Alexander Fury. \u00ab Des \u00e9pingles \u00e0 nourrice transper\u00e7ant les visages. Des colliers ras-du-cou en perles et des boucles d&#8217;oreilles en forme de gouttes emprunt\u00e9s [&hellip;]","og_url":"https:\/\/librairie7l.com\/en\/produit\/vivienne-westwood-bijoux-2\/","og_site_name":"Librairie 7L","article_modified_time":"2026-04-22T04:12:36+00:00","og_image":[{"width":424,"height":500,"url":"https:\/\/librairie7l.com\/wp-content\/uploads\/2025\/08\/9780500030684_1_75.jpg","type":"image\/jpeg"}],"twitter_card":"summary_large_image","twitter_misc":{"Est. reading time":"2 minutes"},"schema":{"@context":"https:\/\/schema.org","@graph":[{"@type":"WebPage","@id":"https:\/\/librairie7l.com\/en\/produit\/vivienne-westwood-bijoux-2\/","url":"https:\/\/librairie7l.com\/en\/produit\/vivienne-westwood-bijoux-2\/","name":"Vivienne Westwood : Bijoux - Librairie 7L","isPartOf":{"@id":"https:\/\/librairie7l.com\/en\/#website"},"datePublished":"2025-11-09T08:18:08+00:00","dateModified":"2026-04-22T04:12:36+00:00","breadcrumb":{"@id":"https:\/\/librairie7l.com\/en\/produit\/vivienne-westwood-bijoux-2\/#breadcrumb"},"inLanguage":"en-US","potentialAction":[{"@type":"ReadAction","target":["https:\/\/librairie7l.com\/en\/produit\/vivienne-westwood-bijoux-2\/"]}]},{"@type":"BreadcrumbList","@id":"https:\/\/librairie7l.com\/en\/produit\/vivienne-westwood-bijoux-2\/#breadcrumb","itemListElement":[{"@type":"ListItem","position":1,"name":"Accueil","item":"https:\/\/librairie7l.com\/en\/"},{"@type":"ListItem","position":2,"name":"Shop","item":"https:\/\/librairie7l.com\/en\/shop\/"},{"@type":"ListItem","position":3,"name":"VIVIENNE WESTWOOD : BIJOUX"}]},{"@type":"WebSite","@id":"https:\/\/librairie7l.com\/en\/#website","url":"https:\/\/librairie7l.com\/en\/","name":"Librairie 7L","description":"Librairie fond\u00e9e en 1999 par Karl Lagerfeld \u00e0 Paris","publisher":{"@id":"https:\/\/librairie7l.com\/en\/#organization"},"potentialAction":[{"@type":"SearchAction","target":{"@type":"EntryPoint","urlTemplate":"https:\/\/librairie7l.com\/en\/?s={search_term_string}"},"query-input":"required name=search_term_string"}],"inLanguage":"en-US"},{"@type":"Organization","@id":"https:\/\/librairie7l.com\/en\/#organization","name":"Librairie 7L","url":"https:\/\/librairie7l.com\/en\/","logo":{"@type":"ImageObject","inLanguage":"en-US","@id":"https:\/\/librairie7l.com\/en\/#\/schema\/logo\/image\/","url":"https:\/\/librairie7l.com\/wp-content\/uploads\/2022\/08\/logo-1.png","contentUrl":"https:\/\/librairie7l.com\/wp-content\/uploads\/2022\/08\/logo-1.png","width":227,"height":301,"caption":"Librairie 7L"},"image":{"@id":"https:\/\/librairie7l.com\/en\/#\/schema\/logo\/image\/"}}]}},"_links":{"self":[{"href":"https:\/\/librairie7l.com\/en\/wp-json\/wp\/v2\/product\/52191"}],"collection":[{"href":"https:\/\/librairie7l.com\/en\/wp-json\/wp\/v2\/product"}],"about":[{"href":"https:\/\/librairie7l.com\/en\/wp-json\/wp\/v2\/types\/product"}],"wp:featuredmedia":[{"embeddable":true,"href":"https:\/\/librairie7l.com\/en\/wp-json\/wp\/v2\/media\/52189"}],"wp:attachment":[{"href":"https:\/\/librairie7l.com\/en\/wp-json\/wp\/v2\/media?parent=52191"}],"wp:term":[{"taxonomy":"product_cat","embeddable":true,"href":"https:\/\/librairie7l.com\/en\/wp-json\/wp\/v2\/product_cat?post=52191"},{"taxonomy":"product_tag","embeddable":true,"href":"https:\/\/librairie7l.com\/en\/wp-json\/wp\/v2\/product_tag?post=52191"}],"curies":[{"name":"wp","href":"https:\/\/api.w.org\/{rel}","templated":true}]}}