{"id":52195,"date":"2025-11-09T09:18:10","date_gmt":"2025-11-09T08:18:10","guid":{"rendered":"https:\/\/librairie7l.com\/?post_type=product&#038;p=52195"},"modified":"2026-04-04T16:09:21","modified_gmt":"2026-04-04T14:09:21","slug":"elles-obliquent-elles-obstinent-elles-tempetent-2","status":"publish","type":"product","link":"https:\/\/librairie7l.com\/en\/produit\/elles-obliquent-elles-obstinent-elles-tempetent-2\/","title":{"rendered":"ELLES OBLIQUENT, ELLES OBSTINENT, ELLES TEMP\u00caTENT"},"content":{"rendered":"<p>Exposition Rencontres d&#8217;Arles 2025<br \/>\n Donnant vie \u00e0 des r\u00e9cits invisibilis\u00e9s, Agn\u00e8s Geoffray incarne dans ses images la r\u00e9volte universelle des femmes cr\u00e9ant ainsi le vocabulaire photographique de la r\u00e9bellion des \u00ab mauvaises filles \u00bb. Inspir\u00e9e par le travail de l&#8217;historienne V\u00e9ronique Blanchard (Mauvaises filles, Textuel, 2016), l&#8217;artiste met en sc\u00e8ne des jeunes femmes seules ou en groupe, objet de strat\u00e9gies de surveillance et de redressement des corps. Mais aussi des jeunes filles dont les visages et postures incarnent des gestes d&#8217;opposition, de r\u00e9volte, de dissidence et de solidarit\u00e9.<\/p>\n","protected":false},"excerpt":{"rendered":"<p>Exposition Rencontres d&#8217;Arles 2025 Donnant vie \u00e0 des r\u00e9cits invisibilis\u00e9s, Agn\u00e8s Geoffray incarne dans ses images la r\u00e9volte universelle des femmes cr\u00e9ant ainsi le vocabulaire photographique de la r\u00e9bellion des \u00ab mauvaises filles \u00bb. Inspir\u00e9e par le travail de l&#8217;historienne V\u00e9ronique Blanchard (Mauvaises filles, Textuel, 2016), l&#8217;artiste met en sc\u00e8ne des jeunes femmes seules ou [&hellip;]<\/p>\n","protected":false},"featured_media":52193,"template":"","meta":[],"product_cat":[2948,2958],"product_tag":[],"acf":[],"yoast_head":"<!-- This site is optimized with the Yoast SEO plugin v20.11 - https:\/\/yoast.com\/wordpress\/plugins\/seo\/ -->\n<title>Elles obliquent, elles obstinent, elles temp\u00eatent - Librairie 7L<\/title>\n<meta name=\"robots\" content=\"index, follow, max-snippet:-1, max-image-preview:large, max-video-preview:-1\" \/>\n<link rel=\"canonical\" href=\"https:\/\/librairie7l.com\/en\/produit\/elles-obliquent-elles-obstinent-elles-tempetent-2\/\" \/>\n<meta property=\"og:locale\" content=\"en_US\" \/>\n<meta property=\"og:type\" content=\"article\" \/>\n<meta property=\"og:title\" content=\"Elles obliquent, elles obstinent, elles temp\u00eatent - Librairie 7L\" \/>\n<meta property=\"og:description\" content=\"Exposition Rencontres d&#8217;Arles 2025 Donnant vie \u00e0 des r\u00e9cits invisibilis\u00e9s, Agn\u00e8s Geoffray incarne dans ses images la r\u00e9volte universelle des femmes cr\u00e9ant ainsi le vocabulaire photographique de la r\u00e9bellion des \u00ab mauvaises filles \u00bb. Inspir\u00e9e par le travail de l&#8217;historienne V\u00e9ronique Blanchard (Mauvaises filles, Textuel, 2016), l&#8217;artiste met en sc\u00e8ne des jeunes femmes seules ou [&hellip;]\" \/>\n<meta property=\"og:url\" content=\"https:\/\/librairie7l.com\/en\/produit\/elles-obliquent-elles-obstinent-elles-tempetent-2\/\" \/>\n<meta property=\"og:site_name\" content=\"Librairie 7L\" \/>\n<meta property=\"article:modified_time\" content=\"2026-04-04T14:09:21+00:00\" \/>\n<meta property=\"og:image\" content=\"https:\/\/librairie7l.com\/wp-content\/uploads\/2025\/02\/9782386290794_1_75.jpg\" \/>\n\t<meta property=\"og:image:width\" content=\"600\" \/>\n\t<meta property=\"og:image:height\" content=\"848\" \/>\n\t<meta property=\"og:image:type\" content=\"image\/jpeg\" \/>\n<meta name=\"twitter:card\" content=\"summary_large_image\" \/>\n<script type=\"application\/ld+json\" class=\"yoast-schema-graph\">{\"@context\":\"https:\/\/schema.org\",\"@graph\":[{\"@type\":\"WebPage\",\"@id\":\"https:\/\/librairie7l.com\/en\/produit\/elles-obliquent-elles-obstinent-elles-tempetent-2\/\",\"url\":\"https:\/\/librairie7l.com\/en\/produit\/elles-obliquent-elles-obstinent-elles-tempetent-2\/\",\"name\":\"Elles obliquent, elles obstinent, elles temp\u00eatent - Librairie 7L\",\"isPartOf\":{\"@id\":\"https:\/\/librairie7l.com\/en\/#website\"},\"datePublished\":\"2025-11-09T08:18:10+00:00\",\"dateModified\":\"2026-04-04T14:09:21+00:00\",\"breadcrumb\":{\"@id\":\"https:\/\/librairie7l.com\/en\/produit\/elles-obliquent-elles-obstinent-elles-tempetent-2\/#breadcrumb\"},\"inLanguage\":\"en-US\",\"potentialAction\":[{\"@type\":\"ReadAction\",\"target\":[\"https:\/\/librairie7l.com\/en\/produit\/elles-obliquent-elles-obstinent-elles-tempetent-2\/\"]}]},{\"@type\":\"BreadcrumbList\",\"@id\":\"https:\/\/librairie7l.com\/en\/produit\/elles-obliquent-elles-obstinent-elles-tempetent-2\/#breadcrumb\",\"itemListElement\":[{\"@type\":\"ListItem\",\"position\":1,\"name\":\"Accueil\",\"item\":\"https:\/\/librairie7l.com\/en\/\"},{\"@type\":\"ListItem\",\"position\":2,\"name\":\"Shop\",\"item\":\"https:\/\/librairie7l.com\/en\/shop\/\"},{\"@type\":\"ListItem\",\"position\":3,\"name\":\"ELLES OBLIQUENT, ELLES OBSTINENT, ELLES TEMP\u00caTENT\"}]},{\"@type\":\"WebSite\",\"@id\":\"https:\/\/librairie7l.com\/en\/#website\",\"url\":\"https:\/\/librairie7l.com\/en\/\",\"name\":\"Librairie 7L\",\"description\":\"Librairie fond\u00e9e en 1999 par Karl Lagerfeld \u00e0 Paris\",\"publisher\":{\"@id\":\"https:\/\/librairie7l.com\/en\/#organization\"},\"potentialAction\":[{\"@type\":\"SearchAction\",\"target\":{\"@type\":\"EntryPoint\",\"urlTemplate\":\"https:\/\/librairie7l.com\/en\/?s={search_term_string}\"},\"query-input\":\"required name=search_term_string\"}],\"inLanguage\":\"en-US\"},{\"@type\":\"Organization\",\"@id\":\"https:\/\/librairie7l.com\/en\/#organization\",\"name\":\"Librairie 7L\",\"url\":\"https:\/\/librairie7l.com\/en\/\",\"logo\":{\"@type\":\"ImageObject\",\"inLanguage\":\"en-US\",\"@id\":\"https:\/\/librairie7l.com\/en\/#\/schema\/logo\/image\/\",\"url\":\"https:\/\/librairie7l.com\/wp-content\/uploads\/2022\/08\/logo-1.png\",\"contentUrl\":\"https:\/\/librairie7l.com\/wp-content\/uploads\/2022\/08\/logo-1.png\",\"width\":227,\"height\":301,\"caption\":\"Librairie 7L\"},\"image\":{\"@id\":\"https:\/\/librairie7l.com\/en\/#\/schema\/logo\/image\/\"}}]}<\/script>\n<!-- \/ Yoast SEO plugin. -->","yoast_head_json":{"title":"Elles obliquent, elles obstinent, elles temp\u00eatent - Librairie 7L","robots":{"index":"index","follow":"follow","max-snippet":"max-snippet:-1","max-image-preview":"max-image-preview:large","max-video-preview":"max-video-preview:-1"},"canonical":"https:\/\/librairie7l.com\/en\/produit\/elles-obliquent-elles-obstinent-elles-tempetent-2\/","og_locale":"en_US","og_type":"article","og_title":"Elles obliquent, elles obstinent, elles temp\u00eatent - Librairie 7L","og_description":"Exposition Rencontres d&#8217;Arles 2025 Donnant vie \u00e0 des r\u00e9cits invisibilis\u00e9s, Agn\u00e8s Geoffray incarne dans ses images la r\u00e9volte universelle des femmes cr\u00e9ant ainsi le vocabulaire photographique de la r\u00e9bellion des \u00ab mauvaises filles \u00bb. Inspir\u00e9e par le travail de l&#8217;historienne V\u00e9ronique Blanchard (Mauvaises filles, Textuel, 2016), l&#8217;artiste met en sc\u00e8ne des jeunes femmes seules ou [&hellip;]","og_url":"https:\/\/librairie7l.com\/en\/produit\/elles-obliquent-elles-obstinent-elles-tempetent-2\/","og_site_name":"Librairie 7L","article_modified_time":"2026-04-04T14:09:21+00:00","og_image":[{"width":600,"height":848,"url":"https:\/\/librairie7l.com\/wp-content\/uploads\/2025\/02\/9782386290794_1_75.jpg","type":"image\/jpeg"}],"twitter_card":"summary_large_image","schema":{"@context":"https:\/\/schema.org","@graph":[{"@type":"WebPage","@id":"https:\/\/librairie7l.com\/en\/produit\/elles-obliquent-elles-obstinent-elles-tempetent-2\/","url":"https:\/\/librairie7l.com\/en\/produit\/elles-obliquent-elles-obstinent-elles-tempetent-2\/","name":"Elles obliquent, elles obstinent, elles temp\u00eatent - Librairie 7L","isPartOf":{"@id":"https:\/\/librairie7l.com\/en\/#website"},"datePublished":"2025-11-09T08:18:10+00:00","dateModified":"2026-04-04T14:09:21+00:00","breadcrumb":{"@id":"https:\/\/librairie7l.com\/en\/produit\/elles-obliquent-elles-obstinent-elles-tempetent-2\/#breadcrumb"},"inLanguage":"en-US","potentialAction":[{"@type":"ReadAction","target":["https:\/\/librairie7l.com\/en\/produit\/elles-obliquent-elles-obstinent-elles-tempetent-2\/"]}]},{"@type":"BreadcrumbList","@id":"https:\/\/librairie7l.com\/en\/produit\/elles-obliquent-elles-obstinent-elles-tempetent-2\/#breadcrumb","itemListElement":[{"@type":"ListItem","position":1,"name":"Accueil","item":"https:\/\/librairie7l.com\/en\/"},{"@type":"ListItem","position":2,"name":"Shop","item":"https:\/\/librairie7l.com\/en\/shop\/"},{"@type":"ListItem","position":3,"name":"ELLES OBLIQUENT, ELLES OBSTINENT, ELLES TEMP\u00caTENT"}]},{"@type":"WebSite","@id":"https:\/\/librairie7l.com\/en\/#website","url":"https:\/\/librairie7l.com\/en\/","name":"Librairie 7L","description":"Librairie fond\u00e9e en 1999 par Karl Lagerfeld \u00e0 Paris","publisher":{"@id":"https:\/\/librairie7l.com\/en\/#organization"},"potentialAction":[{"@type":"SearchAction","target":{"@type":"EntryPoint","urlTemplate":"https:\/\/librairie7l.com\/en\/?s={search_term_string}"},"query-input":"required name=search_term_string"}],"inLanguage":"en-US"},{"@type":"Organization","@id":"https:\/\/librairie7l.com\/en\/#organization","name":"Librairie 7L","url":"https:\/\/librairie7l.com\/en\/","logo":{"@type":"ImageObject","inLanguage":"en-US","@id":"https:\/\/librairie7l.com\/en\/#\/schema\/logo\/image\/","url":"https:\/\/librairie7l.com\/wp-content\/uploads\/2022\/08\/logo-1.png","contentUrl":"https:\/\/librairie7l.com\/wp-content\/uploads\/2022\/08\/logo-1.png","width":227,"height":301,"caption":"Librairie 7L"},"image":{"@id":"https:\/\/librairie7l.com\/en\/#\/schema\/logo\/image\/"}}]}},"_links":{"self":[{"href":"https:\/\/librairie7l.com\/en\/wp-json\/wp\/v2\/product\/52195"}],"collection":[{"href":"https:\/\/librairie7l.com\/en\/wp-json\/wp\/v2\/product"}],"about":[{"href":"https:\/\/librairie7l.com\/en\/wp-json\/wp\/v2\/types\/product"}],"wp:featuredmedia":[{"embeddable":true,"href":"https:\/\/librairie7l.com\/en\/wp-json\/wp\/v2\/media\/52193"}],"wp:attachment":[{"href":"https:\/\/librairie7l.com\/en\/wp-json\/wp\/v2\/media?parent=52195"}],"wp:term":[{"taxonomy":"product_cat","embeddable":true,"href":"https:\/\/librairie7l.com\/en\/wp-json\/wp\/v2\/product_cat?post=52195"},{"taxonomy":"product_tag","embeddable":true,"href":"https:\/\/librairie7l.com\/en\/wp-json\/wp\/v2\/product_tag?post=52195"}],"curies":[{"name":"wp","href":"https:\/\/api.w.org\/{rel}","templated":true}]}}