{"id":52209,"date":"2025-11-11T13:56:16","date_gmt":"2025-11-11T12:56:16","guid":{"rendered":"https:\/\/librairie7l.com\/?post_type=product&#038;p=52209"},"modified":"2026-04-05T20:06:08","modified_gmt":"2026-04-05T18:06:08","slug":"little-book-of-valentino-lhistoire-dune-maison-de-mode-mythique-2","status":"publish","type":"product","link":"https:\/\/librairie7l.com\/en\/produit\/little-book-of-valentino-lhistoire-dune-maison-de-mode-mythique-2\/","title":{"rendered":"LITTLE BOOK OF VALENTINO : L&#8217;HISTOIRE D&#8217;UNE MAISON DE MODE MYTHIQUE"},"content":{"rendered":"<p>Plongez dans l&#8217;univers intemporel de Valentino, o\u00f9 chaque robe raconte une histoire de glamour, de luxe et de r\u00e9volution stylistique &#8211; du rouge l\u00e9gendaire \u00e0 l&#8217;\u00e9clat des tapis rouges.<br \/>\nAvoir une couleur qui porte votre nom est l&#8217;une des plus hautes distinctions de la mode. Valentino Garavani est l&#8217;une de ces ic\u00f4nes. Depuis la fondation de la Maison Valentino dans les ann\u00e9es 1950 \u00e0 Rome, Garavani est c\u00e9l\u00e9br\u00e9 pour l&#8217;attrait de ses cr\u00e9ations. Ses superbes robes dans sa signature Valentino Red sont recherch\u00e9es par la jet set depuis plus d&#8217;un demi-si\u00e8cle et repr\u00e9sentent toujours l&#8217;incarnatio<br \/>\nn m\u00eame du glamour du tapis rouge. Little Book of Valentino raconte l&#8217;histoire de la plus \u00e9l\u00e9gante des marques. Commen\u00e7ant par l&#8217;initiation de Garavani au monde de la haute couture dans les ann\u00e9es 1950 \u00e0 Paris, progressant \u00e0 travers la sc\u00e8ne sociale scintillante des ann\u00e9es 1970 \u00e0 New York et la domination de Valentino sur Hollywood des ann\u00e9es 1980 \u00e0 nos jours, les images de chaque \u00e9poque \u00e9blouissante sont magnifiquement reproduites \u00e0 c\u00f4t\u00e9 du texte explorant la signification de chaque superbe pi\u00e8ce.<\/p>\n","protected":false},"excerpt":{"rendered":"<p>Plongez dans l&#8217;univers intemporel de Valentino, o\u00f9 chaque robe raconte une histoire de glamour, de luxe et de r\u00e9volution stylistique &#8211; du rouge l\u00e9gendaire \u00e0 l&#8217;\u00e9clat des tapis rouges. Avoir une couleur qui porte votre nom est l&#8217;une des plus hautes distinctions de la mode. Valentino Garavani est l&#8217;une de ces ic\u00f4nes. Depuis la fondation [&hellip;]<\/p>\n","protected":false},"featured_media":52207,"template":"","meta":[],"product_cat":[7364,2948],"product_tag":[],"acf":[],"yoast_head":"<!-- This site is optimized with the Yoast SEO plugin v20.11 - https:\/\/yoast.com\/wordpress\/plugins\/seo\/ -->\n<title>Little book of Valentino : L&#039;histoire d&#039;une maison de mode mythique - Librairie 7L<\/title>\n<meta name=\"robots\" content=\"index, follow, max-snippet:-1, max-image-preview:large, max-video-preview:-1\" \/>\n<link rel=\"canonical\" href=\"https:\/\/librairie7l.com\/en\/produit\/little-book-of-valentino-lhistoire-dune-maison-de-mode-mythique-2\/\" \/>\n<meta property=\"og:locale\" content=\"en_US\" \/>\n<meta property=\"og:type\" content=\"article\" \/>\n<meta property=\"og:title\" content=\"Little book of Valentino : L&#039;histoire d&#039;une maison de mode mythique - Librairie 7L\" \/>\n<meta property=\"og:description\" content=\"Plongez dans l&#8217;univers intemporel de Valentino, o\u00f9 chaque robe raconte une histoire de glamour, de luxe et de r\u00e9volution stylistique &#8211; du rouge l\u00e9gendaire \u00e0 l&#8217;\u00e9clat des tapis rouges. Avoir une couleur qui porte votre nom est l&#8217;une des plus hautes distinctions de la mode. Valentino Garavani est l&#8217;une de ces ic\u00f4nes. Depuis la fondation [&hellip;]\" \/>\n<meta property=\"og:url\" content=\"https:\/\/librairie7l.com\/en\/produit\/little-book-of-valentino-lhistoire-dune-maison-de-mode-mythique-2\/\" \/>\n<meta property=\"og:site_name\" content=\"Librairie 7L\" \/>\n<meta property=\"article:modified_time\" content=\"2026-04-05T18:06:08+00:00\" \/>\n<meta property=\"og:image\" content=\"https:\/\/librairie7l.com\/wp-content\/uploads\/2024\/10\/9782809920383_1_75.jpg\" \/>\n\t<meta property=\"og:image:width\" content=\"600\" \/>\n\t<meta property=\"og:image:height\" content=\"827\" \/>\n\t<meta property=\"og:image:type\" content=\"image\/jpeg\" \/>\n<meta name=\"twitter:card\" content=\"summary_large_image\" \/>\n<meta name=\"twitter:label1\" content=\"Est. reading time\" \/>\n\t<meta name=\"twitter:data1\" content=\"1 minute\" \/>\n<script type=\"application\/ld+json\" class=\"yoast-schema-graph\">{\"@context\":\"https:\/\/schema.org\",\"@graph\":[{\"@type\":\"WebPage\",\"@id\":\"https:\/\/librairie7l.com\/en\/produit\/little-book-of-valentino-lhistoire-dune-maison-de-mode-mythique-2\/\",\"url\":\"https:\/\/librairie7l.com\/en\/produit\/little-book-of-valentino-lhistoire-dune-maison-de-mode-mythique-2\/\",\"name\":\"Little book of Valentino : L'histoire d'une maison de mode mythique - Librairie 7L\",\"isPartOf\":{\"@id\":\"https:\/\/librairie7l.com\/en\/#website\"},\"datePublished\":\"2025-11-11T12:56:16+00:00\",\"dateModified\":\"2026-04-05T18:06:08+00:00\",\"breadcrumb\":{\"@id\":\"https:\/\/librairie7l.com\/en\/produit\/little-book-of-valentino-lhistoire-dune-maison-de-mode-mythique-2\/#breadcrumb\"},\"inLanguage\":\"en-US\",\"potentialAction\":[{\"@type\":\"ReadAction\",\"target\":[\"https:\/\/librairie7l.com\/en\/produit\/little-book-of-valentino-lhistoire-dune-maison-de-mode-mythique-2\/\"]}]},{\"@type\":\"BreadcrumbList\",\"@id\":\"https:\/\/librairie7l.com\/en\/produit\/little-book-of-valentino-lhistoire-dune-maison-de-mode-mythique-2\/#breadcrumb\",\"itemListElement\":[{\"@type\":\"ListItem\",\"position\":1,\"name\":\"Accueil\",\"item\":\"https:\/\/librairie7l.com\/en\/\"},{\"@type\":\"ListItem\",\"position\":2,\"name\":\"Shop\",\"item\":\"https:\/\/librairie7l.com\/en\/shop\/\"},{\"@type\":\"ListItem\",\"position\":3,\"name\":\"LITTLE BOOK OF VALENTINO : L&#8217;HISTOIRE D&#8217;UNE MAISON DE MODE MYTHIQUE\"}]},{\"@type\":\"WebSite\",\"@id\":\"https:\/\/librairie7l.com\/en\/#website\",\"url\":\"https:\/\/librairie7l.com\/en\/\",\"name\":\"Librairie 7L\",\"description\":\"Librairie fond\u00e9e en 1999 par Karl Lagerfeld \u00e0 Paris\",\"publisher\":{\"@id\":\"https:\/\/librairie7l.com\/en\/#organization\"},\"potentialAction\":[{\"@type\":\"SearchAction\",\"target\":{\"@type\":\"EntryPoint\",\"urlTemplate\":\"https:\/\/librairie7l.com\/en\/?s={search_term_string}\"},\"query-input\":\"required name=search_term_string\"}],\"inLanguage\":\"en-US\"},{\"@type\":\"Organization\",\"@id\":\"https:\/\/librairie7l.com\/en\/#organization\",\"name\":\"Librairie 7L\",\"url\":\"https:\/\/librairie7l.com\/en\/\",\"logo\":{\"@type\":\"ImageObject\",\"inLanguage\":\"en-US\",\"@id\":\"https:\/\/librairie7l.com\/en\/#\/schema\/logo\/image\/\",\"url\":\"https:\/\/librairie7l.com\/wp-content\/uploads\/2022\/08\/logo-1.png\",\"contentUrl\":\"https:\/\/librairie7l.com\/wp-content\/uploads\/2022\/08\/logo-1.png\",\"width\":227,\"height\":301,\"caption\":\"Librairie 7L\"},\"image\":{\"@id\":\"https:\/\/librairie7l.com\/en\/#\/schema\/logo\/image\/\"}}]}<\/script>\n<!-- \/ Yoast SEO plugin. -->","yoast_head_json":{"title":"Little book of Valentino : L'histoire d'une maison de mode mythique - Librairie 7L","robots":{"index":"index","follow":"follow","max-snippet":"max-snippet:-1","max-image-preview":"max-image-preview:large","max-video-preview":"max-video-preview:-1"},"canonical":"https:\/\/librairie7l.com\/en\/produit\/little-book-of-valentino-lhistoire-dune-maison-de-mode-mythique-2\/","og_locale":"en_US","og_type":"article","og_title":"Little book of Valentino : L'histoire d'une maison de mode mythique - Librairie 7L","og_description":"Plongez dans l&#8217;univers intemporel de Valentino, o\u00f9 chaque robe raconte une histoire de glamour, de luxe et de r\u00e9volution stylistique &#8211; du rouge l\u00e9gendaire \u00e0 l&#8217;\u00e9clat des tapis rouges. Avoir une couleur qui porte votre nom est l&#8217;une des plus hautes distinctions de la mode. Valentino Garavani est l&#8217;une de ces ic\u00f4nes. Depuis la fondation [&hellip;]","og_url":"https:\/\/librairie7l.com\/en\/produit\/little-book-of-valentino-lhistoire-dune-maison-de-mode-mythique-2\/","og_site_name":"Librairie 7L","article_modified_time":"2026-04-05T18:06:08+00:00","og_image":[{"width":600,"height":827,"url":"https:\/\/librairie7l.com\/wp-content\/uploads\/2024\/10\/9782809920383_1_75.jpg","type":"image\/jpeg"}],"twitter_card":"summary_large_image","twitter_misc":{"Est. reading time":"1 minute"},"schema":{"@context":"https:\/\/schema.org","@graph":[{"@type":"WebPage","@id":"https:\/\/librairie7l.com\/en\/produit\/little-book-of-valentino-lhistoire-dune-maison-de-mode-mythique-2\/","url":"https:\/\/librairie7l.com\/en\/produit\/little-book-of-valentino-lhistoire-dune-maison-de-mode-mythique-2\/","name":"Little book of Valentino : L'histoire d'une maison de mode mythique - Librairie 7L","isPartOf":{"@id":"https:\/\/librairie7l.com\/en\/#website"},"datePublished":"2025-11-11T12:56:16+00:00","dateModified":"2026-04-05T18:06:08+00:00","breadcrumb":{"@id":"https:\/\/librairie7l.com\/en\/produit\/little-book-of-valentino-lhistoire-dune-maison-de-mode-mythique-2\/#breadcrumb"},"inLanguage":"en-US","potentialAction":[{"@type":"ReadAction","target":["https:\/\/librairie7l.com\/en\/produit\/little-book-of-valentino-lhistoire-dune-maison-de-mode-mythique-2\/"]}]},{"@type":"BreadcrumbList","@id":"https:\/\/librairie7l.com\/en\/produit\/little-book-of-valentino-lhistoire-dune-maison-de-mode-mythique-2\/#breadcrumb","itemListElement":[{"@type":"ListItem","position":1,"name":"Accueil","item":"https:\/\/librairie7l.com\/en\/"},{"@type":"ListItem","position":2,"name":"Shop","item":"https:\/\/librairie7l.com\/en\/shop\/"},{"@type":"ListItem","position":3,"name":"LITTLE BOOK OF VALENTINO : L&#8217;HISTOIRE D&#8217;UNE MAISON DE MODE MYTHIQUE"}]},{"@type":"WebSite","@id":"https:\/\/librairie7l.com\/en\/#website","url":"https:\/\/librairie7l.com\/en\/","name":"Librairie 7L","description":"Librairie fond\u00e9e en 1999 par Karl Lagerfeld \u00e0 Paris","publisher":{"@id":"https:\/\/librairie7l.com\/en\/#organization"},"potentialAction":[{"@type":"SearchAction","target":{"@type":"EntryPoint","urlTemplate":"https:\/\/librairie7l.com\/en\/?s={search_term_string}"},"query-input":"required name=search_term_string"}],"inLanguage":"en-US"},{"@type":"Organization","@id":"https:\/\/librairie7l.com\/en\/#organization","name":"Librairie 7L","url":"https:\/\/librairie7l.com\/en\/","logo":{"@type":"ImageObject","inLanguage":"en-US","@id":"https:\/\/librairie7l.com\/en\/#\/schema\/logo\/image\/","url":"https:\/\/librairie7l.com\/wp-content\/uploads\/2022\/08\/logo-1.png","contentUrl":"https:\/\/librairie7l.com\/wp-content\/uploads\/2022\/08\/logo-1.png","width":227,"height":301,"caption":"Librairie 7L"},"image":{"@id":"https:\/\/librairie7l.com\/en\/#\/schema\/logo\/image\/"}}]}},"_links":{"self":[{"href":"https:\/\/librairie7l.com\/en\/wp-json\/wp\/v2\/product\/52209"}],"collection":[{"href":"https:\/\/librairie7l.com\/en\/wp-json\/wp\/v2\/product"}],"about":[{"href":"https:\/\/librairie7l.com\/en\/wp-json\/wp\/v2\/types\/product"}],"wp:featuredmedia":[{"embeddable":true,"href":"https:\/\/librairie7l.com\/en\/wp-json\/wp\/v2\/media\/52207"}],"wp:attachment":[{"href":"https:\/\/librairie7l.com\/en\/wp-json\/wp\/v2\/media?parent=52209"}],"wp:term":[{"taxonomy":"product_cat","embeddable":true,"href":"https:\/\/librairie7l.com\/en\/wp-json\/wp\/v2\/product_cat?post=52209"},{"taxonomy":"product_tag","embeddable":true,"href":"https:\/\/librairie7l.com\/en\/wp-json\/wp\/v2\/product_tag?post=52209"}],"curies":[{"name":"wp","href":"https:\/\/api.w.org\/{rel}","templated":true}]}}