{"id":52221,"date":"2025-11-12T09:48:38","date_gmt":"2025-11-12T08:48:38","guid":{"rendered":"https:\/\/librairie7l.com\/?post_type=product&#038;p=52221"},"modified":"2026-04-05T21:36:44","modified_gmt":"2026-04-05T19:36:44","slug":"ebauches-de-vertige-2","status":"publish","type":"product","link":"https:\/\/librairie7l.com\/en\/produit\/ebauches-de-vertige-2\/","title":{"rendered":"\u00c9BAUCHES DE VERTIGE"},"content":{"rendered":"<p>Homme en col\u00e8re, moraliste \u00e0 l&#8217;esprit corrosif, Cioran place le d\u00e9sespoir au coeur de sa pens\u00e9e. Dans un style incisif et d\u00e9capant, il livre ses aphorismes et r\u00e9flexions sur le temps, la mort, la religion et la condition humaine : \u00abLe plus grand exploit de ma vie est d&#8217;\u00eatre encore en vie\u00bb.<br \/>\nUne vision d\u00e9sabus\u00e9e des hommes et du monde, une lucidit\u00e9 extr\u00eame.<\/p>\n","protected":false},"excerpt":{"rendered":"<p>Homme en col\u00e8re, moraliste \u00e0 l&#8217;esprit corrosif, Cioran place le d\u00e9sespoir au coeur de sa pens\u00e9e. Dans un style incisif et d\u00e9capant, il livre ses aphorismes et r\u00e9flexions sur le temps, la mort, la religion et la condition humaine : \u00abLe plus grand exploit de ma vie est d&#8217;\u00eatre encore en vie\u00bb. Une vision d\u00e9sabus\u00e9e [&hellip;]<\/p>\n","protected":false},"featured_media":52219,"template":"","meta":[],"product_cat":[7364,2948],"product_tag":[],"acf":[],"yoast_head":"<!-- This site is optimized with the Yoast SEO plugin v20.11 - https:\/\/yoast.com\/wordpress\/plugins\/seo\/ -->\n<title>\u00e9bauches de vertige - Librairie 7L<\/title>\n<meta name=\"robots\" content=\"index, follow, max-snippet:-1, max-image-preview:large, max-video-preview:-1\" \/>\n<link rel=\"canonical\" href=\"https:\/\/librairie7l.com\/en\/produit\/ebauches-de-vertige-2\/\" \/>\n<meta property=\"og:locale\" content=\"en_US\" \/>\n<meta property=\"og:type\" content=\"article\" \/>\n<meta property=\"og:title\" content=\"\u00e9bauches de vertige - Librairie 7L\" \/>\n<meta property=\"og:description\" content=\"Homme en col\u00e8re, moraliste \u00e0 l&#8217;esprit corrosif, Cioran place le d\u00e9sespoir au coeur de sa pens\u00e9e. Dans un style incisif et d\u00e9capant, il livre ses aphorismes et r\u00e9flexions sur le temps, la mort, la religion et la condition humaine : \u00abLe plus grand exploit de ma vie est d&#8217;\u00eatre encore en vie\u00bb. Une vision d\u00e9sabus\u00e9e [&hellip;]\" \/>\n<meta property=\"og:url\" content=\"https:\/\/librairie7l.com\/en\/produit\/ebauches-de-vertige-2\/\" \/>\n<meta property=\"og:site_name\" content=\"Librairie 7L\" \/>\n<meta property=\"article:modified_time\" content=\"2026-04-05T19:36:44+00:00\" \/>\n<meta property=\"og:image\" content=\"https:\/\/librairie7l.com\/wp-content\/uploads\/2016\/04\/9782070469055_1_75.jpg\" \/>\n\t<meta property=\"og:image:width\" content=\"600\" \/>\n\t<meta property=\"og:image:height\" content=\"988\" \/>\n\t<meta property=\"og:image:type\" content=\"image\/jpeg\" \/>\n<meta name=\"twitter:card\" content=\"summary_large_image\" \/>\n<script type=\"application\/ld+json\" class=\"yoast-schema-graph\">{\"@context\":\"https:\/\/schema.org\",\"@graph\":[{\"@type\":\"WebPage\",\"@id\":\"https:\/\/librairie7l.com\/en\/produit\/ebauches-de-vertige-2\/\",\"url\":\"https:\/\/librairie7l.com\/en\/produit\/ebauches-de-vertige-2\/\",\"name\":\"\u00e9bauches de vertige - Librairie 7L\",\"isPartOf\":{\"@id\":\"https:\/\/librairie7l.com\/en\/#website\"},\"datePublished\":\"2025-11-12T08:48:38+00:00\",\"dateModified\":\"2026-04-05T19:36:44+00:00\",\"breadcrumb\":{\"@id\":\"https:\/\/librairie7l.com\/en\/produit\/ebauches-de-vertige-2\/#breadcrumb\"},\"inLanguage\":\"en-US\",\"potentialAction\":[{\"@type\":\"ReadAction\",\"target\":[\"https:\/\/librairie7l.com\/en\/produit\/ebauches-de-vertige-2\/\"]}]},{\"@type\":\"BreadcrumbList\",\"@id\":\"https:\/\/librairie7l.com\/en\/produit\/ebauches-de-vertige-2\/#breadcrumb\",\"itemListElement\":[{\"@type\":\"ListItem\",\"position\":1,\"name\":\"Accueil\",\"item\":\"https:\/\/librairie7l.com\/en\/\"},{\"@type\":\"ListItem\",\"position\":2,\"name\":\"Shop\",\"item\":\"https:\/\/librairie7l.com\/en\/shop\/\"},{\"@type\":\"ListItem\",\"position\":3,\"name\":\"\u00c9BAUCHES DE VERTIGE\"}]},{\"@type\":\"WebSite\",\"@id\":\"https:\/\/librairie7l.com\/en\/#website\",\"url\":\"https:\/\/librairie7l.com\/en\/\",\"name\":\"Librairie 7L\",\"description\":\"Librairie fond\u00e9e en 1999 par Karl Lagerfeld \u00e0 Paris\",\"publisher\":{\"@id\":\"https:\/\/librairie7l.com\/en\/#organization\"},\"potentialAction\":[{\"@type\":\"SearchAction\",\"target\":{\"@type\":\"EntryPoint\",\"urlTemplate\":\"https:\/\/librairie7l.com\/en\/?s={search_term_string}\"},\"query-input\":\"required name=search_term_string\"}],\"inLanguage\":\"en-US\"},{\"@type\":\"Organization\",\"@id\":\"https:\/\/librairie7l.com\/en\/#organization\",\"name\":\"Librairie 7L\",\"url\":\"https:\/\/librairie7l.com\/en\/\",\"logo\":{\"@type\":\"ImageObject\",\"inLanguage\":\"en-US\",\"@id\":\"https:\/\/librairie7l.com\/en\/#\/schema\/logo\/image\/\",\"url\":\"https:\/\/librairie7l.com\/wp-content\/uploads\/2022\/08\/logo-1.png\",\"contentUrl\":\"https:\/\/librairie7l.com\/wp-content\/uploads\/2022\/08\/logo-1.png\",\"width\":227,\"height\":301,\"caption\":\"Librairie 7L\"},\"image\":{\"@id\":\"https:\/\/librairie7l.com\/en\/#\/schema\/logo\/image\/\"}}]}<\/script>\n<!-- \/ Yoast SEO plugin. -->","yoast_head_json":{"title":"\u00e9bauches de vertige - Librairie 7L","robots":{"index":"index","follow":"follow","max-snippet":"max-snippet:-1","max-image-preview":"max-image-preview:large","max-video-preview":"max-video-preview:-1"},"canonical":"https:\/\/librairie7l.com\/en\/produit\/ebauches-de-vertige-2\/","og_locale":"en_US","og_type":"article","og_title":"\u00e9bauches de vertige - Librairie 7L","og_description":"Homme en col\u00e8re, moraliste \u00e0 l&#8217;esprit corrosif, Cioran place le d\u00e9sespoir au coeur de sa pens\u00e9e. Dans un style incisif et d\u00e9capant, il livre ses aphorismes et r\u00e9flexions sur le temps, la mort, la religion et la condition humaine : \u00abLe plus grand exploit de ma vie est d&#8217;\u00eatre encore en vie\u00bb. Une vision d\u00e9sabus\u00e9e [&hellip;]","og_url":"https:\/\/librairie7l.com\/en\/produit\/ebauches-de-vertige-2\/","og_site_name":"Librairie 7L","article_modified_time":"2026-04-05T19:36:44+00:00","og_image":[{"width":600,"height":988,"url":"https:\/\/librairie7l.com\/wp-content\/uploads\/2016\/04\/9782070469055_1_75.jpg","type":"image\/jpeg"}],"twitter_card":"summary_large_image","schema":{"@context":"https:\/\/schema.org","@graph":[{"@type":"WebPage","@id":"https:\/\/librairie7l.com\/en\/produit\/ebauches-de-vertige-2\/","url":"https:\/\/librairie7l.com\/en\/produit\/ebauches-de-vertige-2\/","name":"\u00e9bauches de vertige - Librairie 7L","isPartOf":{"@id":"https:\/\/librairie7l.com\/en\/#website"},"datePublished":"2025-11-12T08:48:38+00:00","dateModified":"2026-04-05T19:36:44+00:00","breadcrumb":{"@id":"https:\/\/librairie7l.com\/en\/produit\/ebauches-de-vertige-2\/#breadcrumb"},"inLanguage":"en-US","potentialAction":[{"@type":"ReadAction","target":["https:\/\/librairie7l.com\/en\/produit\/ebauches-de-vertige-2\/"]}]},{"@type":"BreadcrumbList","@id":"https:\/\/librairie7l.com\/en\/produit\/ebauches-de-vertige-2\/#breadcrumb","itemListElement":[{"@type":"ListItem","position":1,"name":"Accueil","item":"https:\/\/librairie7l.com\/en\/"},{"@type":"ListItem","position":2,"name":"Shop","item":"https:\/\/librairie7l.com\/en\/shop\/"},{"@type":"ListItem","position":3,"name":"\u00c9BAUCHES DE VERTIGE"}]},{"@type":"WebSite","@id":"https:\/\/librairie7l.com\/en\/#website","url":"https:\/\/librairie7l.com\/en\/","name":"Librairie 7L","description":"Librairie fond\u00e9e en 1999 par Karl Lagerfeld \u00e0 Paris","publisher":{"@id":"https:\/\/librairie7l.com\/en\/#organization"},"potentialAction":[{"@type":"SearchAction","target":{"@type":"EntryPoint","urlTemplate":"https:\/\/librairie7l.com\/en\/?s={search_term_string}"},"query-input":"required name=search_term_string"}],"inLanguage":"en-US"},{"@type":"Organization","@id":"https:\/\/librairie7l.com\/en\/#organization","name":"Librairie 7L","url":"https:\/\/librairie7l.com\/en\/","logo":{"@type":"ImageObject","inLanguage":"en-US","@id":"https:\/\/librairie7l.com\/en\/#\/schema\/logo\/image\/","url":"https:\/\/librairie7l.com\/wp-content\/uploads\/2022\/08\/logo-1.png","contentUrl":"https:\/\/librairie7l.com\/wp-content\/uploads\/2022\/08\/logo-1.png","width":227,"height":301,"caption":"Librairie 7L"},"image":{"@id":"https:\/\/librairie7l.com\/en\/#\/schema\/logo\/image\/"}}]}},"_links":{"self":[{"href":"https:\/\/librairie7l.com\/en\/wp-json\/wp\/v2\/product\/52221"}],"collection":[{"href":"https:\/\/librairie7l.com\/en\/wp-json\/wp\/v2\/product"}],"about":[{"href":"https:\/\/librairie7l.com\/en\/wp-json\/wp\/v2\/types\/product"}],"wp:featuredmedia":[{"embeddable":true,"href":"https:\/\/librairie7l.com\/en\/wp-json\/wp\/v2\/media\/52219"}],"wp:attachment":[{"href":"https:\/\/librairie7l.com\/en\/wp-json\/wp\/v2\/media?parent=52221"}],"wp:term":[{"taxonomy":"product_cat","embeddable":true,"href":"https:\/\/librairie7l.com\/en\/wp-json\/wp\/v2\/product_cat?post=52221"},{"taxonomy":"product_tag","embeddable":true,"href":"https:\/\/librairie7l.com\/en\/wp-json\/wp\/v2\/product_tag?post=52221"}],"curies":[{"name":"wp","href":"https:\/\/api.w.org\/{rel}","templated":true}]}}