{"id":52248,"date":"2025-11-12T12:27:46","date_gmt":"2025-11-12T11:27:46","guid":{"rendered":"https:\/\/librairie7l.com\/?post_type=product&#038;p=52248"},"modified":"2026-04-05T20:03:29","modified_gmt":"2026-04-05T18:03:29","slug":"affiches-de-cinema-2","status":"publish","type":"product","link":"https:\/\/librairie7l.com\/en\/produit\/affiches-de-cinema-2\/","title":{"rendered":"AFFICHES DE CIN\u00c9MA"},"content":{"rendered":"<p>LE LIVRE<br \/>\n\u00c0 travers une collection exceptionnelle de 220 affiches de films cultes, cet ouvrage retrace l&#8217;histoire du septi\u00e8me art depuis ses origines, \u00e0 la fin du XIXe si\u00e8cle jusqu&#8217;aux ann\u00e9es 2010.<br \/>\nIl donne \u00e0 voir les \u00e9volutions techniques des affiches de cin\u00e9ma &#8211; du dessin au photomontage en passant par la lithographie, la gravure sur zinc, le collage &#8211; , ainsi que leur esth\u00e9tique : entre histoire de l&#8217;art et contraintes commerciales, elles ont \u00e9t\u00e9 \u00e9labor\u00e9es par des illustrateurs de talent tels que Saul Bass, Paul Colin, Ren\u00e9 Ferracci, Roger Soubie, Jean Mascii, Ren\u00e9 P\u00e9ron, Ercole Brini, Boris Grrinsson ou Albert Dubout.<br \/>\nAu fil de ces condens\u00e9s graphiques de cin\u00e9ma s&#8217;invente la l\u00e9gende des stars de cin\u00e9ma &#8211; Charlie Chaplin, Louise Brooks, Marlene Dietrich, James Dean, Jean Gabin, Brigitte Bardot et tant d&#8217;autres -, tandis que des images filmiques saisissantes finissent par s&#8217;imprimer dans l&#8217;imaginaire collectif : agression d&#8217;une nu\u00e9e de volatiles dans un grenier des Oiseaux, ballet des h\u00e9licopt\u00e8res dans le soleil couchant d&#8217;Apocalyse Now, nageuse pi\u00e9g\u00e9e des Dents de la mer, blonde sexy en robe blanche, les jambes d\u00e9couvertes par un courant d&#8217;air s&#8217;\u00e9chappant d&#8217;une bouche d&#8217;a\u00e9ration de Sept ans de r\u00e9flexion &#8230;<\/p>\n","protected":false},"excerpt":{"rendered":"<p>LE LIVRE \u00c0 travers une collection exceptionnelle de 220 affiches de films cultes, cet ouvrage retrace l&#8217;histoire du septi\u00e8me art depuis ses origines, \u00e0 la fin du XIXe si\u00e8cle jusqu&#8217;aux ann\u00e9es 2010. Il donne \u00e0 voir les \u00e9volutions techniques des affiches de cin\u00e9ma &#8211; du dessin au photomontage en passant par la lithographie, la gravure [&hellip;]<\/p>\n","protected":false},"featured_media":52246,"template":"","meta":[],"product_cat":[7364,2948],"product_tag":[],"acf":[],"yoast_head":"<!-- This site is optimized with the Yoast SEO plugin v20.11 - https:\/\/yoast.com\/wordpress\/plugins\/seo\/ -->\n<title>Affiches de cin\u00e9ma - Librairie 7L<\/title>\n<meta name=\"robots\" content=\"index, follow, max-snippet:-1, max-image-preview:large, max-video-preview:-1\" \/>\n<link rel=\"canonical\" href=\"https:\/\/librairie7l.com\/en\/produit\/affiches-de-cinema-2\/\" \/>\n<meta property=\"og:locale\" content=\"en_US\" \/>\n<meta property=\"og:type\" content=\"article\" \/>\n<meta property=\"og:title\" content=\"Affiches de cin\u00e9ma - Librairie 7L\" \/>\n<meta property=\"og:description\" content=\"LE LIVRE \u00c0 travers une collection exceptionnelle de 220 affiches de films cultes, cet ouvrage retrace l&#8217;histoire du septi\u00e8me art depuis ses origines, \u00e0 la fin du XIXe si\u00e8cle jusqu&#8217;aux ann\u00e9es 2010. Il donne \u00e0 voir les \u00e9volutions techniques des affiches de cin\u00e9ma &#8211; du dessin au photomontage en passant par la lithographie, la gravure [&hellip;]\" \/>\n<meta property=\"og:url\" content=\"https:\/\/librairie7l.com\/en\/produit\/affiches-de-cinema-2\/\" \/>\n<meta property=\"og:site_name\" content=\"Librairie 7L\" \/>\n<meta property=\"article:modified_time\" content=\"2026-04-05T18:03:29+00:00\" \/>\n<meta property=\"og:image\" content=\"https:\/\/librairie7l.com\/wp-content\/uploads\/2025\/04\/9782386110665_1_75.jpg\" \/>\n\t<meta property=\"og:image:width\" content=\"600\" \/>\n\t<meta property=\"og:image:height\" content=\"771\" \/>\n\t<meta property=\"og:image:type\" content=\"image\/jpeg\" \/>\n<meta name=\"twitter:card\" content=\"summary_large_image\" \/>\n<meta name=\"twitter:label1\" content=\"Est. reading time\" \/>\n\t<meta name=\"twitter:data1\" content=\"1 minute\" \/>\n<script type=\"application\/ld+json\" class=\"yoast-schema-graph\">{\"@context\":\"https:\/\/schema.org\",\"@graph\":[{\"@type\":\"WebPage\",\"@id\":\"https:\/\/librairie7l.com\/en\/produit\/affiches-de-cinema-2\/\",\"url\":\"https:\/\/librairie7l.com\/en\/produit\/affiches-de-cinema-2\/\",\"name\":\"Affiches de cin\u00e9ma - Librairie 7L\",\"isPartOf\":{\"@id\":\"https:\/\/librairie7l.com\/en\/#website\"},\"datePublished\":\"2025-11-12T11:27:46+00:00\",\"dateModified\":\"2026-04-05T18:03:29+00:00\",\"breadcrumb\":{\"@id\":\"https:\/\/librairie7l.com\/en\/produit\/affiches-de-cinema-2\/#breadcrumb\"},\"inLanguage\":\"en-US\",\"potentialAction\":[{\"@type\":\"ReadAction\",\"target\":[\"https:\/\/librairie7l.com\/en\/produit\/affiches-de-cinema-2\/\"]}]},{\"@type\":\"BreadcrumbList\",\"@id\":\"https:\/\/librairie7l.com\/en\/produit\/affiches-de-cinema-2\/#breadcrumb\",\"itemListElement\":[{\"@type\":\"ListItem\",\"position\":1,\"name\":\"Accueil\",\"item\":\"https:\/\/librairie7l.com\/en\/\"},{\"@type\":\"ListItem\",\"position\":2,\"name\":\"Shop\",\"item\":\"https:\/\/librairie7l.com\/en\/shop\/\"},{\"@type\":\"ListItem\",\"position\":3,\"name\":\"AFFICHES DE CIN\u00c9MA\"}]},{\"@type\":\"WebSite\",\"@id\":\"https:\/\/librairie7l.com\/en\/#website\",\"url\":\"https:\/\/librairie7l.com\/en\/\",\"name\":\"Librairie 7L\",\"description\":\"Librairie fond\u00e9e en 1999 par Karl Lagerfeld \u00e0 Paris\",\"publisher\":{\"@id\":\"https:\/\/librairie7l.com\/en\/#organization\"},\"potentialAction\":[{\"@type\":\"SearchAction\",\"target\":{\"@type\":\"EntryPoint\",\"urlTemplate\":\"https:\/\/librairie7l.com\/en\/?s={search_term_string}\"},\"query-input\":\"required name=search_term_string\"}],\"inLanguage\":\"en-US\"},{\"@type\":\"Organization\",\"@id\":\"https:\/\/librairie7l.com\/en\/#organization\",\"name\":\"Librairie 7L\",\"url\":\"https:\/\/librairie7l.com\/en\/\",\"logo\":{\"@type\":\"ImageObject\",\"inLanguage\":\"en-US\",\"@id\":\"https:\/\/librairie7l.com\/en\/#\/schema\/logo\/image\/\",\"url\":\"https:\/\/librairie7l.com\/wp-content\/uploads\/2022\/08\/logo-1.png\",\"contentUrl\":\"https:\/\/librairie7l.com\/wp-content\/uploads\/2022\/08\/logo-1.png\",\"width\":227,\"height\":301,\"caption\":\"Librairie 7L\"},\"image\":{\"@id\":\"https:\/\/librairie7l.com\/en\/#\/schema\/logo\/image\/\"}}]}<\/script>\n<!-- \/ Yoast SEO plugin. -->","yoast_head_json":{"title":"Affiches de cin\u00e9ma - Librairie 7L","robots":{"index":"index","follow":"follow","max-snippet":"max-snippet:-1","max-image-preview":"max-image-preview:large","max-video-preview":"max-video-preview:-1"},"canonical":"https:\/\/librairie7l.com\/en\/produit\/affiches-de-cinema-2\/","og_locale":"en_US","og_type":"article","og_title":"Affiches de cin\u00e9ma - Librairie 7L","og_description":"LE LIVRE \u00c0 travers une collection exceptionnelle de 220 affiches de films cultes, cet ouvrage retrace l&#8217;histoire du septi\u00e8me art depuis ses origines, \u00e0 la fin du XIXe si\u00e8cle jusqu&#8217;aux ann\u00e9es 2010. Il donne \u00e0 voir les \u00e9volutions techniques des affiches de cin\u00e9ma &#8211; du dessin au photomontage en passant par la lithographie, la gravure [&hellip;]","og_url":"https:\/\/librairie7l.com\/en\/produit\/affiches-de-cinema-2\/","og_site_name":"Librairie 7L","article_modified_time":"2026-04-05T18:03:29+00:00","og_image":[{"width":600,"height":771,"url":"https:\/\/librairie7l.com\/wp-content\/uploads\/2025\/04\/9782386110665_1_75.jpg","type":"image\/jpeg"}],"twitter_card":"summary_large_image","twitter_misc":{"Est. reading time":"1 minute"},"schema":{"@context":"https:\/\/schema.org","@graph":[{"@type":"WebPage","@id":"https:\/\/librairie7l.com\/en\/produit\/affiches-de-cinema-2\/","url":"https:\/\/librairie7l.com\/en\/produit\/affiches-de-cinema-2\/","name":"Affiches de cin\u00e9ma - Librairie 7L","isPartOf":{"@id":"https:\/\/librairie7l.com\/en\/#website"},"datePublished":"2025-11-12T11:27:46+00:00","dateModified":"2026-04-05T18:03:29+00:00","breadcrumb":{"@id":"https:\/\/librairie7l.com\/en\/produit\/affiches-de-cinema-2\/#breadcrumb"},"inLanguage":"en-US","potentialAction":[{"@type":"ReadAction","target":["https:\/\/librairie7l.com\/en\/produit\/affiches-de-cinema-2\/"]}]},{"@type":"BreadcrumbList","@id":"https:\/\/librairie7l.com\/en\/produit\/affiches-de-cinema-2\/#breadcrumb","itemListElement":[{"@type":"ListItem","position":1,"name":"Accueil","item":"https:\/\/librairie7l.com\/en\/"},{"@type":"ListItem","position":2,"name":"Shop","item":"https:\/\/librairie7l.com\/en\/shop\/"},{"@type":"ListItem","position":3,"name":"AFFICHES DE CIN\u00c9MA"}]},{"@type":"WebSite","@id":"https:\/\/librairie7l.com\/en\/#website","url":"https:\/\/librairie7l.com\/en\/","name":"Librairie 7L","description":"Librairie fond\u00e9e en 1999 par Karl Lagerfeld \u00e0 Paris","publisher":{"@id":"https:\/\/librairie7l.com\/en\/#organization"},"potentialAction":[{"@type":"SearchAction","target":{"@type":"EntryPoint","urlTemplate":"https:\/\/librairie7l.com\/en\/?s={search_term_string}"},"query-input":"required name=search_term_string"}],"inLanguage":"en-US"},{"@type":"Organization","@id":"https:\/\/librairie7l.com\/en\/#organization","name":"Librairie 7L","url":"https:\/\/librairie7l.com\/en\/","logo":{"@type":"ImageObject","inLanguage":"en-US","@id":"https:\/\/librairie7l.com\/en\/#\/schema\/logo\/image\/","url":"https:\/\/librairie7l.com\/wp-content\/uploads\/2022\/08\/logo-1.png","contentUrl":"https:\/\/librairie7l.com\/wp-content\/uploads\/2022\/08\/logo-1.png","width":227,"height":301,"caption":"Librairie 7L"},"image":{"@id":"https:\/\/librairie7l.com\/en\/#\/schema\/logo\/image\/"}}]}},"_links":{"self":[{"href":"https:\/\/librairie7l.com\/en\/wp-json\/wp\/v2\/product\/52248"}],"collection":[{"href":"https:\/\/librairie7l.com\/en\/wp-json\/wp\/v2\/product"}],"about":[{"href":"https:\/\/librairie7l.com\/en\/wp-json\/wp\/v2\/types\/product"}],"wp:featuredmedia":[{"embeddable":true,"href":"https:\/\/librairie7l.com\/en\/wp-json\/wp\/v2\/media\/52246"}],"wp:attachment":[{"href":"https:\/\/librairie7l.com\/en\/wp-json\/wp\/v2\/media?parent=52248"}],"wp:term":[{"taxonomy":"product_cat","embeddable":true,"href":"https:\/\/librairie7l.com\/en\/wp-json\/wp\/v2\/product_cat?post=52248"},{"taxonomy":"product_tag","embeddable":true,"href":"https:\/\/librairie7l.com\/en\/wp-json\/wp\/v2\/product_tag?post=52248"}],"curies":[{"name":"wp","href":"https:\/\/api.w.org\/{rel}","templated":true}]}}