{"id":52266,"date":"2025-11-13T09:36:29","date_gmt":"2025-11-13T08:36:29","guid":{"rendered":"https:\/\/librairie7l.com\/?post_type=product&#038;p=52266"},"modified":"2026-04-17T00:10:50","modified_gmt":"2026-04-16T22:10:50","slug":"lart-cest-la-vie-else-von-freytag-loringhoven-critique-de-marcel-duchamp-2","status":"publish","type":"product","link":"https:\/\/librairie7l.com\/en\/produit\/lart-cest-la-vie-else-von-freytag-loringhoven-critique-de-marcel-duchamp-2\/","title":{"rendered":"L&#8217;ART, C&#8217;EST LA VIE. ELSE VON FREYTAG-LORINGHOVEN CRITIQUE DE MARCEL DUCHAMP"},"content":{"rendered":"<p>Ce livre articule histoire de l&#8217;art, histoire culturelle et th\u00e9orie f\u00e9ministe autour de la premi\u00e8re monographie en fran\u00e7ais sur l&#8217;artiste et \u00e9crivaine Else von Freytag-Loringhoven (1874-1927).<br \/>\n \tElse von Freytag-Loringhoven, surnomm\u00e9e \u00ab la Baronne \u00bb par l&#8217;avant-garde new-yorkaise, longtemps oubli\u00e9e, a \u00e9t\u00e9 red\u00e9couverte depuis quelques d\u00e9cennies. Plus r\u00e9cemment, on a m\u00eame voulu lui attribuer Fontaine, le c\u00e9l\u00e8bre urinoir de 1917 sign\u00e9 R. Mutt &#8211; il a depuis \u00e9t\u00e9 \u00e9tabli que ce n&#8217;est pas le cas. Sans chercher \u00e0 remplacer un auteur, Marcel Duchamp, par une autrice, EvFL (sa signature), \u00c9ric Fassin et Joana Mas\u00f3 interrogent, \u00e0 partir du f\u00e9minisme, la figure m\u00eame de l&#8217;auteur.<br \/>\n \tLes contemporains admiraient cette baronne allemande sans le sou pour sa mani\u00e8re d&#8217;incarner Dada, dans son travail de mod\u00e8le comme dans ses performances v\u00eatue des costumes qu&#8217;elle confectionnait avec des objets trouv\u00e9s. Elle fut la premi\u00e8re \u00e0 proposer une c\u00e9l\u00e9bration critique de la vie dans l&#8217;Ulysse de Joyce, que The Little Review publiait \u00e0 c\u00f4t\u00e9 de ses po\u00e8mes avant qu&#8217;un proc\u00e8s n&#8217;y mette fin. Elle y d\u00e9veloppa aussi une critique amoureuse, mais virulente, du po\u00e8te William Carlos Williams ainsi que de Marcel Duchamp \u00e0 l&#8217;\u00e9poque du Grand verre, qui \u00e9tait alors son work in progress. Contre l&#8217;avant-garde r\u00e9unie autour du salon Arensberg, qu&#8217;elle accusait de faire abstraction de la vie, EvFL revendiquait l&#8217;id\u00e9e que l&#8217;art, c&#8217;est la vie &#8211; d&#8217;une mani\u00e8re tr\u00e8s litt\u00e9rale. C&#8217;est ainsi qu&#8217;en guise d&#8217;introduction au recueil de ses po\u00e8mes, elle a r\u00e9dig\u00e9 le r\u00e9cit autobiographique de sa qu\u00eate de l&#8217;orgasme &#8211; ce qui achevait, face \u00e0 la censure, de les rendre impubliables.<\/p>\n","protected":false},"excerpt":{"rendered":"<p>Ce livre articule histoire de l&#8217;art, histoire culturelle et th\u00e9orie f\u00e9ministe autour de la premi\u00e8re monographie en fran\u00e7ais sur l&#8217;artiste et \u00e9crivaine Else von Freytag-Loringhoven (1874-1927). Else von Freytag-Loringhoven, surnomm\u00e9e \u00ab la Baronne \u00bb par l&#8217;avant-garde new-yorkaise, longtemps oubli\u00e9e, a \u00e9t\u00e9 red\u00e9couverte depuis quelques d\u00e9cennies. Plus r\u00e9cemment, on a m\u00eame voulu lui attribuer Fontaine, le [&hellip;]<\/p>\n","protected":false},"featured_media":52264,"template":"","meta":[],"product_cat":[2948,2953],"product_tag":[],"acf":[],"yoast_head":"<!-- This site is optimized with the Yoast SEO plugin v20.11 - https:\/\/yoast.com\/wordpress\/plugins\/seo\/ -->\n<title>L&#039;art, c&#039;est la vie. Else von Freytag-Loringhoven critique de Marcel Duchamp - Librairie 7L<\/title>\n<meta name=\"robots\" content=\"index, follow, max-snippet:-1, max-image-preview:large, max-video-preview:-1\" \/>\n<link rel=\"canonical\" href=\"https:\/\/librairie7l.com\/en\/produit\/lart-cest-la-vie-else-von-freytag-loringhoven-critique-de-marcel-duchamp-2\/\" \/>\n<meta property=\"og:locale\" content=\"en_US\" \/>\n<meta property=\"og:type\" content=\"article\" \/>\n<meta property=\"og:title\" content=\"L&#039;art, c&#039;est la vie. Else von Freytag-Loringhoven critique de Marcel Duchamp - Librairie 7L\" \/>\n<meta property=\"og:description\" content=\"Ce livre articule histoire de l&#8217;art, histoire culturelle et th\u00e9orie f\u00e9ministe autour de la premi\u00e8re monographie en fran\u00e7ais sur l&#8217;artiste et \u00e9crivaine Else von Freytag-Loringhoven (1874-1927). Else von Freytag-Loringhoven, surnomm\u00e9e \u00ab la Baronne \u00bb par l&#8217;avant-garde new-yorkaise, longtemps oubli\u00e9e, a \u00e9t\u00e9 red\u00e9couverte depuis quelques d\u00e9cennies. Plus r\u00e9cemment, on a m\u00eame voulu lui attribuer Fontaine, le [&hellip;]\" \/>\n<meta property=\"og:url\" content=\"https:\/\/librairie7l.com\/en\/produit\/lart-cest-la-vie-else-von-freytag-loringhoven-critique-de-marcel-duchamp-2\/\" \/>\n<meta property=\"og:site_name\" content=\"Librairie 7L\" \/>\n<meta property=\"article:modified_time\" content=\"2026-04-16T22:10:50+00:00\" \/>\n<meta property=\"og:image\" content=\"https:\/\/librairie7l.com\/wp-content\/uploads\/2025\/04\/9782865891719_1_75.jpg\" \/>\n\t<meta property=\"og:image:width\" content=\"600\" \/>\n\t<meta property=\"og:image:height\" content=\"900\" \/>\n\t<meta property=\"og:image:type\" content=\"image\/jpeg\" \/>\n<meta name=\"twitter:card\" content=\"summary_large_image\" \/>\n<meta name=\"twitter:label1\" content=\"Est. reading time\" \/>\n\t<meta name=\"twitter:data1\" content=\"1 minute\" \/>\n<script type=\"application\/ld+json\" class=\"yoast-schema-graph\">{\"@context\":\"https:\/\/schema.org\",\"@graph\":[{\"@type\":\"WebPage\",\"@id\":\"https:\/\/librairie7l.com\/en\/produit\/lart-cest-la-vie-else-von-freytag-loringhoven-critique-de-marcel-duchamp-2\/\",\"url\":\"https:\/\/librairie7l.com\/en\/produit\/lart-cest-la-vie-else-von-freytag-loringhoven-critique-de-marcel-duchamp-2\/\",\"name\":\"L'art, c'est la vie. Else von Freytag-Loringhoven critique de Marcel Duchamp - Librairie 7L\",\"isPartOf\":{\"@id\":\"https:\/\/librairie7l.com\/en\/#website\"},\"datePublished\":\"2025-11-13T08:36:29+00:00\",\"dateModified\":\"2026-04-16T22:10:50+00:00\",\"breadcrumb\":{\"@id\":\"https:\/\/librairie7l.com\/en\/produit\/lart-cest-la-vie-else-von-freytag-loringhoven-critique-de-marcel-duchamp-2\/#breadcrumb\"},\"inLanguage\":\"en-US\",\"potentialAction\":[{\"@type\":\"ReadAction\",\"target\":[\"https:\/\/librairie7l.com\/en\/produit\/lart-cest-la-vie-else-von-freytag-loringhoven-critique-de-marcel-duchamp-2\/\"]}]},{\"@type\":\"BreadcrumbList\",\"@id\":\"https:\/\/librairie7l.com\/en\/produit\/lart-cest-la-vie-else-von-freytag-loringhoven-critique-de-marcel-duchamp-2\/#breadcrumb\",\"itemListElement\":[{\"@type\":\"ListItem\",\"position\":1,\"name\":\"Accueil\",\"item\":\"https:\/\/librairie7l.com\/en\/\"},{\"@type\":\"ListItem\",\"position\":2,\"name\":\"Shop\",\"item\":\"https:\/\/librairie7l.com\/en\/shop\/\"},{\"@type\":\"ListItem\",\"position\":3,\"name\":\"L&#8217;ART, C&#8217;EST LA VIE. ELSE VON FREYTAG-LORINGHOVEN CRITIQUE DE MARCEL DUCHAMP\"}]},{\"@type\":\"WebSite\",\"@id\":\"https:\/\/librairie7l.com\/en\/#website\",\"url\":\"https:\/\/librairie7l.com\/en\/\",\"name\":\"Librairie 7L\",\"description\":\"Librairie fond\u00e9e en 1999 par Karl Lagerfeld \u00e0 Paris\",\"publisher\":{\"@id\":\"https:\/\/librairie7l.com\/en\/#organization\"},\"potentialAction\":[{\"@type\":\"SearchAction\",\"target\":{\"@type\":\"EntryPoint\",\"urlTemplate\":\"https:\/\/librairie7l.com\/en\/?s={search_term_string}\"},\"query-input\":\"required name=search_term_string\"}],\"inLanguage\":\"en-US\"},{\"@type\":\"Organization\",\"@id\":\"https:\/\/librairie7l.com\/en\/#organization\",\"name\":\"Librairie 7L\",\"url\":\"https:\/\/librairie7l.com\/en\/\",\"logo\":{\"@type\":\"ImageObject\",\"inLanguage\":\"en-US\",\"@id\":\"https:\/\/librairie7l.com\/en\/#\/schema\/logo\/image\/\",\"url\":\"https:\/\/librairie7l.com\/wp-content\/uploads\/2022\/08\/logo-1.png\",\"contentUrl\":\"https:\/\/librairie7l.com\/wp-content\/uploads\/2022\/08\/logo-1.png\",\"width\":227,\"height\":301,\"caption\":\"Librairie 7L\"},\"image\":{\"@id\":\"https:\/\/librairie7l.com\/en\/#\/schema\/logo\/image\/\"}}]}<\/script>\n<!-- \/ Yoast SEO plugin. -->","yoast_head_json":{"title":"L'art, c'est la vie. Else von Freytag-Loringhoven critique de Marcel Duchamp - Librairie 7L","robots":{"index":"index","follow":"follow","max-snippet":"max-snippet:-1","max-image-preview":"max-image-preview:large","max-video-preview":"max-video-preview:-1"},"canonical":"https:\/\/librairie7l.com\/en\/produit\/lart-cest-la-vie-else-von-freytag-loringhoven-critique-de-marcel-duchamp-2\/","og_locale":"en_US","og_type":"article","og_title":"L'art, c'est la vie. Else von Freytag-Loringhoven critique de Marcel Duchamp - Librairie 7L","og_description":"Ce livre articule histoire de l&#8217;art, histoire culturelle et th\u00e9orie f\u00e9ministe autour de la premi\u00e8re monographie en fran\u00e7ais sur l&#8217;artiste et \u00e9crivaine Else von Freytag-Loringhoven (1874-1927). Else von Freytag-Loringhoven, surnomm\u00e9e \u00ab la Baronne \u00bb par l&#8217;avant-garde new-yorkaise, longtemps oubli\u00e9e, a \u00e9t\u00e9 red\u00e9couverte depuis quelques d\u00e9cennies. Plus r\u00e9cemment, on a m\u00eame voulu lui attribuer Fontaine, le [&hellip;]","og_url":"https:\/\/librairie7l.com\/en\/produit\/lart-cest-la-vie-else-von-freytag-loringhoven-critique-de-marcel-duchamp-2\/","og_site_name":"Librairie 7L","article_modified_time":"2026-04-16T22:10:50+00:00","og_image":[{"width":600,"height":900,"url":"https:\/\/librairie7l.com\/wp-content\/uploads\/2025\/04\/9782865891719_1_75.jpg","type":"image\/jpeg"}],"twitter_card":"summary_large_image","twitter_misc":{"Est. reading time":"1 minute"},"schema":{"@context":"https:\/\/schema.org","@graph":[{"@type":"WebPage","@id":"https:\/\/librairie7l.com\/en\/produit\/lart-cest-la-vie-else-von-freytag-loringhoven-critique-de-marcel-duchamp-2\/","url":"https:\/\/librairie7l.com\/en\/produit\/lart-cest-la-vie-else-von-freytag-loringhoven-critique-de-marcel-duchamp-2\/","name":"L'art, c'est la vie. Else von Freytag-Loringhoven critique de Marcel Duchamp - Librairie 7L","isPartOf":{"@id":"https:\/\/librairie7l.com\/en\/#website"},"datePublished":"2025-11-13T08:36:29+00:00","dateModified":"2026-04-16T22:10:50+00:00","breadcrumb":{"@id":"https:\/\/librairie7l.com\/en\/produit\/lart-cest-la-vie-else-von-freytag-loringhoven-critique-de-marcel-duchamp-2\/#breadcrumb"},"inLanguage":"en-US","potentialAction":[{"@type":"ReadAction","target":["https:\/\/librairie7l.com\/en\/produit\/lart-cest-la-vie-else-von-freytag-loringhoven-critique-de-marcel-duchamp-2\/"]}]},{"@type":"BreadcrumbList","@id":"https:\/\/librairie7l.com\/en\/produit\/lart-cest-la-vie-else-von-freytag-loringhoven-critique-de-marcel-duchamp-2\/#breadcrumb","itemListElement":[{"@type":"ListItem","position":1,"name":"Accueil","item":"https:\/\/librairie7l.com\/en\/"},{"@type":"ListItem","position":2,"name":"Shop","item":"https:\/\/librairie7l.com\/en\/shop\/"},{"@type":"ListItem","position":3,"name":"L&#8217;ART, C&#8217;EST LA VIE. ELSE VON FREYTAG-LORINGHOVEN CRITIQUE DE MARCEL DUCHAMP"}]},{"@type":"WebSite","@id":"https:\/\/librairie7l.com\/en\/#website","url":"https:\/\/librairie7l.com\/en\/","name":"Librairie 7L","description":"Librairie fond\u00e9e en 1999 par Karl Lagerfeld \u00e0 Paris","publisher":{"@id":"https:\/\/librairie7l.com\/en\/#organization"},"potentialAction":[{"@type":"SearchAction","target":{"@type":"EntryPoint","urlTemplate":"https:\/\/librairie7l.com\/en\/?s={search_term_string}"},"query-input":"required name=search_term_string"}],"inLanguage":"en-US"},{"@type":"Organization","@id":"https:\/\/librairie7l.com\/en\/#organization","name":"Librairie 7L","url":"https:\/\/librairie7l.com\/en\/","logo":{"@type":"ImageObject","inLanguage":"en-US","@id":"https:\/\/librairie7l.com\/en\/#\/schema\/logo\/image\/","url":"https:\/\/librairie7l.com\/wp-content\/uploads\/2022\/08\/logo-1.png","contentUrl":"https:\/\/librairie7l.com\/wp-content\/uploads\/2022\/08\/logo-1.png","width":227,"height":301,"caption":"Librairie 7L"},"image":{"@id":"https:\/\/librairie7l.com\/en\/#\/schema\/logo\/image\/"}}]}},"_links":{"self":[{"href":"https:\/\/librairie7l.com\/en\/wp-json\/wp\/v2\/product\/52266"}],"collection":[{"href":"https:\/\/librairie7l.com\/en\/wp-json\/wp\/v2\/product"}],"about":[{"href":"https:\/\/librairie7l.com\/en\/wp-json\/wp\/v2\/types\/product"}],"wp:featuredmedia":[{"embeddable":true,"href":"https:\/\/librairie7l.com\/en\/wp-json\/wp\/v2\/media\/52264"}],"wp:attachment":[{"href":"https:\/\/librairie7l.com\/en\/wp-json\/wp\/v2\/media?parent=52266"}],"wp:term":[{"taxonomy":"product_cat","embeddable":true,"href":"https:\/\/librairie7l.com\/en\/wp-json\/wp\/v2\/product_cat?post=52266"},{"taxonomy":"product_tag","embeddable":true,"href":"https:\/\/librairie7l.com\/en\/wp-json\/wp\/v2\/product_tag?post=52266"}],"curies":[{"name":"wp","href":"https:\/\/api.w.org\/{rel}","templated":true}]}}