{"id":52286,"date":"2025-11-13T09:36:44","date_gmt":"2025-11-13T08:36:44","guid":{"rendered":"https:\/\/librairie7l.com\/?post_type=product&#038;p=52286"},"modified":"2026-04-17T12:38:55","modified_gmt":"2026-04-17T10:38:55","slug":"nature-moderne-2","status":"publish","type":"product","link":"https:\/\/librairie7l.com\/en\/produit\/nature-moderne-2\/","title":{"rendered":"NATURE MODERNE"},"content":{"rendered":"<p>Derek Jarman apprend sa s\u00e9ropositivit\u00e9 en 1986 et part s&#8217;installer au pied d&#8217;une centrale nucl\u00e9aire. Grand cin\u00e9aste queer et punk, passionn\u00e9 de nombreuses choses, en particulier de botanique, il se met en t\u00eate de passer les jours qui lui restent \u00e0 cultiver ce jardin toxique, sur un terrain contamin\u00e9 par la centrale, battu par les vagues et le vent. Ce texte est le journal de ses deux derni\u00e8res ann\u00e9es.<br \/>\n Dans ce livre \u00e9tincelant et fantasque, que l&#8217;imminence de la mort et de la maladie resserrent progressivement, \u00e0 une \u00e9poque o\u00f9 le sida faisait rage et se soignait mal, il finit par ne rester que l&#8217;essentiel : l&#8217;amour pur et fi\u00e9vreux de ceux qui l&#8217;entourent, les souvenirs les plus vifs, la beaut\u00e9 tout autour.<\/p>\n","protected":false},"excerpt":{"rendered":"<p>Derek Jarman apprend sa s\u00e9ropositivit\u00e9 en 1986 et part s&#8217;installer au pied d&#8217;une centrale nucl\u00e9aire. Grand cin\u00e9aste queer et punk, passionn\u00e9 de nombreuses choses, en particulier de botanique, il se met en t\u00eate de passer les jours qui lui restent \u00e0 cultiver ce jardin toxique, sur un terrain contamin\u00e9 par la centrale, battu par les [&hellip;]<\/p>\n","protected":false},"featured_media":52284,"template":"","meta":[],"product_cat":[2948,2956],"product_tag":[],"acf":[],"yoast_head":"<!-- This site is optimized with the Yoast SEO plugin v20.11 - https:\/\/yoast.com\/wordpress\/plugins\/seo\/ -->\n<title>Nature Moderne - Librairie 7L<\/title>\n<meta name=\"robots\" content=\"index, follow, max-snippet:-1, max-image-preview:large, max-video-preview:-1\" \/>\n<link rel=\"canonical\" href=\"https:\/\/librairie7l.com\/en\/produit\/nature-moderne-2\/\" \/>\n<meta property=\"og:locale\" content=\"en_US\" \/>\n<meta property=\"og:type\" content=\"article\" \/>\n<meta property=\"og:title\" content=\"Nature Moderne - Librairie 7L\" \/>\n<meta property=\"og:description\" content=\"Derek Jarman apprend sa s\u00e9ropositivit\u00e9 en 1986 et part s&#8217;installer au pied d&#8217;une centrale nucl\u00e9aire. Grand cin\u00e9aste queer et punk, passionn\u00e9 de nombreuses choses, en particulier de botanique, il se met en t\u00eate de passer les jours qui lui restent \u00e0 cultiver ce jardin toxique, sur un terrain contamin\u00e9 par la centrale, battu par les [&hellip;]\" \/>\n<meta property=\"og:url\" content=\"https:\/\/librairie7l.com\/en\/produit\/nature-moderne-2\/\" \/>\n<meta property=\"og:site_name\" content=\"Librairie 7L\" \/>\n<meta property=\"article:modified_time\" content=\"2026-04-17T10:38:55+00:00\" \/>\n<meta property=\"og:image\" content=\"https:\/\/librairie7l.com\/wp-content\/uploads\/2025\/06\/9782330214302_1_75.jpg\" \/>\n\t<meta property=\"og:image:width\" content=\"600\" \/>\n\t<meta property=\"og:image:height\" content=\"878\" \/>\n\t<meta property=\"og:image:type\" content=\"image\/jpeg\" \/>\n<meta name=\"twitter:card\" content=\"summary_large_image\" \/>\n<meta name=\"twitter:label1\" content=\"Est. reading time\" \/>\n\t<meta name=\"twitter:data1\" content=\"1 minute\" \/>\n<script type=\"application\/ld+json\" class=\"yoast-schema-graph\">{\"@context\":\"https:\/\/schema.org\",\"@graph\":[{\"@type\":\"WebPage\",\"@id\":\"https:\/\/librairie7l.com\/en\/produit\/nature-moderne-2\/\",\"url\":\"https:\/\/librairie7l.com\/en\/produit\/nature-moderne-2\/\",\"name\":\"Nature Moderne - Librairie 7L\",\"isPartOf\":{\"@id\":\"https:\/\/librairie7l.com\/en\/#website\"},\"datePublished\":\"2025-11-13T08:36:44+00:00\",\"dateModified\":\"2026-04-17T10:38:55+00:00\",\"breadcrumb\":{\"@id\":\"https:\/\/librairie7l.com\/en\/produit\/nature-moderne-2\/#breadcrumb\"},\"inLanguage\":\"en-US\",\"potentialAction\":[{\"@type\":\"ReadAction\",\"target\":[\"https:\/\/librairie7l.com\/en\/produit\/nature-moderne-2\/\"]}]},{\"@type\":\"BreadcrumbList\",\"@id\":\"https:\/\/librairie7l.com\/en\/produit\/nature-moderne-2\/#breadcrumb\",\"itemListElement\":[{\"@type\":\"ListItem\",\"position\":1,\"name\":\"Accueil\",\"item\":\"https:\/\/librairie7l.com\/en\/\"},{\"@type\":\"ListItem\",\"position\":2,\"name\":\"Shop\",\"item\":\"https:\/\/librairie7l.com\/en\/shop\/\"},{\"@type\":\"ListItem\",\"position\":3,\"name\":\"NATURE MODERNE\"}]},{\"@type\":\"WebSite\",\"@id\":\"https:\/\/librairie7l.com\/en\/#website\",\"url\":\"https:\/\/librairie7l.com\/en\/\",\"name\":\"Librairie 7L\",\"description\":\"Librairie fond\u00e9e en 1999 par Karl Lagerfeld \u00e0 Paris\",\"publisher\":{\"@id\":\"https:\/\/librairie7l.com\/en\/#organization\"},\"potentialAction\":[{\"@type\":\"SearchAction\",\"target\":{\"@type\":\"EntryPoint\",\"urlTemplate\":\"https:\/\/librairie7l.com\/en\/?s={search_term_string}\"},\"query-input\":\"required name=search_term_string\"}],\"inLanguage\":\"en-US\"},{\"@type\":\"Organization\",\"@id\":\"https:\/\/librairie7l.com\/en\/#organization\",\"name\":\"Librairie 7L\",\"url\":\"https:\/\/librairie7l.com\/en\/\",\"logo\":{\"@type\":\"ImageObject\",\"inLanguage\":\"en-US\",\"@id\":\"https:\/\/librairie7l.com\/en\/#\/schema\/logo\/image\/\",\"url\":\"https:\/\/librairie7l.com\/wp-content\/uploads\/2022\/08\/logo-1.png\",\"contentUrl\":\"https:\/\/librairie7l.com\/wp-content\/uploads\/2022\/08\/logo-1.png\",\"width\":227,\"height\":301,\"caption\":\"Librairie 7L\"},\"image\":{\"@id\":\"https:\/\/librairie7l.com\/en\/#\/schema\/logo\/image\/\"}}]}<\/script>\n<!-- \/ Yoast SEO plugin. -->","yoast_head_json":{"title":"Nature Moderne - Librairie 7L","robots":{"index":"index","follow":"follow","max-snippet":"max-snippet:-1","max-image-preview":"max-image-preview:large","max-video-preview":"max-video-preview:-1"},"canonical":"https:\/\/librairie7l.com\/en\/produit\/nature-moderne-2\/","og_locale":"en_US","og_type":"article","og_title":"Nature Moderne - Librairie 7L","og_description":"Derek Jarman apprend sa s\u00e9ropositivit\u00e9 en 1986 et part s&#8217;installer au pied d&#8217;une centrale nucl\u00e9aire. Grand cin\u00e9aste queer et punk, passionn\u00e9 de nombreuses choses, en particulier de botanique, il se met en t\u00eate de passer les jours qui lui restent \u00e0 cultiver ce jardin toxique, sur un terrain contamin\u00e9 par la centrale, battu par les [&hellip;]","og_url":"https:\/\/librairie7l.com\/en\/produit\/nature-moderne-2\/","og_site_name":"Librairie 7L","article_modified_time":"2026-04-17T10:38:55+00:00","og_image":[{"width":600,"height":878,"url":"https:\/\/librairie7l.com\/wp-content\/uploads\/2025\/06\/9782330214302_1_75.jpg","type":"image\/jpeg"}],"twitter_card":"summary_large_image","twitter_misc":{"Est. reading time":"1 minute"},"schema":{"@context":"https:\/\/schema.org","@graph":[{"@type":"WebPage","@id":"https:\/\/librairie7l.com\/en\/produit\/nature-moderne-2\/","url":"https:\/\/librairie7l.com\/en\/produit\/nature-moderne-2\/","name":"Nature Moderne - Librairie 7L","isPartOf":{"@id":"https:\/\/librairie7l.com\/en\/#website"},"datePublished":"2025-11-13T08:36:44+00:00","dateModified":"2026-04-17T10:38:55+00:00","breadcrumb":{"@id":"https:\/\/librairie7l.com\/en\/produit\/nature-moderne-2\/#breadcrumb"},"inLanguage":"en-US","potentialAction":[{"@type":"ReadAction","target":["https:\/\/librairie7l.com\/en\/produit\/nature-moderne-2\/"]}]},{"@type":"BreadcrumbList","@id":"https:\/\/librairie7l.com\/en\/produit\/nature-moderne-2\/#breadcrumb","itemListElement":[{"@type":"ListItem","position":1,"name":"Accueil","item":"https:\/\/librairie7l.com\/en\/"},{"@type":"ListItem","position":2,"name":"Shop","item":"https:\/\/librairie7l.com\/en\/shop\/"},{"@type":"ListItem","position":3,"name":"NATURE MODERNE"}]},{"@type":"WebSite","@id":"https:\/\/librairie7l.com\/en\/#website","url":"https:\/\/librairie7l.com\/en\/","name":"Librairie 7L","description":"Librairie fond\u00e9e en 1999 par Karl Lagerfeld \u00e0 Paris","publisher":{"@id":"https:\/\/librairie7l.com\/en\/#organization"},"potentialAction":[{"@type":"SearchAction","target":{"@type":"EntryPoint","urlTemplate":"https:\/\/librairie7l.com\/en\/?s={search_term_string}"},"query-input":"required name=search_term_string"}],"inLanguage":"en-US"},{"@type":"Organization","@id":"https:\/\/librairie7l.com\/en\/#organization","name":"Librairie 7L","url":"https:\/\/librairie7l.com\/en\/","logo":{"@type":"ImageObject","inLanguage":"en-US","@id":"https:\/\/librairie7l.com\/en\/#\/schema\/logo\/image\/","url":"https:\/\/librairie7l.com\/wp-content\/uploads\/2022\/08\/logo-1.png","contentUrl":"https:\/\/librairie7l.com\/wp-content\/uploads\/2022\/08\/logo-1.png","width":227,"height":301,"caption":"Librairie 7L"},"image":{"@id":"https:\/\/librairie7l.com\/en\/#\/schema\/logo\/image\/"}}]}},"_links":{"self":[{"href":"https:\/\/librairie7l.com\/en\/wp-json\/wp\/v2\/product\/52286"}],"collection":[{"href":"https:\/\/librairie7l.com\/en\/wp-json\/wp\/v2\/product"}],"about":[{"href":"https:\/\/librairie7l.com\/en\/wp-json\/wp\/v2\/types\/product"}],"wp:featuredmedia":[{"embeddable":true,"href":"https:\/\/librairie7l.com\/en\/wp-json\/wp\/v2\/media\/52284"}],"wp:attachment":[{"href":"https:\/\/librairie7l.com\/en\/wp-json\/wp\/v2\/media?parent=52286"}],"wp:term":[{"taxonomy":"product_cat","embeddable":true,"href":"https:\/\/librairie7l.com\/en\/wp-json\/wp\/v2\/product_cat?post=52286"},{"taxonomy":"product_tag","embeddable":true,"href":"https:\/\/librairie7l.com\/en\/wp-json\/wp\/v2\/product_tag?post=52286"}],"curies":[{"name":"wp","href":"https:\/\/api.w.org\/{rel}","templated":true}]}}