{"id":52294,"date":"2025-11-13T09:36:49","date_gmt":"2025-11-13T08:36:49","guid":{"rendered":"https:\/\/librairie7l.com\/?post_type=product&#038;p=52294"},"modified":"2026-04-14T02:44:14","modified_gmt":"2026-04-14T00:44:14","slug":"les-formes-de-la-nature-ce-que-la-geometrie-du-vivant-nous-revele-2","status":"publish","type":"product","link":"https:\/\/librairie7l.com\/en\/produit\/les-formes-de-la-nature-ce-que-la-geometrie-du-vivant-nous-revele-2\/","title":{"rendered":"LES FORMES DE LA NATURE : CE QUE LA G\u00c9OM\u00c9TRIE DU VIVANT NOUS R\u00c9V\u00c8LE"},"content":{"rendered":"<p>Le vivant doit ses formes, ses couleurs, ses motifs \u00e0 des ph\u00e9nom\u00e8nes physiques et \u00e0 des lois g\u00e9om\u00e9triques. Dans un langage accessible et gr\u00e2ce aux nouvelles techniques d&#8217;\u00e9clairage, l&#8217;auteur, photographe et zoologiste, raconte entre formes et fonctions, les origines biologiques des animaux et des plantes. Un fabuleux voyage visuel qui d\u00e9voile l&#8217;ordre cach\u00e9 de la nature.<br \/>\nQu&#8217;est-ce qui se cache derri\u00e8re les prodigieuses formes du monde vivant ? Spirales des escargots, hexagones des yeux de papillon, coquilles translucides des diatom\u00e9es ou voiles de dentelle des champignons doivent leurs formes, leurs motifs, leur taille et leurs couleurs \u00e0 des ph\u00e9nom\u00e8nes physiques et \u00e0 des lois g\u00e9om\u00e9triques. L&#8217;auteur, photographe et scientifique de renom, a explor\u00e9 le monde des animaux, celui des plantes et celui, microscopique, des protistes et des bact\u00e9ries. Utilisant les ressources de la microscopie et de nouvelles techniques d&#8217;\u00e9clairage pour r\u00e9v\u00e9ler, entre formes et fonctions, les origines biologiques du vivant, il a rapport\u00e9 des images saisissantes de ses exp\u00e9ditions naturalistes. Dans un langage accessible, il nous raconte comment les contraintes physiques et \u00e9volutives d\u00e9terminent la structure des \u00eatres vivants. Un fabuleux voyage visuel qui d\u00e9voile l&#8217;ordre cach\u00e9 de la nature.<\/p>\n","protected":false},"excerpt":{"rendered":"<p>Le vivant doit ses formes, ses couleurs, ses motifs \u00e0 des ph\u00e9nom\u00e8nes physiques et \u00e0 des lois g\u00e9om\u00e9triques. Dans un langage accessible et gr\u00e2ce aux nouvelles techniques d&#8217;\u00e9clairage, l&#8217;auteur, photographe et zoologiste, raconte entre formes et fonctions, les origines biologiques des animaux et des plantes. Un fabuleux voyage visuel qui d\u00e9voile l&#8217;ordre cach\u00e9 de la [&hellip;]<\/p>\n","protected":false},"featured_media":52292,"template":"","meta":[],"product_cat":[2948,2956],"product_tag":[],"acf":[],"yoast_head":"<!-- This site is optimized with the Yoast SEO plugin v20.11 - https:\/\/yoast.com\/wordpress\/plugins\/seo\/ -->\n<title>Les formes de la nature : Ce que la g\u00e9om\u00e9trie du vivant nous r\u00e9v\u00e8le - Librairie 7L<\/title>\n<meta name=\"robots\" content=\"index, follow, max-snippet:-1, max-image-preview:large, max-video-preview:-1\" \/>\n<link rel=\"canonical\" href=\"https:\/\/librairie7l.com\/en\/produit\/les-formes-de-la-nature-ce-que-la-geometrie-du-vivant-nous-revele-2\/\" \/>\n<meta property=\"og:locale\" content=\"en_US\" \/>\n<meta property=\"og:type\" content=\"article\" \/>\n<meta property=\"og:title\" content=\"Les formes de la nature : Ce que la g\u00e9om\u00e9trie du vivant nous r\u00e9v\u00e8le - Librairie 7L\" \/>\n<meta property=\"og:description\" content=\"Le vivant doit ses formes, ses couleurs, ses motifs \u00e0 des ph\u00e9nom\u00e8nes physiques et \u00e0 des lois g\u00e9om\u00e9triques. Dans un langage accessible et gr\u00e2ce aux nouvelles techniques d&#8217;\u00e9clairage, l&#8217;auteur, photographe et zoologiste, raconte entre formes et fonctions, les origines biologiques des animaux et des plantes. Un fabuleux voyage visuel qui d\u00e9voile l&#8217;ordre cach\u00e9 de la [&hellip;]\" \/>\n<meta property=\"og:url\" content=\"https:\/\/librairie7l.com\/en\/produit\/les-formes-de-la-nature-ce-que-la-geometrie-du-vivant-nous-revele-2\/\" \/>\n<meta property=\"og:site_name\" content=\"Librairie 7L\" \/>\n<meta property=\"article:modified_time\" content=\"2026-04-14T00:44:14+00:00\" \/>\n<meta property=\"og:image\" content=\"https:\/\/librairie7l.com\/wp-content\/uploads\/2025\/06\/9782379224492_1_75.jpg\" \/>\n\t<meta property=\"og:image:width\" content=\"600\" \/>\n\t<meta property=\"og:image:height\" content=\"714\" \/>\n\t<meta property=\"og:image:type\" content=\"image\/jpeg\" \/>\n<meta name=\"twitter:card\" content=\"summary_large_image\" \/>\n<meta name=\"twitter:label1\" content=\"Est. reading time\" \/>\n\t<meta name=\"twitter:data1\" content=\"1 minute\" \/>\n<script type=\"application\/ld+json\" class=\"yoast-schema-graph\">{\"@context\":\"https:\/\/schema.org\",\"@graph\":[{\"@type\":\"WebPage\",\"@id\":\"https:\/\/librairie7l.com\/en\/produit\/les-formes-de-la-nature-ce-que-la-geometrie-du-vivant-nous-revele-2\/\",\"url\":\"https:\/\/librairie7l.com\/en\/produit\/les-formes-de-la-nature-ce-que-la-geometrie-du-vivant-nous-revele-2\/\",\"name\":\"Les formes de la nature : Ce que la g\u00e9om\u00e9trie du vivant nous r\u00e9v\u00e8le - Librairie 7L\",\"isPartOf\":{\"@id\":\"https:\/\/librairie7l.com\/en\/#website\"},\"datePublished\":\"2025-11-13T08:36:49+00:00\",\"dateModified\":\"2026-04-14T00:44:14+00:00\",\"breadcrumb\":{\"@id\":\"https:\/\/librairie7l.com\/en\/produit\/les-formes-de-la-nature-ce-que-la-geometrie-du-vivant-nous-revele-2\/#breadcrumb\"},\"inLanguage\":\"en-US\",\"potentialAction\":[{\"@type\":\"ReadAction\",\"target\":[\"https:\/\/librairie7l.com\/en\/produit\/les-formes-de-la-nature-ce-que-la-geometrie-du-vivant-nous-revele-2\/\"]}]},{\"@type\":\"BreadcrumbList\",\"@id\":\"https:\/\/librairie7l.com\/en\/produit\/les-formes-de-la-nature-ce-que-la-geometrie-du-vivant-nous-revele-2\/#breadcrumb\",\"itemListElement\":[{\"@type\":\"ListItem\",\"position\":1,\"name\":\"Accueil\",\"item\":\"https:\/\/librairie7l.com\/en\/\"},{\"@type\":\"ListItem\",\"position\":2,\"name\":\"Shop\",\"item\":\"https:\/\/librairie7l.com\/en\/shop\/\"},{\"@type\":\"ListItem\",\"position\":3,\"name\":\"LES FORMES DE LA NATURE : CE QUE LA G\u00c9OM\u00c9TRIE DU VIVANT NOUS R\u00c9V\u00c8LE\"}]},{\"@type\":\"WebSite\",\"@id\":\"https:\/\/librairie7l.com\/en\/#website\",\"url\":\"https:\/\/librairie7l.com\/en\/\",\"name\":\"Librairie 7L\",\"description\":\"Librairie fond\u00e9e en 1999 par Karl Lagerfeld \u00e0 Paris\",\"publisher\":{\"@id\":\"https:\/\/librairie7l.com\/en\/#organization\"},\"potentialAction\":[{\"@type\":\"SearchAction\",\"target\":{\"@type\":\"EntryPoint\",\"urlTemplate\":\"https:\/\/librairie7l.com\/en\/?s={search_term_string}\"},\"query-input\":\"required name=search_term_string\"}],\"inLanguage\":\"en-US\"},{\"@type\":\"Organization\",\"@id\":\"https:\/\/librairie7l.com\/en\/#organization\",\"name\":\"Librairie 7L\",\"url\":\"https:\/\/librairie7l.com\/en\/\",\"logo\":{\"@type\":\"ImageObject\",\"inLanguage\":\"en-US\",\"@id\":\"https:\/\/librairie7l.com\/en\/#\/schema\/logo\/image\/\",\"url\":\"https:\/\/librairie7l.com\/wp-content\/uploads\/2022\/08\/logo-1.png\",\"contentUrl\":\"https:\/\/librairie7l.com\/wp-content\/uploads\/2022\/08\/logo-1.png\",\"width\":227,\"height\":301,\"caption\":\"Librairie 7L\"},\"image\":{\"@id\":\"https:\/\/librairie7l.com\/en\/#\/schema\/logo\/image\/\"}}]}<\/script>\n<!-- \/ Yoast SEO plugin. -->","yoast_head_json":{"title":"Les formes de la nature : Ce que la g\u00e9om\u00e9trie du vivant nous r\u00e9v\u00e8le - Librairie 7L","robots":{"index":"index","follow":"follow","max-snippet":"max-snippet:-1","max-image-preview":"max-image-preview:large","max-video-preview":"max-video-preview:-1"},"canonical":"https:\/\/librairie7l.com\/en\/produit\/les-formes-de-la-nature-ce-que-la-geometrie-du-vivant-nous-revele-2\/","og_locale":"en_US","og_type":"article","og_title":"Les formes de la nature : Ce que la g\u00e9om\u00e9trie du vivant nous r\u00e9v\u00e8le - Librairie 7L","og_description":"Le vivant doit ses formes, ses couleurs, ses motifs \u00e0 des ph\u00e9nom\u00e8nes physiques et \u00e0 des lois g\u00e9om\u00e9triques. Dans un langage accessible et gr\u00e2ce aux nouvelles techniques d&#8217;\u00e9clairage, l&#8217;auteur, photographe et zoologiste, raconte entre formes et fonctions, les origines biologiques des animaux et des plantes. Un fabuleux voyage visuel qui d\u00e9voile l&#8217;ordre cach\u00e9 de la [&hellip;]","og_url":"https:\/\/librairie7l.com\/en\/produit\/les-formes-de-la-nature-ce-que-la-geometrie-du-vivant-nous-revele-2\/","og_site_name":"Librairie 7L","article_modified_time":"2026-04-14T00:44:14+00:00","og_image":[{"width":600,"height":714,"url":"https:\/\/librairie7l.com\/wp-content\/uploads\/2025\/06\/9782379224492_1_75.jpg","type":"image\/jpeg"}],"twitter_card":"summary_large_image","twitter_misc":{"Est. reading time":"1 minute"},"schema":{"@context":"https:\/\/schema.org","@graph":[{"@type":"WebPage","@id":"https:\/\/librairie7l.com\/en\/produit\/les-formes-de-la-nature-ce-que-la-geometrie-du-vivant-nous-revele-2\/","url":"https:\/\/librairie7l.com\/en\/produit\/les-formes-de-la-nature-ce-que-la-geometrie-du-vivant-nous-revele-2\/","name":"Les formes de la nature : Ce que la g\u00e9om\u00e9trie du vivant nous r\u00e9v\u00e8le - Librairie 7L","isPartOf":{"@id":"https:\/\/librairie7l.com\/en\/#website"},"datePublished":"2025-11-13T08:36:49+00:00","dateModified":"2026-04-14T00:44:14+00:00","breadcrumb":{"@id":"https:\/\/librairie7l.com\/en\/produit\/les-formes-de-la-nature-ce-que-la-geometrie-du-vivant-nous-revele-2\/#breadcrumb"},"inLanguage":"en-US","potentialAction":[{"@type":"ReadAction","target":["https:\/\/librairie7l.com\/en\/produit\/les-formes-de-la-nature-ce-que-la-geometrie-du-vivant-nous-revele-2\/"]}]},{"@type":"BreadcrumbList","@id":"https:\/\/librairie7l.com\/en\/produit\/les-formes-de-la-nature-ce-que-la-geometrie-du-vivant-nous-revele-2\/#breadcrumb","itemListElement":[{"@type":"ListItem","position":1,"name":"Accueil","item":"https:\/\/librairie7l.com\/en\/"},{"@type":"ListItem","position":2,"name":"Shop","item":"https:\/\/librairie7l.com\/en\/shop\/"},{"@type":"ListItem","position":3,"name":"LES FORMES DE LA NATURE : CE QUE LA G\u00c9OM\u00c9TRIE DU VIVANT NOUS R\u00c9V\u00c8LE"}]},{"@type":"WebSite","@id":"https:\/\/librairie7l.com\/en\/#website","url":"https:\/\/librairie7l.com\/en\/","name":"Librairie 7L","description":"Librairie fond\u00e9e en 1999 par Karl Lagerfeld \u00e0 Paris","publisher":{"@id":"https:\/\/librairie7l.com\/en\/#organization"},"potentialAction":[{"@type":"SearchAction","target":{"@type":"EntryPoint","urlTemplate":"https:\/\/librairie7l.com\/en\/?s={search_term_string}"},"query-input":"required name=search_term_string"}],"inLanguage":"en-US"},{"@type":"Organization","@id":"https:\/\/librairie7l.com\/en\/#organization","name":"Librairie 7L","url":"https:\/\/librairie7l.com\/en\/","logo":{"@type":"ImageObject","inLanguage":"en-US","@id":"https:\/\/librairie7l.com\/en\/#\/schema\/logo\/image\/","url":"https:\/\/librairie7l.com\/wp-content\/uploads\/2022\/08\/logo-1.png","contentUrl":"https:\/\/librairie7l.com\/wp-content\/uploads\/2022\/08\/logo-1.png","width":227,"height":301,"caption":"Librairie 7L"},"image":{"@id":"https:\/\/librairie7l.com\/en\/#\/schema\/logo\/image\/"}}]}},"_links":{"self":[{"href":"https:\/\/librairie7l.com\/en\/wp-json\/wp\/v2\/product\/52294"}],"collection":[{"href":"https:\/\/librairie7l.com\/en\/wp-json\/wp\/v2\/product"}],"about":[{"href":"https:\/\/librairie7l.com\/en\/wp-json\/wp\/v2\/types\/product"}],"wp:featuredmedia":[{"embeddable":true,"href":"https:\/\/librairie7l.com\/en\/wp-json\/wp\/v2\/media\/52292"}],"wp:attachment":[{"href":"https:\/\/librairie7l.com\/en\/wp-json\/wp\/v2\/media?parent=52294"}],"wp:term":[{"taxonomy":"product_cat","embeddable":true,"href":"https:\/\/librairie7l.com\/en\/wp-json\/wp\/v2\/product_cat?post=52294"},{"taxonomy":"product_tag","embeddable":true,"href":"https:\/\/librairie7l.com\/en\/wp-json\/wp\/v2\/product_tag?post=52294"}],"curies":[{"name":"wp","href":"https:\/\/api.w.org\/{rel}","templated":true}]}}