{"id":52298,"date":"2025-11-13T09:37:23","date_gmt":"2025-11-13T08:37:23","guid":{"rendered":"https:\/\/librairie7l.com\/?post_type=product&#038;p=52298"},"modified":"2026-04-04T16:07:15","modified_gmt":"2026-04-04T14:07:15","slug":"la-grenouillere-hors-les-murs-2","status":"publish","type":"product","link":"https:\/\/librairie7l.com\/en\/produit\/la-grenouillere-hors-les-murs-2\/","title":{"rendered":"LA GRENOUILL\u00c8RE HORS LES MURS"},"content":{"rendered":"<p>En avril 2024, le restaurant 2 \u00e9toiles au guide Michelin<br \/>\nLa Grenouill\u00e8re prend ses quartiers dans un ancien garage automobile du huiti\u00e8me arrondissement de Paris pour une semaine de service hors norme, investissant un endroit d\u00e9saffect\u00e9 en transposant son mobilier, ses \u00e9quipes et son savoir-faire.<br \/>\nBien plus qu&#8217;un d\u00e9m\u00e9nagement li\u00e9 aux inondations du lieu originel, cet \u00e9v\u00e9nement est, dans la lign\u00e9e de l&#8217;histoire du restaurant, l&#8217;occasion de proposer une nouvelle fois une vision de la cuisine comme un tout : spatiale, sensorielle, gustative et d&#8217;exp\u00e9rience totale. La haute gastronomie propos\u00e9e pendant cette semaine a \u00e9t\u00e9 mise en sc\u00e8ne par Julien Gosselin, aujourd&#8217;hui directeur du Th\u00e9\u00e2tre de l&#8217;Od\u00e9on, l&#8217;un des plus prestigieux \u00e0 Paris. Le spectateur devait alors traverser les diff\u00e9rents niveaux du garage, dans des ambiances color\u00e9es et sonores particuli\u00e8res, afin d&#8217;acc\u00e9der au restaurant situ\u00e9 dans les \u00e9tages.<br \/>\nLe livre qui na\u00eet de cette exp\u00e9rience r\u00e9ussi \u00e0 retranscrire ce moment, sans en \u00eatre simplement le souvenir heureux des personnes qui ont pu y assister. Il est plus qu&#8217;un r\u00e9sum\u00e9, il est un objet inattendu \u00e0 la hauteur de ce qui a \u00e9t\u00e9 propos\u00e9 avec cette mise en sc\u00e8ne. Il doit \u00eatre la porte d&#8217;entr\u00e9e dans l&#8217;univers du restaurant, mais aussi le porteur d&#8217;un message intellectuel et artistique, vecteur d&#8217;\u00e9motions, de r\u00e9flexions et d&#8217;envie.<br \/>\nComment penser la cuisine en symbiose avec une forme artistique ? Comment l&#8217;une r\u00e9pond \u00e0 l&#8217;autre, ou influence l&#8217;autre, comment les plats sont, comme le parcours jusqu&#8217;\u00e0 l&#8217;assiette, une invitation \u00e0 comprendre un message d\u00e9fendu par les cr\u00e9ateurs ?<br \/>\nPour r\u00e9ussir \u00e0 r\u00e9pondre \u00e0 ces questions, l&#8217;ouvrage propose un \u00e9quilibre dans les formes propos\u00e9es. \u00catre \u00e0 la fois visuel, photographique, mais aussi didactique pour que le lecteur comprenne la volont\u00e9 des auteurs. Faire passer une \u00e9motion par le touch\u00e9 gr\u00e2ce \u00e0 la combinaison de mati\u00e8res imprim\u00e9es, pour \u00eatre au service du message, et m\u00ealer les expressions \u00e9crites pour ouvrir le regard. Ainsi, un long entretien crois\u00e9 entre le Chef Alexandre Gauthier et le metteur en sc\u00e8ne Julien Gosselin viendra d\u00e9tailler cette exp\u00e9rience cr\u00e9ative. En regard de ce texte, un essai litt\u00e9raire d\u00e9placera le lecteur vers une forme plus \u00e9crite. Enfin, un court texte d&#8217;un sp\u00e9cialiste culinaire permettra de resituer la place de la cuisine d&#8217;Alexandre Gauthier dans notre \u00e9poque.<br \/>\nLe livre sera travers\u00e9 par des photographies de cet \u00e9v\u00e9nement, mais \u00e9galement de petites choses passionnantes pour le lecteur : recettes du Chef, plans et dessins, le tout imprim\u00e9 sur diff\u00e9rents papiers.<\/p>\n","protected":false},"excerpt":{"rendered":"<p>En avril 2024, le restaurant 2 \u00e9toiles au guide Michelin La Grenouill\u00e8re prend ses quartiers dans un ancien garage automobile du huiti\u00e8me arrondissement de Paris pour une semaine de service hors norme, investissant un endroit d\u00e9saffect\u00e9 en transposant son mobilier, ses \u00e9quipes et son savoir-faire. Bien plus qu&#8217;un d\u00e9m\u00e9nagement li\u00e9 aux inondations du lieu originel, [&hellip;]<\/p>\n","protected":false},"featured_media":52296,"template":"","meta":[],"product_cat":[2948,2958],"product_tag":[],"acf":[],"yoast_head":"<!-- This site is optimized with the Yoast SEO plugin v20.11 - https:\/\/yoast.com\/wordpress\/plugins\/seo\/ -->\n<title>La Grenouill\u00e8re hors les murs - Librairie 7L<\/title>\n<meta name=\"robots\" content=\"index, follow, max-snippet:-1, max-image-preview:large, max-video-preview:-1\" \/>\n<link rel=\"canonical\" href=\"https:\/\/librairie7l.com\/en\/produit\/la-grenouillere-hors-les-murs-2\/\" \/>\n<meta property=\"og:locale\" content=\"en_US\" \/>\n<meta property=\"og:type\" content=\"article\" \/>\n<meta property=\"og:title\" content=\"La Grenouill\u00e8re hors les murs - Librairie 7L\" \/>\n<meta property=\"og:description\" content=\"En avril 2024, le restaurant 2 \u00e9toiles au guide Michelin La Grenouill\u00e8re prend ses quartiers dans un ancien garage automobile du huiti\u00e8me arrondissement de Paris pour une semaine de service hors norme, investissant un endroit d\u00e9saffect\u00e9 en transposant son mobilier, ses \u00e9quipes et son savoir-faire. Bien plus qu&#8217;un d\u00e9m\u00e9nagement li\u00e9 aux inondations du lieu originel, [&hellip;]\" \/>\n<meta property=\"og:url\" content=\"https:\/\/librairie7l.com\/en\/produit\/la-grenouillere-hors-les-murs-2\/\" \/>\n<meta property=\"og:site_name\" content=\"Librairie 7L\" \/>\n<meta property=\"article:modified_time\" content=\"2026-04-04T14:07:15+00:00\" \/>\n<meta property=\"og:image\" content=\"https:\/\/librairie7l.com\/wp-content\/uploads\/2025\/04\/9782365114356_1_75.jpg\" \/>\n\t<meta property=\"og:image:width\" content=\"600\" \/>\n\t<meta property=\"og:image:height\" content=\"842\" \/>\n\t<meta property=\"og:image:type\" content=\"image\/jpeg\" \/>\n<meta name=\"twitter:card\" content=\"summary_large_image\" \/>\n<meta name=\"twitter:label1\" content=\"Est. reading time\" \/>\n\t<meta name=\"twitter:data1\" content=\"2 minutes\" \/>\n<script type=\"application\/ld+json\" class=\"yoast-schema-graph\">{\"@context\":\"https:\/\/schema.org\",\"@graph\":[{\"@type\":\"WebPage\",\"@id\":\"https:\/\/librairie7l.com\/en\/produit\/la-grenouillere-hors-les-murs-2\/\",\"url\":\"https:\/\/librairie7l.com\/en\/produit\/la-grenouillere-hors-les-murs-2\/\",\"name\":\"La Grenouill\u00e8re hors les murs - Librairie 7L\",\"isPartOf\":{\"@id\":\"https:\/\/librairie7l.com\/en\/#website\"},\"datePublished\":\"2025-11-13T08:37:23+00:00\",\"dateModified\":\"2026-04-04T14:07:15+00:00\",\"breadcrumb\":{\"@id\":\"https:\/\/librairie7l.com\/en\/produit\/la-grenouillere-hors-les-murs-2\/#breadcrumb\"},\"inLanguage\":\"en-US\",\"potentialAction\":[{\"@type\":\"ReadAction\",\"target\":[\"https:\/\/librairie7l.com\/en\/produit\/la-grenouillere-hors-les-murs-2\/\"]}]},{\"@type\":\"BreadcrumbList\",\"@id\":\"https:\/\/librairie7l.com\/en\/produit\/la-grenouillere-hors-les-murs-2\/#breadcrumb\",\"itemListElement\":[{\"@type\":\"ListItem\",\"position\":1,\"name\":\"Accueil\",\"item\":\"https:\/\/librairie7l.com\/en\/\"},{\"@type\":\"ListItem\",\"position\":2,\"name\":\"Shop\",\"item\":\"https:\/\/librairie7l.com\/en\/shop\/\"},{\"@type\":\"ListItem\",\"position\":3,\"name\":\"LA GRENOUILL\u00c8RE HORS LES MURS\"}]},{\"@type\":\"WebSite\",\"@id\":\"https:\/\/librairie7l.com\/en\/#website\",\"url\":\"https:\/\/librairie7l.com\/en\/\",\"name\":\"Librairie 7L\",\"description\":\"Librairie fond\u00e9e en 1999 par Karl Lagerfeld \u00e0 Paris\",\"publisher\":{\"@id\":\"https:\/\/librairie7l.com\/en\/#organization\"},\"potentialAction\":[{\"@type\":\"SearchAction\",\"target\":{\"@type\":\"EntryPoint\",\"urlTemplate\":\"https:\/\/librairie7l.com\/en\/?s={search_term_string}\"},\"query-input\":\"required name=search_term_string\"}],\"inLanguage\":\"en-US\"},{\"@type\":\"Organization\",\"@id\":\"https:\/\/librairie7l.com\/en\/#organization\",\"name\":\"Librairie 7L\",\"url\":\"https:\/\/librairie7l.com\/en\/\",\"logo\":{\"@type\":\"ImageObject\",\"inLanguage\":\"en-US\",\"@id\":\"https:\/\/librairie7l.com\/en\/#\/schema\/logo\/image\/\",\"url\":\"https:\/\/librairie7l.com\/wp-content\/uploads\/2022\/08\/logo-1.png\",\"contentUrl\":\"https:\/\/librairie7l.com\/wp-content\/uploads\/2022\/08\/logo-1.png\",\"width\":227,\"height\":301,\"caption\":\"Librairie 7L\"},\"image\":{\"@id\":\"https:\/\/librairie7l.com\/en\/#\/schema\/logo\/image\/\"}}]}<\/script>\n<!-- \/ Yoast SEO plugin. -->","yoast_head_json":{"title":"La Grenouill\u00e8re hors les murs - Librairie 7L","robots":{"index":"index","follow":"follow","max-snippet":"max-snippet:-1","max-image-preview":"max-image-preview:large","max-video-preview":"max-video-preview:-1"},"canonical":"https:\/\/librairie7l.com\/en\/produit\/la-grenouillere-hors-les-murs-2\/","og_locale":"en_US","og_type":"article","og_title":"La Grenouill\u00e8re hors les murs - Librairie 7L","og_description":"En avril 2024, le restaurant 2 \u00e9toiles au guide Michelin La Grenouill\u00e8re prend ses quartiers dans un ancien garage automobile du huiti\u00e8me arrondissement de Paris pour une semaine de service hors norme, investissant un endroit d\u00e9saffect\u00e9 en transposant son mobilier, ses \u00e9quipes et son savoir-faire. Bien plus qu&#8217;un d\u00e9m\u00e9nagement li\u00e9 aux inondations du lieu originel, [&hellip;]","og_url":"https:\/\/librairie7l.com\/en\/produit\/la-grenouillere-hors-les-murs-2\/","og_site_name":"Librairie 7L","article_modified_time":"2026-04-04T14:07:15+00:00","og_image":[{"width":600,"height":842,"url":"https:\/\/librairie7l.com\/wp-content\/uploads\/2025\/04\/9782365114356_1_75.jpg","type":"image\/jpeg"}],"twitter_card":"summary_large_image","twitter_misc":{"Est. reading time":"2 minutes"},"schema":{"@context":"https:\/\/schema.org","@graph":[{"@type":"WebPage","@id":"https:\/\/librairie7l.com\/en\/produit\/la-grenouillere-hors-les-murs-2\/","url":"https:\/\/librairie7l.com\/en\/produit\/la-grenouillere-hors-les-murs-2\/","name":"La Grenouill\u00e8re hors les murs - Librairie 7L","isPartOf":{"@id":"https:\/\/librairie7l.com\/en\/#website"},"datePublished":"2025-11-13T08:37:23+00:00","dateModified":"2026-04-04T14:07:15+00:00","breadcrumb":{"@id":"https:\/\/librairie7l.com\/en\/produit\/la-grenouillere-hors-les-murs-2\/#breadcrumb"},"inLanguage":"en-US","potentialAction":[{"@type":"ReadAction","target":["https:\/\/librairie7l.com\/en\/produit\/la-grenouillere-hors-les-murs-2\/"]}]},{"@type":"BreadcrumbList","@id":"https:\/\/librairie7l.com\/en\/produit\/la-grenouillere-hors-les-murs-2\/#breadcrumb","itemListElement":[{"@type":"ListItem","position":1,"name":"Accueil","item":"https:\/\/librairie7l.com\/en\/"},{"@type":"ListItem","position":2,"name":"Shop","item":"https:\/\/librairie7l.com\/en\/shop\/"},{"@type":"ListItem","position":3,"name":"LA GRENOUILL\u00c8RE HORS LES MURS"}]},{"@type":"WebSite","@id":"https:\/\/librairie7l.com\/en\/#website","url":"https:\/\/librairie7l.com\/en\/","name":"Librairie 7L","description":"Librairie fond\u00e9e en 1999 par Karl Lagerfeld \u00e0 Paris","publisher":{"@id":"https:\/\/librairie7l.com\/en\/#organization"},"potentialAction":[{"@type":"SearchAction","target":{"@type":"EntryPoint","urlTemplate":"https:\/\/librairie7l.com\/en\/?s={search_term_string}"},"query-input":"required name=search_term_string"}],"inLanguage":"en-US"},{"@type":"Organization","@id":"https:\/\/librairie7l.com\/en\/#organization","name":"Librairie 7L","url":"https:\/\/librairie7l.com\/en\/","logo":{"@type":"ImageObject","inLanguage":"en-US","@id":"https:\/\/librairie7l.com\/en\/#\/schema\/logo\/image\/","url":"https:\/\/librairie7l.com\/wp-content\/uploads\/2022\/08\/logo-1.png","contentUrl":"https:\/\/librairie7l.com\/wp-content\/uploads\/2022\/08\/logo-1.png","width":227,"height":301,"caption":"Librairie 7L"},"image":{"@id":"https:\/\/librairie7l.com\/en\/#\/schema\/logo\/image\/"}}]}},"_links":{"self":[{"href":"https:\/\/librairie7l.com\/en\/wp-json\/wp\/v2\/product\/52298"}],"collection":[{"href":"https:\/\/librairie7l.com\/en\/wp-json\/wp\/v2\/product"}],"about":[{"href":"https:\/\/librairie7l.com\/en\/wp-json\/wp\/v2\/types\/product"}],"wp:featuredmedia":[{"embeddable":true,"href":"https:\/\/librairie7l.com\/en\/wp-json\/wp\/v2\/media\/52296"}],"wp:attachment":[{"href":"https:\/\/librairie7l.com\/en\/wp-json\/wp\/v2\/media?parent=52298"}],"wp:term":[{"taxonomy":"product_cat","embeddable":true,"href":"https:\/\/librairie7l.com\/en\/wp-json\/wp\/v2\/product_cat?post=52298"},{"taxonomy":"product_tag","embeddable":true,"href":"https:\/\/librairie7l.com\/en\/wp-json\/wp\/v2\/product_tag?post=52298"}],"curies":[{"name":"wp","href":"https:\/\/api.w.org\/{rel}","templated":true}]}}