{"id":52302,"date":"2025-11-13T09:37:26","date_gmt":"2025-11-13T08:37:26","guid":{"rendered":"https:\/\/librairie7l.com\/?post_type=product&#038;p=52302"},"modified":"2026-04-04T16:09:02","modified_gmt":"2026-04-04T14:09:02","slug":"tres-viajes-2","status":"publish","type":"product","link":"https:\/\/librairie7l.com\/en\/produit\/tres-viajes-2\/","title":{"rendered":"TRES VIAJES"},"content":{"rendered":"<p>Photographe allemand, directeur de l&#8217;agence Ostkreuz \u00e0 Berlin, J\u00f6rg Bru&#776;ggemann explore le territoire chilien \u00e0 travers une s\u00e9rie en trois volets. Tres Viajes se compose de trois corpus li\u00e9s entre eux par les relations humaines complexes qui se tissent entre les individus.<br \/>\nDans Mi madre tiene novio (2018), Bru&#776;ggemann part \u00e0 la recherche de sa m\u00e8re, d\u00e9c\u00e9d\u00e9e dix ans plus t\u00f4t, et des signes qui lui sont apparus en r\u00eave. Parti du Chili o\u00f9 il se trouvait, il a travers\u00e9 le continent sud-am\u00e9ricain jusqu&#8217;\u00e0 revenir \u00e0 l&#8217;endroit o\u00f9 il a appris sa mort. Il utilise alors la photographie comme une fa\u00e7on de rassembler les pi\u00e8ces de ce r\u00eave et de mettre des images sur la relation avec sa m\u00e8re et son approche du deuil.<br \/>\nEl derecho de vivir en paz (2019) est construit un an plus tard. Le photographe allemand retourne au Chili et est pris en pleine contestation sociale. Le peuple chilien se soul\u00e8ve violemment contre son gouvernement et les injustices qu&#8217;il subit. T\u00e9moin de ce mouvement historique d&#8217;une ampleur in\u00e9gal\u00e9e, J\u00f6rg Bru&#776;ggemann propose sur papier glac\u00e9 une immersion dans la violence de la rue.<br \/>\nAgua que no has de beber (2022) cl\u00f4t le livre en s&#8217;int\u00e9ressant \u00e0 une relation complexe \u00e0 distance entre une femme et \u00e0 homme. Elle sur la c\u00f4te chilienne, lui dans la montagne, les kilom\u00e8tres les s\u00e9parant comme une fronti\u00e8re, rendant leur amour impossible. Ce travail photographique, plus apais\u00e9, illustre d&#8217;une fa\u00e7on po\u00e9tique la force de la nature chilienne et les liens invisibles cr\u00e9\u00e9s entre deux \u00eatres.<\/p>\n","protected":false},"excerpt":{"rendered":"<p>Photographe allemand, directeur de l&#8217;agence Ostkreuz \u00e0 Berlin, J\u00f6rg Bru&#776;ggemann explore le territoire chilien \u00e0 travers une s\u00e9rie en trois volets. Tres Viajes se compose de trois corpus li\u00e9s entre eux par les relations humaines complexes qui se tissent entre les individus. Dans Mi madre tiene novio (2018), Bru&#776;ggemann part \u00e0 la recherche de sa [&hellip;]<\/p>\n","protected":false},"featured_media":52300,"template":"","meta":[],"product_cat":[2948,2958],"product_tag":[],"acf":[],"yoast_head":"<!-- This site is optimized with the Yoast SEO plugin v20.11 - https:\/\/yoast.com\/wordpress\/plugins\/seo\/ -->\n<title>Tres Viajes - Librairie 7L<\/title>\n<meta name=\"robots\" content=\"index, follow, max-snippet:-1, max-image-preview:large, max-video-preview:-1\" \/>\n<link rel=\"canonical\" href=\"https:\/\/librairie7l.com\/en\/produit\/tres-viajes-2\/\" \/>\n<meta property=\"og:locale\" content=\"en_US\" \/>\n<meta property=\"og:type\" content=\"article\" \/>\n<meta property=\"og:title\" content=\"Tres Viajes - Librairie 7L\" \/>\n<meta property=\"og:description\" content=\"Photographe allemand, directeur de l&#8217;agence Ostkreuz \u00e0 Berlin, J\u00f6rg Bru&#776;ggemann explore le territoire chilien \u00e0 travers une s\u00e9rie en trois volets. Tres Viajes se compose de trois corpus li\u00e9s entre eux par les relations humaines complexes qui se tissent entre les individus. Dans Mi madre tiene novio (2018), Bru&#776;ggemann part \u00e0 la recherche de sa [&hellip;]\" \/>\n<meta property=\"og:url\" content=\"https:\/\/librairie7l.com\/en\/produit\/tres-viajes-2\/\" \/>\n<meta property=\"og:site_name\" content=\"Librairie 7L\" \/>\n<meta property=\"article:modified_time\" content=\"2026-04-04T14:09:02+00:00\" \/>\n<meta property=\"og:image\" content=\"https:\/\/librairie7l.com\/wp-content\/uploads\/2025\/06\/9782365114325_1_75.jpg\" \/>\n\t<meta property=\"og:image:width\" content=\"600\" \/>\n\t<meta property=\"og:image:height\" content=\"838\" \/>\n\t<meta property=\"og:image:type\" content=\"image\/jpeg\" \/>\n<meta name=\"twitter:card\" content=\"summary_large_image\" \/>\n<meta name=\"twitter:label1\" content=\"Est. reading time\" \/>\n\t<meta name=\"twitter:data1\" content=\"1 minute\" \/>\n<script type=\"application\/ld+json\" class=\"yoast-schema-graph\">{\"@context\":\"https:\/\/schema.org\",\"@graph\":[{\"@type\":\"WebPage\",\"@id\":\"https:\/\/librairie7l.com\/en\/produit\/tres-viajes-2\/\",\"url\":\"https:\/\/librairie7l.com\/en\/produit\/tres-viajes-2\/\",\"name\":\"Tres Viajes - Librairie 7L\",\"isPartOf\":{\"@id\":\"https:\/\/librairie7l.com\/en\/#website\"},\"datePublished\":\"2025-11-13T08:37:26+00:00\",\"dateModified\":\"2026-04-04T14:09:02+00:00\",\"breadcrumb\":{\"@id\":\"https:\/\/librairie7l.com\/en\/produit\/tres-viajes-2\/#breadcrumb\"},\"inLanguage\":\"en-US\",\"potentialAction\":[{\"@type\":\"ReadAction\",\"target\":[\"https:\/\/librairie7l.com\/en\/produit\/tres-viajes-2\/\"]}]},{\"@type\":\"BreadcrumbList\",\"@id\":\"https:\/\/librairie7l.com\/en\/produit\/tres-viajes-2\/#breadcrumb\",\"itemListElement\":[{\"@type\":\"ListItem\",\"position\":1,\"name\":\"Accueil\",\"item\":\"https:\/\/librairie7l.com\/en\/\"},{\"@type\":\"ListItem\",\"position\":2,\"name\":\"Shop\",\"item\":\"https:\/\/librairie7l.com\/en\/shop\/\"},{\"@type\":\"ListItem\",\"position\":3,\"name\":\"TRES VIAJES\"}]},{\"@type\":\"WebSite\",\"@id\":\"https:\/\/librairie7l.com\/en\/#website\",\"url\":\"https:\/\/librairie7l.com\/en\/\",\"name\":\"Librairie 7L\",\"description\":\"Librairie fond\u00e9e en 1999 par Karl Lagerfeld \u00e0 Paris\",\"publisher\":{\"@id\":\"https:\/\/librairie7l.com\/en\/#organization\"},\"potentialAction\":[{\"@type\":\"SearchAction\",\"target\":{\"@type\":\"EntryPoint\",\"urlTemplate\":\"https:\/\/librairie7l.com\/en\/?s={search_term_string}\"},\"query-input\":\"required name=search_term_string\"}],\"inLanguage\":\"en-US\"},{\"@type\":\"Organization\",\"@id\":\"https:\/\/librairie7l.com\/en\/#organization\",\"name\":\"Librairie 7L\",\"url\":\"https:\/\/librairie7l.com\/en\/\",\"logo\":{\"@type\":\"ImageObject\",\"inLanguage\":\"en-US\",\"@id\":\"https:\/\/librairie7l.com\/en\/#\/schema\/logo\/image\/\",\"url\":\"https:\/\/librairie7l.com\/wp-content\/uploads\/2022\/08\/logo-1.png\",\"contentUrl\":\"https:\/\/librairie7l.com\/wp-content\/uploads\/2022\/08\/logo-1.png\",\"width\":227,\"height\":301,\"caption\":\"Librairie 7L\"},\"image\":{\"@id\":\"https:\/\/librairie7l.com\/en\/#\/schema\/logo\/image\/\"}}]}<\/script>\n<!-- \/ Yoast SEO plugin. -->","yoast_head_json":{"title":"Tres Viajes - Librairie 7L","robots":{"index":"index","follow":"follow","max-snippet":"max-snippet:-1","max-image-preview":"max-image-preview:large","max-video-preview":"max-video-preview:-1"},"canonical":"https:\/\/librairie7l.com\/en\/produit\/tres-viajes-2\/","og_locale":"en_US","og_type":"article","og_title":"Tres Viajes - Librairie 7L","og_description":"Photographe allemand, directeur de l&#8217;agence Ostkreuz \u00e0 Berlin, J\u00f6rg Bru&#776;ggemann explore le territoire chilien \u00e0 travers une s\u00e9rie en trois volets. Tres Viajes se compose de trois corpus li\u00e9s entre eux par les relations humaines complexes qui se tissent entre les individus. Dans Mi madre tiene novio (2018), Bru&#776;ggemann part \u00e0 la recherche de sa [&hellip;]","og_url":"https:\/\/librairie7l.com\/en\/produit\/tres-viajes-2\/","og_site_name":"Librairie 7L","article_modified_time":"2026-04-04T14:09:02+00:00","og_image":[{"width":600,"height":838,"url":"https:\/\/librairie7l.com\/wp-content\/uploads\/2025\/06\/9782365114325_1_75.jpg","type":"image\/jpeg"}],"twitter_card":"summary_large_image","twitter_misc":{"Est. reading time":"1 minute"},"schema":{"@context":"https:\/\/schema.org","@graph":[{"@type":"WebPage","@id":"https:\/\/librairie7l.com\/en\/produit\/tres-viajes-2\/","url":"https:\/\/librairie7l.com\/en\/produit\/tres-viajes-2\/","name":"Tres Viajes - Librairie 7L","isPartOf":{"@id":"https:\/\/librairie7l.com\/en\/#website"},"datePublished":"2025-11-13T08:37:26+00:00","dateModified":"2026-04-04T14:09:02+00:00","breadcrumb":{"@id":"https:\/\/librairie7l.com\/en\/produit\/tres-viajes-2\/#breadcrumb"},"inLanguage":"en-US","potentialAction":[{"@type":"ReadAction","target":["https:\/\/librairie7l.com\/en\/produit\/tres-viajes-2\/"]}]},{"@type":"BreadcrumbList","@id":"https:\/\/librairie7l.com\/en\/produit\/tres-viajes-2\/#breadcrumb","itemListElement":[{"@type":"ListItem","position":1,"name":"Accueil","item":"https:\/\/librairie7l.com\/en\/"},{"@type":"ListItem","position":2,"name":"Shop","item":"https:\/\/librairie7l.com\/en\/shop\/"},{"@type":"ListItem","position":3,"name":"TRES VIAJES"}]},{"@type":"WebSite","@id":"https:\/\/librairie7l.com\/en\/#website","url":"https:\/\/librairie7l.com\/en\/","name":"Librairie 7L","description":"Librairie fond\u00e9e en 1999 par Karl Lagerfeld \u00e0 Paris","publisher":{"@id":"https:\/\/librairie7l.com\/en\/#organization"},"potentialAction":[{"@type":"SearchAction","target":{"@type":"EntryPoint","urlTemplate":"https:\/\/librairie7l.com\/en\/?s={search_term_string}"},"query-input":"required name=search_term_string"}],"inLanguage":"en-US"},{"@type":"Organization","@id":"https:\/\/librairie7l.com\/en\/#organization","name":"Librairie 7L","url":"https:\/\/librairie7l.com\/en\/","logo":{"@type":"ImageObject","inLanguage":"en-US","@id":"https:\/\/librairie7l.com\/en\/#\/schema\/logo\/image\/","url":"https:\/\/librairie7l.com\/wp-content\/uploads\/2022\/08\/logo-1.png","contentUrl":"https:\/\/librairie7l.com\/wp-content\/uploads\/2022\/08\/logo-1.png","width":227,"height":301,"caption":"Librairie 7L"},"image":{"@id":"https:\/\/librairie7l.com\/en\/#\/schema\/logo\/image\/"}}]}},"_links":{"self":[{"href":"https:\/\/librairie7l.com\/en\/wp-json\/wp\/v2\/product\/52302"}],"collection":[{"href":"https:\/\/librairie7l.com\/en\/wp-json\/wp\/v2\/product"}],"about":[{"href":"https:\/\/librairie7l.com\/en\/wp-json\/wp\/v2\/types\/product"}],"wp:featuredmedia":[{"embeddable":true,"href":"https:\/\/librairie7l.com\/en\/wp-json\/wp\/v2\/media\/52300"}],"wp:attachment":[{"href":"https:\/\/librairie7l.com\/en\/wp-json\/wp\/v2\/media?parent=52302"}],"wp:term":[{"taxonomy":"product_cat","embeddable":true,"href":"https:\/\/librairie7l.com\/en\/wp-json\/wp\/v2\/product_cat?post=52302"},{"taxonomy":"product_tag","embeddable":true,"href":"https:\/\/librairie7l.com\/en\/wp-json\/wp\/v2\/product_tag?post=52302"}],"curies":[{"name":"wp","href":"https:\/\/api.w.org\/{rel}","templated":true}]}}