{"id":52334,"date":"2025-11-14T09:18:01","date_gmt":"2025-11-14T08:18:01","guid":{"rendered":"https:\/\/librairie7l.com\/?post_type=product&#038;p=52334"},"modified":"2026-04-22T04:32:37","modified_gmt":"2026-04-22T02:32:37","slug":"matali-crasset-autrement-2","status":"publish","type":"product","link":"https:\/\/librairie7l.com\/en\/produit\/matali-crasset-autrement-2\/","title":{"rendered":"MATALI CRASSET AUTREMENT"},"content":{"rendered":"<p>Comment le design, l&#8217;art, l&#8217;architecture, envisag\u00e9s comme disciplines pour penser et agir dans un monde en profond bouleversement, peuvent-ils nous mettre en mouvement ?<\/p>\n<p>Designer fran\u00e7aise internationalement reconnue, matali crasset propose dans cet ouvrage des r\u00e9ponses \u00e0 la question centrale de notre \u00e9poque \u00ab comment habiter le monde ? \u00bb \u00e0 travers 80 projets. Ressources et vuln\u00e9rabilit\u00e9s du monde sont les donn\u00e9es premi\u00e8res \u00e0 partir desquelles il s&#8217;agit d\u00e9sormais d&#8217;avancer. Refusant les chemins tout trac\u00e9s d&#8217;une discipline de l&#8217;objet, matali crasset invente une d\u00e9marche singuli\u00e8re, ancr\u00e9e dans les milieux, au plus pr\u00e8s des habitants, r\u00e9solument anthropologique.<\/p>\n<p>\u00c0 la crois\u00e9e d&#8217;une pratique artistique, \u00e9cologique et sociale, son design est engag\u00e9 et toujours en action, de l&#8217;habitat individuel aux formes collectives de l&#8217;\u00eatre-ensemble, des territoires urbains aux territoires ruraux, des hommes et des femmes qui les pensent aux esp\u00e8ces qui les engendrent et de la cohabitation n\u00e9cessaire entre toutes et tous pour le vivant. Mais de l&#8217;observation de cette r\u00e9alit\u00e9 \u00e9cologique et politique na\u00eet une r\u00e9flexion sur les utopies n\u00e9cessaires \u00e0 la r\u00e9invention de communaut\u00e9s. matali crasset d\u00e9montre ici toute la force de la cr\u00e9ation quand celle-ci se met au service du commun.<\/p>\n","protected":false},"excerpt":{"rendered":"<p>Comment le design, l&#8217;art, l&#8217;architecture, envisag\u00e9s comme disciplines pour penser et agir dans un monde en profond bouleversement, peuvent-ils nous mettre en mouvement ? Designer fran\u00e7aise internationalement reconnue, matali crasset propose dans cet ouvrage des r\u00e9ponses \u00e0 la question centrale de notre \u00e9poque \u00ab comment habiter le monde ? \u00bb \u00e0 travers 80 projets. Ressources [&hellip;]<\/p>\n","protected":false},"featured_media":52332,"template":"","meta":[],"product_cat":[2948],"product_tag":[],"acf":[],"yoast_head":"<!-- This site is optimized with the Yoast SEO plugin v20.11 - https:\/\/yoast.com\/wordpress\/plugins\/seo\/ -->\n<title>Matali Crasset autrement - Librairie 7L<\/title>\n<meta name=\"robots\" content=\"index, follow, max-snippet:-1, max-image-preview:large, max-video-preview:-1\" \/>\n<link rel=\"canonical\" href=\"https:\/\/librairie7l.com\/en\/produit\/matali-crasset-autrement-2\/\" \/>\n<meta property=\"og:locale\" content=\"en_US\" \/>\n<meta property=\"og:type\" content=\"article\" \/>\n<meta property=\"og:title\" content=\"Matali Crasset autrement - Librairie 7L\" \/>\n<meta property=\"og:description\" content=\"Comment le design, l&#8217;art, l&#8217;architecture, envisag\u00e9s comme disciplines pour penser et agir dans un monde en profond bouleversement, peuvent-ils nous mettre en mouvement ? Designer fran\u00e7aise internationalement reconnue, matali crasset propose dans cet ouvrage des r\u00e9ponses \u00e0 la question centrale de notre \u00e9poque \u00ab comment habiter le monde ? \u00bb \u00e0 travers 80 projets. Ressources [&hellip;]\" \/>\n<meta property=\"og:url\" content=\"https:\/\/librairie7l.com\/en\/produit\/matali-crasset-autrement-2\/\" \/>\n<meta property=\"og:site_name\" content=\"Librairie 7L\" \/>\n<meta property=\"article:modified_time\" content=\"2026-04-22T02:32:37+00:00\" \/>\n<meta property=\"og:image\" content=\"https:\/\/librairie7l.com\/wp-content\/uploads\/2025\/04\/9791040117698_1_75.jpg\" \/>\n\t<meta property=\"og:image:width\" content=\"571\" \/>\n\t<meta property=\"og:image:height\" content=\"400\" \/>\n\t<meta property=\"og:image:type\" content=\"image\/jpeg\" \/>\n<meta name=\"twitter:card\" content=\"summary_large_image\" \/>\n<meta name=\"twitter:label1\" content=\"Est. reading time\" \/>\n\t<meta name=\"twitter:data1\" content=\"1 minute\" \/>\n<script type=\"application\/ld+json\" class=\"yoast-schema-graph\">{\"@context\":\"https:\/\/schema.org\",\"@graph\":[{\"@type\":\"WebPage\",\"@id\":\"https:\/\/librairie7l.com\/en\/produit\/matali-crasset-autrement-2\/\",\"url\":\"https:\/\/librairie7l.com\/en\/produit\/matali-crasset-autrement-2\/\",\"name\":\"Matali Crasset autrement - Librairie 7L\",\"isPartOf\":{\"@id\":\"https:\/\/librairie7l.com\/en\/#website\"},\"datePublished\":\"2025-11-14T08:18:01+00:00\",\"dateModified\":\"2026-04-22T02:32:37+00:00\",\"breadcrumb\":{\"@id\":\"https:\/\/librairie7l.com\/en\/produit\/matali-crasset-autrement-2\/#breadcrumb\"},\"inLanguage\":\"en-US\",\"potentialAction\":[{\"@type\":\"ReadAction\",\"target\":[\"https:\/\/librairie7l.com\/en\/produit\/matali-crasset-autrement-2\/\"]}]},{\"@type\":\"BreadcrumbList\",\"@id\":\"https:\/\/librairie7l.com\/en\/produit\/matali-crasset-autrement-2\/#breadcrumb\",\"itemListElement\":[{\"@type\":\"ListItem\",\"position\":1,\"name\":\"Accueil\",\"item\":\"https:\/\/librairie7l.com\/en\/\"},{\"@type\":\"ListItem\",\"position\":2,\"name\":\"Shop\",\"item\":\"https:\/\/librairie7l.com\/en\/shop\/\"},{\"@type\":\"ListItem\",\"position\":3,\"name\":\"MATALI CRASSET AUTREMENT\"}]},{\"@type\":\"WebSite\",\"@id\":\"https:\/\/librairie7l.com\/en\/#website\",\"url\":\"https:\/\/librairie7l.com\/en\/\",\"name\":\"Librairie 7L\",\"description\":\"Librairie fond\u00e9e en 1999 par Karl Lagerfeld \u00e0 Paris\",\"publisher\":{\"@id\":\"https:\/\/librairie7l.com\/en\/#organization\"},\"potentialAction\":[{\"@type\":\"SearchAction\",\"target\":{\"@type\":\"EntryPoint\",\"urlTemplate\":\"https:\/\/librairie7l.com\/en\/?s={search_term_string}\"},\"query-input\":\"required name=search_term_string\"}],\"inLanguage\":\"en-US\"},{\"@type\":\"Organization\",\"@id\":\"https:\/\/librairie7l.com\/en\/#organization\",\"name\":\"Librairie 7L\",\"url\":\"https:\/\/librairie7l.com\/en\/\",\"logo\":{\"@type\":\"ImageObject\",\"inLanguage\":\"en-US\",\"@id\":\"https:\/\/librairie7l.com\/en\/#\/schema\/logo\/image\/\",\"url\":\"https:\/\/librairie7l.com\/wp-content\/uploads\/2022\/08\/logo-1.png\",\"contentUrl\":\"https:\/\/librairie7l.com\/wp-content\/uploads\/2022\/08\/logo-1.png\",\"width\":227,\"height\":301,\"caption\":\"Librairie 7L\"},\"image\":{\"@id\":\"https:\/\/librairie7l.com\/en\/#\/schema\/logo\/image\/\"}}]}<\/script>\n<!-- \/ Yoast SEO plugin. -->","yoast_head_json":{"title":"Matali Crasset autrement - Librairie 7L","robots":{"index":"index","follow":"follow","max-snippet":"max-snippet:-1","max-image-preview":"max-image-preview:large","max-video-preview":"max-video-preview:-1"},"canonical":"https:\/\/librairie7l.com\/en\/produit\/matali-crasset-autrement-2\/","og_locale":"en_US","og_type":"article","og_title":"Matali Crasset autrement - Librairie 7L","og_description":"Comment le design, l&#8217;art, l&#8217;architecture, envisag\u00e9s comme disciplines pour penser et agir dans un monde en profond bouleversement, peuvent-ils nous mettre en mouvement ? Designer fran\u00e7aise internationalement reconnue, matali crasset propose dans cet ouvrage des r\u00e9ponses \u00e0 la question centrale de notre \u00e9poque \u00ab comment habiter le monde ? \u00bb \u00e0 travers 80 projets. Ressources [&hellip;]","og_url":"https:\/\/librairie7l.com\/en\/produit\/matali-crasset-autrement-2\/","og_site_name":"Librairie 7L","article_modified_time":"2026-04-22T02:32:37+00:00","og_image":[{"width":571,"height":400,"url":"https:\/\/librairie7l.com\/wp-content\/uploads\/2025\/04\/9791040117698_1_75.jpg","type":"image\/jpeg"}],"twitter_card":"summary_large_image","twitter_misc":{"Est. reading time":"1 minute"},"schema":{"@context":"https:\/\/schema.org","@graph":[{"@type":"WebPage","@id":"https:\/\/librairie7l.com\/en\/produit\/matali-crasset-autrement-2\/","url":"https:\/\/librairie7l.com\/en\/produit\/matali-crasset-autrement-2\/","name":"Matali Crasset autrement - Librairie 7L","isPartOf":{"@id":"https:\/\/librairie7l.com\/en\/#website"},"datePublished":"2025-11-14T08:18:01+00:00","dateModified":"2026-04-22T02:32:37+00:00","breadcrumb":{"@id":"https:\/\/librairie7l.com\/en\/produit\/matali-crasset-autrement-2\/#breadcrumb"},"inLanguage":"en-US","potentialAction":[{"@type":"ReadAction","target":["https:\/\/librairie7l.com\/en\/produit\/matali-crasset-autrement-2\/"]}]},{"@type":"BreadcrumbList","@id":"https:\/\/librairie7l.com\/en\/produit\/matali-crasset-autrement-2\/#breadcrumb","itemListElement":[{"@type":"ListItem","position":1,"name":"Accueil","item":"https:\/\/librairie7l.com\/en\/"},{"@type":"ListItem","position":2,"name":"Shop","item":"https:\/\/librairie7l.com\/en\/shop\/"},{"@type":"ListItem","position":3,"name":"MATALI CRASSET AUTREMENT"}]},{"@type":"WebSite","@id":"https:\/\/librairie7l.com\/en\/#website","url":"https:\/\/librairie7l.com\/en\/","name":"Librairie 7L","description":"Librairie fond\u00e9e en 1999 par Karl Lagerfeld \u00e0 Paris","publisher":{"@id":"https:\/\/librairie7l.com\/en\/#organization"},"potentialAction":[{"@type":"SearchAction","target":{"@type":"EntryPoint","urlTemplate":"https:\/\/librairie7l.com\/en\/?s={search_term_string}"},"query-input":"required name=search_term_string"}],"inLanguage":"en-US"},{"@type":"Organization","@id":"https:\/\/librairie7l.com\/en\/#organization","name":"Librairie 7L","url":"https:\/\/librairie7l.com\/en\/","logo":{"@type":"ImageObject","inLanguage":"en-US","@id":"https:\/\/librairie7l.com\/en\/#\/schema\/logo\/image\/","url":"https:\/\/librairie7l.com\/wp-content\/uploads\/2022\/08\/logo-1.png","contentUrl":"https:\/\/librairie7l.com\/wp-content\/uploads\/2022\/08\/logo-1.png","width":227,"height":301,"caption":"Librairie 7L"},"image":{"@id":"https:\/\/librairie7l.com\/en\/#\/schema\/logo\/image\/"}}]}},"_links":{"self":[{"href":"https:\/\/librairie7l.com\/en\/wp-json\/wp\/v2\/product\/52334"}],"collection":[{"href":"https:\/\/librairie7l.com\/en\/wp-json\/wp\/v2\/product"}],"about":[{"href":"https:\/\/librairie7l.com\/en\/wp-json\/wp\/v2\/types\/product"}],"wp:featuredmedia":[{"embeddable":true,"href":"https:\/\/librairie7l.com\/en\/wp-json\/wp\/v2\/media\/52332"}],"wp:attachment":[{"href":"https:\/\/librairie7l.com\/en\/wp-json\/wp\/v2\/media?parent=52334"}],"wp:term":[{"taxonomy":"product_cat","embeddable":true,"href":"https:\/\/librairie7l.com\/en\/wp-json\/wp\/v2\/product_cat?post=52334"},{"taxonomy":"product_tag","embeddable":true,"href":"https:\/\/librairie7l.com\/en\/wp-json\/wp\/v2\/product_tag?post=52334"}],"curies":[{"name":"wp","href":"https:\/\/api.w.org\/{rel}","templated":true}]}}