{"id":52360,"date":"2025-11-17T09:17:59","date_gmt":"2025-11-17T08:17:59","guid":{"rendered":"https:\/\/librairie7l.com\/?post_type=product&#038;p=52360"},"modified":"2026-04-22T07:27:17","modified_gmt":"2026-04-22T05:27:17","slug":"defiles-les-100-evenements-qui-ont-marque-lhistoire-de-la-mode-2","status":"publish","type":"product","link":"https:\/\/librairie7l.com\/en\/produit\/defiles-les-100-evenements-qui-ont-marque-lhistoire-de-la-mode-2\/","title":{"rendered":"D\u00c9FIL\u00c9S : LES 100 \u00c9V\u00c9NEMENTS QUI ONT MARQU\u00c9 L&#8217;HISTOIRE DE LA MODE"},"content":{"rendered":"<p>Les 100 d\u00e9fil\u00e9s qui ont \u00e9crit l&#8217;histoire de la mode et de la haute couture.<br \/>\nDe Paris \u00e0 New York en passant par Londres ou Milan, les d\u00e9fil\u00e9s rythment l&#8217;agenda de la plan\u00e8te Mode. Spectacles autant que rendez-vous marketing, ils ont \u00e9volu\u00e9 depuis leur apparition, se posant en miroir de leur \u00e9poque ou, au contraire, brisant les r\u00e8gles et les codes pour en instaurer de nouveaux. Car la haute couture, ce n&#8217;est pas que de la mode et les d\u00e9fil\u00e9s se teintent parfois de notes politiques, r\u00e9volutionnaires, avant-gardistes, grandioses&#8230; quand ils ne cr\u00e9ent pas tout simplement le scandale.<\/p>\n<p>Les ballets russes d&#8217;Yves Saint Laurent, le tout premier d\u00e9fil\u00e9 de Karl Lagerfeld pour Chanel, l&#8217;invention du d\u00e9fil\u00e9-spectacle par Thierry Mugler, les hommes en jupe de Jean Paul Gaultier, la Liberty de Vivienne Westwood, les femmes en tchador d&#8217;Hussein Chalayan, Fendi sur la grande muraille de Chine&#8230; Des ann\u00e9es 1980 \u00e0 nos jours, H\u00e9l\u00e8ne Guillaume passe en revue quatre d\u00e9cennies de cr\u00e9ation, de petites et de grandes r\u00e9volutions, 100 \u00e9v\u00e9nements qui ont \u00e9crit l&#8217;histoire de la mode.<\/p>\n","protected":false},"excerpt":{"rendered":"<p>Les 100 d\u00e9fil\u00e9s qui ont \u00e9crit l&#8217;histoire de la mode et de la haute couture. De Paris \u00e0 New York en passant par Londres ou Milan, les d\u00e9fil\u00e9s rythment l&#8217;agenda de la plan\u00e8te Mode. Spectacles autant que rendez-vous marketing, ils ont \u00e9volu\u00e9 depuis leur apparition, se posant en miroir de leur \u00e9poque ou, au contraire, [&hellip;]<\/p>\n","protected":false},"featured_media":52358,"template":"","meta":[],"product_cat":[2948,2957],"product_tag":[],"acf":[],"yoast_head":"<!-- This site is optimized with the Yoast SEO plugin v20.11 - https:\/\/yoast.com\/wordpress\/plugins\/seo\/ -->\n<title>D\u00e9fil\u00e9s : Les 100 \u00e9v\u00e9nements qui ont marqu\u00e9 l&#039;histoire de la mode - Librairie 7L<\/title>\n<meta name=\"robots\" content=\"index, follow, max-snippet:-1, max-image-preview:large, max-video-preview:-1\" \/>\n<link rel=\"canonical\" href=\"https:\/\/librairie7l.com\/en\/produit\/defiles-les-100-evenements-qui-ont-marque-lhistoire-de-la-mode-2\/\" \/>\n<meta property=\"og:locale\" content=\"en_US\" \/>\n<meta property=\"og:type\" content=\"article\" \/>\n<meta property=\"og:title\" content=\"D\u00e9fil\u00e9s : Les 100 \u00e9v\u00e9nements qui ont marqu\u00e9 l&#039;histoire de la mode - Librairie 7L\" \/>\n<meta property=\"og:description\" content=\"Les 100 d\u00e9fil\u00e9s qui ont \u00e9crit l&#8217;histoire de la mode et de la haute couture. De Paris \u00e0 New York en passant par Londres ou Milan, les d\u00e9fil\u00e9s rythment l&#8217;agenda de la plan\u00e8te Mode. Spectacles autant que rendez-vous marketing, ils ont \u00e9volu\u00e9 depuis leur apparition, se posant en miroir de leur \u00e9poque ou, au contraire, [&hellip;]\" \/>\n<meta property=\"og:url\" content=\"https:\/\/librairie7l.com\/en\/produit\/defiles-les-100-evenements-qui-ont-marque-lhistoire-de-la-mode-2\/\" \/>\n<meta property=\"og:site_name\" content=\"Librairie 7L\" \/>\n<meta property=\"article:modified_time\" content=\"2026-04-22T05:27:17+00:00\" \/>\n<meta property=\"og:image\" content=\"https:\/\/librairie7l.com\/wp-content\/uploads\/2025\/05\/9782324037290_1_75.jpg\" \/>\n\t<meta property=\"og:image:width\" content=\"600\" \/>\n\t<meta property=\"og:image:height\" content=\"846\" \/>\n\t<meta property=\"og:image:type\" content=\"image\/jpeg\" \/>\n<meta name=\"twitter:card\" content=\"summary_large_image\" \/>\n<meta name=\"twitter:label1\" content=\"Est. reading time\" \/>\n\t<meta name=\"twitter:data1\" content=\"1 minute\" \/>\n<script type=\"application\/ld+json\" class=\"yoast-schema-graph\">{\"@context\":\"https:\/\/schema.org\",\"@graph\":[{\"@type\":\"WebPage\",\"@id\":\"https:\/\/librairie7l.com\/en\/produit\/defiles-les-100-evenements-qui-ont-marque-lhistoire-de-la-mode-2\/\",\"url\":\"https:\/\/librairie7l.com\/en\/produit\/defiles-les-100-evenements-qui-ont-marque-lhistoire-de-la-mode-2\/\",\"name\":\"D\u00e9fil\u00e9s : Les 100 \u00e9v\u00e9nements qui ont marqu\u00e9 l'histoire de la mode - Librairie 7L\",\"isPartOf\":{\"@id\":\"https:\/\/librairie7l.com\/en\/#website\"},\"datePublished\":\"2025-11-17T08:17:59+00:00\",\"dateModified\":\"2026-04-22T05:27:17+00:00\",\"breadcrumb\":{\"@id\":\"https:\/\/librairie7l.com\/en\/produit\/defiles-les-100-evenements-qui-ont-marque-lhistoire-de-la-mode-2\/#breadcrumb\"},\"inLanguage\":\"en-US\",\"potentialAction\":[{\"@type\":\"ReadAction\",\"target\":[\"https:\/\/librairie7l.com\/en\/produit\/defiles-les-100-evenements-qui-ont-marque-lhistoire-de-la-mode-2\/\"]}]},{\"@type\":\"BreadcrumbList\",\"@id\":\"https:\/\/librairie7l.com\/en\/produit\/defiles-les-100-evenements-qui-ont-marque-lhistoire-de-la-mode-2\/#breadcrumb\",\"itemListElement\":[{\"@type\":\"ListItem\",\"position\":1,\"name\":\"Accueil\",\"item\":\"https:\/\/librairie7l.com\/en\/\"},{\"@type\":\"ListItem\",\"position\":2,\"name\":\"Shop\",\"item\":\"https:\/\/librairie7l.com\/en\/shop\/\"},{\"@type\":\"ListItem\",\"position\":3,\"name\":\"D\u00c9FIL\u00c9S : LES 100 \u00c9V\u00c9NEMENTS QUI ONT MARQU\u00c9 L&#8217;HISTOIRE DE LA MODE\"}]},{\"@type\":\"WebSite\",\"@id\":\"https:\/\/librairie7l.com\/en\/#website\",\"url\":\"https:\/\/librairie7l.com\/en\/\",\"name\":\"Librairie 7L\",\"description\":\"Librairie fond\u00e9e en 1999 par Karl Lagerfeld \u00e0 Paris\",\"publisher\":{\"@id\":\"https:\/\/librairie7l.com\/en\/#organization\"},\"potentialAction\":[{\"@type\":\"SearchAction\",\"target\":{\"@type\":\"EntryPoint\",\"urlTemplate\":\"https:\/\/librairie7l.com\/en\/?s={search_term_string}\"},\"query-input\":\"required name=search_term_string\"}],\"inLanguage\":\"en-US\"},{\"@type\":\"Organization\",\"@id\":\"https:\/\/librairie7l.com\/en\/#organization\",\"name\":\"Librairie 7L\",\"url\":\"https:\/\/librairie7l.com\/en\/\",\"logo\":{\"@type\":\"ImageObject\",\"inLanguage\":\"en-US\",\"@id\":\"https:\/\/librairie7l.com\/en\/#\/schema\/logo\/image\/\",\"url\":\"https:\/\/librairie7l.com\/wp-content\/uploads\/2022\/08\/logo-1.png\",\"contentUrl\":\"https:\/\/librairie7l.com\/wp-content\/uploads\/2022\/08\/logo-1.png\",\"width\":227,\"height\":301,\"caption\":\"Librairie 7L\"},\"image\":{\"@id\":\"https:\/\/librairie7l.com\/en\/#\/schema\/logo\/image\/\"}}]}<\/script>\n<!-- \/ Yoast SEO plugin. -->","yoast_head_json":{"title":"D\u00e9fil\u00e9s : Les 100 \u00e9v\u00e9nements qui ont marqu\u00e9 l'histoire de la mode - Librairie 7L","robots":{"index":"index","follow":"follow","max-snippet":"max-snippet:-1","max-image-preview":"max-image-preview:large","max-video-preview":"max-video-preview:-1"},"canonical":"https:\/\/librairie7l.com\/en\/produit\/defiles-les-100-evenements-qui-ont-marque-lhistoire-de-la-mode-2\/","og_locale":"en_US","og_type":"article","og_title":"D\u00e9fil\u00e9s : Les 100 \u00e9v\u00e9nements qui ont marqu\u00e9 l'histoire de la mode - Librairie 7L","og_description":"Les 100 d\u00e9fil\u00e9s qui ont \u00e9crit l&#8217;histoire de la mode et de la haute couture. De Paris \u00e0 New York en passant par Londres ou Milan, les d\u00e9fil\u00e9s rythment l&#8217;agenda de la plan\u00e8te Mode. Spectacles autant que rendez-vous marketing, ils ont \u00e9volu\u00e9 depuis leur apparition, se posant en miroir de leur \u00e9poque ou, au contraire, [&hellip;]","og_url":"https:\/\/librairie7l.com\/en\/produit\/defiles-les-100-evenements-qui-ont-marque-lhistoire-de-la-mode-2\/","og_site_name":"Librairie 7L","article_modified_time":"2026-04-22T05:27:17+00:00","og_image":[{"width":600,"height":846,"url":"https:\/\/librairie7l.com\/wp-content\/uploads\/2025\/05\/9782324037290_1_75.jpg","type":"image\/jpeg"}],"twitter_card":"summary_large_image","twitter_misc":{"Est. reading time":"1 minute"},"schema":{"@context":"https:\/\/schema.org","@graph":[{"@type":"WebPage","@id":"https:\/\/librairie7l.com\/en\/produit\/defiles-les-100-evenements-qui-ont-marque-lhistoire-de-la-mode-2\/","url":"https:\/\/librairie7l.com\/en\/produit\/defiles-les-100-evenements-qui-ont-marque-lhistoire-de-la-mode-2\/","name":"D\u00e9fil\u00e9s : Les 100 \u00e9v\u00e9nements qui ont marqu\u00e9 l'histoire de la mode - Librairie 7L","isPartOf":{"@id":"https:\/\/librairie7l.com\/en\/#website"},"datePublished":"2025-11-17T08:17:59+00:00","dateModified":"2026-04-22T05:27:17+00:00","breadcrumb":{"@id":"https:\/\/librairie7l.com\/en\/produit\/defiles-les-100-evenements-qui-ont-marque-lhistoire-de-la-mode-2\/#breadcrumb"},"inLanguage":"en-US","potentialAction":[{"@type":"ReadAction","target":["https:\/\/librairie7l.com\/en\/produit\/defiles-les-100-evenements-qui-ont-marque-lhistoire-de-la-mode-2\/"]}]},{"@type":"BreadcrumbList","@id":"https:\/\/librairie7l.com\/en\/produit\/defiles-les-100-evenements-qui-ont-marque-lhistoire-de-la-mode-2\/#breadcrumb","itemListElement":[{"@type":"ListItem","position":1,"name":"Accueil","item":"https:\/\/librairie7l.com\/en\/"},{"@type":"ListItem","position":2,"name":"Shop","item":"https:\/\/librairie7l.com\/en\/shop\/"},{"@type":"ListItem","position":3,"name":"D\u00c9FIL\u00c9S : LES 100 \u00c9V\u00c9NEMENTS QUI ONT MARQU\u00c9 L&#8217;HISTOIRE DE LA MODE"}]},{"@type":"WebSite","@id":"https:\/\/librairie7l.com\/en\/#website","url":"https:\/\/librairie7l.com\/en\/","name":"Librairie 7L","description":"Librairie fond\u00e9e en 1999 par Karl Lagerfeld \u00e0 Paris","publisher":{"@id":"https:\/\/librairie7l.com\/en\/#organization"},"potentialAction":[{"@type":"SearchAction","target":{"@type":"EntryPoint","urlTemplate":"https:\/\/librairie7l.com\/en\/?s={search_term_string}"},"query-input":"required name=search_term_string"}],"inLanguage":"en-US"},{"@type":"Organization","@id":"https:\/\/librairie7l.com\/en\/#organization","name":"Librairie 7L","url":"https:\/\/librairie7l.com\/en\/","logo":{"@type":"ImageObject","inLanguage":"en-US","@id":"https:\/\/librairie7l.com\/en\/#\/schema\/logo\/image\/","url":"https:\/\/librairie7l.com\/wp-content\/uploads\/2022\/08\/logo-1.png","contentUrl":"https:\/\/librairie7l.com\/wp-content\/uploads\/2022\/08\/logo-1.png","width":227,"height":301,"caption":"Librairie 7L"},"image":{"@id":"https:\/\/librairie7l.com\/en\/#\/schema\/logo\/image\/"}}]}},"_links":{"self":[{"href":"https:\/\/librairie7l.com\/en\/wp-json\/wp\/v2\/product\/52360"}],"collection":[{"href":"https:\/\/librairie7l.com\/en\/wp-json\/wp\/v2\/product"}],"about":[{"href":"https:\/\/librairie7l.com\/en\/wp-json\/wp\/v2\/types\/product"}],"wp:featuredmedia":[{"embeddable":true,"href":"https:\/\/librairie7l.com\/en\/wp-json\/wp\/v2\/media\/52358"}],"wp:attachment":[{"href":"https:\/\/librairie7l.com\/en\/wp-json\/wp\/v2\/media?parent=52360"}],"wp:term":[{"taxonomy":"product_cat","embeddable":true,"href":"https:\/\/librairie7l.com\/en\/wp-json\/wp\/v2\/product_cat?post=52360"},{"taxonomy":"product_tag","embeddable":true,"href":"https:\/\/librairie7l.com\/en\/wp-json\/wp\/v2\/product_tag?post=52360"}],"curies":[{"name":"wp","href":"https:\/\/api.w.org\/{rel}","templated":true}]}}