{"id":52434,"date":"2025-11-19T09:18:05","date_gmt":"2025-11-19T08:18:05","guid":{"rendered":"https:\/\/librairie7l.com\/?post_type=product&#038;p=52434"},"modified":"2026-04-12T00:29:11","modified_gmt":"2026-04-11T22:29:11","slug":"clin-doeil-2","status":"publish","type":"product","link":"https:\/\/librairie7l.com\/en\/produit\/clin-doeil-2\/","title":{"rendered":"CLIN D&#8217;OEIL"},"content":{"rendered":"<p>Clin d&#8217;oeil est une anthologie non exhaustive consacr\u00e9e \u00e0 la repr\u00e9sentation des yeux, pens\u00e9e par C\u00e9cile Poimboeuf-Koizumi avec la collaboration de Stephen Ellcock. Dans le sillon de Jeux de mains, publi\u00e9 en 2022 qui a \u00e9t\u00e9 un vrai succ\u00e8s (r\u00e9imprim\u00e9 2 fois et toujours tr\u00e8s demand\u00e9), le livre pr\u00e9sentera \u00e0 la fois des oeuvres d&#8217;auteurs anonymes, \u00e9mergents ou connus &#8211; environ une centaine. Clin d&#8217;oeil est une compilation in\u00e9dite, une collection de plus de cent images regroupant peintures, photographies, dessins, sculptures ou bien collages qui traverse le temps et l&#8217;histoire des repr\u00e9sentations.<\/p>\n","protected":false},"excerpt":{"rendered":"<p>Clin d&#8217;oeil est une anthologie non exhaustive consacr\u00e9e \u00e0 la repr\u00e9sentation des yeux, pens\u00e9e par C\u00e9cile Poimboeuf-Koizumi avec la collaboration de Stephen Ellcock. Dans le sillon de Jeux de mains, publi\u00e9 en 2022 qui a \u00e9t\u00e9 un vrai succ\u00e8s (r\u00e9imprim\u00e9 2 fois et toujours tr\u00e8s demand\u00e9), le livre pr\u00e9sentera \u00e0 la fois des oeuvres d&#8217;auteurs [&hellip;]<\/p>\n","protected":false},"featured_media":52432,"template":"","meta":[],"product_cat":[2948,2958],"product_tag":[],"acf":[],"yoast_head":"<!-- This site is optimized with the Yoast SEO plugin v20.11 - https:\/\/yoast.com\/wordpress\/plugins\/seo\/ -->\n<title>Clin d&#039;oeil - Librairie 7L<\/title>\n<meta name=\"robots\" content=\"index, follow, max-snippet:-1, max-image-preview:large, max-video-preview:-1\" \/>\n<link rel=\"canonical\" href=\"https:\/\/librairie7l.com\/en\/produit\/clin-doeil-2\/\" \/>\n<meta property=\"og:locale\" content=\"en_US\" \/>\n<meta property=\"og:type\" content=\"article\" \/>\n<meta property=\"og:title\" content=\"Clin d&#039;oeil - Librairie 7L\" \/>\n<meta property=\"og:description\" content=\"Clin d&#8217;oeil est une anthologie non exhaustive consacr\u00e9e \u00e0 la repr\u00e9sentation des yeux, pens\u00e9e par C\u00e9cile Poimboeuf-Koizumi avec la collaboration de Stephen Ellcock. Dans le sillon de Jeux de mains, publi\u00e9 en 2022 qui a \u00e9t\u00e9 un vrai succ\u00e8s (r\u00e9imprim\u00e9 2 fois et toujours tr\u00e8s demand\u00e9), le livre pr\u00e9sentera \u00e0 la fois des oeuvres d&#8217;auteurs [&hellip;]\" \/>\n<meta property=\"og:url\" content=\"https:\/\/librairie7l.com\/en\/produit\/clin-doeil-2\/\" \/>\n<meta property=\"og:site_name\" content=\"Librairie 7L\" \/>\n<meta property=\"article:modified_time\" content=\"2026-04-11T22:29:11+00:00\" \/>\n<meta property=\"og:image\" content=\"https:\/\/librairie7l.com\/wp-content\/uploads\/2025\/08\/9791096383542_1_75.jpg\" \/>\n\t<meta property=\"og:image:width\" content=\"377\" \/>\n\t<meta property=\"og:image:height\" content=\"500\" \/>\n\t<meta property=\"og:image:type\" content=\"image\/jpeg\" \/>\n<meta name=\"twitter:card\" content=\"summary_large_image\" \/>\n<script type=\"application\/ld+json\" class=\"yoast-schema-graph\">{\"@context\":\"https:\/\/schema.org\",\"@graph\":[{\"@type\":\"WebPage\",\"@id\":\"https:\/\/librairie7l.com\/en\/produit\/clin-doeil-2\/\",\"url\":\"https:\/\/librairie7l.com\/en\/produit\/clin-doeil-2\/\",\"name\":\"Clin d'oeil - Librairie 7L\",\"isPartOf\":{\"@id\":\"https:\/\/librairie7l.com\/en\/#website\"},\"datePublished\":\"2025-11-19T08:18:05+00:00\",\"dateModified\":\"2026-04-11T22:29:11+00:00\",\"breadcrumb\":{\"@id\":\"https:\/\/librairie7l.com\/en\/produit\/clin-doeil-2\/#breadcrumb\"},\"inLanguage\":\"en-US\",\"potentialAction\":[{\"@type\":\"ReadAction\",\"target\":[\"https:\/\/librairie7l.com\/en\/produit\/clin-doeil-2\/\"]}]},{\"@type\":\"BreadcrumbList\",\"@id\":\"https:\/\/librairie7l.com\/en\/produit\/clin-doeil-2\/#breadcrumb\",\"itemListElement\":[{\"@type\":\"ListItem\",\"position\":1,\"name\":\"Accueil\",\"item\":\"https:\/\/librairie7l.com\/en\/\"},{\"@type\":\"ListItem\",\"position\":2,\"name\":\"Shop\",\"item\":\"https:\/\/librairie7l.com\/en\/shop\/\"},{\"@type\":\"ListItem\",\"position\":3,\"name\":\"CLIN D&#8217;OEIL\"}]},{\"@type\":\"WebSite\",\"@id\":\"https:\/\/librairie7l.com\/en\/#website\",\"url\":\"https:\/\/librairie7l.com\/en\/\",\"name\":\"Librairie 7L\",\"description\":\"Librairie fond\u00e9e en 1999 par Karl Lagerfeld \u00e0 Paris\",\"publisher\":{\"@id\":\"https:\/\/librairie7l.com\/en\/#organization\"},\"potentialAction\":[{\"@type\":\"SearchAction\",\"target\":{\"@type\":\"EntryPoint\",\"urlTemplate\":\"https:\/\/librairie7l.com\/en\/?s={search_term_string}\"},\"query-input\":\"required name=search_term_string\"}],\"inLanguage\":\"en-US\"},{\"@type\":\"Organization\",\"@id\":\"https:\/\/librairie7l.com\/en\/#organization\",\"name\":\"Librairie 7L\",\"url\":\"https:\/\/librairie7l.com\/en\/\",\"logo\":{\"@type\":\"ImageObject\",\"inLanguage\":\"en-US\",\"@id\":\"https:\/\/librairie7l.com\/en\/#\/schema\/logo\/image\/\",\"url\":\"https:\/\/librairie7l.com\/wp-content\/uploads\/2022\/08\/logo-1.png\",\"contentUrl\":\"https:\/\/librairie7l.com\/wp-content\/uploads\/2022\/08\/logo-1.png\",\"width\":227,\"height\":301,\"caption\":\"Librairie 7L\"},\"image\":{\"@id\":\"https:\/\/librairie7l.com\/en\/#\/schema\/logo\/image\/\"}}]}<\/script>\n<!-- \/ Yoast SEO plugin. -->","yoast_head_json":{"title":"Clin d'oeil - Librairie 7L","robots":{"index":"index","follow":"follow","max-snippet":"max-snippet:-1","max-image-preview":"max-image-preview:large","max-video-preview":"max-video-preview:-1"},"canonical":"https:\/\/librairie7l.com\/en\/produit\/clin-doeil-2\/","og_locale":"en_US","og_type":"article","og_title":"Clin d'oeil - Librairie 7L","og_description":"Clin d&#8217;oeil est une anthologie non exhaustive consacr\u00e9e \u00e0 la repr\u00e9sentation des yeux, pens\u00e9e par C\u00e9cile Poimboeuf-Koizumi avec la collaboration de Stephen Ellcock. Dans le sillon de Jeux de mains, publi\u00e9 en 2022 qui a \u00e9t\u00e9 un vrai succ\u00e8s (r\u00e9imprim\u00e9 2 fois et toujours tr\u00e8s demand\u00e9), le livre pr\u00e9sentera \u00e0 la fois des oeuvres d&#8217;auteurs [&hellip;]","og_url":"https:\/\/librairie7l.com\/en\/produit\/clin-doeil-2\/","og_site_name":"Librairie 7L","article_modified_time":"2026-04-11T22:29:11+00:00","og_image":[{"width":377,"height":500,"url":"https:\/\/librairie7l.com\/wp-content\/uploads\/2025\/08\/9791096383542_1_75.jpg","type":"image\/jpeg"}],"twitter_card":"summary_large_image","schema":{"@context":"https:\/\/schema.org","@graph":[{"@type":"WebPage","@id":"https:\/\/librairie7l.com\/en\/produit\/clin-doeil-2\/","url":"https:\/\/librairie7l.com\/en\/produit\/clin-doeil-2\/","name":"Clin d'oeil - Librairie 7L","isPartOf":{"@id":"https:\/\/librairie7l.com\/en\/#website"},"datePublished":"2025-11-19T08:18:05+00:00","dateModified":"2026-04-11T22:29:11+00:00","breadcrumb":{"@id":"https:\/\/librairie7l.com\/en\/produit\/clin-doeil-2\/#breadcrumb"},"inLanguage":"en-US","potentialAction":[{"@type":"ReadAction","target":["https:\/\/librairie7l.com\/en\/produit\/clin-doeil-2\/"]}]},{"@type":"BreadcrumbList","@id":"https:\/\/librairie7l.com\/en\/produit\/clin-doeil-2\/#breadcrumb","itemListElement":[{"@type":"ListItem","position":1,"name":"Accueil","item":"https:\/\/librairie7l.com\/en\/"},{"@type":"ListItem","position":2,"name":"Shop","item":"https:\/\/librairie7l.com\/en\/shop\/"},{"@type":"ListItem","position":3,"name":"CLIN D&#8217;OEIL"}]},{"@type":"WebSite","@id":"https:\/\/librairie7l.com\/en\/#website","url":"https:\/\/librairie7l.com\/en\/","name":"Librairie 7L","description":"Librairie fond\u00e9e en 1999 par Karl Lagerfeld \u00e0 Paris","publisher":{"@id":"https:\/\/librairie7l.com\/en\/#organization"},"potentialAction":[{"@type":"SearchAction","target":{"@type":"EntryPoint","urlTemplate":"https:\/\/librairie7l.com\/en\/?s={search_term_string}"},"query-input":"required name=search_term_string"}],"inLanguage":"en-US"},{"@type":"Organization","@id":"https:\/\/librairie7l.com\/en\/#organization","name":"Librairie 7L","url":"https:\/\/librairie7l.com\/en\/","logo":{"@type":"ImageObject","inLanguage":"en-US","@id":"https:\/\/librairie7l.com\/en\/#\/schema\/logo\/image\/","url":"https:\/\/librairie7l.com\/wp-content\/uploads\/2022\/08\/logo-1.png","contentUrl":"https:\/\/librairie7l.com\/wp-content\/uploads\/2022\/08\/logo-1.png","width":227,"height":301,"caption":"Librairie 7L"},"image":{"@id":"https:\/\/librairie7l.com\/en\/#\/schema\/logo\/image\/"}}]}},"_links":{"self":[{"href":"https:\/\/librairie7l.com\/en\/wp-json\/wp\/v2\/product\/52434"}],"collection":[{"href":"https:\/\/librairie7l.com\/en\/wp-json\/wp\/v2\/product"}],"about":[{"href":"https:\/\/librairie7l.com\/en\/wp-json\/wp\/v2\/types\/product"}],"wp:featuredmedia":[{"embeddable":true,"href":"https:\/\/librairie7l.com\/en\/wp-json\/wp\/v2\/media\/52432"}],"wp:attachment":[{"href":"https:\/\/librairie7l.com\/en\/wp-json\/wp\/v2\/media?parent=52434"}],"wp:term":[{"taxonomy":"product_cat","embeddable":true,"href":"https:\/\/librairie7l.com\/en\/wp-json\/wp\/v2\/product_cat?post=52434"},{"taxonomy":"product_tag","embeddable":true,"href":"https:\/\/librairie7l.com\/en\/wp-json\/wp\/v2\/product_tag?post=52434"}],"curies":[{"name":"wp","href":"https:\/\/api.w.org\/{rel}","templated":true}]}}