{"id":52464,"date":"2025-11-19T09:18:24","date_gmt":"2025-11-19T08:18:24","guid":{"rendered":"https:\/\/librairie7l.com\/?post_type=product&#038;p=52464"},"modified":"2026-04-05T14:55:11","modified_gmt":"2026-04-05T12:55:11","slug":"ouessant-molene-houat-brehat-2","status":"publish","type":"product","link":"https:\/\/librairie7l.com\/en\/produit\/ouessant-molene-houat-brehat-2\/","title":{"rendered":"OUESSANT, MOL\u00c8NE, HOUAT, BR\u00c9HAT"},"content":{"rendered":"<p>Bernard Plossu avait d\u00e9j\u00e0 sillonn\u00e9, son appareil \u00e0 la main, trois \u00eeles bretonnes : celles de Houat, Mol\u00e8ne et Br\u00e9hat. Au printemps 2025, c&#8217;est \u00e0 Ouessant que se sont pos\u00e9s ses pas et son regard. Cet ouvrage, r\u00e9unissant le travail r\u00e9alis\u00e9 sur ses quatre \u00eeles, pr\u00e9sente 60 oeuvres baign\u00e9es d&#8217;embruns sal\u00e9s, de lumi\u00e8res bretonnes, de jeux de clair-obscur, de rochers oscillants entre brutalit\u00e9 et figuration. On croise aussi au fil des pages du linge suspendu, des arbres pench\u00e9s sur l\u00b4horizon et des phares dress\u00e9s au lointain. Toute la po\u00e9sie de Bernard Plossu se d\u00e9gage de ces clich\u00e9s o\u00f9 le noir et blanc c\u00f4toie quelques clich\u00e9s en couleurs r\u00e9alis\u00e9es avec le proc\u00e9d\u00e9 Fresson. Gwena\u00eblle Abolivier, ouessantine de coeur, accompagne ces oeuvres par ses mots, permettant au lecteur une immersion totale sur ces \u00eeles o\u00f9 le monde semble suspendu et hors du temps.<\/p>\n","protected":false},"excerpt":{"rendered":"<p>Bernard Plossu avait d\u00e9j\u00e0 sillonn\u00e9, son appareil \u00e0 la main, trois \u00eeles bretonnes : celles de Houat, Mol\u00e8ne et Br\u00e9hat. Au printemps 2025, c&#8217;est \u00e0 Ouessant que se sont pos\u00e9s ses pas et son regard. Cet ouvrage, r\u00e9unissant le travail r\u00e9alis\u00e9 sur ses quatre \u00eeles, pr\u00e9sente 60 oeuvres baign\u00e9es d&#8217;embruns sal\u00e9s, de lumi\u00e8res bretonnes, de [&hellip;]<\/p>\n","protected":false},"featured_media":52462,"template":"","meta":[],"product_cat":[2948,2958],"product_tag":[],"acf":[],"yoast_head":"<!-- This site is optimized with the Yoast SEO plugin v20.11 - https:\/\/yoast.com\/wordpress\/plugins\/seo\/ -->\n<title>Ouessant, Mol\u00e8ne, Houat, Br\u00e9hat - Librairie 7L<\/title>\n<meta name=\"robots\" content=\"index, follow, max-snippet:-1, max-image-preview:large, max-video-preview:-1\" \/>\n<link rel=\"canonical\" href=\"https:\/\/librairie7l.com\/en\/produit\/ouessant-molene-houat-brehat-2\/\" \/>\n<meta property=\"og:locale\" content=\"en_US\" \/>\n<meta property=\"og:type\" content=\"article\" \/>\n<meta property=\"og:title\" content=\"Ouessant, Mol\u00e8ne, Houat, Br\u00e9hat - Librairie 7L\" \/>\n<meta property=\"og:description\" content=\"Bernard Plossu avait d\u00e9j\u00e0 sillonn\u00e9, son appareil \u00e0 la main, trois \u00eeles bretonnes : celles de Houat, Mol\u00e8ne et Br\u00e9hat. Au printemps 2025, c&#8217;est \u00e0 Ouessant que se sont pos\u00e9s ses pas et son regard. Cet ouvrage, r\u00e9unissant le travail r\u00e9alis\u00e9 sur ses quatre \u00eeles, pr\u00e9sente 60 oeuvres baign\u00e9es d&#8217;embruns sal\u00e9s, de lumi\u00e8res bretonnes, de [&hellip;]\" \/>\n<meta property=\"og:url\" content=\"https:\/\/librairie7l.com\/en\/produit\/ouessant-molene-houat-brehat-2\/\" \/>\n<meta property=\"og:site_name\" content=\"Librairie 7L\" \/>\n<meta property=\"article:modified_time\" content=\"2026-04-05T12:55:11+00:00\" \/>\n<meta property=\"og:image\" content=\"https:\/\/librairie7l.com\/wp-content\/uploads\/2025\/06\/9782363063809_1_75.jpg\" \/>\n\t<meta property=\"og:image:width\" content=\"600\" \/>\n\t<meta property=\"og:image:height\" content=\"742\" \/>\n\t<meta property=\"og:image:type\" content=\"image\/jpeg\" \/>\n<meta name=\"twitter:card\" content=\"summary_large_image\" \/>\n<meta name=\"twitter:label1\" content=\"Est. reading time\" \/>\n\t<meta name=\"twitter:data1\" content=\"1 minute\" \/>\n<script type=\"application\/ld+json\" class=\"yoast-schema-graph\">{\"@context\":\"https:\/\/schema.org\",\"@graph\":[{\"@type\":\"WebPage\",\"@id\":\"https:\/\/librairie7l.com\/en\/produit\/ouessant-molene-houat-brehat-2\/\",\"url\":\"https:\/\/librairie7l.com\/en\/produit\/ouessant-molene-houat-brehat-2\/\",\"name\":\"Ouessant, Mol\u00e8ne, Houat, Br\u00e9hat - Librairie 7L\",\"isPartOf\":{\"@id\":\"https:\/\/librairie7l.com\/en\/#website\"},\"datePublished\":\"2025-11-19T08:18:24+00:00\",\"dateModified\":\"2026-04-05T12:55:11+00:00\",\"breadcrumb\":{\"@id\":\"https:\/\/librairie7l.com\/en\/produit\/ouessant-molene-houat-brehat-2\/#breadcrumb\"},\"inLanguage\":\"en-US\",\"potentialAction\":[{\"@type\":\"ReadAction\",\"target\":[\"https:\/\/librairie7l.com\/en\/produit\/ouessant-molene-houat-brehat-2\/\"]}]},{\"@type\":\"BreadcrumbList\",\"@id\":\"https:\/\/librairie7l.com\/en\/produit\/ouessant-molene-houat-brehat-2\/#breadcrumb\",\"itemListElement\":[{\"@type\":\"ListItem\",\"position\":1,\"name\":\"Accueil\",\"item\":\"https:\/\/librairie7l.com\/en\/\"},{\"@type\":\"ListItem\",\"position\":2,\"name\":\"Shop\",\"item\":\"https:\/\/librairie7l.com\/en\/shop\/\"},{\"@type\":\"ListItem\",\"position\":3,\"name\":\"OUESSANT, MOL\u00c8NE, HOUAT, BR\u00c9HAT\"}]},{\"@type\":\"WebSite\",\"@id\":\"https:\/\/librairie7l.com\/en\/#website\",\"url\":\"https:\/\/librairie7l.com\/en\/\",\"name\":\"Librairie 7L\",\"description\":\"Librairie fond\u00e9e en 1999 par Karl Lagerfeld \u00e0 Paris\",\"publisher\":{\"@id\":\"https:\/\/librairie7l.com\/en\/#organization\"},\"potentialAction\":[{\"@type\":\"SearchAction\",\"target\":{\"@type\":\"EntryPoint\",\"urlTemplate\":\"https:\/\/librairie7l.com\/en\/?s={search_term_string}\"},\"query-input\":\"required name=search_term_string\"}],\"inLanguage\":\"en-US\"},{\"@type\":\"Organization\",\"@id\":\"https:\/\/librairie7l.com\/en\/#organization\",\"name\":\"Librairie 7L\",\"url\":\"https:\/\/librairie7l.com\/en\/\",\"logo\":{\"@type\":\"ImageObject\",\"inLanguage\":\"en-US\",\"@id\":\"https:\/\/librairie7l.com\/en\/#\/schema\/logo\/image\/\",\"url\":\"https:\/\/librairie7l.com\/wp-content\/uploads\/2022\/08\/logo-1.png\",\"contentUrl\":\"https:\/\/librairie7l.com\/wp-content\/uploads\/2022\/08\/logo-1.png\",\"width\":227,\"height\":301,\"caption\":\"Librairie 7L\"},\"image\":{\"@id\":\"https:\/\/librairie7l.com\/en\/#\/schema\/logo\/image\/\"}}]}<\/script>\n<!-- \/ Yoast SEO plugin. -->","yoast_head_json":{"title":"Ouessant, Mol\u00e8ne, Houat, Br\u00e9hat - Librairie 7L","robots":{"index":"index","follow":"follow","max-snippet":"max-snippet:-1","max-image-preview":"max-image-preview:large","max-video-preview":"max-video-preview:-1"},"canonical":"https:\/\/librairie7l.com\/en\/produit\/ouessant-molene-houat-brehat-2\/","og_locale":"en_US","og_type":"article","og_title":"Ouessant, Mol\u00e8ne, Houat, Br\u00e9hat - Librairie 7L","og_description":"Bernard Plossu avait d\u00e9j\u00e0 sillonn\u00e9, son appareil \u00e0 la main, trois \u00eeles bretonnes : celles de Houat, Mol\u00e8ne et Br\u00e9hat. Au printemps 2025, c&#8217;est \u00e0 Ouessant que se sont pos\u00e9s ses pas et son regard. Cet ouvrage, r\u00e9unissant le travail r\u00e9alis\u00e9 sur ses quatre \u00eeles, pr\u00e9sente 60 oeuvres baign\u00e9es d&#8217;embruns sal\u00e9s, de lumi\u00e8res bretonnes, de [&hellip;]","og_url":"https:\/\/librairie7l.com\/en\/produit\/ouessant-molene-houat-brehat-2\/","og_site_name":"Librairie 7L","article_modified_time":"2026-04-05T12:55:11+00:00","og_image":[{"width":600,"height":742,"url":"https:\/\/librairie7l.com\/wp-content\/uploads\/2025\/06\/9782363063809_1_75.jpg","type":"image\/jpeg"}],"twitter_card":"summary_large_image","twitter_misc":{"Est. reading time":"1 minute"},"schema":{"@context":"https:\/\/schema.org","@graph":[{"@type":"WebPage","@id":"https:\/\/librairie7l.com\/en\/produit\/ouessant-molene-houat-brehat-2\/","url":"https:\/\/librairie7l.com\/en\/produit\/ouessant-molene-houat-brehat-2\/","name":"Ouessant, Mol\u00e8ne, Houat, Br\u00e9hat - Librairie 7L","isPartOf":{"@id":"https:\/\/librairie7l.com\/en\/#website"},"datePublished":"2025-11-19T08:18:24+00:00","dateModified":"2026-04-05T12:55:11+00:00","breadcrumb":{"@id":"https:\/\/librairie7l.com\/en\/produit\/ouessant-molene-houat-brehat-2\/#breadcrumb"},"inLanguage":"en-US","potentialAction":[{"@type":"ReadAction","target":["https:\/\/librairie7l.com\/en\/produit\/ouessant-molene-houat-brehat-2\/"]}]},{"@type":"BreadcrumbList","@id":"https:\/\/librairie7l.com\/en\/produit\/ouessant-molene-houat-brehat-2\/#breadcrumb","itemListElement":[{"@type":"ListItem","position":1,"name":"Accueil","item":"https:\/\/librairie7l.com\/en\/"},{"@type":"ListItem","position":2,"name":"Shop","item":"https:\/\/librairie7l.com\/en\/shop\/"},{"@type":"ListItem","position":3,"name":"OUESSANT, MOL\u00c8NE, HOUAT, BR\u00c9HAT"}]},{"@type":"WebSite","@id":"https:\/\/librairie7l.com\/en\/#website","url":"https:\/\/librairie7l.com\/en\/","name":"Librairie 7L","description":"Librairie fond\u00e9e en 1999 par Karl Lagerfeld \u00e0 Paris","publisher":{"@id":"https:\/\/librairie7l.com\/en\/#organization"},"potentialAction":[{"@type":"SearchAction","target":{"@type":"EntryPoint","urlTemplate":"https:\/\/librairie7l.com\/en\/?s={search_term_string}"},"query-input":"required name=search_term_string"}],"inLanguage":"en-US"},{"@type":"Organization","@id":"https:\/\/librairie7l.com\/en\/#organization","name":"Librairie 7L","url":"https:\/\/librairie7l.com\/en\/","logo":{"@type":"ImageObject","inLanguage":"en-US","@id":"https:\/\/librairie7l.com\/en\/#\/schema\/logo\/image\/","url":"https:\/\/librairie7l.com\/wp-content\/uploads\/2022\/08\/logo-1.png","contentUrl":"https:\/\/librairie7l.com\/wp-content\/uploads\/2022\/08\/logo-1.png","width":227,"height":301,"caption":"Librairie 7L"},"image":{"@id":"https:\/\/librairie7l.com\/en\/#\/schema\/logo\/image\/"}}]}},"_links":{"self":[{"href":"https:\/\/librairie7l.com\/en\/wp-json\/wp\/v2\/product\/52464"}],"collection":[{"href":"https:\/\/librairie7l.com\/en\/wp-json\/wp\/v2\/product"}],"about":[{"href":"https:\/\/librairie7l.com\/en\/wp-json\/wp\/v2\/types\/product"}],"wp:featuredmedia":[{"embeddable":true,"href":"https:\/\/librairie7l.com\/en\/wp-json\/wp\/v2\/media\/52462"}],"wp:attachment":[{"href":"https:\/\/librairie7l.com\/en\/wp-json\/wp\/v2\/media?parent=52464"}],"wp:term":[{"taxonomy":"product_cat","embeddable":true,"href":"https:\/\/librairie7l.com\/en\/wp-json\/wp\/v2\/product_cat?post=52464"},{"taxonomy":"product_tag","embeddable":true,"href":"https:\/\/librairie7l.com\/en\/wp-json\/wp\/v2\/product_tag?post=52464"}],"curies":[{"name":"wp","href":"https:\/\/api.w.org\/{rel}","templated":true}]}}