{"id":52493,"date":"2025-11-20T09:17:57","date_gmt":"2025-11-20T08:17:57","guid":{"rendered":"https:\/\/librairie7l.com\/?post_type=product&#038;p=52493"},"modified":"2026-04-11T20:52:35","modified_gmt":"2026-04-11T18:52:35","slug":"dorothea-lange-2","status":"publish","type":"product","link":"https:\/\/librairie7l.com\/en\/produit\/dorothea-lange-2\/","title":{"rendered":"DOROTHEA LANGE"},"content":{"rendered":"<p>Auteure de l&#8217;embl\u00e9matique Migrant Mother, l&#8217;image qui a su mieux que toute autre exprimer la trag\u00e9die de la<br \/>\nGrande D\u00e9pression, Dorothea Lange (Hoboken, New Jersey, 1895 &#8211; San Francisco, 1965) est consid\u00e9r\u00e9e<br \/>\ncomme l&#8217;une des photographes les plus importantes de l&#8217;histoire. Avec plus de 200 photographies, le volume<br \/>\nse concentre en particulier sur les ann\u00e9es trente et quarante, pic absolu de son activit\u00e9 : suite \u00e0 la grave<br \/>\ns\u00e9cheresse qui frappe le pays, elle est charg\u00e9e par la Farm Security Administration du gouvernement<br \/>\nam\u00e9ricain de documenter l&#8217;exode des travailleurs agricoles qui migrent vers l&#8217;Ouest \u00e0 la recherche d&#8217;un<br \/>\navenir meilleur. Au cours de longs voyages, Lange r\u00e9alise des milliers de clich\u00e9s, immortalisant des visages et des histoires rest\u00e9s \u00e0 jamais dans l&#8217;imaginaire collectif.<br \/>\nLe volume, sous la direction de Walter Guadagnini et de Monica Poggi, pr\u00e9sente \u00e9galement un noyau<br \/>\nd&#8217;oeuvres consacr\u00e9es aux camps de d\u00e9tention voulus par le gouvernement am\u00e9ricain, o\u00f9 la population<br \/>\nd&#8217;origine japonaise est d\u00e9port\u00e9e pendant la Seconde Guerre mondiale. Lange, excellente portraitiste,<br \/>\nparvient \u00e9galement \u00e0 raconter le v\u00e9cu \u00e9motionnel de ceux qu&#8217;elle rencontre, soulignant le grand pouvoir de<br \/>\nla photographie de donner une voix aux personnes autrement invisibles dans le cours de l&#8217;histoire.<\/p>\n","protected":false},"excerpt":{"rendered":"<p>Auteure de l&#8217;embl\u00e9matique Migrant Mother, l&#8217;image qui a su mieux que toute autre exprimer la trag\u00e9die de la Grande D\u00e9pression, Dorothea Lange (Hoboken, New Jersey, 1895 &#8211; San Francisco, 1965) est consid\u00e9r\u00e9e comme l&#8217;une des photographes les plus importantes de l&#8217;histoire. Avec plus de 200 photographies, le volume se concentre en particulier sur les ann\u00e9es [&hellip;]<\/p>\n","protected":false},"featured_media":52491,"template":"","meta":[],"product_cat":[2948,2958],"product_tag":[],"acf":[],"yoast_head":"<!-- This site is optimized with the Yoast SEO plugin v20.11 - https:\/\/yoast.com\/wordpress\/plugins\/seo\/ -->\n<title>Dorothea Lange - Librairie 7L<\/title>\n<meta name=\"robots\" content=\"index, follow, max-snippet:-1, max-image-preview:large, max-video-preview:-1\" \/>\n<link rel=\"canonical\" href=\"https:\/\/librairie7l.com\/en\/produit\/dorothea-lange-2\/\" \/>\n<meta property=\"og:locale\" content=\"en_US\" \/>\n<meta property=\"og:type\" content=\"article\" \/>\n<meta property=\"og:title\" content=\"Dorothea Lange - Librairie 7L\" \/>\n<meta property=\"og:description\" content=\"Auteure de l&#8217;embl\u00e9matique Migrant Mother, l&#8217;image qui a su mieux que toute autre exprimer la trag\u00e9die de la Grande D\u00e9pression, Dorothea Lange (Hoboken, New Jersey, 1895 &#8211; San Francisco, 1965) est consid\u00e9r\u00e9e comme l&#8217;une des photographes les plus importantes de l&#8217;histoire. Avec plus de 200 photographies, le volume se concentre en particulier sur les ann\u00e9es [&hellip;]\" \/>\n<meta property=\"og:url\" content=\"https:\/\/librairie7l.com\/en\/produit\/dorothea-lange-2\/\" \/>\n<meta property=\"og:site_name\" content=\"Librairie 7L\" \/>\n<meta property=\"article:modified_time\" content=\"2026-04-11T18:52:35+00:00\" \/>\n<meta property=\"og:image\" content=\"https:\/\/librairie7l.com\/wp-content\/uploads\/2024\/10\/9791255611219_1_75.jpg\" \/>\n\t<meta property=\"og:image:width\" content=\"600\" \/>\n\t<meta property=\"og:image:height\" content=\"757\" \/>\n\t<meta property=\"og:image:type\" content=\"image\/jpeg\" \/>\n<meta name=\"twitter:card\" content=\"summary_large_image\" \/>\n<meta name=\"twitter:label1\" content=\"Est. reading time\" \/>\n\t<meta name=\"twitter:data1\" content=\"1 minute\" \/>\n<script type=\"application\/ld+json\" class=\"yoast-schema-graph\">{\"@context\":\"https:\/\/schema.org\",\"@graph\":[{\"@type\":\"WebPage\",\"@id\":\"https:\/\/librairie7l.com\/en\/produit\/dorothea-lange-2\/\",\"url\":\"https:\/\/librairie7l.com\/en\/produit\/dorothea-lange-2\/\",\"name\":\"Dorothea Lange - Librairie 7L\",\"isPartOf\":{\"@id\":\"https:\/\/librairie7l.com\/en\/#website\"},\"datePublished\":\"2025-11-20T08:17:57+00:00\",\"dateModified\":\"2026-04-11T18:52:35+00:00\",\"breadcrumb\":{\"@id\":\"https:\/\/librairie7l.com\/en\/produit\/dorothea-lange-2\/#breadcrumb\"},\"inLanguage\":\"en-US\",\"potentialAction\":[{\"@type\":\"ReadAction\",\"target\":[\"https:\/\/librairie7l.com\/en\/produit\/dorothea-lange-2\/\"]}]},{\"@type\":\"BreadcrumbList\",\"@id\":\"https:\/\/librairie7l.com\/en\/produit\/dorothea-lange-2\/#breadcrumb\",\"itemListElement\":[{\"@type\":\"ListItem\",\"position\":1,\"name\":\"Accueil\",\"item\":\"https:\/\/librairie7l.com\/en\/\"},{\"@type\":\"ListItem\",\"position\":2,\"name\":\"Shop\",\"item\":\"https:\/\/librairie7l.com\/en\/shop\/\"},{\"@type\":\"ListItem\",\"position\":3,\"name\":\"DOROTHEA LANGE\"}]},{\"@type\":\"WebSite\",\"@id\":\"https:\/\/librairie7l.com\/en\/#website\",\"url\":\"https:\/\/librairie7l.com\/en\/\",\"name\":\"Librairie 7L\",\"description\":\"Librairie fond\u00e9e en 1999 par Karl Lagerfeld \u00e0 Paris\",\"publisher\":{\"@id\":\"https:\/\/librairie7l.com\/en\/#organization\"},\"potentialAction\":[{\"@type\":\"SearchAction\",\"target\":{\"@type\":\"EntryPoint\",\"urlTemplate\":\"https:\/\/librairie7l.com\/en\/?s={search_term_string}\"},\"query-input\":\"required name=search_term_string\"}],\"inLanguage\":\"en-US\"},{\"@type\":\"Organization\",\"@id\":\"https:\/\/librairie7l.com\/en\/#organization\",\"name\":\"Librairie 7L\",\"url\":\"https:\/\/librairie7l.com\/en\/\",\"logo\":{\"@type\":\"ImageObject\",\"inLanguage\":\"en-US\",\"@id\":\"https:\/\/librairie7l.com\/en\/#\/schema\/logo\/image\/\",\"url\":\"https:\/\/librairie7l.com\/wp-content\/uploads\/2022\/08\/logo-1.png\",\"contentUrl\":\"https:\/\/librairie7l.com\/wp-content\/uploads\/2022\/08\/logo-1.png\",\"width\":227,\"height\":301,\"caption\":\"Librairie 7L\"},\"image\":{\"@id\":\"https:\/\/librairie7l.com\/en\/#\/schema\/logo\/image\/\"}}]}<\/script>\n<!-- \/ Yoast SEO plugin. -->","yoast_head_json":{"title":"Dorothea Lange - Librairie 7L","robots":{"index":"index","follow":"follow","max-snippet":"max-snippet:-1","max-image-preview":"max-image-preview:large","max-video-preview":"max-video-preview:-1"},"canonical":"https:\/\/librairie7l.com\/en\/produit\/dorothea-lange-2\/","og_locale":"en_US","og_type":"article","og_title":"Dorothea Lange - Librairie 7L","og_description":"Auteure de l&#8217;embl\u00e9matique Migrant Mother, l&#8217;image qui a su mieux que toute autre exprimer la trag\u00e9die de la Grande D\u00e9pression, Dorothea Lange (Hoboken, New Jersey, 1895 &#8211; San Francisco, 1965) est consid\u00e9r\u00e9e comme l&#8217;une des photographes les plus importantes de l&#8217;histoire. Avec plus de 200 photographies, le volume se concentre en particulier sur les ann\u00e9es [&hellip;]","og_url":"https:\/\/librairie7l.com\/en\/produit\/dorothea-lange-2\/","og_site_name":"Librairie 7L","article_modified_time":"2026-04-11T18:52:35+00:00","og_image":[{"width":600,"height":757,"url":"https:\/\/librairie7l.com\/wp-content\/uploads\/2024\/10\/9791255611219_1_75.jpg","type":"image\/jpeg"}],"twitter_card":"summary_large_image","twitter_misc":{"Est. reading time":"1 minute"},"schema":{"@context":"https:\/\/schema.org","@graph":[{"@type":"WebPage","@id":"https:\/\/librairie7l.com\/en\/produit\/dorothea-lange-2\/","url":"https:\/\/librairie7l.com\/en\/produit\/dorothea-lange-2\/","name":"Dorothea Lange - Librairie 7L","isPartOf":{"@id":"https:\/\/librairie7l.com\/en\/#website"},"datePublished":"2025-11-20T08:17:57+00:00","dateModified":"2026-04-11T18:52:35+00:00","breadcrumb":{"@id":"https:\/\/librairie7l.com\/en\/produit\/dorothea-lange-2\/#breadcrumb"},"inLanguage":"en-US","potentialAction":[{"@type":"ReadAction","target":["https:\/\/librairie7l.com\/en\/produit\/dorothea-lange-2\/"]}]},{"@type":"BreadcrumbList","@id":"https:\/\/librairie7l.com\/en\/produit\/dorothea-lange-2\/#breadcrumb","itemListElement":[{"@type":"ListItem","position":1,"name":"Accueil","item":"https:\/\/librairie7l.com\/en\/"},{"@type":"ListItem","position":2,"name":"Shop","item":"https:\/\/librairie7l.com\/en\/shop\/"},{"@type":"ListItem","position":3,"name":"DOROTHEA LANGE"}]},{"@type":"WebSite","@id":"https:\/\/librairie7l.com\/en\/#website","url":"https:\/\/librairie7l.com\/en\/","name":"Librairie 7L","description":"Librairie fond\u00e9e en 1999 par Karl Lagerfeld \u00e0 Paris","publisher":{"@id":"https:\/\/librairie7l.com\/en\/#organization"},"potentialAction":[{"@type":"SearchAction","target":{"@type":"EntryPoint","urlTemplate":"https:\/\/librairie7l.com\/en\/?s={search_term_string}"},"query-input":"required name=search_term_string"}],"inLanguage":"en-US"},{"@type":"Organization","@id":"https:\/\/librairie7l.com\/en\/#organization","name":"Librairie 7L","url":"https:\/\/librairie7l.com\/en\/","logo":{"@type":"ImageObject","inLanguage":"en-US","@id":"https:\/\/librairie7l.com\/en\/#\/schema\/logo\/image\/","url":"https:\/\/librairie7l.com\/wp-content\/uploads\/2022\/08\/logo-1.png","contentUrl":"https:\/\/librairie7l.com\/wp-content\/uploads\/2022\/08\/logo-1.png","width":227,"height":301,"caption":"Librairie 7L"},"image":{"@id":"https:\/\/librairie7l.com\/en\/#\/schema\/logo\/image\/"}}]}},"_links":{"self":[{"href":"https:\/\/librairie7l.com\/en\/wp-json\/wp\/v2\/product\/52493"}],"collection":[{"href":"https:\/\/librairie7l.com\/en\/wp-json\/wp\/v2\/product"}],"about":[{"href":"https:\/\/librairie7l.com\/en\/wp-json\/wp\/v2\/types\/product"}],"wp:featuredmedia":[{"embeddable":true,"href":"https:\/\/librairie7l.com\/en\/wp-json\/wp\/v2\/media\/52491"}],"wp:attachment":[{"href":"https:\/\/librairie7l.com\/en\/wp-json\/wp\/v2\/media?parent=52493"}],"wp:term":[{"taxonomy":"product_cat","embeddable":true,"href":"https:\/\/librairie7l.com\/en\/wp-json\/wp\/v2\/product_cat?post=52493"},{"taxonomy":"product_tag","embeddable":true,"href":"https:\/\/librairie7l.com\/en\/wp-json\/wp\/v2\/product_tag?post=52493"}],"curies":[{"name":"wp","href":"https:\/\/api.w.org\/{rel}","templated":true}]}}