{"id":52497,"date":"2025-11-20T09:17:59","date_gmt":"2025-11-20T08:17:59","guid":{"rendered":"https:\/\/librairie7l.com\/?post_type=product&#038;p=52497"},"modified":"2026-04-03T20:14:34","modified_gmt":"2026-04-03T18:14:34","slug":"interieurs-darchitecture-2","status":"publish","type":"product","link":"https:\/\/librairie7l.com\/en\/produit\/interieurs-darchitecture-2\/","title":{"rendered":"INT\u00c9RIEURS D&#8217;ARCHITECTURE"},"content":{"rendered":"<p>Cet ouvrage monographique consacr\u00e9 au travail d&#8217;int\u00e9rieur d\u00e9velopp\u00e9 au cours des trente derni\u00e8res ann\u00e9es par Ga\u00eblle Lauriot Pr\u00e9vost sera l&#8217;occasion de revenir sur son important travail de recherche au travers de maquettes, dessins et prototypes r\u00e9v\u00e9lant tout autant l&#8217;originalit\u00e9 d&#8217;une d\u00e9marche qui transpose et transgresse par abstraction, que la complicit\u00e9 et la bienveillance r\u00e9ciproque du design et de l&#8217;architecture. La monographie contiendra un portfolio de diff\u00e9rents projets qui permettra une immersion dans les int\u00e9rieurs, la pr\u00e9sentation de projets organis\u00e9s de mani\u00e8re chronologique et illustr\u00e9s par des photographies de Flore Lorente et Alexandre Guirkinguer, ainsi que plusieurs textes originaux sur le travail de Ga\u00eblle Lauriot-Pr\u00e9vost et un entretien avec la designer acompagn\u00e9 d&#8217;un reportage photo dans l&#8217;atelier. Le graphisme est assur\u00e9 par J\u00e9r\u00f4me Saint-Loubert Bi\u00e9 ayant travaill\u00e9 sur les projets \u00e9ditoriaux consacr\u00e9s \u00e0 Frapotel et notamment le livre Ouvertement.<\/p>\n","protected":false},"excerpt":{"rendered":"<p>Cet ouvrage monographique consacr\u00e9 au travail d&#8217;int\u00e9rieur d\u00e9velopp\u00e9 au cours des trente derni\u00e8res ann\u00e9es par Ga\u00eblle Lauriot Pr\u00e9vost sera l&#8217;occasion de revenir sur son important travail de recherche au travers de maquettes, dessins et prototypes r\u00e9v\u00e9lant tout autant l&#8217;originalit\u00e9 d&#8217;une d\u00e9marche qui transpose et transgresse par abstraction, que la complicit\u00e9 et la bienveillance r\u00e9ciproque du [&hellip;]<\/p>\n","protected":false},"featured_media":52495,"template":"","meta":[],"product_cat":[2948,2950],"product_tag":[],"acf":[],"yoast_head":"<!-- This site is optimized with the Yoast SEO plugin v20.11 - https:\/\/yoast.com\/wordpress\/plugins\/seo\/ -->\n<title>Int\u00e9rieurs d&#039;architecture - Librairie 7L<\/title>\n<meta name=\"robots\" content=\"index, follow, max-snippet:-1, max-image-preview:large, max-video-preview:-1\" \/>\n<link rel=\"canonical\" href=\"https:\/\/librairie7l.com\/en\/produit\/interieurs-darchitecture-2\/\" \/>\n<meta property=\"og:locale\" content=\"en_US\" \/>\n<meta property=\"og:type\" content=\"article\" \/>\n<meta property=\"og:title\" content=\"Int\u00e9rieurs d&#039;architecture - Librairie 7L\" \/>\n<meta property=\"og:description\" content=\"Cet ouvrage monographique consacr\u00e9 au travail d&#8217;int\u00e9rieur d\u00e9velopp\u00e9 au cours des trente derni\u00e8res ann\u00e9es par Ga\u00eblle Lauriot Pr\u00e9vost sera l&#8217;occasion de revenir sur son important travail de recherche au travers de maquettes, dessins et prototypes r\u00e9v\u00e9lant tout autant l&#8217;originalit\u00e9 d&#8217;une d\u00e9marche qui transpose et transgresse par abstraction, que la complicit\u00e9 et la bienveillance r\u00e9ciproque du [&hellip;]\" \/>\n<meta property=\"og:url\" content=\"https:\/\/librairie7l.com\/en\/produit\/interieurs-darchitecture-2\/\" \/>\n<meta property=\"og:site_name\" content=\"Librairie 7L\" \/>\n<meta property=\"article:modified_time\" content=\"2026-04-03T18:14:34+00:00\" \/>\n<meta property=\"og:image\" content=\"https:\/\/librairie7l.com\/wp-content\/uploads\/2025\/01\/9782373722246_1_75.jpg\" \/>\n\t<meta property=\"og:image:width\" content=\"600\" \/>\n\t<meta property=\"og:image:height\" content=\"716\" \/>\n\t<meta property=\"og:image:type\" content=\"image\/jpeg\" \/>\n<meta name=\"twitter:card\" content=\"summary_large_image\" \/>\n<meta name=\"twitter:label1\" content=\"Est. reading time\" \/>\n\t<meta name=\"twitter:data1\" content=\"1 minute\" \/>\n<script type=\"application\/ld+json\" class=\"yoast-schema-graph\">{\"@context\":\"https:\/\/schema.org\",\"@graph\":[{\"@type\":\"WebPage\",\"@id\":\"https:\/\/librairie7l.com\/en\/produit\/interieurs-darchitecture-2\/\",\"url\":\"https:\/\/librairie7l.com\/en\/produit\/interieurs-darchitecture-2\/\",\"name\":\"Int\u00e9rieurs d'architecture - Librairie 7L\",\"isPartOf\":{\"@id\":\"https:\/\/librairie7l.com\/en\/#website\"},\"datePublished\":\"2025-11-20T08:17:59+00:00\",\"dateModified\":\"2026-04-03T18:14:34+00:00\",\"breadcrumb\":{\"@id\":\"https:\/\/librairie7l.com\/en\/produit\/interieurs-darchitecture-2\/#breadcrumb\"},\"inLanguage\":\"en-US\",\"potentialAction\":[{\"@type\":\"ReadAction\",\"target\":[\"https:\/\/librairie7l.com\/en\/produit\/interieurs-darchitecture-2\/\"]}]},{\"@type\":\"BreadcrumbList\",\"@id\":\"https:\/\/librairie7l.com\/en\/produit\/interieurs-darchitecture-2\/#breadcrumb\",\"itemListElement\":[{\"@type\":\"ListItem\",\"position\":1,\"name\":\"Accueil\",\"item\":\"https:\/\/librairie7l.com\/en\/\"},{\"@type\":\"ListItem\",\"position\":2,\"name\":\"Shop\",\"item\":\"https:\/\/librairie7l.com\/en\/shop\/\"},{\"@type\":\"ListItem\",\"position\":3,\"name\":\"INT\u00c9RIEURS D&#8217;ARCHITECTURE\"}]},{\"@type\":\"WebSite\",\"@id\":\"https:\/\/librairie7l.com\/en\/#website\",\"url\":\"https:\/\/librairie7l.com\/en\/\",\"name\":\"Librairie 7L\",\"description\":\"Librairie fond\u00e9e en 1999 par Karl Lagerfeld \u00e0 Paris\",\"publisher\":{\"@id\":\"https:\/\/librairie7l.com\/en\/#organization\"},\"potentialAction\":[{\"@type\":\"SearchAction\",\"target\":{\"@type\":\"EntryPoint\",\"urlTemplate\":\"https:\/\/librairie7l.com\/en\/?s={search_term_string}\"},\"query-input\":\"required name=search_term_string\"}],\"inLanguage\":\"en-US\"},{\"@type\":\"Organization\",\"@id\":\"https:\/\/librairie7l.com\/en\/#organization\",\"name\":\"Librairie 7L\",\"url\":\"https:\/\/librairie7l.com\/en\/\",\"logo\":{\"@type\":\"ImageObject\",\"inLanguage\":\"en-US\",\"@id\":\"https:\/\/librairie7l.com\/en\/#\/schema\/logo\/image\/\",\"url\":\"https:\/\/librairie7l.com\/wp-content\/uploads\/2022\/08\/logo-1.png\",\"contentUrl\":\"https:\/\/librairie7l.com\/wp-content\/uploads\/2022\/08\/logo-1.png\",\"width\":227,\"height\":301,\"caption\":\"Librairie 7L\"},\"image\":{\"@id\":\"https:\/\/librairie7l.com\/en\/#\/schema\/logo\/image\/\"}}]}<\/script>\n<!-- \/ Yoast SEO plugin. -->","yoast_head_json":{"title":"Int\u00e9rieurs d'architecture - Librairie 7L","robots":{"index":"index","follow":"follow","max-snippet":"max-snippet:-1","max-image-preview":"max-image-preview:large","max-video-preview":"max-video-preview:-1"},"canonical":"https:\/\/librairie7l.com\/en\/produit\/interieurs-darchitecture-2\/","og_locale":"en_US","og_type":"article","og_title":"Int\u00e9rieurs d'architecture - Librairie 7L","og_description":"Cet ouvrage monographique consacr\u00e9 au travail d&#8217;int\u00e9rieur d\u00e9velopp\u00e9 au cours des trente derni\u00e8res ann\u00e9es par Ga\u00eblle Lauriot Pr\u00e9vost sera l&#8217;occasion de revenir sur son important travail de recherche au travers de maquettes, dessins et prototypes r\u00e9v\u00e9lant tout autant l&#8217;originalit\u00e9 d&#8217;une d\u00e9marche qui transpose et transgresse par abstraction, que la complicit\u00e9 et la bienveillance r\u00e9ciproque du [&hellip;]","og_url":"https:\/\/librairie7l.com\/en\/produit\/interieurs-darchitecture-2\/","og_site_name":"Librairie 7L","article_modified_time":"2026-04-03T18:14:34+00:00","og_image":[{"width":600,"height":716,"url":"https:\/\/librairie7l.com\/wp-content\/uploads\/2025\/01\/9782373722246_1_75.jpg","type":"image\/jpeg"}],"twitter_card":"summary_large_image","twitter_misc":{"Est. reading time":"1 minute"},"schema":{"@context":"https:\/\/schema.org","@graph":[{"@type":"WebPage","@id":"https:\/\/librairie7l.com\/en\/produit\/interieurs-darchitecture-2\/","url":"https:\/\/librairie7l.com\/en\/produit\/interieurs-darchitecture-2\/","name":"Int\u00e9rieurs d'architecture - Librairie 7L","isPartOf":{"@id":"https:\/\/librairie7l.com\/en\/#website"},"datePublished":"2025-11-20T08:17:59+00:00","dateModified":"2026-04-03T18:14:34+00:00","breadcrumb":{"@id":"https:\/\/librairie7l.com\/en\/produit\/interieurs-darchitecture-2\/#breadcrumb"},"inLanguage":"en-US","potentialAction":[{"@type":"ReadAction","target":["https:\/\/librairie7l.com\/en\/produit\/interieurs-darchitecture-2\/"]}]},{"@type":"BreadcrumbList","@id":"https:\/\/librairie7l.com\/en\/produit\/interieurs-darchitecture-2\/#breadcrumb","itemListElement":[{"@type":"ListItem","position":1,"name":"Accueil","item":"https:\/\/librairie7l.com\/en\/"},{"@type":"ListItem","position":2,"name":"Shop","item":"https:\/\/librairie7l.com\/en\/shop\/"},{"@type":"ListItem","position":3,"name":"INT\u00c9RIEURS D&#8217;ARCHITECTURE"}]},{"@type":"WebSite","@id":"https:\/\/librairie7l.com\/en\/#website","url":"https:\/\/librairie7l.com\/en\/","name":"Librairie 7L","description":"Librairie fond\u00e9e en 1999 par Karl Lagerfeld \u00e0 Paris","publisher":{"@id":"https:\/\/librairie7l.com\/en\/#organization"},"potentialAction":[{"@type":"SearchAction","target":{"@type":"EntryPoint","urlTemplate":"https:\/\/librairie7l.com\/en\/?s={search_term_string}"},"query-input":"required name=search_term_string"}],"inLanguage":"en-US"},{"@type":"Organization","@id":"https:\/\/librairie7l.com\/en\/#organization","name":"Librairie 7L","url":"https:\/\/librairie7l.com\/en\/","logo":{"@type":"ImageObject","inLanguage":"en-US","@id":"https:\/\/librairie7l.com\/en\/#\/schema\/logo\/image\/","url":"https:\/\/librairie7l.com\/wp-content\/uploads\/2022\/08\/logo-1.png","contentUrl":"https:\/\/librairie7l.com\/wp-content\/uploads\/2022\/08\/logo-1.png","width":227,"height":301,"caption":"Librairie 7L"},"image":{"@id":"https:\/\/librairie7l.com\/en\/#\/schema\/logo\/image\/"}}]}},"_links":{"self":[{"href":"https:\/\/librairie7l.com\/en\/wp-json\/wp\/v2\/product\/52497"}],"collection":[{"href":"https:\/\/librairie7l.com\/en\/wp-json\/wp\/v2\/product"}],"about":[{"href":"https:\/\/librairie7l.com\/en\/wp-json\/wp\/v2\/types\/product"}],"wp:featuredmedia":[{"embeddable":true,"href":"https:\/\/librairie7l.com\/en\/wp-json\/wp\/v2\/media\/52495"}],"wp:attachment":[{"href":"https:\/\/librairie7l.com\/en\/wp-json\/wp\/v2\/media?parent=52497"}],"wp:term":[{"taxonomy":"product_cat","embeddable":true,"href":"https:\/\/librairie7l.com\/en\/wp-json\/wp\/v2\/product_cat?post=52497"},{"taxonomy":"product_tag","embeddable":true,"href":"https:\/\/librairie7l.com\/en\/wp-json\/wp\/v2\/product_tag?post=52497"}],"curies":[{"name":"wp","href":"https:\/\/api.w.org\/{rel}","templated":true}]}}