{"id":52501,"date":"2025-11-20T09:18:02","date_gmt":"2025-11-20T08:18:02","guid":{"rendered":"https:\/\/librairie7l.com\/?post_type=product&#038;p=52501"},"modified":"2026-04-22T04:31:42","modified_gmt":"2026-04-22T02:31:42","slug":"le-corbusier-catalogue-des-dessins-1929-1939-tome-iii-2","status":"publish","type":"product","link":"https:\/\/librairie7l.com\/en\/produit\/le-corbusier-catalogue-des-dessins-1929-1939-tome-iii-2\/","title":{"rendered":"LE CORBUSIER : CATALOGUE DES DESSINS 1929-1939 TOME III"},"content":{"rendered":"<p>ARGUMENTAIRE<br \/>\nEntre 1902 et 1965, Le Corbusier produit plusieurs milliers de dessins, souvent d&#8217;une rare beaut\u00e9. Les \u00e9ditions AAM, en collaboration avec la Fondation Le Corbusier, ont entrepris \u00e0 partir de 2019, leur publication en quatre volumes.<br \/>\nLe tome III couvre la p\u00e9riode des ann\u00e9es 1929 \u00e0 1939 o\u00f9 la production dessin\u00e9e et peinte est quasi essentiellement consacr\u00e9e au th\u00e8me f\u00e9minin. La premi\u00e8re phase des ann\u00e9es 1929 \u00e0 1932 voit l&#8217;artiste explorer la richesse formelle et la po\u00e9sie des \u00e9l\u00e9ments trouv\u00e9s dans la nature (coquillages, racines, os, \u00e9corces, silex&#8230;) ou d&#8217;objets usuels d\u00e9tourn\u00e9s et parfois associ\u00e9s \u00e0 des \u00e9l\u00e9ments organiques (boites d&#8217;allumettes, brique de verre&#8230;) qu&#8217;il nomme &#8216;objets \u00e0 r\u00e9action po\u00e9tique&#8217;.<br \/>\nDurant toute la d\u00e9cennie, intitul\u00e9e pour sa production artistique \u00ab la p\u00e9riode dite des femmes \u00bb, les th\u00e8mes f\u00e9minins inspirent l&#8217;artiste au quotidien : sa compagne Yvonne, l&#8217;artiste Jos\u00e9phine Baker, Indiennes des voyages en Am\u00e9rique latine, Mauresques des p\u00e9riples nord-africains, baigneuses et p\u00eacheuses des s\u00e9jours dans le Bassin d&#8217;Arcachon, danseuses, lutteuses, g\u00e9antes, duos f\u00e9minins, innombrables nus&#8230;<br \/>\nC&#8217;est une p\u00e9riode o\u00f9 Le Corbusier se consacre intens\u00e9ment \u00e0 l&#8217;activit\u00e9 picturale y d\u00e9diant la moiti\u00e9 de ses journ\u00e9es et produisant quelque cent cinquante-six peintures (soit le double de la p\u00e9riode puriste), pr\u00e9c\u00e9d\u00e9es chacune de suites d&#8217;\u00e9tudes pr\u00e9paratoires mettant en lumi\u00e8re le processus de cr\u00e9ation. Sa production dessin\u00e9e et peinte est qualifi\u00e9e par l&#8217;artiste de \u00ab labeur secret \u00bb, qu&#8217;il ne d\u00e9voile qu&#8217;\u00e0 la fin de la d\u00e9cennie dans une grande exposition au Kunsthaus \u00e0 Z\u00fcrich, en 1938.<\/p>\n","protected":false},"excerpt":{"rendered":"<p>ARGUMENTAIRE Entre 1902 et 1965, Le Corbusier produit plusieurs milliers de dessins, souvent d&#8217;une rare beaut\u00e9. Les \u00e9ditions AAM, en collaboration avec la Fondation Le Corbusier, ont entrepris \u00e0 partir de 2019, leur publication en quatre volumes. Le tome III couvre la p\u00e9riode des ann\u00e9es 1929 \u00e0 1939 o\u00f9 la production dessin\u00e9e et peinte est [&hellip;]<\/p>\n","protected":false},"featured_media":52499,"template":"","meta":[],"product_cat":[2948,2953],"product_tag":[],"acf":[],"yoast_head":"<!-- This site is optimized with the Yoast SEO plugin v20.11 - https:\/\/yoast.com\/wordpress\/plugins\/seo\/ -->\n<title>Le Corbusier : Catalogue des dessins 1929-1939 Tome III - Librairie 7L<\/title>\n<meta name=\"robots\" content=\"index, follow, max-snippet:-1, max-image-preview:large, max-video-preview:-1\" \/>\n<link rel=\"canonical\" href=\"https:\/\/librairie7l.com\/en\/produit\/le-corbusier-catalogue-des-dessins-1929-1939-tome-iii-2\/\" \/>\n<meta property=\"og:locale\" content=\"en_US\" \/>\n<meta property=\"og:type\" content=\"article\" \/>\n<meta property=\"og:title\" content=\"Le Corbusier : Catalogue des dessins 1929-1939 Tome III - Librairie 7L\" \/>\n<meta property=\"og:description\" content=\"ARGUMENTAIRE Entre 1902 et 1965, Le Corbusier produit plusieurs milliers de dessins, souvent d&#8217;une rare beaut\u00e9. Les \u00e9ditions AAM, en collaboration avec la Fondation Le Corbusier, ont entrepris \u00e0 partir de 2019, leur publication en quatre volumes. Le tome III couvre la p\u00e9riode des ann\u00e9es 1929 \u00e0 1939 o\u00f9 la production dessin\u00e9e et peinte est [&hellip;]\" \/>\n<meta property=\"og:url\" content=\"https:\/\/librairie7l.com\/en\/produit\/le-corbusier-catalogue-des-dessins-1929-1939-tome-iii-2\/\" \/>\n<meta property=\"og:site_name\" content=\"Librairie 7L\" \/>\n<meta property=\"article:modified_time\" content=\"2026-04-22T02:31:42+00:00\" \/>\n<meta property=\"og:image\" content=\"https:\/\/librairie7l.com\/wp-content\/uploads\/2025\/06\/9782488271073_1_75.jpg\" \/>\n\t<meta property=\"og:image:width\" content=\"600\" \/>\n\t<meta property=\"og:image:height\" content=\"791\" \/>\n\t<meta property=\"og:image:type\" content=\"image\/jpeg\" \/>\n<meta name=\"twitter:card\" content=\"summary_large_image\" \/>\n<meta name=\"twitter:label1\" content=\"Est. reading time\" \/>\n\t<meta name=\"twitter:data1\" content=\"1 minute\" \/>\n<script type=\"application\/ld+json\" class=\"yoast-schema-graph\">{\"@context\":\"https:\/\/schema.org\",\"@graph\":[{\"@type\":\"WebPage\",\"@id\":\"https:\/\/librairie7l.com\/en\/produit\/le-corbusier-catalogue-des-dessins-1929-1939-tome-iii-2\/\",\"url\":\"https:\/\/librairie7l.com\/en\/produit\/le-corbusier-catalogue-des-dessins-1929-1939-tome-iii-2\/\",\"name\":\"Le Corbusier : Catalogue des dessins 1929-1939 Tome III - Librairie 7L\",\"isPartOf\":{\"@id\":\"https:\/\/librairie7l.com\/en\/#website\"},\"datePublished\":\"2025-11-20T08:18:02+00:00\",\"dateModified\":\"2026-04-22T02:31:42+00:00\",\"breadcrumb\":{\"@id\":\"https:\/\/librairie7l.com\/en\/produit\/le-corbusier-catalogue-des-dessins-1929-1939-tome-iii-2\/#breadcrumb\"},\"inLanguage\":\"en-US\",\"potentialAction\":[{\"@type\":\"ReadAction\",\"target\":[\"https:\/\/librairie7l.com\/en\/produit\/le-corbusier-catalogue-des-dessins-1929-1939-tome-iii-2\/\"]}]},{\"@type\":\"BreadcrumbList\",\"@id\":\"https:\/\/librairie7l.com\/en\/produit\/le-corbusier-catalogue-des-dessins-1929-1939-tome-iii-2\/#breadcrumb\",\"itemListElement\":[{\"@type\":\"ListItem\",\"position\":1,\"name\":\"Accueil\",\"item\":\"https:\/\/librairie7l.com\/en\/\"},{\"@type\":\"ListItem\",\"position\":2,\"name\":\"Shop\",\"item\":\"https:\/\/librairie7l.com\/en\/shop\/\"},{\"@type\":\"ListItem\",\"position\":3,\"name\":\"LE CORBUSIER : CATALOGUE DES DESSINS 1929-1939 TOME III\"}]},{\"@type\":\"WebSite\",\"@id\":\"https:\/\/librairie7l.com\/en\/#website\",\"url\":\"https:\/\/librairie7l.com\/en\/\",\"name\":\"Librairie 7L\",\"description\":\"Librairie fond\u00e9e en 1999 par Karl Lagerfeld \u00e0 Paris\",\"publisher\":{\"@id\":\"https:\/\/librairie7l.com\/en\/#organization\"},\"potentialAction\":[{\"@type\":\"SearchAction\",\"target\":{\"@type\":\"EntryPoint\",\"urlTemplate\":\"https:\/\/librairie7l.com\/en\/?s={search_term_string}\"},\"query-input\":\"required name=search_term_string\"}],\"inLanguage\":\"en-US\"},{\"@type\":\"Organization\",\"@id\":\"https:\/\/librairie7l.com\/en\/#organization\",\"name\":\"Librairie 7L\",\"url\":\"https:\/\/librairie7l.com\/en\/\",\"logo\":{\"@type\":\"ImageObject\",\"inLanguage\":\"en-US\",\"@id\":\"https:\/\/librairie7l.com\/en\/#\/schema\/logo\/image\/\",\"url\":\"https:\/\/librairie7l.com\/wp-content\/uploads\/2022\/08\/logo-1.png\",\"contentUrl\":\"https:\/\/librairie7l.com\/wp-content\/uploads\/2022\/08\/logo-1.png\",\"width\":227,\"height\":301,\"caption\":\"Librairie 7L\"},\"image\":{\"@id\":\"https:\/\/librairie7l.com\/en\/#\/schema\/logo\/image\/\"}}]}<\/script>\n<!-- \/ Yoast SEO plugin. -->","yoast_head_json":{"title":"Le Corbusier : Catalogue des dessins 1929-1939 Tome III - Librairie 7L","robots":{"index":"index","follow":"follow","max-snippet":"max-snippet:-1","max-image-preview":"max-image-preview:large","max-video-preview":"max-video-preview:-1"},"canonical":"https:\/\/librairie7l.com\/en\/produit\/le-corbusier-catalogue-des-dessins-1929-1939-tome-iii-2\/","og_locale":"en_US","og_type":"article","og_title":"Le Corbusier : Catalogue des dessins 1929-1939 Tome III - Librairie 7L","og_description":"ARGUMENTAIRE Entre 1902 et 1965, Le Corbusier produit plusieurs milliers de dessins, souvent d&#8217;une rare beaut\u00e9. Les \u00e9ditions AAM, en collaboration avec la Fondation Le Corbusier, ont entrepris \u00e0 partir de 2019, leur publication en quatre volumes. Le tome III couvre la p\u00e9riode des ann\u00e9es 1929 \u00e0 1939 o\u00f9 la production dessin\u00e9e et peinte est [&hellip;]","og_url":"https:\/\/librairie7l.com\/en\/produit\/le-corbusier-catalogue-des-dessins-1929-1939-tome-iii-2\/","og_site_name":"Librairie 7L","article_modified_time":"2026-04-22T02:31:42+00:00","og_image":[{"width":600,"height":791,"url":"https:\/\/librairie7l.com\/wp-content\/uploads\/2025\/06\/9782488271073_1_75.jpg","type":"image\/jpeg"}],"twitter_card":"summary_large_image","twitter_misc":{"Est. reading time":"1 minute"},"schema":{"@context":"https:\/\/schema.org","@graph":[{"@type":"WebPage","@id":"https:\/\/librairie7l.com\/en\/produit\/le-corbusier-catalogue-des-dessins-1929-1939-tome-iii-2\/","url":"https:\/\/librairie7l.com\/en\/produit\/le-corbusier-catalogue-des-dessins-1929-1939-tome-iii-2\/","name":"Le Corbusier : Catalogue des dessins 1929-1939 Tome III - Librairie 7L","isPartOf":{"@id":"https:\/\/librairie7l.com\/en\/#website"},"datePublished":"2025-11-20T08:18:02+00:00","dateModified":"2026-04-22T02:31:42+00:00","breadcrumb":{"@id":"https:\/\/librairie7l.com\/en\/produit\/le-corbusier-catalogue-des-dessins-1929-1939-tome-iii-2\/#breadcrumb"},"inLanguage":"en-US","potentialAction":[{"@type":"ReadAction","target":["https:\/\/librairie7l.com\/en\/produit\/le-corbusier-catalogue-des-dessins-1929-1939-tome-iii-2\/"]}]},{"@type":"BreadcrumbList","@id":"https:\/\/librairie7l.com\/en\/produit\/le-corbusier-catalogue-des-dessins-1929-1939-tome-iii-2\/#breadcrumb","itemListElement":[{"@type":"ListItem","position":1,"name":"Accueil","item":"https:\/\/librairie7l.com\/en\/"},{"@type":"ListItem","position":2,"name":"Shop","item":"https:\/\/librairie7l.com\/en\/shop\/"},{"@type":"ListItem","position":3,"name":"LE CORBUSIER : CATALOGUE DES DESSINS 1929-1939 TOME III"}]},{"@type":"WebSite","@id":"https:\/\/librairie7l.com\/en\/#website","url":"https:\/\/librairie7l.com\/en\/","name":"Librairie 7L","description":"Librairie fond\u00e9e en 1999 par Karl Lagerfeld \u00e0 Paris","publisher":{"@id":"https:\/\/librairie7l.com\/en\/#organization"},"potentialAction":[{"@type":"SearchAction","target":{"@type":"EntryPoint","urlTemplate":"https:\/\/librairie7l.com\/en\/?s={search_term_string}"},"query-input":"required name=search_term_string"}],"inLanguage":"en-US"},{"@type":"Organization","@id":"https:\/\/librairie7l.com\/en\/#organization","name":"Librairie 7L","url":"https:\/\/librairie7l.com\/en\/","logo":{"@type":"ImageObject","inLanguage":"en-US","@id":"https:\/\/librairie7l.com\/en\/#\/schema\/logo\/image\/","url":"https:\/\/librairie7l.com\/wp-content\/uploads\/2022\/08\/logo-1.png","contentUrl":"https:\/\/librairie7l.com\/wp-content\/uploads\/2022\/08\/logo-1.png","width":227,"height":301,"caption":"Librairie 7L"},"image":{"@id":"https:\/\/librairie7l.com\/en\/#\/schema\/logo\/image\/"}}]}},"_links":{"self":[{"href":"https:\/\/librairie7l.com\/en\/wp-json\/wp\/v2\/product\/52501"}],"collection":[{"href":"https:\/\/librairie7l.com\/en\/wp-json\/wp\/v2\/product"}],"about":[{"href":"https:\/\/librairie7l.com\/en\/wp-json\/wp\/v2\/types\/product"}],"wp:featuredmedia":[{"embeddable":true,"href":"https:\/\/librairie7l.com\/en\/wp-json\/wp\/v2\/media\/52499"}],"wp:attachment":[{"href":"https:\/\/librairie7l.com\/en\/wp-json\/wp\/v2\/media?parent=52501"}],"wp:term":[{"taxonomy":"product_cat","embeddable":true,"href":"https:\/\/librairie7l.com\/en\/wp-json\/wp\/v2\/product_cat?post=52501"},{"taxonomy":"product_tag","embeddable":true,"href":"https:\/\/librairie7l.com\/en\/wp-json\/wp\/v2\/product_tag?post=52501"}],"curies":[{"name":"wp","href":"https:\/\/api.w.org\/{rel}","templated":true}]}}