{"id":52505,"date":"2025-11-20T09:18:04","date_gmt":"2025-11-20T08:18:04","guid":{"rendered":"https:\/\/librairie7l.com\/?post_type=product&#038;p=52505"},"modified":"2026-04-17T01:53:09","modified_gmt":"2026-04-16T23:53:09","slug":"campi-flegrei-burning-earth-2","status":"publish","type":"product","link":"https:\/\/librairie7l.com\/en\/produit\/campi-flegrei-burning-earth-2\/","title":{"rendered":"CAMPI FLEGREI : BURNING EARTH"},"content":{"rendered":"<p>Explorez une terre fa\u00e7onn\u00e9e par le temps et par le feu. Dans Campi Flegrei. Burning Earth, les photographies de Luigi Spina t\u00e9moignent de la force brute de la nature et de la longue pr\u00e9sence de l&#8217;homme.<br \/>\nLes Champs Phl\u00e9gr\u00e9ens, site sismiquement actif des environs de Naples, ont tout pour nous s\u00e9duire, nous stimuler, mais aussi nous interpeller. Parlant \u00e0 notre \u00e2me comme \u00e0 nos sens, ils n\u00e9cessitent d&#8217;\u00eatre interpr\u00e9t\u00e9s plut\u00f4t que simplement fix\u00e9s sur pellicule.<br \/>\nDes hommes ont en effet choisi de vivre au coeur de ces formations volcaniques et g\u00e9ologiques uniques, tissant la trame d&#8217;une occupation humaine continue et apprivoisant cette terre en perp\u00e9tuelle transformation, l&#8217;un des milieux \u00e0 la fois les plus rudes et les plus enchanteurs qui soient. Notre esp\u00e8ce a ainsi oppos\u00e9 aux convulsions in\u00e9vitables et incontr\u00f4l\u00e9es du globe sa propre impermanence, ce qui nous vaut de pouvoir contempler quelques-uns de ses plus glorieux accomplissements, tels que Cumes, premi\u00e8re des colonies grecques de la M\u00e9diterran\u00e9e occidentale, le port romain de Pouzzoles \u00e0 l&#8217;activit\u00e9 d\u00e9bordante, mais aussi la dolce vita savour\u00e9e par les Anciens dans les thermes et les villas qui parsemaient la baie de Ba\u00efes.<br \/>\nLuigi Spina explore l&#8217;endroit depuis 2020, s&#8217;immergeant dans sa g\u00e9ographie complexe et stratifi\u00e9e, dont les jalons essentiels sont des lieux de m\u00e9moire (sites arch\u00e9ologiques, monuments, paysages) qui, en tant que &#8220;rep\u00e8res perceptifs&#8221;, nous aident \u00e0 comprendre cet univers dans lequel nature et ruines antiques sont indissociables de la pr\u00e9sence \u00e9crasante de l&#8217;homme. Entre mim\u00e9tisme et contradiction, les Champs Phl\u00e9gr\u00e9ens sont aujourd&#8217;hui recouverts d&#8217;un dense tissu urbain, o\u00f9 Antiquit\u00e9 et modernit\u00e9 coexistent en un \u00e9quilibre culturel et social aussi pr\u00e9caire que complexe et difficile \u00e0 gouverner.<br \/>\nAux Champs Phl\u00e9gr\u00e9ens, la m\u00e9moire est une pr\u00e9sence constante, inscrite non dans des cases temporelles simplement d\u00e9finies comme &#8220;autres&#8221; que le pr\u00e9sent, mais dans un dialogue incessant et d\u00e9licat avec le monde contemporain. Spina explore et photographie des lieux tels que la grotte de la Dragonara, la Piscina Mirabilis, le th\u00e9\u00e2tre de Mis\u00e8ne, l&#8217;amphith\u00e9\u00e2tre Flavien de Pouzzoles, le temple d&#8217;Apollon au bord du lac Averne, les &#8220;temples&#8221; de V\u00e9nus et de Diane, au gr\u00e9 de ses marches \u00e0 travers les collines surplombant Ba\u00efes, qui finissent par le ramener vers Cumes.<br \/>\n&#8211; Les photographies de Luigi Spina se concentrent sur un certain nombre de lieux-cl\u00e9s, parmi lesquels des sites arch\u00e9ologiques et des paysages, qui sont autant de &#8220;rep\u00e8res perceptifs&#8221; reliant nature, ruines antiques et pr\u00e9sence humaine.<br \/>\n&#8211; Le livre atteste de la coexistence complexe, en \u00e9quilibre pr\u00e9caire, entre m\u00e9moire de l&#8217;Antiquit\u00e9 et urbanisation moderne.<br \/>\n&#8211; Le travail de Spina pr\u00e9sente des lieux \u00e9vocateurs comme la grotte de la Dragonara, la Piscina Mirabilis, le th\u00e9\u00e2tre de Mis\u00e8ne, l&#8217;amphith\u00e9\u00e2tre Flavien, le temple d&#8217;Apollon, les temples de V\u00e9nus et de Diane.<br \/>\n&#8211; Le texte, co-\u00e9crit par Fabio Pagano, directeur du Parc arch\u00e9ologique des Champs Phl\u00e9gr\u00e9ens, fournit au lecteur un \u00e9clairage arch\u00e9ologique scientifiquement autoris\u00e9.<\/p>\n","protected":false},"excerpt":{"rendered":"<p>Explorez une terre fa\u00e7onn\u00e9e par le temps et par le feu. Dans Campi Flegrei. Burning Earth, les photographies de Luigi Spina t\u00e9moignent de la force brute de la nature et de la longue pr\u00e9sence de l&#8217;homme. Les Champs Phl\u00e9gr\u00e9ens, site sismiquement actif des environs de Naples, ont tout pour nous s\u00e9duire, nous stimuler, mais aussi [&hellip;]<\/p>\n","protected":false},"featured_media":52503,"template":"","meta":[],"product_cat":[2948,2953],"product_tag":[],"acf":[],"yoast_head":"<!-- This site is optimized with the Yoast SEO plugin v20.11 - https:\/\/yoast.com\/wordpress\/plugins\/seo\/ -->\n<title>Campi Flegrei : Burning Earth - Librairie 7L<\/title>\n<meta name=\"robots\" content=\"index, follow, max-snippet:-1, max-image-preview:large, max-video-preview:-1\" \/>\n<link rel=\"canonical\" href=\"https:\/\/librairie7l.com\/en\/produit\/campi-flegrei-burning-earth-2\/\" \/>\n<meta property=\"og:locale\" content=\"en_US\" \/>\n<meta property=\"og:type\" content=\"article\" \/>\n<meta property=\"og:title\" content=\"Campi Flegrei : Burning Earth - Librairie 7L\" \/>\n<meta property=\"og:description\" content=\"Explorez une terre fa\u00e7onn\u00e9e par le temps et par le feu. Dans Campi Flegrei. Burning Earth, les photographies de Luigi Spina t\u00e9moignent de la force brute de la nature et de la longue pr\u00e9sence de l&#8217;homme. Les Champs Phl\u00e9gr\u00e9ens, site sismiquement actif des environs de Naples, ont tout pour nous s\u00e9duire, nous stimuler, mais aussi [&hellip;]\" \/>\n<meta property=\"og:url\" content=\"https:\/\/librairie7l.com\/en\/produit\/campi-flegrei-burning-earth-2\/\" \/>\n<meta property=\"og:site_name\" content=\"Librairie 7L\" \/>\n<meta property=\"article:modified_time\" content=\"2026-04-16T23:53:09+00:00\" \/>\n<meta property=\"og:image\" content=\"https:\/\/librairie7l.com\/wp-content\/uploads\/2014\/05\/9788874396719_1_75.jpg\" \/>\n\t<meta property=\"og:image:width\" content=\"600\" \/>\n\t<meta property=\"og:image:height\" content=\"900\" \/>\n\t<meta property=\"og:image:type\" content=\"image\/jpeg\" \/>\n<meta name=\"twitter:card\" content=\"summary_large_image\" \/>\n<meta name=\"twitter:label1\" content=\"Est. reading time\" \/>\n\t<meta name=\"twitter:data1\" content=\"3 minutes\" \/>\n<script type=\"application\/ld+json\" class=\"yoast-schema-graph\">{\"@context\":\"https:\/\/schema.org\",\"@graph\":[{\"@type\":\"WebPage\",\"@id\":\"https:\/\/librairie7l.com\/en\/produit\/campi-flegrei-burning-earth-2\/\",\"url\":\"https:\/\/librairie7l.com\/en\/produit\/campi-flegrei-burning-earth-2\/\",\"name\":\"Campi Flegrei : Burning Earth - Librairie 7L\",\"isPartOf\":{\"@id\":\"https:\/\/librairie7l.com\/en\/#website\"},\"datePublished\":\"2025-11-20T08:18:04+00:00\",\"dateModified\":\"2026-04-16T23:53:09+00:00\",\"breadcrumb\":{\"@id\":\"https:\/\/librairie7l.com\/en\/produit\/campi-flegrei-burning-earth-2\/#breadcrumb\"},\"inLanguage\":\"en-US\",\"potentialAction\":[{\"@type\":\"ReadAction\",\"target\":[\"https:\/\/librairie7l.com\/en\/produit\/campi-flegrei-burning-earth-2\/\"]}]},{\"@type\":\"BreadcrumbList\",\"@id\":\"https:\/\/librairie7l.com\/en\/produit\/campi-flegrei-burning-earth-2\/#breadcrumb\",\"itemListElement\":[{\"@type\":\"ListItem\",\"position\":1,\"name\":\"Accueil\",\"item\":\"https:\/\/librairie7l.com\/en\/\"},{\"@type\":\"ListItem\",\"position\":2,\"name\":\"Shop\",\"item\":\"https:\/\/librairie7l.com\/en\/shop\/\"},{\"@type\":\"ListItem\",\"position\":3,\"name\":\"CAMPI FLEGREI : BURNING EARTH\"}]},{\"@type\":\"WebSite\",\"@id\":\"https:\/\/librairie7l.com\/en\/#website\",\"url\":\"https:\/\/librairie7l.com\/en\/\",\"name\":\"Librairie 7L\",\"description\":\"Librairie fond\u00e9e en 1999 par Karl Lagerfeld \u00e0 Paris\",\"publisher\":{\"@id\":\"https:\/\/librairie7l.com\/en\/#organization\"},\"potentialAction\":[{\"@type\":\"SearchAction\",\"target\":{\"@type\":\"EntryPoint\",\"urlTemplate\":\"https:\/\/librairie7l.com\/en\/?s={search_term_string}\"},\"query-input\":\"required name=search_term_string\"}],\"inLanguage\":\"en-US\"},{\"@type\":\"Organization\",\"@id\":\"https:\/\/librairie7l.com\/en\/#organization\",\"name\":\"Librairie 7L\",\"url\":\"https:\/\/librairie7l.com\/en\/\",\"logo\":{\"@type\":\"ImageObject\",\"inLanguage\":\"en-US\",\"@id\":\"https:\/\/librairie7l.com\/en\/#\/schema\/logo\/image\/\",\"url\":\"https:\/\/librairie7l.com\/wp-content\/uploads\/2022\/08\/logo-1.png\",\"contentUrl\":\"https:\/\/librairie7l.com\/wp-content\/uploads\/2022\/08\/logo-1.png\",\"width\":227,\"height\":301,\"caption\":\"Librairie 7L\"},\"image\":{\"@id\":\"https:\/\/librairie7l.com\/en\/#\/schema\/logo\/image\/\"}}]}<\/script>\n<!-- \/ Yoast SEO plugin. -->","yoast_head_json":{"title":"Campi Flegrei : Burning Earth - Librairie 7L","robots":{"index":"index","follow":"follow","max-snippet":"max-snippet:-1","max-image-preview":"max-image-preview:large","max-video-preview":"max-video-preview:-1"},"canonical":"https:\/\/librairie7l.com\/en\/produit\/campi-flegrei-burning-earth-2\/","og_locale":"en_US","og_type":"article","og_title":"Campi Flegrei : Burning Earth - Librairie 7L","og_description":"Explorez une terre fa\u00e7onn\u00e9e par le temps et par le feu. Dans Campi Flegrei. Burning Earth, les photographies de Luigi Spina t\u00e9moignent de la force brute de la nature et de la longue pr\u00e9sence de l&#8217;homme. Les Champs Phl\u00e9gr\u00e9ens, site sismiquement actif des environs de Naples, ont tout pour nous s\u00e9duire, nous stimuler, mais aussi [&hellip;]","og_url":"https:\/\/librairie7l.com\/en\/produit\/campi-flegrei-burning-earth-2\/","og_site_name":"Librairie 7L","article_modified_time":"2026-04-16T23:53:09+00:00","og_image":[{"width":600,"height":900,"url":"https:\/\/librairie7l.com\/wp-content\/uploads\/2014\/05\/9788874396719_1_75.jpg","type":"image\/jpeg"}],"twitter_card":"summary_large_image","twitter_misc":{"Est. reading time":"3 minutes"},"schema":{"@context":"https:\/\/schema.org","@graph":[{"@type":"WebPage","@id":"https:\/\/librairie7l.com\/en\/produit\/campi-flegrei-burning-earth-2\/","url":"https:\/\/librairie7l.com\/en\/produit\/campi-flegrei-burning-earth-2\/","name":"Campi Flegrei : Burning Earth - Librairie 7L","isPartOf":{"@id":"https:\/\/librairie7l.com\/en\/#website"},"datePublished":"2025-11-20T08:18:04+00:00","dateModified":"2026-04-16T23:53:09+00:00","breadcrumb":{"@id":"https:\/\/librairie7l.com\/en\/produit\/campi-flegrei-burning-earth-2\/#breadcrumb"},"inLanguage":"en-US","potentialAction":[{"@type":"ReadAction","target":["https:\/\/librairie7l.com\/en\/produit\/campi-flegrei-burning-earth-2\/"]}]},{"@type":"BreadcrumbList","@id":"https:\/\/librairie7l.com\/en\/produit\/campi-flegrei-burning-earth-2\/#breadcrumb","itemListElement":[{"@type":"ListItem","position":1,"name":"Accueil","item":"https:\/\/librairie7l.com\/en\/"},{"@type":"ListItem","position":2,"name":"Shop","item":"https:\/\/librairie7l.com\/en\/shop\/"},{"@type":"ListItem","position":3,"name":"CAMPI FLEGREI : BURNING EARTH"}]},{"@type":"WebSite","@id":"https:\/\/librairie7l.com\/en\/#website","url":"https:\/\/librairie7l.com\/en\/","name":"Librairie 7L","description":"Librairie fond\u00e9e en 1999 par Karl Lagerfeld \u00e0 Paris","publisher":{"@id":"https:\/\/librairie7l.com\/en\/#organization"},"potentialAction":[{"@type":"SearchAction","target":{"@type":"EntryPoint","urlTemplate":"https:\/\/librairie7l.com\/en\/?s={search_term_string}"},"query-input":"required name=search_term_string"}],"inLanguage":"en-US"},{"@type":"Organization","@id":"https:\/\/librairie7l.com\/en\/#organization","name":"Librairie 7L","url":"https:\/\/librairie7l.com\/en\/","logo":{"@type":"ImageObject","inLanguage":"en-US","@id":"https:\/\/librairie7l.com\/en\/#\/schema\/logo\/image\/","url":"https:\/\/librairie7l.com\/wp-content\/uploads\/2022\/08\/logo-1.png","contentUrl":"https:\/\/librairie7l.com\/wp-content\/uploads\/2022\/08\/logo-1.png","width":227,"height":301,"caption":"Librairie 7L"},"image":{"@id":"https:\/\/librairie7l.com\/en\/#\/schema\/logo\/image\/"}}]}},"_links":{"self":[{"href":"https:\/\/librairie7l.com\/en\/wp-json\/wp\/v2\/product\/52505"}],"collection":[{"href":"https:\/\/librairie7l.com\/en\/wp-json\/wp\/v2\/product"}],"about":[{"href":"https:\/\/librairie7l.com\/en\/wp-json\/wp\/v2\/types\/product"}],"wp:featuredmedia":[{"embeddable":true,"href":"https:\/\/librairie7l.com\/en\/wp-json\/wp\/v2\/media\/52503"}],"wp:attachment":[{"href":"https:\/\/librairie7l.com\/en\/wp-json\/wp\/v2\/media?parent=52505"}],"wp:term":[{"taxonomy":"product_cat","embeddable":true,"href":"https:\/\/librairie7l.com\/en\/wp-json\/wp\/v2\/product_cat?post=52505"},{"taxonomy":"product_tag","embeddable":true,"href":"https:\/\/librairie7l.com\/en\/wp-json\/wp\/v2\/product_tag?post=52505"}],"curies":[{"name":"wp","href":"https:\/\/api.w.org\/{rel}","templated":true}]}}