{"id":52507,"date":"2025-11-20T09:18:06","date_gmt":"2025-11-20T08:18:06","guid":{"rendered":"https:\/\/librairie7l.com\/?post_type=product&#038;p=52507"},"modified":"2026-04-21T12:06:27","modified_gmt":"2026-04-21T10:06:27","slug":"palermo-2","status":"publish","type":"product","link":"https:\/\/librairie7l.com\/en\/produit\/palermo-2\/","title":{"rendered":"PALERMO"},"content":{"rendered":"<p>Palerme a port\u00e9 au fil du temps plusieurs<br \/>\ntoponymes, comme si son nom refl\u00e9tait son profil<br \/>\nde lieu pluriel et aux multiples facettes, marqu\u00e9<br \/>\npar une histoire mill\u00e9naire. Les merveilleuses<br \/>\nimages de monuments, palais, \u00e9glises, oeuvres<br \/>\nd&#8217;art, r\u00e9alis\u00e9es par les photographes<br \/>\nMassimo Listri et Luciano Romano<br \/>\nd\u00e9voilent les origines ph\u00e9niciennes, les traces<br \/>\nde l&#8217;importante pr\u00e9sence grecque et romaine,<br \/>\nles \u00e9difices et les splendides mosa\u00efques arabonormandes, les signes d&#8217;une Renaissance<br \/>\nsinguli\u00e8re, les marqueteries et les blancs<br \/>\n\u00e9blouissants de l&#8217;opulente p\u00e9riode baroque,<br \/>\njusqu&#8217;au XX si\u00e8cle avec son \u00e9l\u00e9gance Art<br \/>\nnouveau. Les textes de Giorgio Villani tracent<br \/>\nun itin\u00e9raire \u00e0 la d\u00e9couverte de Palerme,<br \/>\nen pr\u00e9sentant au lecteur ses lieux et moments<br \/>\nles plus significatifs, et s&#8217;ach\u00e8vent par une<br \/>\ngaleriede personnages aussi originaux<br \/>\nque profond\u00e9ment li\u00e9s \u00e0 l&#8217;identit\u00e9<br \/>\ncomposite de la ville.<br \/>\nChaque chapitre propose<br \/>\n\u00e9galement une s\u00e9lection<br \/>\nsoign\u00e9e de passages<br \/>\nd&#8217;\u00e9crivains, po\u00e8tes et<br \/>\nvoyageurs c\u00e9l\u00e8bres<br \/>\ndu pass\u00e9, qui<br \/>\nd\u00e9crivent et litt\u00e9raire o\u00f9 les \u00e9poques et les styles se m\u00ealent,<br \/>\net dans laquelle le regard parfois ac\u00e9r\u00e9,<br \/>\nparfois tendre et nostalgique des intellectuels<br \/>\nlocaux est compl\u00e9t\u00e9 par celui, plus ext\u00e9rieur<br \/>\nmais non moins sensible aux merveilles et<br \/>\nbizarreries de Palerme, de ceux<br \/>\nqui y arrivent de loin.<br \/>\n Images et textes r\u00e9v\u00e8lent<br \/>\nune ville au charme<br \/>\nirr\u00e9sistible, fi\u00e8re de<br \/>\nmontrer son \u00e9clat<br \/>\nenvo\u00fbtant et<br \/>\nintemporel.<\/p>\n","protected":false},"excerpt":{"rendered":"<p>Palerme a port\u00e9 au fil du temps plusieurs toponymes, comme si son nom refl\u00e9tait son profil de lieu pluriel et aux multiples facettes, marqu\u00e9 par une histoire mill\u00e9naire. Les merveilleuses images de monuments, palais, \u00e9glises, oeuvres d&#8217;art, r\u00e9alis\u00e9es par les photographes Massimo Listri et Luciano Romano d\u00e9voilent les origines ph\u00e9niciennes, les traces de l&#8217;importante pr\u00e9sence [&hellip;]<\/p>\n","protected":false},"featured_media":53828,"template":"","meta":[],"product_cat":[2948,2953],"product_tag":[],"acf":[],"yoast_head":"<!-- This site is optimized with the Yoast SEO plugin v20.11 - https:\/\/yoast.com\/wordpress\/plugins\/seo\/ -->\n<title>Palermo - Librairie 7L<\/title>\n<meta name=\"robots\" content=\"index, follow, max-snippet:-1, max-image-preview:large, max-video-preview:-1\" \/>\n<link rel=\"canonical\" href=\"https:\/\/librairie7l.com\/en\/produit\/palermo-2\/\" \/>\n<meta property=\"og:locale\" content=\"en_US\" \/>\n<meta property=\"og:type\" content=\"article\" \/>\n<meta property=\"og:title\" content=\"Palermo - Librairie 7L\" \/>\n<meta property=\"og:description\" content=\"Palerme a port\u00e9 au fil du temps plusieurs toponymes, comme si son nom refl\u00e9tait son profil de lieu pluriel et aux multiples facettes, marqu\u00e9 par une histoire mill\u00e9naire. Les merveilleuses images de monuments, palais, \u00e9glises, oeuvres d&#8217;art, r\u00e9alis\u00e9es par les photographes Massimo Listri et Luciano Romano d\u00e9voilent les origines ph\u00e9niciennes, les traces de l&#8217;importante pr\u00e9sence [&hellip;]\" \/>\n<meta property=\"og:url\" content=\"https:\/\/librairie7l.com\/en\/produit\/palermo-2\/\" \/>\n<meta property=\"og:site_name\" content=\"Librairie 7L\" \/>\n<meta property=\"article:modified_time\" content=\"2026-04-21T10:06:27+00:00\" \/>\n<meta name=\"twitter:card\" content=\"summary_large_image\" \/>\n<meta name=\"twitter:label1\" content=\"Est. reading time\" \/>\n\t<meta name=\"twitter:data1\" content=\"1 minute\" \/>\n<script type=\"application\/ld+json\" class=\"yoast-schema-graph\">{\"@context\":\"https:\/\/schema.org\",\"@graph\":[{\"@type\":\"WebPage\",\"@id\":\"https:\/\/librairie7l.com\/en\/produit\/palermo-2\/\",\"url\":\"https:\/\/librairie7l.com\/en\/produit\/palermo-2\/\",\"name\":\"Palermo - Librairie 7L\",\"isPartOf\":{\"@id\":\"https:\/\/librairie7l.com\/en\/#website\"},\"datePublished\":\"2025-11-20T08:18:06+00:00\",\"dateModified\":\"2026-04-21T10:06:27+00:00\",\"breadcrumb\":{\"@id\":\"https:\/\/librairie7l.com\/en\/produit\/palermo-2\/#breadcrumb\"},\"inLanguage\":\"en-US\",\"potentialAction\":[{\"@type\":\"ReadAction\",\"target\":[\"https:\/\/librairie7l.com\/en\/produit\/palermo-2\/\"]}]},{\"@type\":\"BreadcrumbList\",\"@id\":\"https:\/\/librairie7l.com\/en\/produit\/palermo-2\/#breadcrumb\",\"itemListElement\":[{\"@type\":\"ListItem\",\"position\":1,\"name\":\"Accueil\",\"item\":\"https:\/\/librairie7l.com\/en\/\"},{\"@type\":\"ListItem\",\"position\":2,\"name\":\"Shop\",\"item\":\"https:\/\/librairie7l.com\/en\/shop\/\"},{\"@type\":\"ListItem\",\"position\":3,\"name\":\"PALERMO\"}]},{\"@type\":\"WebSite\",\"@id\":\"https:\/\/librairie7l.com\/en\/#website\",\"url\":\"https:\/\/librairie7l.com\/en\/\",\"name\":\"Librairie 7L\",\"description\":\"Librairie fond\u00e9e en 1999 par Karl Lagerfeld \u00e0 Paris\",\"publisher\":{\"@id\":\"https:\/\/librairie7l.com\/en\/#organization\"},\"potentialAction\":[{\"@type\":\"SearchAction\",\"target\":{\"@type\":\"EntryPoint\",\"urlTemplate\":\"https:\/\/librairie7l.com\/en\/?s={search_term_string}\"},\"query-input\":\"required name=search_term_string\"}],\"inLanguage\":\"en-US\"},{\"@type\":\"Organization\",\"@id\":\"https:\/\/librairie7l.com\/en\/#organization\",\"name\":\"Librairie 7L\",\"url\":\"https:\/\/librairie7l.com\/en\/\",\"logo\":{\"@type\":\"ImageObject\",\"inLanguage\":\"en-US\",\"@id\":\"https:\/\/librairie7l.com\/en\/#\/schema\/logo\/image\/\",\"url\":\"https:\/\/librairie7l.com\/wp-content\/uploads\/2022\/08\/logo-1.png\",\"contentUrl\":\"https:\/\/librairie7l.com\/wp-content\/uploads\/2022\/08\/logo-1.png\",\"width\":227,\"height\":301,\"caption\":\"Librairie 7L\"},\"image\":{\"@id\":\"https:\/\/librairie7l.com\/en\/#\/schema\/logo\/image\/\"}}]}<\/script>\n<!-- \/ Yoast SEO plugin. -->","yoast_head_json":{"title":"Palermo - Librairie 7L","robots":{"index":"index","follow":"follow","max-snippet":"max-snippet:-1","max-image-preview":"max-image-preview:large","max-video-preview":"max-video-preview:-1"},"canonical":"https:\/\/librairie7l.com\/en\/produit\/palermo-2\/","og_locale":"en_US","og_type":"article","og_title":"Palermo - Librairie 7L","og_description":"Palerme a port\u00e9 au fil du temps plusieurs toponymes, comme si son nom refl\u00e9tait son profil de lieu pluriel et aux multiples facettes, marqu\u00e9 par une histoire mill\u00e9naire. Les merveilleuses images de monuments, palais, \u00e9glises, oeuvres d&#8217;art, r\u00e9alis\u00e9es par les photographes Massimo Listri et Luciano Romano d\u00e9voilent les origines ph\u00e9niciennes, les traces de l&#8217;importante pr\u00e9sence [&hellip;]","og_url":"https:\/\/librairie7l.com\/en\/produit\/palermo-2\/","og_site_name":"Librairie 7L","article_modified_time":"2026-04-21T10:06:27+00:00","twitter_card":"summary_large_image","twitter_misc":{"Est. reading time":"1 minute"},"schema":{"@context":"https:\/\/schema.org","@graph":[{"@type":"WebPage","@id":"https:\/\/librairie7l.com\/en\/produit\/palermo-2\/","url":"https:\/\/librairie7l.com\/en\/produit\/palermo-2\/","name":"Palermo - Librairie 7L","isPartOf":{"@id":"https:\/\/librairie7l.com\/en\/#website"},"datePublished":"2025-11-20T08:18:06+00:00","dateModified":"2026-04-21T10:06:27+00:00","breadcrumb":{"@id":"https:\/\/librairie7l.com\/en\/produit\/palermo-2\/#breadcrumb"},"inLanguage":"en-US","potentialAction":[{"@type":"ReadAction","target":["https:\/\/librairie7l.com\/en\/produit\/palermo-2\/"]}]},{"@type":"BreadcrumbList","@id":"https:\/\/librairie7l.com\/en\/produit\/palermo-2\/#breadcrumb","itemListElement":[{"@type":"ListItem","position":1,"name":"Accueil","item":"https:\/\/librairie7l.com\/en\/"},{"@type":"ListItem","position":2,"name":"Shop","item":"https:\/\/librairie7l.com\/en\/shop\/"},{"@type":"ListItem","position":3,"name":"PALERMO"}]},{"@type":"WebSite","@id":"https:\/\/librairie7l.com\/en\/#website","url":"https:\/\/librairie7l.com\/en\/","name":"Librairie 7L","description":"Librairie fond\u00e9e en 1999 par Karl Lagerfeld \u00e0 Paris","publisher":{"@id":"https:\/\/librairie7l.com\/en\/#organization"},"potentialAction":[{"@type":"SearchAction","target":{"@type":"EntryPoint","urlTemplate":"https:\/\/librairie7l.com\/en\/?s={search_term_string}"},"query-input":"required name=search_term_string"}],"inLanguage":"en-US"},{"@type":"Organization","@id":"https:\/\/librairie7l.com\/en\/#organization","name":"Librairie 7L","url":"https:\/\/librairie7l.com\/en\/","logo":{"@type":"ImageObject","inLanguage":"en-US","@id":"https:\/\/librairie7l.com\/en\/#\/schema\/logo\/image\/","url":"https:\/\/librairie7l.com\/wp-content\/uploads\/2022\/08\/logo-1.png","contentUrl":"https:\/\/librairie7l.com\/wp-content\/uploads\/2022\/08\/logo-1.png","width":227,"height":301,"caption":"Librairie 7L"},"image":{"@id":"https:\/\/librairie7l.com\/en\/#\/schema\/logo\/image\/"}}]}},"_links":{"self":[{"href":"https:\/\/librairie7l.com\/en\/wp-json\/wp\/v2\/product\/52507"}],"collection":[{"href":"https:\/\/librairie7l.com\/en\/wp-json\/wp\/v2\/product"}],"about":[{"href":"https:\/\/librairie7l.com\/en\/wp-json\/wp\/v2\/types\/product"}],"wp:featuredmedia":[{"embeddable":true,"href":"https:\/\/librairie7l.com\/en\/wp-json\/wp\/v2\/media\/53828"}],"wp:attachment":[{"href":"https:\/\/librairie7l.com\/en\/wp-json\/wp\/v2\/media?parent=52507"}],"wp:term":[{"taxonomy":"product_cat","embeddable":true,"href":"https:\/\/librairie7l.com\/en\/wp-json\/wp\/v2\/product_cat?post=52507"},{"taxonomy":"product_tag","embeddable":true,"href":"https:\/\/librairie7l.com\/en\/wp-json\/wp\/v2\/product_tag?post=52507"}],"curies":[{"name":"wp","href":"https:\/\/api.w.org\/{rel}","templated":true}]}}