{"id":52513,"date":"2025-11-20T09:18:12","date_gmt":"2025-11-20T08:18:12","guid":{"rendered":"https:\/\/librairie7l.com\/?post_type=product&#038;p=52513"},"modified":"2026-04-22T01:19:30","modified_gmt":"2026-04-21T23:19:30","slug":"revue-fmr-tome-15-equinoxe-dautomne-2","status":"publish","type":"product","link":"https:\/\/librairie7l.com\/en\/produit\/revue-fmr-tome-15-equinoxe-dautomne-2\/","title":{"rendered":"REVUE FMR TOME 15 : \u00c9QUINOXE D&#8217;AUTOMNE"},"content":{"rendered":"<p>FMR est la revue des curieux, de ceux qui aiment<br \/>\ns&#8217;\u00e9merveiller et se surprendre : des photographies<br \/>\n\u00e9clatantes et des lectures passionnantes racontent<br \/>\ndes oeuvres d&#8217;art cach\u00e9es et des histoires<br \/>\nprodigieuses. Le num\u00e9ro d&#8217;automne de FMR arrive<br \/>\nle 21 septembre. On parlera d&#8217;un Stonehenge<br \/>\nmoderne en G\u00e9orgie, d&#8217;un raffin\u00e9 renouveau du<br \/>\nmythe de l&#8217;Atlantide au XXe si\u00e8cle, de messages<br \/>\n\u00e9rotiques dissimul\u00e9s dans deux peintures du<br \/>\nXVIe si\u00e8cle florentin, d&#8217;une figure \u00e9tonnante de<br \/>\ndiplomate de l&#8217;\u00e9poque baroque, d&#8217;un chef-d&#8217;oeuvre<br \/>\ndes arts d\u00e9coratifs en Italie, et d&#8217;autres merveilles.<\/p>\n","protected":false},"excerpt":{"rendered":"<p>FMR est la revue des curieux, de ceux qui aiment s&#8217;\u00e9merveiller et se surprendre : des photographies \u00e9clatantes et des lectures passionnantes racontent des oeuvres d&#8217;art cach\u00e9es et des histoires prodigieuses. Le num\u00e9ro d&#8217;automne de FMR arrive le 21 septembre. On parlera d&#8217;un Stonehenge moderne en G\u00e9orgie, d&#8217;un raffin\u00e9 renouveau du mythe de l&#8217;Atlantide au [&hellip;]<\/p>\n","protected":false},"featured_media":53830,"template":"","meta":[],"product_cat":[2948,2953],"product_tag":[],"acf":[],"yoast_head":"<!-- This site is optimized with the Yoast SEO plugin v20.11 - https:\/\/yoast.com\/wordpress\/plugins\/seo\/ -->\n<title>Revue FMR Tome 15 : \u00c9quinoxe d&#039;automne - Librairie 7L<\/title>\n<meta name=\"robots\" content=\"index, follow, max-snippet:-1, max-image-preview:large, max-video-preview:-1\" \/>\n<link rel=\"canonical\" href=\"https:\/\/librairie7l.com\/en\/produit\/revue-fmr-tome-15-equinoxe-dautomne-2\/\" \/>\n<meta property=\"og:locale\" content=\"en_US\" \/>\n<meta property=\"og:type\" content=\"article\" \/>\n<meta property=\"og:title\" content=\"Revue FMR Tome 15 : \u00c9quinoxe d&#039;automne - Librairie 7L\" \/>\n<meta property=\"og:description\" content=\"FMR est la revue des curieux, de ceux qui aiment s&#8217;\u00e9merveiller et se surprendre : des photographies \u00e9clatantes et des lectures passionnantes racontent des oeuvres d&#8217;art cach\u00e9es et des histoires prodigieuses. Le num\u00e9ro d&#8217;automne de FMR arrive le 21 septembre. On parlera d&#8217;un Stonehenge moderne en G\u00e9orgie, d&#8217;un raffin\u00e9 renouveau du mythe de l&#8217;Atlantide au [&hellip;]\" \/>\n<meta property=\"og:url\" content=\"https:\/\/librairie7l.com\/en\/produit\/revue-fmr-tome-15-equinoxe-dautomne-2\/\" \/>\n<meta property=\"og:site_name\" content=\"Librairie 7L\" \/>\n<meta property=\"article:modified_time\" content=\"2026-04-21T23:19:30+00:00\" \/>\n<meta name=\"twitter:card\" content=\"summary_large_image\" \/>\n<script type=\"application\/ld+json\" class=\"yoast-schema-graph\">{\"@context\":\"https:\/\/schema.org\",\"@graph\":[{\"@type\":\"WebPage\",\"@id\":\"https:\/\/librairie7l.com\/en\/produit\/revue-fmr-tome-15-equinoxe-dautomne-2\/\",\"url\":\"https:\/\/librairie7l.com\/en\/produit\/revue-fmr-tome-15-equinoxe-dautomne-2\/\",\"name\":\"Revue FMR Tome 15 : \u00c9quinoxe d'automne - Librairie 7L\",\"isPartOf\":{\"@id\":\"https:\/\/librairie7l.com\/en\/#website\"},\"datePublished\":\"2025-11-20T08:18:12+00:00\",\"dateModified\":\"2026-04-21T23:19:30+00:00\",\"breadcrumb\":{\"@id\":\"https:\/\/librairie7l.com\/en\/produit\/revue-fmr-tome-15-equinoxe-dautomne-2\/#breadcrumb\"},\"inLanguage\":\"en-US\",\"potentialAction\":[{\"@type\":\"ReadAction\",\"target\":[\"https:\/\/librairie7l.com\/en\/produit\/revue-fmr-tome-15-equinoxe-dautomne-2\/\"]}]},{\"@type\":\"BreadcrumbList\",\"@id\":\"https:\/\/librairie7l.com\/en\/produit\/revue-fmr-tome-15-equinoxe-dautomne-2\/#breadcrumb\",\"itemListElement\":[{\"@type\":\"ListItem\",\"position\":1,\"name\":\"Accueil\",\"item\":\"https:\/\/librairie7l.com\/en\/\"},{\"@type\":\"ListItem\",\"position\":2,\"name\":\"Shop\",\"item\":\"https:\/\/librairie7l.com\/en\/shop\/\"},{\"@type\":\"ListItem\",\"position\":3,\"name\":\"REVUE FMR TOME 15 : \u00c9QUINOXE D&#8217;AUTOMNE\"}]},{\"@type\":\"WebSite\",\"@id\":\"https:\/\/librairie7l.com\/en\/#website\",\"url\":\"https:\/\/librairie7l.com\/en\/\",\"name\":\"Librairie 7L\",\"description\":\"Librairie fond\u00e9e en 1999 par Karl Lagerfeld \u00e0 Paris\",\"publisher\":{\"@id\":\"https:\/\/librairie7l.com\/en\/#organization\"},\"potentialAction\":[{\"@type\":\"SearchAction\",\"target\":{\"@type\":\"EntryPoint\",\"urlTemplate\":\"https:\/\/librairie7l.com\/en\/?s={search_term_string}\"},\"query-input\":\"required name=search_term_string\"}],\"inLanguage\":\"en-US\"},{\"@type\":\"Organization\",\"@id\":\"https:\/\/librairie7l.com\/en\/#organization\",\"name\":\"Librairie 7L\",\"url\":\"https:\/\/librairie7l.com\/en\/\",\"logo\":{\"@type\":\"ImageObject\",\"inLanguage\":\"en-US\",\"@id\":\"https:\/\/librairie7l.com\/en\/#\/schema\/logo\/image\/\",\"url\":\"https:\/\/librairie7l.com\/wp-content\/uploads\/2022\/08\/logo-1.png\",\"contentUrl\":\"https:\/\/librairie7l.com\/wp-content\/uploads\/2022\/08\/logo-1.png\",\"width\":227,\"height\":301,\"caption\":\"Librairie 7L\"},\"image\":{\"@id\":\"https:\/\/librairie7l.com\/en\/#\/schema\/logo\/image\/\"}}]}<\/script>\n<!-- \/ Yoast SEO plugin. -->","yoast_head_json":{"title":"Revue FMR Tome 15 : \u00c9quinoxe d'automne - Librairie 7L","robots":{"index":"index","follow":"follow","max-snippet":"max-snippet:-1","max-image-preview":"max-image-preview:large","max-video-preview":"max-video-preview:-1"},"canonical":"https:\/\/librairie7l.com\/en\/produit\/revue-fmr-tome-15-equinoxe-dautomne-2\/","og_locale":"en_US","og_type":"article","og_title":"Revue FMR Tome 15 : \u00c9quinoxe d'automne - Librairie 7L","og_description":"FMR est la revue des curieux, de ceux qui aiment s&#8217;\u00e9merveiller et se surprendre : des photographies \u00e9clatantes et des lectures passionnantes racontent des oeuvres d&#8217;art cach\u00e9es et des histoires prodigieuses. Le num\u00e9ro d&#8217;automne de FMR arrive le 21 septembre. On parlera d&#8217;un Stonehenge moderne en G\u00e9orgie, d&#8217;un raffin\u00e9 renouveau du mythe de l&#8217;Atlantide au [&hellip;]","og_url":"https:\/\/librairie7l.com\/en\/produit\/revue-fmr-tome-15-equinoxe-dautomne-2\/","og_site_name":"Librairie 7L","article_modified_time":"2026-04-21T23:19:30+00:00","twitter_card":"summary_large_image","schema":{"@context":"https:\/\/schema.org","@graph":[{"@type":"WebPage","@id":"https:\/\/librairie7l.com\/en\/produit\/revue-fmr-tome-15-equinoxe-dautomne-2\/","url":"https:\/\/librairie7l.com\/en\/produit\/revue-fmr-tome-15-equinoxe-dautomne-2\/","name":"Revue FMR Tome 15 : \u00c9quinoxe d'automne - Librairie 7L","isPartOf":{"@id":"https:\/\/librairie7l.com\/en\/#website"},"datePublished":"2025-11-20T08:18:12+00:00","dateModified":"2026-04-21T23:19:30+00:00","breadcrumb":{"@id":"https:\/\/librairie7l.com\/en\/produit\/revue-fmr-tome-15-equinoxe-dautomne-2\/#breadcrumb"},"inLanguage":"en-US","potentialAction":[{"@type":"ReadAction","target":["https:\/\/librairie7l.com\/en\/produit\/revue-fmr-tome-15-equinoxe-dautomne-2\/"]}]},{"@type":"BreadcrumbList","@id":"https:\/\/librairie7l.com\/en\/produit\/revue-fmr-tome-15-equinoxe-dautomne-2\/#breadcrumb","itemListElement":[{"@type":"ListItem","position":1,"name":"Accueil","item":"https:\/\/librairie7l.com\/en\/"},{"@type":"ListItem","position":2,"name":"Shop","item":"https:\/\/librairie7l.com\/en\/shop\/"},{"@type":"ListItem","position":3,"name":"REVUE FMR TOME 15 : \u00c9QUINOXE D&#8217;AUTOMNE"}]},{"@type":"WebSite","@id":"https:\/\/librairie7l.com\/en\/#website","url":"https:\/\/librairie7l.com\/en\/","name":"Librairie 7L","description":"Librairie fond\u00e9e en 1999 par Karl Lagerfeld \u00e0 Paris","publisher":{"@id":"https:\/\/librairie7l.com\/en\/#organization"},"potentialAction":[{"@type":"SearchAction","target":{"@type":"EntryPoint","urlTemplate":"https:\/\/librairie7l.com\/en\/?s={search_term_string}"},"query-input":"required name=search_term_string"}],"inLanguage":"en-US"},{"@type":"Organization","@id":"https:\/\/librairie7l.com\/en\/#organization","name":"Librairie 7L","url":"https:\/\/librairie7l.com\/en\/","logo":{"@type":"ImageObject","inLanguage":"en-US","@id":"https:\/\/librairie7l.com\/en\/#\/schema\/logo\/image\/","url":"https:\/\/librairie7l.com\/wp-content\/uploads\/2022\/08\/logo-1.png","contentUrl":"https:\/\/librairie7l.com\/wp-content\/uploads\/2022\/08\/logo-1.png","width":227,"height":301,"caption":"Librairie 7L"},"image":{"@id":"https:\/\/librairie7l.com\/en\/#\/schema\/logo\/image\/"}}]}},"_links":{"self":[{"href":"https:\/\/librairie7l.com\/en\/wp-json\/wp\/v2\/product\/52513"}],"collection":[{"href":"https:\/\/librairie7l.com\/en\/wp-json\/wp\/v2\/product"}],"about":[{"href":"https:\/\/librairie7l.com\/en\/wp-json\/wp\/v2\/types\/product"}],"wp:featuredmedia":[{"embeddable":true,"href":"https:\/\/librairie7l.com\/en\/wp-json\/wp\/v2\/media\/53830"}],"wp:attachment":[{"href":"https:\/\/librairie7l.com\/en\/wp-json\/wp\/v2\/media?parent=52513"}],"wp:term":[{"taxonomy":"product_cat","embeddable":true,"href":"https:\/\/librairie7l.com\/en\/wp-json\/wp\/v2\/product_cat?post=52513"},{"taxonomy":"product_tag","embeddable":true,"href":"https:\/\/librairie7l.com\/en\/wp-json\/wp\/v2\/product_tag?post=52513"}],"curies":[{"name":"wp","href":"https:\/\/api.w.org\/{rel}","templated":true}]}}