{"id":52515,"date":"2025-11-20T09:18:14","date_gmt":"2025-11-20T08:18:14","guid":{"rendered":"https:\/\/librairie7l.com\/?post_type=product&#038;p=52515"},"modified":"2026-04-17T19:00:39","modified_gmt":"2026-04-17T17:00:39","slug":"eastern-breezes-the-art-of-folding-screens-from-china-to-japan-and-beyond-2","status":"publish","type":"product","link":"https:\/\/librairie7l.com\/en\/produit\/eastern-breezes-the-art-of-folding-screens-from-china-to-japan-and-beyond-2\/","title":{"rendered":"EASTERN BREEZES : THE ART OF FOLDING SCREENS FROM CHINA TO JAPAN AND BEYOND"},"content":{"rendered":"<p>Originaires de Chine et connus au Japon d\u00e8s le<br \/>\nVII si\u00e8cle, les paravents repr\u00e9sentaient le plus<br \/>\nsouvent des paysages ou des sc\u00e8nes de la vie<br \/>\nquotidienne. Cependant, \u00e0 la suite de la rencontre<br \/>\navec les Occidentaux, ils ont laiss\u00e9 \u00e0 l&#8217;histoire<br \/>\nune repr\u00e9sentation quasi photographique de<br \/>\nl&#8217;arriv\u00e9e des Portugais au Japon. L&#8217;histoire des<br \/>\nparavents pr\u00e9sent\u00e9e dans les pages de ce volume,<br \/>\nest racont\u00e9e \u00e0 travers les photographies de<br \/>\nMassimo Listri, qui, avec une richesse de d\u00e9tails,<br \/>\nr\u00e9v\u00e8lent les aspects les plus beaux et les plus<br \/>\ncurieux de ces objets si singuliers et t\u00e9moignent<br \/>\nla rencontre et l&#8217;influence r\u00e9ciproque entre deux<br \/>\naires culturelles, orientale et occidentale. Gr\u00e2ce<br \/>\n\u00e0 un focus de la chercheuse Hwee Lie Blehaut<br \/>\nsur les paravents chinois, et un autre de Giorgio Antei sur ceux japonais et leur r\u00e9sonance en<br \/>\nOccident, le livre retrace aussi les trajectoires<br \/>\ninattendues qu&#8217;a suivies le paravent au fil du<br \/>\ntemps : il est pass\u00e9 d&#8217;objet quotidien \u00e0 fonction<br \/>\npratique \u00e0 une forme d&#8217;expression artistique riche<br \/>\nde contenu identitaire et esth\u00e9tique, un objet qui,<br \/>\npar sa nature m\u00eame, joue avec la vision : parfois<br \/>\nen la trompant par d&#8217;\u00e9tonnantes mises en abyme,<br \/>\nparfois en l&#8217;entravant, laissant alors place \u00e0<br \/>\nl&#8217;imagination et au d\u00e9sir<\/p>\n","protected":false},"excerpt":{"rendered":"<p>Originaires de Chine et connus au Japon d\u00e8s le VII si\u00e8cle, les paravents repr\u00e9sentaient le plus souvent des paysages ou des sc\u00e8nes de la vie quotidienne. Cependant, \u00e0 la suite de la rencontre avec les Occidentaux, ils ont laiss\u00e9 \u00e0 l&#8217;histoire une repr\u00e9sentation quasi photographique de l&#8217;arriv\u00e9e des Portugais au Japon. L&#8217;histoire des paravents pr\u00e9sent\u00e9e [&hellip;]<\/p>\n","protected":false},"featured_media":53615,"template":"","meta":[],"product_cat":[2948,2952],"product_tag":[],"acf":[],"yoast_head":"<!-- This site is optimized with the Yoast SEO plugin v20.11 - https:\/\/yoast.com\/wordpress\/plugins\/seo\/ -->\n<title>Eastern breezes : The art of folding screens from China to Japan and beyond - Librairie 7L<\/title>\n<meta name=\"robots\" content=\"index, follow, max-snippet:-1, max-image-preview:large, max-video-preview:-1\" \/>\n<link rel=\"canonical\" href=\"https:\/\/librairie7l.com\/en\/produit\/eastern-breezes-the-art-of-folding-screens-from-china-to-japan-and-beyond-2\/\" \/>\n<meta property=\"og:locale\" content=\"en_US\" \/>\n<meta property=\"og:type\" content=\"article\" \/>\n<meta property=\"og:title\" content=\"Eastern breezes : The art of folding screens from China to Japan and beyond - Librairie 7L\" \/>\n<meta property=\"og:description\" content=\"Originaires de Chine et connus au Japon d\u00e8s le VII si\u00e8cle, les paravents repr\u00e9sentaient le plus souvent des paysages ou des sc\u00e8nes de la vie quotidienne. Cependant, \u00e0 la suite de la rencontre avec les Occidentaux, ils ont laiss\u00e9 \u00e0 l&#8217;histoire une repr\u00e9sentation quasi photographique de l&#8217;arriv\u00e9e des Portugais au Japon. L&#8217;histoire des paravents pr\u00e9sent\u00e9e [&hellip;]\" \/>\n<meta property=\"og:url\" content=\"https:\/\/librairie7l.com\/en\/produit\/eastern-breezes-the-art-of-folding-screens-from-china-to-japan-and-beyond-2\/\" \/>\n<meta property=\"og:site_name\" content=\"Librairie 7L\" \/>\n<meta property=\"article:modified_time\" content=\"2026-04-17T17:00:39+00:00\" \/>\n<meta name=\"twitter:card\" content=\"summary_large_image\" \/>\n<meta name=\"twitter:label1\" content=\"Est. reading time\" \/>\n\t<meta name=\"twitter:data1\" content=\"1 minute\" \/>\n<script type=\"application\/ld+json\" class=\"yoast-schema-graph\">{\"@context\":\"https:\/\/schema.org\",\"@graph\":[{\"@type\":\"WebPage\",\"@id\":\"https:\/\/librairie7l.com\/en\/produit\/eastern-breezes-the-art-of-folding-screens-from-china-to-japan-and-beyond-2\/\",\"url\":\"https:\/\/librairie7l.com\/en\/produit\/eastern-breezes-the-art-of-folding-screens-from-china-to-japan-and-beyond-2\/\",\"name\":\"Eastern breezes : The art of folding screens from China to Japan and beyond - Librairie 7L\",\"isPartOf\":{\"@id\":\"https:\/\/librairie7l.com\/en\/#website\"},\"datePublished\":\"2025-11-20T08:18:14+00:00\",\"dateModified\":\"2026-04-17T17:00:39+00:00\",\"breadcrumb\":{\"@id\":\"https:\/\/librairie7l.com\/en\/produit\/eastern-breezes-the-art-of-folding-screens-from-china-to-japan-and-beyond-2\/#breadcrumb\"},\"inLanguage\":\"en-US\",\"potentialAction\":[{\"@type\":\"ReadAction\",\"target\":[\"https:\/\/librairie7l.com\/en\/produit\/eastern-breezes-the-art-of-folding-screens-from-china-to-japan-and-beyond-2\/\"]}]},{\"@type\":\"BreadcrumbList\",\"@id\":\"https:\/\/librairie7l.com\/en\/produit\/eastern-breezes-the-art-of-folding-screens-from-china-to-japan-and-beyond-2\/#breadcrumb\",\"itemListElement\":[{\"@type\":\"ListItem\",\"position\":1,\"name\":\"Accueil\",\"item\":\"https:\/\/librairie7l.com\/en\/\"},{\"@type\":\"ListItem\",\"position\":2,\"name\":\"Shop\",\"item\":\"https:\/\/librairie7l.com\/en\/shop\/\"},{\"@type\":\"ListItem\",\"position\":3,\"name\":\"EASTERN BREEZES : THE ART OF FOLDING SCREENS FROM CHINA TO JAPAN AND BEYOND\"}]},{\"@type\":\"WebSite\",\"@id\":\"https:\/\/librairie7l.com\/en\/#website\",\"url\":\"https:\/\/librairie7l.com\/en\/\",\"name\":\"Librairie 7L\",\"description\":\"Librairie fond\u00e9e en 1999 par Karl Lagerfeld \u00e0 Paris\",\"publisher\":{\"@id\":\"https:\/\/librairie7l.com\/en\/#organization\"},\"potentialAction\":[{\"@type\":\"SearchAction\",\"target\":{\"@type\":\"EntryPoint\",\"urlTemplate\":\"https:\/\/librairie7l.com\/en\/?s={search_term_string}\"},\"query-input\":\"required name=search_term_string\"}],\"inLanguage\":\"en-US\"},{\"@type\":\"Organization\",\"@id\":\"https:\/\/librairie7l.com\/en\/#organization\",\"name\":\"Librairie 7L\",\"url\":\"https:\/\/librairie7l.com\/en\/\",\"logo\":{\"@type\":\"ImageObject\",\"inLanguage\":\"en-US\",\"@id\":\"https:\/\/librairie7l.com\/en\/#\/schema\/logo\/image\/\",\"url\":\"https:\/\/librairie7l.com\/wp-content\/uploads\/2022\/08\/logo-1.png\",\"contentUrl\":\"https:\/\/librairie7l.com\/wp-content\/uploads\/2022\/08\/logo-1.png\",\"width\":227,\"height\":301,\"caption\":\"Librairie 7L\"},\"image\":{\"@id\":\"https:\/\/librairie7l.com\/en\/#\/schema\/logo\/image\/\"}}]}<\/script>\n<!-- \/ Yoast SEO plugin. -->","yoast_head_json":{"title":"Eastern breezes : The art of folding screens from China to Japan and beyond - Librairie 7L","robots":{"index":"index","follow":"follow","max-snippet":"max-snippet:-1","max-image-preview":"max-image-preview:large","max-video-preview":"max-video-preview:-1"},"canonical":"https:\/\/librairie7l.com\/en\/produit\/eastern-breezes-the-art-of-folding-screens-from-china-to-japan-and-beyond-2\/","og_locale":"en_US","og_type":"article","og_title":"Eastern breezes : The art of folding screens from China to Japan and beyond - Librairie 7L","og_description":"Originaires de Chine et connus au Japon d\u00e8s le VII si\u00e8cle, les paravents repr\u00e9sentaient le plus souvent des paysages ou des sc\u00e8nes de la vie quotidienne. Cependant, \u00e0 la suite de la rencontre avec les Occidentaux, ils ont laiss\u00e9 \u00e0 l&#8217;histoire une repr\u00e9sentation quasi photographique de l&#8217;arriv\u00e9e des Portugais au Japon. L&#8217;histoire des paravents pr\u00e9sent\u00e9e [&hellip;]","og_url":"https:\/\/librairie7l.com\/en\/produit\/eastern-breezes-the-art-of-folding-screens-from-china-to-japan-and-beyond-2\/","og_site_name":"Librairie 7L","article_modified_time":"2026-04-17T17:00:39+00:00","twitter_card":"summary_large_image","twitter_misc":{"Est. reading time":"1 minute"},"schema":{"@context":"https:\/\/schema.org","@graph":[{"@type":"WebPage","@id":"https:\/\/librairie7l.com\/en\/produit\/eastern-breezes-the-art-of-folding-screens-from-china-to-japan-and-beyond-2\/","url":"https:\/\/librairie7l.com\/en\/produit\/eastern-breezes-the-art-of-folding-screens-from-china-to-japan-and-beyond-2\/","name":"Eastern breezes : The art of folding screens from China to Japan and beyond - Librairie 7L","isPartOf":{"@id":"https:\/\/librairie7l.com\/en\/#website"},"datePublished":"2025-11-20T08:18:14+00:00","dateModified":"2026-04-17T17:00:39+00:00","breadcrumb":{"@id":"https:\/\/librairie7l.com\/en\/produit\/eastern-breezes-the-art-of-folding-screens-from-china-to-japan-and-beyond-2\/#breadcrumb"},"inLanguage":"en-US","potentialAction":[{"@type":"ReadAction","target":["https:\/\/librairie7l.com\/en\/produit\/eastern-breezes-the-art-of-folding-screens-from-china-to-japan-and-beyond-2\/"]}]},{"@type":"BreadcrumbList","@id":"https:\/\/librairie7l.com\/en\/produit\/eastern-breezes-the-art-of-folding-screens-from-china-to-japan-and-beyond-2\/#breadcrumb","itemListElement":[{"@type":"ListItem","position":1,"name":"Accueil","item":"https:\/\/librairie7l.com\/en\/"},{"@type":"ListItem","position":2,"name":"Shop","item":"https:\/\/librairie7l.com\/en\/shop\/"},{"@type":"ListItem","position":3,"name":"EASTERN BREEZES : THE ART OF FOLDING SCREENS FROM CHINA TO JAPAN AND BEYOND"}]},{"@type":"WebSite","@id":"https:\/\/librairie7l.com\/en\/#website","url":"https:\/\/librairie7l.com\/en\/","name":"Librairie 7L","description":"Librairie fond\u00e9e en 1999 par Karl Lagerfeld \u00e0 Paris","publisher":{"@id":"https:\/\/librairie7l.com\/en\/#organization"},"potentialAction":[{"@type":"SearchAction","target":{"@type":"EntryPoint","urlTemplate":"https:\/\/librairie7l.com\/en\/?s={search_term_string}"},"query-input":"required name=search_term_string"}],"inLanguage":"en-US"},{"@type":"Organization","@id":"https:\/\/librairie7l.com\/en\/#organization","name":"Librairie 7L","url":"https:\/\/librairie7l.com\/en\/","logo":{"@type":"ImageObject","inLanguage":"en-US","@id":"https:\/\/librairie7l.com\/en\/#\/schema\/logo\/image\/","url":"https:\/\/librairie7l.com\/wp-content\/uploads\/2022\/08\/logo-1.png","contentUrl":"https:\/\/librairie7l.com\/wp-content\/uploads\/2022\/08\/logo-1.png","width":227,"height":301,"caption":"Librairie 7L"},"image":{"@id":"https:\/\/librairie7l.com\/en\/#\/schema\/logo\/image\/"}}]}},"_links":{"self":[{"href":"https:\/\/librairie7l.com\/en\/wp-json\/wp\/v2\/product\/52515"}],"collection":[{"href":"https:\/\/librairie7l.com\/en\/wp-json\/wp\/v2\/product"}],"about":[{"href":"https:\/\/librairie7l.com\/en\/wp-json\/wp\/v2\/types\/product"}],"wp:featuredmedia":[{"embeddable":true,"href":"https:\/\/librairie7l.com\/en\/wp-json\/wp\/v2\/media\/53615"}],"wp:attachment":[{"href":"https:\/\/librairie7l.com\/en\/wp-json\/wp\/v2\/media?parent=52515"}],"wp:term":[{"taxonomy":"product_cat","embeddable":true,"href":"https:\/\/librairie7l.com\/en\/wp-json\/wp\/v2\/product_cat?post=52515"},{"taxonomy":"product_tag","embeddable":true,"href":"https:\/\/librairie7l.com\/en\/wp-json\/wp\/v2\/product_tag?post=52515"}],"curies":[{"name":"wp","href":"https:\/\/api.w.org\/{rel}","templated":true}]}}