{"id":52523,"date":"2025-11-20T09:18:18","date_gmt":"2025-11-20T08:18:18","guid":{"rendered":"https:\/\/librairie7l.com\/?post_type=product&#038;p=52523"},"modified":"2026-04-19T11:38:06","modified_gmt":"2026-04-19T09:38:06","slug":"gio-ponti-2","status":"publish","type":"product","link":"https:\/\/librairie7l.com\/en\/produit\/gio-ponti-2\/","title":{"rendered":"GIO PONTI"},"content":{"rendered":"<p>Gio Ponti (1891-1979), architecte italien majeur, aura tout explor\u00e9 &#8211; ou presque. D\u00e9coration, architecture, mobilier, arts de la table, verre, c\u00e9ramique, dessin&#8230; aucun domaine du design ou de l&#8217;expression artistique n&#8217;a \u00e9chapp\u00e9 \u00e0 sa fantaisie et \u00e0 son d\u00e9sir de promouvoir le beau sous toutes ses formes. De la conception de la villa Planchart, \u00e0 Caracas, \u00e0 la d\u00e9coration du mythique h\u00f4tel Parco dei Principi, \u00e0 Sorrente, en passant par la cr\u00e9ation de la revue Domus, il a mis en oeuvre les principes d&#8217;une casa all&#8217;italiana o\u00f9 les arts vivraient en harmonie. Une vision qu&#8217;il a su adapter aux styles du XXe si\u00e8cle, du Novecento au Rationalisme, comme en t\u00e9moignent des ic\u00f4nes telles que la chaise Superleggera ou la tour Pirelli, \u00e0 Milan.<\/p>\n","protected":false},"excerpt":{"rendered":"<p>Gio Ponti (1891-1979), architecte italien majeur, aura tout explor\u00e9 &#8211; ou presque. D\u00e9coration, architecture, mobilier, arts de la table, verre, c\u00e9ramique, dessin&#8230; aucun domaine du design ou de l&#8217;expression artistique n&#8217;a \u00e9chapp\u00e9 \u00e0 sa fantaisie et \u00e0 son d\u00e9sir de promouvoir le beau sous toutes ses formes. De la conception de la villa Planchart, \u00e0 [&hellip;]<\/p>\n","protected":false},"featured_media":52521,"template":"","meta":[],"product_cat":[2948,2952],"product_tag":[],"acf":[],"yoast_head":"<!-- This site is optimized with the Yoast SEO plugin v20.11 - https:\/\/yoast.com\/wordpress\/plugins\/seo\/ -->\n<title>Gio Ponti - Librairie 7L<\/title>\n<meta name=\"robots\" content=\"index, follow, max-snippet:-1, max-image-preview:large, max-video-preview:-1\" \/>\n<link rel=\"canonical\" href=\"https:\/\/librairie7l.com\/en\/produit\/gio-ponti-2\/\" \/>\n<meta property=\"og:locale\" content=\"en_US\" \/>\n<meta property=\"og:type\" content=\"article\" \/>\n<meta property=\"og:title\" content=\"Gio Ponti - Librairie 7L\" \/>\n<meta property=\"og:description\" content=\"Gio Ponti (1891-1979), architecte italien majeur, aura tout explor\u00e9 &#8211; ou presque. D\u00e9coration, architecture, mobilier, arts de la table, verre, c\u00e9ramique, dessin&#8230; aucun domaine du design ou de l&#8217;expression artistique n&#8217;a \u00e9chapp\u00e9 \u00e0 sa fantaisie et \u00e0 son d\u00e9sir de promouvoir le beau sous toutes ses formes. De la conception de la villa Planchart, \u00e0 [&hellip;]\" \/>\n<meta property=\"og:url\" content=\"https:\/\/librairie7l.com\/en\/produit\/gio-ponti-2\/\" \/>\n<meta property=\"og:site_name\" content=\"Librairie 7L\" \/>\n<meta property=\"article:modified_time\" content=\"2026-04-19T09:38:06+00:00\" \/>\n<meta property=\"og:image\" content=\"https:\/\/librairie7l.com\/wp-content\/uploads\/2025\/06\/9791037514196_1_75.jpg\" \/>\n\t<meta property=\"og:image:width\" content=\"600\" \/>\n\t<meta property=\"og:image:height\" content=\"802\" \/>\n\t<meta property=\"og:image:type\" content=\"image\/jpeg\" \/>\n<meta name=\"twitter:card\" content=\"summary_large_image\" \/>\n<meta name=\"twitter:label1\" content=\"Est. reading time\" \/>\n\t<meta name=\"twitter:data1\" content=\"1 minute\" \/>\n<script type=\"application\/ld+json\" class=\"yoast-schema-graph\">{\"@context\":\"https:\/\/schema.org\",\"@graph\":[{\"@type\":\"WebPage\",\"@id\":\"https:\/\/librairie7l.com\/en\/produit\/gio-ponti-2\/\",\"url\":\"https:\/\/librairie7l.com\/en\/produit\/gio-ponti-2\/\",\"name\":\"Gio Ponti - Librairie 7L\",\"isPartOf\":{\"@id\":\"https:\/\/librairie7l.com\/en\/#website\"},\"datePublished\":\"2025-11-20T08:18:18+00:00\",\"dateModified\":\"2026-04-19T09:38:06+00:00\",\"breadcrumb\":{\"@id\":\"https:\/\/librairie7l.com\/en\/produit\/gio-ponti-2\/#breadcrumb\"},\"inLanguage\":\"en-US\",\"potentialAction\":[{\"@type\":\"ReadAction\",\"target\":[\"https:\/\/librairie7l.com\/en\/produit\/gio-ponti-2\/\"]}]},{\"@type\":\"BreadcrumbList\",\"@id\":\"https:\/\/librairie7l.com\/en\/produit\/gio-ponti-2\/#breadcrumb\",\"itemListElement\":[{\"@type\":\"ListItem\",\"position\":1,\"name\":\"Accueil\",\"item\":\"https:\/\/librairie7l.com\/en\/\"},{\"@type\":\"ListItem\",\"position\":2,\"name\":\"Shop\",\"item\":\"https:\/\/librairie7l.com\/en\/shop\/\"},{\"@type\":\"ListItem\",\"position\":3,\"name\":\"GIO PONTI\"}]},{\"@type\":\"WebSite\",\"@id\":\"https:\/\/librairie7l.com\/en\/#website\",\"url\":\"https:\/\/librairie7l.com\/en\/\",\"name\":\"Librairie 7L\",\"description\":\"Librairie fond\u00e9e en 1999 par Karl Lagerfeld \u00e0 Paris\",\"publisher\":{\"@id\":\"https:\/\/librairie7l.com\/en\/#organization\"},\"potentialAction\":[{\"@type\":\"SearchAction\",\"target\":{\"@type\":\"EntryPoint\",\"urlTemplate\":\"https:\/\/librairie7l.com\/en\/?s={search_term_string}\"},\"query-input\":\"required name=search_term_string\"}],\"inLanguage\":\"en-US\"},{\"@type\":\"Organization\",\"@id\":\"https:\/\/librairie7l.com\/en\/#organization\",\"name\":\"Librairie 7L\",\"url\":\"https:\/\/librairie7l.com\/en\/\",\"logo\":{\"@type\":\"ImageObject\",\"inLanguage\":\"en-US\",\"@id\":\"https:\/\/librairie7l.com\/en\/#\/schema\/logo\/image\/\",\"url\":\"https:\/\/librairie7l.com\/wp-content\/uploads\/2022\/08\/logo-1.png\",\"contentUrl\":\"https:\/\/librairie7l.com\/wp-content\/uploads\/2022\/08\/logo-1.png\",\"width\":227,\"height\":301,\"caption\":\"Librairie 7L\"},\"image\":{\"@id\":\"https:\/\/librairie7l.com\/en\/#\/schema\/logo\/image\/\"}}]}<\/script>\n<!-- \/ Yoast SEO plugin. -->","yoast_head_json":{"title":"Gio Ponti - Librairie 7L","robots":{"index":"index","follow":"follow","max-snippet":"max-snippet:-1","max-image-preview":"max-image-preview:large","max-video-preview":"max-video-preview:-1"},"canonical":"https:\/\/librairie7l.com\/en\/produit\/gio-ponti-2\/","og_locale":"en_US","og_type":"article","og_title":"Gio Ponti - Librairie 7L","og_description":"Gio Ponti (1891-1979), architecte italien majeur, aura tout explor\u00e9 &#8211; ou presque. D\u00e9coration, architecture, mobilier, arts de la table, verre, c\u00e9ramique, dessin&#8230; aucun domaine du design ou de l&#8217;expression artistique n&#8217;a \u00e9chapp\u00e9 \u00e0 sa fantaisie et \u00e0 son d\u00e9sir de promouvoir le beau sous toutes ses formes. De la conception de la villa Planchart, \u00e0 [&hellip;]","og_url":"https:\/\/librairie7l.com\/en\/produit\/gio-ponti-2\/","og_site_name":"Librairie 7L","article_modified_time":"2026-04-19T09:38:06+00:00","og_image":[{"width":600,"height":802,"url":"https:\/\/librairie7l.com\/wp-content\/uploads\/2025\/06\/9791037514196_1_75.jpg","type":"image\/jpeg"}],"twitter_card":"summary_large_image","twitter_misc":{"Est. reading time":"1 minute"},"schema":{"@context":"https:\/\/schema.org","@graph":[{"@type":"WebPage","@id":"https:\/\/librairie7l.com\/en\/produit\/gio-ponti-2\/","url":"https:\/\/librairie7l.com\/en\/produit\/gio-ponti-2\/","name":"Gio Ponti - Librairie 7L","isPartOf":{"@id":"https:\/\/librairie7l.com\/en\/#website"},"datePublished":"2025-11-20T08:18:18+00:00","dateModified":"2026-04-19T09:38:06+00:00","breadcrumb":{"@id":"https:\/\/librairie7l.com\/en\/produit\/gio-ponti-2\/#breadcrumb"},"inLanguage":"en-US","potentialAction":[{"@type":"ReadAction","target":["https:\/\/librairie7l.com\/en\/produit\/gio-ponti-2\/"]}]},{"@type":"BreadcrumbList","@id":"https:\/\/librairie7l.com\/en\/produit\/gio-ponti-2\/#breadcrumb","itemListElement":[{"@type":"ListItem","position":1,"name":"Accueil","item":"https:\/\/librairie7l.com\/en\/"},{"@type":"ListItem","position":2,"name":"Shop","item":"https:\/\/librairie7l.com\/en\/shop\/"},{"@type":"ListItem","position":3,"name":"GIO PONTI"}]},{"@type":"WebSite","@id":"https:\/\/librairie7l.com\/en\/#website","url":"https:\/\/librairie7l.com\/en\/","name":"Librairie 7L","description":"Librairie fond\u00e9e en 1999 par Karl Lagerfeld \u00e0 Paris","publisher":{"@id":"https:\/\/librairie7l.com\/en\/#organization"},"potentialAction":[{"@type":"SearchAction","target":{"@type":"EntryPoint","urlTemplate":"https:\/\/librairie7l.com\/en\/?s={search_term_string}"},"query-input":"required name=search_term_string"}],"inLanguage":"en-US"},{"@type":"Organization","@id":"https:\/\/librairie7l.com\/en\/#organization","name":"Librairie 7L","url":"https:\/\/librairie7l.com\/en\/","logo":{"@type":"ImageObject","inLanguage":"en-US","@id":"https:\/\/librairie7l.com\/en\/#\/schema\/logo\/image\/","url":"https:\/\/librairie7l.com\/wp-content\/uploads\/2022\/08\/logo-1.png","contentUrl":"https:\/\/librairie7l.com\/wp-content\/uploads\/2022\/08\/logo-1.png","width":227,"height":301,"caption":"Librairie 7L"},"image":{"@id":"https:\/\/librairie7l.com\/en\/#\/schema\/logo\/image\/"}}]}},"_links":{"self":[{"href":"https:\/\/librairie7l.com\/en\/wp-json\/wp\/v2\/product\/52523"}],"collection":[{"href":"https:\/\/librairie7l.com\/en\/wp-json\/wp\/v2\/product"}],"about":[{"href":"https:\/\/librairie7l.com\/en\/wp-json\/wp\/v2\/types\/product"}],"wp:featuredmedia":[{"embeddable":true,"href":"https:\/\/librairie7l.com\/en\/wp-json\/wp\/v2\/media\/52521"}],"wp:attachment":[{"href":"https:\/\/librairie7l.com\/en\/wp-json\/wp\/v2\/media?parent=52523"}],"wp:term":[{"taxonomy":"product_cat","embeddable":true,"href":"https:\/\/librairie7l.com\/en\/wp-json\/wp\/v2\/product_cat?post=52523"},{"taxonomy":"product_tag","embeddable":true,"href":"https:\/\/librairie7l.com\/en\/wp-json\/wp\/v2\/product_tag?post=52523"}],"curies":[{"name":"wp","href":"https:\/\/api.w.org\/{rel}","templated":true}]}}