{"id":52527,"date":"2025-11-20T09:18:21","date_gmt":"2025-11-20T08:18:21","guid":{"rendered":"https:\/\/librairie7l.com\/?post_type=product&#038;p=52527"},"modified":"2026-04-05T11:42:19","modified_gmt":"2026-04-05T09:42:19","slug":"ferdinandea-lile-ephemere-2","status":"publish","type":"product","link":"https:\/\/librairie7l.com\/en\/produit\/ferdinandea-lile-ephemere-2\/","title":{"rendered":"FERDINAND\u00c9A, L&#8217;\u00ceLE \u00c9PH\u00c9M\u00c8RE"},"content":{"rendered":"<p>Fond\u00e9e sur une enqu\u00eate historique et une projection sp\u00e9culative, Ferdinandea raconte l&#8217;\u00e9mergence et la disparition de l&#8217;\u00eele volcanique dans une installation multim\u00e9dia rassemblant films 16 mm, vid\u00e9os, simulations 3D, documents historiques et photographies.<br \/>\nFin juin 1831, les habitants de K\u00e9libia, sur la c\u00f4te tunisienne, et ceux de Sciacca, petite ville du sud-ouest de la Sicile, sont t\u00e9moins de signes alarmants. Une premi\u00e8re secousse sismique fait sombrer de nombreux bateaux qui voguent dans la zone. L&#8217;atmosph\u00e8re est envahie par des vapeurs de soufre, l&#8217;argenterie prend l&#8217;apparence du cuivre et les murs blanchis \u00e0 la chaux des villages et des \u00e9glises se teintent d&#8217;ocre. Un volcan sous-marin, situ\u00e9 entre la Sicile, la Tunisie et la Libye, vient d&#8217;entrer en \u00e9ruption, donnant naissance \u00e0 une petite \u00eele aride et faite de cendres. L&#8217;\u00eele \u00e9ph\u00e9m\u00e8re re\u00e7oit de nombreux noms : &#8221; \u00cele Julia &#8221; en France, &#8221; Graham &#8221; en Angleterre et, dans le Royaume des Deux- Siciles, elle prend le nom du monarque r\u00e9gnant, Ferdinand II de Bourbon. Tr\u00e8s vite Ferdinandea attire l&#8217;attention du monde tant scientifique que politique &#8211; les puissances europ\u00e9ennes entendent revendiquer sa position strat\u00e9gique. Aujourd&#8217;hui, Ferdinandea dort \u00e0 huit m\u00e8tres sous les vagues, au carrefour de l&#8217;Europe et du monde arabe. Mais elle pourrait \u00e0 tout moment refaire surface suite \u00e0 une nouvelle activit\u00e9 sismique, d\u00e9clenchant alors d&#8217;autres manoeuvres g\u00e9opolitiques.<\/p>\n<p> L&#8217;\u00eele offre un terrain d&#8217;exp\u00e9rimentation scientifique et esth\u00e9tique \u00e0 l&#8217;artiste Cl\u00e9ment Cogitore. Vid\u00e9aste, plasticien, conteur et cin\u00e9aste, Cogitore se saisit de ce ph\u00e9nom\u00e8ne historique et g\u00e9ologique pour en faire le point de d\u00e9part d&#8217;une fiction exp\u00e9rimentale. Fond\u00e9e sur une enqu\u00eate historique et une projection sp\u00e9culative, Ferdinandea raconte l&#8217;\u00e9mergence et la disparition de l&#8217;\u00eele volcanique dans une installation multim\u00e9dia rassemblant films 16 mm, vid\u00e9os, simulations 3D, documents historiques et photographies. L&#8217;oeuvre sera pr\u00e9sent\u00e9e au Mucem cet automne, accompagn\u00e9e d&#8217;une publication con\u00e7ue en \u00e9troite collaboration avec l&#8217;artiste : les trois r\u00e9cits filmiques sont restitu\u00e9s au fil des pages sur des papiers de cr\u00e9ation de grammages vari\u00e9s afin d&#8217;immerger de mani\u00e8re sensible le lecteur dans l&#8217;univers de l&#8217;artiste. Vues de plong\u00e9es sous-marines, documents d&#8217;archives, nuages de scories, voix multiples des bandes sonores, l&#8217;ouvrage invite \u00e0 un voyage onirique et m\u00e9taphorique. Con\u00e7u comme un livre d&#8217;artiste, Ferdinandea d\u00e9ploie le r\u00e9cit d&#8217;une utopie\/dystopie.<\/p>\n<p> Dans ce voyage dystopique, Cl\u00e9ment Cogitore a convi\u00e9 l&#8217;\u00e9crivain Tristan Garcia \u00e0 \u00e9crire une nouvelle in\u00e9dite sur l&#8217;\u00eele. Plac\u00e9e au coeur de l&#8217;ouvrage, celle-ci vient souligner le caract\u00e8re hybride de l&#8217;oeuvre. Un appareil scientifique avec des essais sign\u00e9s par les commissaires d&#8217;exposition aborde sous diff\u00e9rents prismes l&#8217;oeuvre singuli\u00e8re d&#8217;un artiste majeur de la sc\u00e8ne contemporaine.<\/p>\n","protected":false},"excerpt":{"rendered":"<p>Fond\u00e9e sur une enqu\u00eate historique et une projection sp\u00e9culative, Ferdinandea raconte l&#8217;\u00e9mergence et la disparition de l&#8217;\u00eele volcanique dans une installation multim\u00e9dia rassemblant films 16 mm, vid\u00e9os, simulations 3D, documents historiques et photographies. Fin juin 1831, les habitants de K\u00e9libia, sur la c\u00f4te tunisienne, et ceux de Sciacca, petite ville du sud-ouest de la Sicile, [&hellip;]<\/p>\n","protected":false},"featured_media":52525,"template":"","meta":[],"product_cat":[2948,2958],"product_tag":[],"acf":[],"yoast_head":"<!-- This site is optimized with the Yoast SEO plugin v20.11 - https:\/\/yoast.com\/wordpress\/plugins\/seo\/ -->\n<title>Ferdinand\u00e9a, l&#039;\u00eele \u00e9ph\u00e9m\u00e8re - Librairie 7L<\/title>\n<meta name=\"robots\" content=\"index, follow, max-snippet:-1, max-image-preview:large, max-video-preview:-1\" \/>\n<link rel=\"canonical\" href=\"https:\/\/librairie7l.com\/en\/produit\/ferdinandea-lile-ephemere-2\/\" \/>\n<meta property=\"og:locale\" content=\"en_US\" \/>\n<meta property=\"og:type\" content=\"article\" \/>\n<meta property=\"og:title\" content=\"Ferdinand\u00e9a, l&#039;\u00eele \u00e9ph\u00e9m\u00e8re - Librairie 7L\" \/>\n<meta property=\"og:description\" content=\"Fond\u00e9e sur une enqu\u00eate historique et une projection sp\u00e9culative, Ferdinandea raconte l&#8217;\u00e9mergence et la disparition de l&#8217;\u00eele volcanique dans une installation multim\u00e9dia rassemblant films 16 mm, vid\u00e9os, simulations 3D, documents historiques et photographies. Fin juin 1831, les habitants de K\u00e9libia, sur la c\u00f4te tunisienne, et ceux de Sciacca, petite ville du sud-ouest de la Sicile, [&hellip;]\" \/>\n<meta property=\"og:url\" content=\"https:\/\/librairie7l.com\/en\/produit\/ferdinandea-lile-ephemere-2\/\" \/>\n<meta property=\"og:site_name\" content=\"Librairie 7L\" \/>\n<meta property=\"article:modified_time\" content=\"2026-04-05T09:42:19+00:00\" \/>\n<meta property=\"og:image\" content=\"https:\/\/librairie7l.com\/wp-content\/uploads\/2025\/06\/9782365114561_1_75.jpg\" \/>\n\t<meta property=\"og:image:width\" content=\"600\" \/>\n\t<meta property=\"og:image:height\" content=\"771\" \/>\n\t<meta property=\"og:image:type\" content=\"image\/jpeg\" \/>\n<meta name=\"twitter:card\" content=\"summary_large_image\" \/>\n<meta name=\"twitter:label1\" content=\"Est. reading time\" \/>\n\t<meta name=\"twitter:data1\" content=\"2 minutes\" \/>\n<script type=\"application\/ld+json\" class=\"yoast-schema-graph\">{\"@context\":\"https:\/\/schema.org\",\"@graph\":[{\"@type\":\"WebPage\",\"@id\":\"https:\/\/librairie7l.com\/en\/produit\/ferdinandea-lile-ephemere-2\/\",\"url\":\"https:\/\/librairie7l.com\/en\/produit\/ferdinandea-lile-ephemere-2\/\",\"name\":\"Ferdinand\u00e9a, l'\u00eele \u00e9ph\u00e9m\u00e8re - Librairie 7L\",\"isPartOf\":{\"@id\":\"https:\/\/librairie7l.com\/en\/#website\"},\"datePublished\":\"2025-11-20T08:18:21+00:00\",\"dateModified\":\"2026-04-05T09:42:19+00:00\",\"breadcrumb\":{\"@id\":\"https:\/\/librairie7l.com\/en\/produit\/ferdinandea-lile-ephemere-2\/#breadcrumb\"},\"inLanguage\":\"en-US\",\"potentialAction\":[{\"@type\":\"ReadAction\",\"target\":[\"https:\/\/librairie7l.com\/en\/produit\/ferdinandea-lile-ephemere-2\/\"]}]},{\"@type\":\"BreadcrumbList\",\"@id\":\"https:\/\/librairie7l.com\/en\/produit\/ferdinandea-lile-ephemere-2\/#breadcrumb\",\"itemListElement\":[{\"@type\":\"ListItem\",\"position\":1,\"name\":\"Accueil\",\"item\":\"https:\/\/librairie7l.com\/en\/\"},{\"@type\":\"ListItem\",\"position\":2,\"name\":\"Shop\",\"item\":\"https:\/\/librairie7l.com\/en\/shop\/\"},{\"@type\":\"ListItem\",\"position\":3,\"name\":\"FERDINAND\u00c9A, L&#8217;\u00ceLE \u00c9PH\u00c9M\u00c8RE\"}]},{\"@type\":\"WebSite\",\"@id\":\"https:\/\/librairie7l.com\/en\/#website\",\"url\":\"https:\/\/librairie7l.com\/en\/\",\"name\":\"Librairie 7L\",\"description\":\"Librairie fond\u00e9e en 1999 par Karl Lagerfeld \u00e0 Paris\",\"publisher\":{\"@id\":\"https:\/\/librairie7l.com\/en\/#organization\"},\"potentialAction\":[{\"@type\":\"SearchAction\",\"target\":{\"@type\":\"EntryPoint\",\"urlTemplate\":\"https:\/\/librairie7l.com\/en\/?s={search_term_string}\"},\"query-input\":\"required name=search_term_string\"}],\"inLanguage\":\"en-US\"},{\"@type\":\"Organization\",\"@id\":\"https:\/\/librairie7l.com\/en\/#organization\",\"name\":\"Librairie 7L\",\"url\":\"https:\/\/librairie7l.com\/en\/\",\"logo\":{\"@type\":\"ImageObject\",\"inLanguage\":\"en-US\",\"@id\":\"https:\/\/librairie7l.com\/en\/#\/schema\/logo\/image\/\",\"url\":\"https:\/\/librairie7l.com\/wp-content\/uploads\/2022\/08\/logo-1.png\",\"contentUrl\":\"https:\/\/librairie7l.com\/wp-content\/uploads\/2022\/08\/logo-1.png\",\"width\":227,\"height\":301,\"caption\":\"Librairie 7L\"},\"image\":{\"@id\":\"https:\/\/librairie7l.com\/en\/#\/schema\/logo\/image\/\"}}]}<\/script>\n<!-- \/ Yoast SEO plugin. -->","yoast_head_json":{"title":"Ferdinand\u00e9a, l'\u00eele \u00e9ph\u00e9m\u00e8re - Librairie 7L","robots":{"index":"index","follow":"follow","max-snippet":"max-snippet:-1","max-image-preview":"max-image-preview:large","max-video-preview":"max-video-preview:-1"},"canonical":"https:\/\/librairie7l.com\/en\/produit\/ferdinandea-lile-ephemere-2\/","og_locale":"en_US","og_type":"article","og_title":"Ferdinand\u00e9a, l'\u00eele \u00e9ph\u00e9m\u00e8re - Librairie 7L","og_description":"Fond\u00e9e sur une enqu\u00eate historique et une projection sp\u00e9culative, Ferdinandea raconte l&#8217;\u00e9mergence et la disparition de l&#8217;\u00eele volcanique dans une installation multim\u00e9dia rassemblant films 16 mm, vid\u00e9os, simulations 3D, documents historiques et photographies. Fin juin 1831, les habitants de K\u00e9libia, sur la c\u00f4te tunisienne, et ceux de Sciacca, petite ville du sud-ouest de la Sicile, [&hellip;]","og_url":"https:\/\/librairie7l.com\/en\/produit\/ferdinandea-lile-ephemere-2\/","og_site_name":"Librairie 7L","article_modified_time":"2026-04-05T09:42:19+00:00","og_image":[{"width":600,"height":771,"url":"https:\/\/librairie7l.com\/wp-content\/uploads\/2025\/06\/9782365114561_1_75.jpg","type":"image\/jpeg"}],"twitter_card":"summary_large_image","twitter_misc":{"Est. reading time":"2 minutes"},"schema":{"@context":"https:\/\/schema.org","@graph":[{"@type":"WebPage","@id":"https:\/\/librairie7l.com\/en\/produit\/ferdinandea-lile-ephemere-2\/","url":"https:\/\/librairie7l.com\/en\/produit\/ferdinandea-lile-ephemere-2\/","name":"Ferdinand\u00e9a, l'\u00eele \u00e9ph\u00e9m\u00e8re - Librairie 7L","isPartOf":{"@id":"https:\/\/librairie7l.com\/en\/#website"},"datePublished":"2025-11-20T08:18:21+00:00","dateModified":"2026-04-05T09:42:19+00:00","breadcrumb":{"@id":"https:\/\/librairie7l.com\/en\/produit\/ferdinandea-lile-ephemere-2\/#breadcrumb"},"inLanguage":"en-US","potentialAction":[{"@type":"ReadAction","target":["https:\/\/librairie7l.com\/en\/produit\/ferdinandea-lile-ephemere-2\/"]}]},{"@type":"BreadcrumbList","@id":"https:\/\/librairie7l.com\/en\/produit\/ferdinandea-lile-ephemere-2\/#breadcrumb","itemListElement":[{"@type":"ListItem","position":1,"name":"Accueil","item":"https:\/\/librairie7l.com\/en\/"},{"@type":"ListItem","position":2,"name":"Shop","item":"https:\/\/librairie7l.com\/en\/shop\/"},{"@type":"ListItem","position":3,"name":"FERDINAND\u00c9A, L&#8217;\u00ceLE \u00c9PH\u00c9M\u00c8RE"}]},{"@type":"WebSite","@id":"https:\/\/librairie7l.com\/en\/#website","url":"https:\/\/librairie7l.com\/en\/","name":"Librairie 7L","description":"Librairie fond\u00e9e en 1999 par Karl Lagerfeld \u00e0 Paris","publisher":{"@id":"https:\/\/librairie7l.com\/en\/#organization"},"potentialAction":[{"@type":"SearchAction","target":{"@type":"EntryPoint","urlTemplate":"https:\/\/librairie7l.com\/en\/?s={search_term_string}"},"query-input":"required name=search_term_string"}],"inLanguage":"en-US"},{"@type":"Organization","@id":"https:\/\/librairie7l.com\/en\/#organization","name":"Librairie 7L","url":"https:\/\/librairie7l.com\/en\/","logo":{"@type":"ImageObject","inLanguage":"en-US","@id":"https:\/\/librairie7l.com\/en\/#\/schema\/logo\/image\/","url":"https:\/\/librairie7l.com\/wp-content\/uploads\/2022\/08\/logo-1.png","contentUrl":"https:\/\/librairie7l.com\/wp-content\/uploads\/2022\/08\/logo-1.png","width":227,"height":301,"caption":"Librairie 7L"},"image":{"@id":"https:\/\/librairie7l.com\/en\/#\/schema\/logo\/image\/"}}]}},"_links":{"self":[{"href":"https:\/\/librairie7l.com\/en\/wp-json\/wp\/v2\/product\/52527"}],"collection":[{"href":"https:\/\/librairie7l.com\/en\/wp-json\/wp\/v2\/product"}],"about":[{"href":"https:\/\/librairie7l.com\/en\/wp-json\/wp\/v2\/types\/product"}],"wp:featuredmedia":[{"embeddable":true,"href":"https:\/\/librairie7l.com\/en\/wp-json\/wp\/v2\/media\/52525"}],"wp:attachment":[{"href":"https:\/\/librairie7l.com\/en\/wp-json\/wp\/v2\/media?parent=52527"}],"wp:term":[{"taxonomy":"product_cat","embeddable":true,"href":"https:\/\/librairie7l.com\/en\/wp-json\/wp\/v2\/product_cat?post=52527"},{"taxonomy":"product_tag","embeddable":true,"href":"https:\/\/librairie7l.com\/en\/wp-json\/wp\/v2\/product_tag?post=52527"}],"curies":[{"name":"wp","href":"https:\/\/api.w.org\/{rel}","templated":true}]}}