{"id":52531,"date":"2025-11-20T09:18:23","date_gmt":"2025-11-20T08:18:23","guid":{"rendered":"https:\/\/librairie7l.com\/?post_type=product&#038;p=52531"},"modified":"2026-04-17T08:36:01","modified_gmt":"2026-04-17T06:36:01","slug":"la-tapisserie-francaise-du-moyen-age-a-nos-jours-2","status":"publish","type":"product","link":"https:\/\/librairie7l.com\/en\/produit\/la-tapisserie-francaise-du-moyen-age-a-nos-jours-2\/","title":{"rendered":"LA TAPISSERIE FRAN\u00c7AISE DU MOYEN \u00c2GE \u00c0 NOS JOURS"},"content":{"rendered":"<p>Plongez dans l&#8217;univers de la tapisserie fran\u00e7aise \u00e0 travers les si\u00e8cles. Cet ouvrage richement illustr\u00e9 explore plus de 500 ans d&#8217;histoire, des chefs-d&#8217;oeuvre m\u00e9di\u00e9vaux aux cr\u00e9ations contemporaines. Sous la direction de Beno\u00eet-Henry Papounaud, d\u00e9couvrez un patrimoine artistique d&#8217;exception.<br \/>\nDu Moyen \u00c2ge \u00e0 nos jours, la tapisserie a toujours \u00e9t\u00e9 un mode d&#8217;expression artistique majeur. Si la tenture de l&#8217;Apocalypse ou la Dame \u00e0 la licorne font partie de l&#8217;imaginaire collectif, il n&#8217;est pas certain que les nombreux chefs d&#8217;oeuvres tiss\u00e9s au cours des si\u00e8cles soient aussi bien connus de tous. C&#8217;est la raison pour laquelle les \u00c9ditions du patrimoine publient une ample monographie qui propose un parcours de plus de cinq si\u00e8cles entre trame et cha\u00eene. Cette parution prend place dans le cadre d&#8217;une saison 2017 que le Centre des monuments nationaux consacre \u00e0 la tapisserie \u00e0 travers ses monuments : &#8221; En lices ! &#8220;.<\/p>\n<p> D\u00e8s l&#8217;origine, les tapisseries participent de la symbolique des lieux o\u00f9 s&#8217;exerce le pouvoir, notamment lors des grandes c\u00e9r\u00e9monies, civiles ou religieuses, mais aussi de l&#8217;apparat de la noblesse, dont elles sont un signe ostensible de richesse. La monumentalit\u00e9 de leur registre d\u00e9coratif leur permet de s&#8217;imposer comme un m\u00e9dium capable de d\u00e9ployer des cycles narratifs non seulement ambitieux, mais aussi \u00e9difiants. Elles d\u00e9ploient une iconographie qui concourt \u00e0 transmettre un message et \u00e0 affirmer le rang et la culture de leur commanditaire. Pouvant atteindre des co\u00fbts de fabrication tr\u00e8s \u00e9lev\u00e9s, leur r\u00e9alisation exige plusieurs ann\u00e9es, n\u00e9cessite des savoir-faire de haut-niveau tant artistiques que technologiques, et met en oeuvre des mat\u00e9riaux parfois tr\u00e8s pr\u00e9cieux.<\/p>\n<p> Ce livre r\u00e9v\u00e8le un patrimoine m\u00e9connu, et permet au lecteur de mieux appr\u00e9hender ce domaine artistique singulier, gr\u00e2ce \u00e0 une \u00e9quipe d&#8217;auteurs aux comp\u00e9tences compl\u00e9mentaires : historiens de l&#8217;art, conservateurs, techniciens&#8230; Il r\u00e9unit des institutions de renom au premier rang desquelles le Mobilier national \/ manufacture des Gobelins et de Beauvais, ou la Cit\u00e9 internationale de la tapisserie d&#8217;Aubusson. C&#8217;est aussi l&#8217;occasion de faire partager la collection du Centre des monuments nationaux, la plus importante en France apr\u00e8s celle du Mobilier national.<\/p>\n","protected":false},"excerpt":{"rendered":"<p>Plongez dans l&#8217;univers de la tapisserie fran\u00e7aise \u00e0 travers les si\u00e8cles. Cet ouvrage richement illustr\u00e9 explore plus de 500 ans d&#8217;histoire, des chefs-d&#8217;oeuvre m\u00e9di\u00e9vaux aux cr\u00e9ations contemporaines. Sous la direction de Beno\u00eet-Henry Papounaud, d\u00e9couvrez un patrimoine artistique d&#8217;exception. Du Moyen \u00c2ge \u00e0 nos jours, la tapisserie a toujours \u00e9t\u00e9 un mode d&#8217;expression artistique majeur. Si [&hellip;]<\/p>\n","protected":false},"featured_media":52529,"template":"","meta":[],"product_cat":[2948,2952],"product_tag":[],"acf":[],"yoast_head":"<!-- This site is optimized with the Yoast SEO plugin v20.11 - https:\/\/yoast.com\/wordpress\/plugins\/seo\/ -->\n<title>La Tapisserie fran\u00e7aise du Moyen \u00c2ge \u00e0 nos jours - Librairie 7L<\/title>\n<meta name=\"robots\" content=\"index, follow, max-snippet:-1, max-image-preview:large, max-video-preview:-1\" \/>\n<link rel=\"canonical\" href=\"https:\/\/librairie7l.com\/en\/produit\/la-tapisserie-francaise-du-moyen-age-a-nos-jours-2\/\" \/>\n<meta property=\"og:locale\" content=\"en_US\" \/>\n<meta property=\"og:type\" content=\"article\" \/>\n<meta property=\"og:title\" content=\"La Tapisserie fran\u00e7aise du Moyen \u00c2ge \u00e0 nos jours - Librairie 7L\" \/>\n<meta property=\"og:description\" content=\"Plongez dans l&#8217;univers de la tapisserie fran\u00e7aise \u00e0 travers les si\u00e8cles. Cet ouvrage richement illustr\u00e9 explore plus de 500 ans d&#8217;histoire, des chefs-d&#8217;oeuvre m\u00e9di\u00e9vaux aux cr\u00e9ations contemporaines. Sous la direction de Beno\u00eet-Henry Papounaud, d\u00e9couvrez un patrimoine artistique d&#8217;exception. Du Moyen \u00c2ge \u00e0 nos jours, la tapisserie a toujours \u00e9t\u00e9 un mode d&#8217;expression artistique majeur. Si [&hellip;]\" \/>\n<meta property=\"og:url\" content=\"https:\/\/librairie7l.com\/en\/produit\/la-tapisserie-francaise-du-moyen-age-a-nos-jours-2\/\" \/>\n<meta property=\"og:site_name\" content=\"Librairie 7L\" \/>\n<meta property=\"article:modified_time\" content=\"2026-04-17T06:36:01+00:00\" \/>\n<meta property=\"og:image\" content=\"https:\/\/librairie7l.com\/wp-content\/uploads\/2025\/06\/9782757710890_1_75.jpg\" \/>\n\t<meta property=\"og:image:width\" content=\"400\" \/>\n\t<meta property=\"og:image:height\" content=\"520\" \/>\n\t<meta property=\"og:image:type\" content=\"image\/jpeg\" \/>\n<meta name=\"twitter:card\" content=\"summary_large_image\" \/>\n<meta name=\"twitter:label1\" content=\"Est. reading time\" \/>\n\t<meta name=\"twitter:data1\" content=\"2 minutes\" \/>\n<script type=\"application\/ld+json\" class=\"yoast-schema-graph\">{\"@context\":\"https:\/\/schema.org\",\"@graph\":[{\"@type\":\"WebPage\",\"@id\":\"https:\/\/librairie7l.com\/en\/produit\/la-tapisserie-francaise-du-moyen-age-a-nos-jours-2\/\",\"url\":\"https:\/\/librairie7l.com\/en\/produit\/la-tapisserie-francaise-du-moyen-age-a-nos-jours-2\/\",\"name\":\"La Tapisserie fran\u00e7aise du Moyen \u00c2ge \u00e0 nos jours - Librairie 7L\",\"isPartOf\":{\"@id\":\"https:\/\/librairie7l.com\/en\/#website\"},\"datePublished\":\"2025-11-20T08:18:23+00:00\",\"dateModified\":\"2026-04-17T06:36:01+00:00\",\"breadcrumb\":{\"@id\":\"https:\/\/librairie7l.com\/en\/produit\/la-tapisserie-francaise-du-moyen-age-a-nos-jours-2\/#breadcrumb\"},\"inLanguage\":\"en-US\",\"potentialAction\":[{\"@type\":\"ReadAction\",\"target\":[\"https:\/\/librairie7l.com\/en\/produit\/la-tapisserie-francaise-du-moyen-age-a-nos-jours-2\/\"]}]},{\"@type\":\"BreadcrumbList\",\"@id\":\"https:\/\/librairie7l.com\/en\/produit\/la-tapisserie-francaise-du-moyen-age-a-nos-jours-2\/#breadcrumb\",\"itemListElement\":[{\"@type\":\"ListItem\",\"position\":1,\"name\":\"Accueil\",\"item\":\"https:\/\/librairie7l.com\/en\/\"},{\"@type\":\"ListItem\",\"position\":2,\"name\":\"Shop\",\"item\":\"https:\/\/librairie7l.com\/en\/shop\/\"},{\"@type\":\"ListItem\",\"position\":3,\"name\":\"LA TAPISSERIE FRAN\u00c7AISE DU MOYEN \u00c2GE \u00c0 NOS JOURS\"}]},{\"@type\":\"WebSite\",\"@id\":\"https:\/\/librairie7l.com\/en\/#website\",\"url\":\"https:\/\/librairie7l.com\/en\/\",\"name\":\"Librairie 7L\",\"description\":\"Librairie fond\u00e9e en 1999 par Karl Lagerfeld \u00e0 Paris\",\"publisher\":{\"@id\":\"https:\/\/librairie7l.com\/en\/#organization\"},\"potentialAction\":[{\"@type\":\"SearchAction\",\"target\":{\"@type\":\"EntryPoint\",\"urlTemplate\":\"https:\/\/librairie7l.com\/en\/?s={search_term_string}\"},\"query-input\":\"required name=search_term_string\"}],\"inLanguage\":\"en-US\"},{\"@type\":\"Organization\",\"@id\":\"https:\/\/librairie7l.com\/en\/#organization\",\"name\":\"Librairie 7L\",\"url\":\"https:\/\/librairie7l.com\/en\/\",\"logo\":{\"@type\":\"ImageObject\",\"inLanguage\":\"en-US\",\"@id\":\"https:\/\/librairie7l.com\/en\/#\/schema\/logo\/image\/\",\"url\":\"https:\/\/librairie7l.com\/wp-content\/uploads\/2022\/08\/logo-1.png\",\"contentUrl\":\"https:\/\/librairie7l.com\/wp-content\/uploads\/2022\/08\/logo-1.png\",\"width\":227,\"height\":301,\"caption\":\"Librairie 7L\"},\"image\":{\"@id\":\"https:\/\/librairie7l.com\/en\/#\/schema\/logo\/image\/\"}}]}<\/script>\n<!-- \/ Yoast SEO plugin. -->","yoast_head_json":{"title":"La Tapisserie fran\u00e7aise du Moyen \u00c2ge \u00e0 nos jours - Librairie 7L","robots":{"index":"index","follow":"follow","max-snippet":"max-snippet:-1","max-image-preview":"max-image-preview:large","max-video-preview":"max-video-preview:-1"},"canonical":"https:\/\/librairie7l.com\/en\/produit\/la-tapisserie-francaise-du-moyen-age-a-nos-jours-2\/","og_locale":"en_US","og_type":"article","og_title":"La Tapisserie fran\u00e7aise du Moyen \u00c2ge \u00e0 nos jours - Librairie 7L","og_description":"Plongez dans l&#8217;univers de la tapisserie fran\u00e7aise \u00e0 travers les si\u00e8cles. Cet ouvrage richement illustr\u00e9 explore plus de 500 ans d&#8217;histoire, des chefs-d&#8217;oeuvre m\u00e9di\u00e9vaux aux cr\u00e9ations contemporaines. Sous la direction de Beno\u00eet-Henry Papounaud, d\u00e9couvrez un patrimoine artistique d&#8217;exception. Du Moyen \u00c2ge \u00e0 nos jours, la tapisserie a toujours \u00e9t\u00e9 un mode d&#8217;expression artistique majeur. Si [&hellip;]","og_url":"https:\/\/librairie7l.com\/en\/produit\/la-tapisserie-francaise-du-moyen-age-a-nos-jours-2\/","og_site_name":"Librairie 7L","article_modified_time":"2026-04-17T06:36:01+00:00","og_image":[{"width":400,"height":520,"url":"https:\/\/librairie7l.com\/wp-content\/uploads\/2025\/06\/9782757710890_1_75.jpg","type":"image\/jpeg"}],"twitter_card":"summary_large_image","twitter_misc":{"Est. reading time":"2 minutes"},"schema":{"@context":"https:\/\/schema.org","@graph":[{"@type":"WebPage","@id":"https:\/\/librairie7l.com\/en\/produit\/la-tapisserie-francaise-du-moyen-age-a-nos-jours-2\/","url":"https:\/\/librairie7l.com\/en\/produit\/la-tapisserie-francaise-du-moyen-age-a-nos-jours-2\/","name":"La Tapisserie fran\u00e7aise du Moyen \u00c2ge \u00e0 nos jours - Librairie 7L","isPartOf":{"@id":"https:\/\/librairie7l.com\/en\/#website"},"datePublished":"2025-11-20T08:18:23+00:00","dateModified":"2026-04-17T06:36:01+00:00","breadcrumb":{"@id":"https:\/\/librairie7l.com\/en\/produit\/la-tapisserie-francaise-du-moyen-age-a-nos-jours-2\/#breadcrumb"},"inLanguage":"en-US","potentialAction":[{"@type":"ReadAction","target":["https:\/\/librairie7l.com\/en\/produit\/la-tapisserie-francaise-du-moyen-age-a-nos-jours-2\/"]}]},{"@type":"BreadcrumbList","@id":"https:\/\/librairie7l.com\/en\/produit\/la-tapisserie-francaise-du-moyen-age-a-nos-jours-2\/#breadcrumb","itemListElement":[{"@type":"ListItem","position":1,"name":"Accueil","item":"https:\/\/librairie7l.com\/en\/"},{"@type":"ListItem","position":2,"name":"Shop","item":"https:\/\/librairie7l.com\/en\/shop\/"},{"@type":"ListItem","position":3,"name":"LA TAPISSERIE FRAN\u00c7AISE DU MOYEN \u00c2GE \u00c0 NOS JOURS"}]},{"@type":"WebSite","@id":"https:\/\/librairie7l.com\/en\/#website","url":"https:\/\/librairie7l.com\/en\/","name":"Librairie 7L","description":"Librairie fond\u00e9e en 1999 par Karl Lagerfeld \u00e0 Paris","publisher":{"@id":"https:\/\/librairie7l.com\/en\/#organization"},"potentialAction":[{"@type":"SearchAction","target":{"@type":"EntryPoint","urlTemplate":"https:\/\/librairie7l.com\/en\/?s={search_term_string}"},"query-input":"required name=search_term_string"}],"inLanguage":"en-US"},{"@type":"Organization","@id":"https:\/\/librairie7l.com\/en\/#organization","name":"Librairie 7L","url":"https:\/\/librairie7l.com\/en\/","logo":{"@type":"ImageObject","inLanguage":"en-US","@id":"https:\/\/librairie7l.com\/en\/#\/schema\/logo\/image\/","url":"https:\/\/librairie7l.com\/wp-content\/uploads\/2022\/08\/logo-1.png","contentUrl":"https:\/\/librairie7l.com\/wp-content\/uploads\/2022\/08\/logo-1.png","width":227,"height":301,"caption":"Librairie 7L"},"image":{"@id":"https:\/\/librairie7l.com\/en\/#\/schema\/logo\/image\/"}}]}},"_links":{"self":[{"href":"https:\/\/librairie7l.com\/en\/wp-json\/wp\/v2\/product\/52531"}],"collection":[{"href":"https:\/\/librairie7l.com\/en\/wp-json\/wp\/v2\/product"}],"about":[{"href":"https:\/\/librairie7l.com\/en\/wp-json\/wp\/v2\/types\/product"}],"wp:featuredmedia":[{"embeddable":true,"href":"https:\/\/librairie7l.com\/en\/wp-json\/wp\/v2\/media\/52529"}],"wp:attachment":[{"href":"https:\/\/librairie7l.com\/en\/wp-json\/wp\/v2\/media?parent=52531"}],"wp:term":[{"taxonomy":"product_cat","embeddable":true,"href":"https:\/\/librairie7l.com\/en\/wp-json\/wp\/v2\/product_cat?post=52531"},{"taxonomy":"product_tag","embeddable":true,"href":"https:\/\/librairie7l.com\/en\/wp-json\/wp\/v2\/product_tag?post=52531"}],"curies":[{"name":"wp","href":"https:\/\/api.w.org\/{rel}","templated":true}]}}