{"id":52535,"date":"2025-11-20T10:16:07","date_gmt":"2025-11-20T09:16:07","guid":{"rendered":"https:\/\/librairie7l.com\/?post_type=product&#038;p=52535"},"modified":"2026-04-22T02:44:11","modified_gmt":"2026-04-22T00:44:11","slug":"liberty-creations-styles-motifs-2","status":"publish","type":"product","link":"https:\/\/librairie7l.com\/en\/produit\/liberty-creations-styles-motifs-2\/","title":{"rendered":"LIBERTY : CR\u00c9ATIONS. STYLES. MOTIFS"},"content":{"rendered":"<p>Publi\u00e9 \u00e0 l&#8217;occasion du 150e anniversaire de la cr\u00e9ation de Liberty, ce livre c\u00e9l\u00e8bre l&#8217;extraordinaire diversit\u00e9 de leurs designs de tissus r\u00e9put\u00e9s \u00e0 travers le monde.<br \/>\nDu floral d\u00e9licat aux motifs audacieux, la maison n&#8217;a cess\u00e9 de r\u00e9inventer l&#8217;art du motif. Ic\u00f4ne du textile et du design, Liberty a marqu\u00e9 l&#8217;histoire avec ses cr\u00e9ations en soie, laine, cachemire ou coton.\u00a0<br \/>\nD\u00e9couvrez 150 motifs embl\u00e9matiques, choisis parmi les plus beaux tr\u00e9sors de la maison, mais aussi des collaborations contemporaines et des cr\u00e9ations in\u00e9dites.<br \/>\nAu fil des pages, l&#8217;histoire de Liberty se raconte en images : dessins, \u00e9chantillons, archives rares&#8230;<br \/>\nUn voyage \u00e0 travers un si\u00e8cle et demi d&#8217;inspiratin, d&#8217;innovation et d&#8217;excellence.\u00a0<\/p>\n","protected":false},"excerpt":{"rendered":"<p>Publi\u00e9 \u00e0 l&#8217;occasion du 150e anniversaire de la cr\u00e9ation de Liberty, ce livre c\u00e9l\u00e8bre l&#8217;extraordinaire diversit\u00e9 de leurs designs de tissus r\u00e9put\u00e9s \u00e0 travers le monde. Du floral d\u00e9licat aux motifs audacieux, la maison n&#8217;a cess\u00e9 de r\u00e9inventer l&#8217;art du motif. Ic\u00f4ne du textile et du design, Liberty a marqu\u00e9 l&#8217;histoire avec ses cr\u00e9ations en [&hellip;]<\/p>\n","protected":false},"featured_media":52533,"template":"","meta":[],"product_cat":[2948,2957],"product_tag":[],"acf":[],"yoast_head":"<!-- This site is optimized with the Yoast SEO plugin v20.11 - https:\/\/yoast.com\/wordpress\/plugins\/seo\/ -->\n<title>Liberty : Cr\u00e9ations. Styles. Motifs - Librairie 7L<\/title>\n<meta name=\"robots\" content=\"index, follow, max-snippet:-1, max-image-preview:large, max-video-preview:-1\" \/>\n<link rel=\"canonical\" href=\"https:\/\/librairie7l.com\/en\/produit\/liberty-creations-styles-motifs-2\/\" \/>\n<meta property=\"og:locale\" content=\"en_US\" \/>\n<meta property=\"og:type\" content=\"article\" \/>\n<meta property=\"og:title\" content=\"Liberty : Cr\u00e9ations. Styles. Motifs - Librairie 7L\" \/>\n<meta property=\"og:description\" content=\"Publi\u00e9 \u00e0 l&#8217;occasion du 150e anniversaire de la cr\u00e9ation de Liberty, ce livre c\u00e9l\u00e8bre l&#8217;extraordinaire diversit\u00e9 de leurs designs de tissus r\u00e9put\u00e9s \u00e0 travers le monde. Du floral d\u00e9licat aux motifs audacieux, la maison n&#8217;a cess\u00e9 de r\u00e9inventer l&#8217;art du motif. Ic\u00f4ne du textile et du design, Liberty a marqu\u00e9 l&#8217;histoire avec ses cr\u00e9ations en [&hellip;]\" \/>\n<meta property=\"og:url\" content=\"https:\/\/librairie7l.com\/en\/produit\/liberty-creations-styles-motifs-2\/\" \/>\n<meta property=\"og:site_name\" content=\"Librairie 7L\" \/>\n<meta property=\"article:modified_time\" content=\"2026-04-22T00:44:11+00:00\" \/>\n<meta property=\"og:image\" content=\"https:\/\/librairie7l.com\/wp-content\/uploads\/2025\/06\/9782376717416_1_75.jpg\" \/>\n\t<meta property=\"og:image:width\" content=\"600\" \/>\n\t<meta property=\"og:image:height\" content=\"740\" \/>\n\t<meta property=\"og:image:type\" content=\"image\/jpeg\" \/>\n<meta name=\"twitter:card\" content=\"summary_large_image\" \/>\n<meta name=\"twitter:label1\" content=\"Est. reading time\" \/>\n\t<meta name=\"twitter:data1\" content=\"1 minute\" \/>\n<script type=\"application\/ld+json\" class=\"yoast-schema-graph\">{\"@context\":\"https:\/\/schema.org\",\"@graph\":[{\"@type\":\"WebPage\",\"@id\":\"https:\/\/librairie7l.com\/en\/produit\/liberty-creations-styles-motifs-2\/\",\"url\":\"https:\/\/librairie7l.com\/en\/produit\/liberty-creations-styles-motifs-2\/\",\"name\":\"Liberty : Cr\u00e9ations. Styles. Motifs - Librairie 7L\",\"isPartOf\":{\"@id\":\"https:\/\/librairie7l.com\/en\/#website\"},\"datePublished\":\"2025-11-20T09:16:07+00:00\",\"dateModified\":\"2026-04-22T00:44:11+00:00\",\"breadcrumb\":{\"@id\":\"https:\/\/librairie7l.com\/en\/produit\/liberty-creations-styles-motifs-2\/#breadcrumb\"},\"inLanguage\":\"en-US\",\"potentialAction\":[{\"@type\":\"ReadAction\",\"target\":[\"https:\/\/librairie7l.com\/en\/produit\/liberty-creations-styles-motifs-2\/\"]}]},{\"@type\":\"BreadcrumbList\",\"@id\":\"https:\/\/librairie7l.com\/en\/produit\/liberty-creations-styles-motifs-2\/#breadcrumb\",\"itemListElement\":[{\"@type\":\"ListItem\",\"position\":1,\"name\":\"Accueil\",\"item\":\"https:\/\/librairie7l.com\/en\/\"},{\"@type\":\"ListItem\",\"position\":2,\"name\":\"Shop\",\"item\":\"https:\/\/librairie7l.com\/en\/shop\/\"},{\"@type\":\"ListItem\",\"position\":3,\"name\":\"LIBERTY : CR\u00c9ATIONS. STYLES. MOTIFS\"}]},{\"@type\":\"WebSite\",\"@id\":\"https:\/\/librairie7l.com\/en\/#website\",\"url\":\"https:\/\/librairie7l.com\/en\/\",\"name\":\"Librairie 7L\",\"description\":\"Librairie fond\u00e9e en 1999 par Karl Lagerfeld \u00e0 Paris\",\"publisher\":{\"@id\":\"https:\/\/librairie7l.com\/en\/#organization\"},\"potentialAction\":[{\"@type\":\"SearchAction\",\"target\":{\"@type\":\"EntryPoint\",\"urlTemplate\":\"https:\/\/librairie7l.com\/en\/?s={search_term_string}\"},\"query-input\":\"required name=search_term_string\"}],\"inLanguage\":\"en-US\"},{\"@type\":\"Organization\",\"@id\":\"https:\/\/librairie7l.com\/en\/#organization\",\"name\":\"Librairie 7L\",\"url\":\"https:\/\/librairie7l.com\/en\/\",\"logo\":{\"@type\":\"ImageObject\",\"inLanguage\":\"en-US\",\"@id\":\"https:\/\/librairie7l.com\/en\/#\/schema\/logo\/image\/\",\"url\":\"https:\/\/librairie7l.com\/wp-content\/uploads\/2022\/08\/logo-1.png\",\"contentUrl\":\"https:\/\/librairie7l.com\/wp-content\/uploads\/2022\/08\/logo-1.png\",\"width\":227,\"height\":301,\"caption\":\"Librairie 7L\"},\"image\":{\"@id\":\"https:\/\/librairie7l.com\/en\/#\/schema\/logo\/image\/\"}}]}<\/script>\n<!-- \/ Yoast SEO plugin. -->","yoast_head_json":{"title":"Liberty : Cr\u00e9ations. Styles. Motifs - Librairie 7L","robots":{"index":"index","follow":"follow","max-snippet":"max-snippet:-1","max-image-preview":"max-image-preview:large","max-video-preview":"max-video-preview:-1"},"canonical":"https:\/\/librairie7l.com\/en\/produit\/liberty-creations-styles-motifs-2\/","og_locale":"en_US","og_type":"article","og_title":"Liberty : Cr\u00e9ations. Styles. Motifs - Librairie 7L","og_description":"Publi\u00e9 \u00e0 l&#8217;occasion du 150e anniversaire de la cr\u00e9ation de Liberty, ce livre c\u00e9l\u00e8bre l&#8217;extraordinaire diversit\u00e9 de leurs designs de tissus r\u00e9put\u00e9s \u00e0 travers le monde. Du floral d\u00e9licat aux motifs audacieux, la maison n&#8217;a cess\u00e9 de r\u00e9inventer l&#8217;art du motif. Ic\u00f4ne du textile et du design, Liberty a marqu\u00e9 l&#8217;histoire avec ses cr\u00e9ations en [&hellip;]","og_url":"https:\/\/librairie7l.com\/en\/produit\/liberty-creations-styles-motifs-2\/","og_site_name":"Librairie 7L","article_modified_time":"2026-04-22T00:44:11+00:00","og_image":[{"width":600,"height":740,"url":"https:\/\/librairie7l.com\/wp-content\/uploads\/2025\/06\/9782376717416_1_75.jpg","type":"image\/jpeg"}],"twitter_card":"summary_large_image","twitter_misc":{"Est. reading time":"1 minute"},"schema":{"@context":"https:\/\/schema.org","@graph":[{"@type":"WebPage","@id":"https:\/\/librairie7l.com\/en\/produit\/liberty-creations-styles-motifs-2\/","url":"https:\/\/librairie7l.com\/en\/produit\/liberty-creations-styles-motifs-2\/","name":"Liberty : Cr\u00e9ations. Styles. Motifs - Librairie 7L","isPartOf":{"@id":"https:\/\/librairie7l.com\/en\/#website"},"datePublished":"2025-11-20T09:16:07+00:00","dateModified":"2026-04-22T00:44:11+00:00","breadcrumb":{"@id":"https:\/\/librairie7l.com\/en\/produit\/liberty-creations-styles-motifs-2\/#breadcrumb"},"inLanguage":"en-US","potentialAction":[{"@type":"ReadAction","target":["https:\/\/librairie7l.com\/en\/produit\/liberty-creations-styles-motifs-2\/"]}]},{"@type":"BreadcrumbList","@id":"https:\/\/librairie7l.com\/en\/produit\/liberty-creations-styles-motifs-2\/#breadcrumb","itemListElement":[{"@type":"ListItem","position":1,"name":"Accueil","item":"https:\/\/librairie7l.com\/en\/"},{"@type":"ListItem","position":2,"name":"Shop","item":"https:\/\/librairie7l.com\/en\/shop\/"},{"@type":"ListItem","position":3,"name":"LIBERTY : CR\u00c9ATIONS. STYLES. MOTIFS"}]},{"@type":"WebSite","@id":"https:\/\/librairie7l.com\/en\/#website","url":"https:\/\/librairie7l.com\/en\/","name":"Librairie 7L","description":"Librairie fond\u00e9e en 1999 par Karl Lagerfeld \u00e0 Paris","publisher":{"@id":"https:\/\/librairie7l.com\/en\/#organization"},"potentialAction":[{"@type":"SearchAction","target":{"@type":"EntryPoint","urlTemplate":"https:\/\/librairie7l.com\/en\/?s={search_term_string}"},"query-input":"required name=search_term_string"}],"inLanguage":"en-US"},{"@type":"Organization","@id":"https:\/\/librairie7l.com\/en\/#organization","name":"Librairie 7L","url":"https:\/\/librairie7l.com\/en\/","logo":{"@type":"ImageObject","inLanguage":"en-US","@id":"https:\/\/librairie7l.com\/en\/#\/schema\/logo\/image\/","url":"https:\/\/librairie7l.com\/wp-content\/uploads\/2022\/08\/logo-1.png","contentUrl":"https:\/\/librairie7l.com\/wp-content\/uploads\/2022\/08\/logo-1.png","width":227,"height":301,"caption":"Librairie 7L"},"image":{"@id":"https:\/\/librairie7l.com\/en\/#\/schema\/logo\/image\/"}}]}},"_links":{"self":[{"href":"https:\/\/librairie7l.com\/en\/wp-json\/wp\/v2\/product\/52535"}],"collection":[{"href":"https:\/\/librairie7l.com\/en\/wp-json\/wp\/v2\/product"}],"about":[{"href":"https:\/\/librairie7l.com\/en\/wp-json\/wp\/v2\/types\/product"}],"wp:featuredmedia":[{"embeddable":true,"href":"https:\/\/librairie7l.com\/en\/wp-json\/wp\/v2\/media\/52533"}],"wp:attachment":[{"href":"https:\/\/librairie7l.com\/en\/wp-json\/wp\/v2\/media?parent=52535"}],"wp:term":[{"taxonomy":"product_cat","embeddable":true,"href":"https:\/\/librairie7l.com\/en\/wp-json\/wp\/v2\/product_cat?post=52535"},{"taxonomy":"product_tag","embeddable":true,"href":"https:\/\/librairie7l.com\/en\/wp-json\/wp\/v2\/product_tag?post=52535"}],"curies":[{"name":"wp","href":"https:\/\/api.w.org\/{rel}","templated":true}]}}