{"id":52555,"date":"2025-11-20T10:16:19","date_gmt":"2025-11-20T09:16:19","guid":{"rendered":"https:\/\/librairie7l.com\/?post_type=product&#038;p=52555"},"modified":"2026-04-05T13:13:27","modified_gmt":"2026-04-05T11:13:27","slug":"cy-twombly-4","status":"publish","type":"product","link":"https:\/\/librairie7l.com\/en\/produit\/cy-twombly-4\/","title":{"rendered":"CY TWOMBLY"},"content":{"rendered":"<p>Sublime !<\/p>\n<p>Unanimement salu\u00e9 comme l&#8217;un des plus grands peintres de la seconde moiti\u00e9 du XXe si\u00e8cle, Cy Twombly reconnecte l&#8217;h\u00e9ritage de l&#8217;expressionisme abstrait am\u00e9ricain avec les origines de la peinture classique occidentale. Il accorde une importance capitale aux cycles et aux s\u00e9ries dans lesquels il r\u00e9invente, \u00e0 sa mani\u00e8re, la grande peinture d&#8217;histoire.<\/p>\n<p>Exposition au Centre Pompidou \u00e0 partir du 30 novembre 2016<\/p>\n","protected":false},"excerpt":{"rendered":"<p>Sublime ! Unanimement salu\u00e9 comme l&#8217;un des plus grands peintres de la seconde moiti\u00e9 du XXe si\u00e8cle, Cy Twombly reconnecte l&#8217;h\u00e9ritage de l&#8217;expressionisme abstrait am\u00e9ricain avec les origines de la peinture classique occidentale. Il accorde une importance capitale aux cycles et aux s\u00e9ries dans lesquels il r\u00e9invente, \u00e0 sa mani\u00e8re, la grande peinture d&#8217;histoire. Exposition [&hellip;]<\/p>\n","protected":false},"featured_media":52553,"template":"","meta":[],"product_cat":[2948,2953],"product_tag":[],"acf":[],"yoast_head":"<!-- This site is optimized with the Yoast SEO plugin v20.11 - https:\/\/yoast.com\/wordpress\/plugins\/seo\/ -->\n<title>Cy Twombly - Librairie 7L<\/title>\n<meta name=\"robots\" content=\"index, follow, max-snippet:-1, max-image-preview:large, max-video-preview:-1\" \/>\n<link rel=\"canonical\" href=\"https:\/\/librairie7l.com\/en\/produit\/cy-twombly-4\/\" \/>\n<meta property=\"og:locale\" content=\"en_US\" \/>\n<meta property=\"og:type\" content=\"article\" \/>\n<meta property=\"og:title\" content=\"Cy Twombly - Librairie 7L\" \/>\n<meta property=\"og:description\" content=\"Sublime ! Unanimement salu\u00e9 comme l&#8217;un des plus grands peintres de la seconde moiti\u00e9 du XXe si\u00e8cle, Cy Twombly reconnecte l&#8217;h\u00e9ritage de l&#8217;expressionisme abstrait am\u00e9ricain avec les origines de la peinture classique occidentale. Il accorde une importance capitale aux cycles et aux s\u00e9ries dans lesquels il r\u00e9invente, \u00e0 sa mani\u00e8re, la grande peinture d&#8217;histoire. Exposition [&hellip;]\" \/>\n<meta property=\"og:url\" content=\"https:\/\/librairie7l.com\/en\/produit\/cy-twombly-4\/\" \/>\n<meta property=\"og:site_name\" content=\"Librairie 7L\" \/>\n<meta property=\"article:modified_time\" content=\"2026-04-05T11:13:27+00:00\" \/>\n<meta property=\"og:image\" content=\"https:\/\/librairie7l.com\/wp-content\/uploads\/2016\/06\/9782844267580_1_75.jpg\" \/>\n\t<meta property=\"og:image:width\" content=\"600\" \/>\n\t<meta property=\"og:image:height\" content=\"600\" \/>\n\t<meta property=\"og:image:type\" content=\"image\/jpeg\" \/>\n<meta name=\"twitter:card\" content=\"summary_large_image\" \/>\n<script type=\"application\/ld+json\" class=\"yoast-schema-graph\">{\"@context\":\"https:\/\/schema.org\",\"@graph\":[{\"@type\":\"WebPage\",\"@id\":\"https:\/\/librairie7l.com\/en\/produit\/cy-twombly-4\/\",\"url\":\"https:\/\/librairie7l.com\/en\/produit\/cy-twombly-4\/\",\"name\":\"Cy Twombly - Librairie 7L\",\"isPartOf\":{\"@id\":\"https:\/\/librairie7l.com\/en\/#website\"},\"datePublished\":\"2025-11-20T09:16:19+00:00\",\"dateModified\":\"2026-04-05T11:13:27+00:00\",\"breadcrumb\":{\"@id\":\"https:\/\/librairie7l.com\/en\/produit\/cy-twombly-4\/#breadcrumb\"},\"inLanguage\":\"en-US\",\"potentialAction\":[{\"@type\":\"ReadAction\",\"target\":[\"https:\/\/librairie7l.com\/en\/produit\/cy-twombly-4\/\"]}]},{\"@type\":\"BreadcrumbList\",\"@id\":\"https:\/\/librairie7l.com\/en\/produit\/cy-twombly-4\/#breadcrumb\",\"itemListElement\":[{\"@type\":\"ListItem\",\"position\":1,\"name\":\"Accueil\",\"item\":\"https:\/\/librairie7l.com\/en\/\"},{\"@type\":\"ListItem\",\"position\":2,\"name\":\"Shop\",\"item\":\"https:\/\/librairie7l.com\/en\/shop\/\"},{\"@type\":\"ListItem\",\"position\":3,\"name\":\"CY TWOMBLY\"}]},{\"@type\":\"WebSite\",\"@id\":\"https:\/\/librairie7l.com\/en\/#website\",\"url\":\"https:\/\/librairie7l.com\/en\/\",\"name\":\"Librairie 7L\",\"description\":\"Librairie fond\u00e9e en 1999 par Karl Lagerfeld \u00e0 Paris\",\"publisher\":{\"@id\":\"https:\/\/librairie7l.com\/en\/#organization\"},\"potentialAction\":[{\"@type\":\"SearchAction\",\"target\":{\"@type\":\"EntryPoint\",\"urlTemplate\":\"https:\/\/librairie7l.com\/en\/?s={search_term_string}\"},\"query-input\":\"required name=search_term_string\"}],\"inLanguage\":\"en-US\"},{\"@type\":\"Organization\",\"@id\":\"https:\/\/librairie7l.com\/en\/#organization\",\"name\":\"Librairie 7L\",\"url\":\"https:\/\/librairie7l.com\/en\/\",\"logo\":{\"@type\":\"ImageObject\",\"inLanguage\":\"en-US\",\"@id\":\"https:\/\/librairie7l.com\/en\/#\/schema\/logo\/image\/\",\"url\":\"https:\/\/librairie7l.com\/wp-content\/uploads\/2022\/08\/logo-1.png\",\"contentUrl\":\"https:\/\/librairie7l.com\/wp-content\/uploads\/2022\/08\/logo-1.png\",\"width\":227,\"height\":301,\"caption\":\"Librairie 7L\"},\"image\":{\"@id\":\"https:\/\/librairie7l.com\/en\/#\/schema\/logo\/image\/\"}}]}<\/script>\n<!-- \/ Yoast SEO plugin. -->","yoast_head_json":{"title":"Cy Twombly - Librairie 7L","robots":{"index":"index","follow":"follow","max-snippet":"max-snippet:-1","max-image-preview":"max-image-preview:large","max-video-preview":"max-video-preview:-1"},"canonical":"https:\/\/librairie7l.com\/en\/produit\/cy-twombly-4\/","og_locale":"en_US","og_type":"article","og_title":"Cy Twombly - Librairie 7L","og_description":"Sublime ! Unanimement salu\u00e9 comme l&#8217;un des plus grands peintres de la seconde moiti\u00e9 du XXe si\u00e8cle, Cy Twombly reconnecte l&#8217;h\u00e9ritage de l&#8217;expressionisme abstrait am\u00e9ricain avec les origines de la peinture classique occidentale. Il accorde une importance capitale aux cycles et aux s\u00e9ries dans lesquels il r\u00e9invente, \u00e0 sa mani\u00e8re, la grande peinture d&#8217;histoire. Exposition [&hellip;]","og_url":"https:\/\/librairie7l.com\/en\/produit\/cy-twombly-4\/","og_site_name":"Librairie 7L","article_modified_time":"2026-04-05T11:13:27+00:00","og_image":[{"width":600,"height":600,"url":"https:\/\/librairie7l.com\/wp-content\/uploads\/2016\/06\/9782844267580_1_75.jpg","type":"image\/jpeg"}],"twitter_card":"summary_large_image","schema":{"@context":"https:\/\/schema.org","@graph":[{"@type":"WebPage","@id":"https:\/\/librairie7l.com\/en\/produit\/cy-twombly-4\/","url":"https:\/\/librairie7l.com\/en\/produit\/cy-twombly-4\/","name":"Cy Twombly - Librairie 7L","isPartOf":{"@id":"https:\/\/librairie7l.com\/en\/#website"},"datePublished":"2025-11-20T09:16:19+00:00","dateModified":"2026-04-05T11:13:27+00:00","breadcrumb":{"@id":"https:\/\/librairie7l.com\/en\/produit\/cy-twombly-4\/#breadcrumb"},"inLanguage":"en-US","potentialAction":[{"@type":"ReadAction","target":["https:\/\/librairie7l.com\/en\/produit\/cy-twombly-4\/"]}]},{"@type":"BreadcrumbList","@id":"https:\/\/librairie7l.com\/en\/produit\/cy-twombly-4\/#breadcrumb","itemListElement":[{"@type":"ListItem","position":1,"name":"Accueil","item":"https:\/\/librairie7l.com\/en\/"},{"@type":"ListItem","position":2,"name":"Shop","item":"https:\/\/librairie7l.com\/en\/shop\/"},{"@type":"ListItem","position":3,"name":"CY TWOMBLY"}]},{"@type":"WebSite","@id":"https:\/\/librairie7l.com\/en\/#website","url":"https:\/\/librairie7l.com\/en\/","name":"Librairie 7L","description":"Librairie fond\u00e9e en 1999 par Karl Lagerfeld \u00e0 Paris","publisher":{"@id":"https:\/\/librairie7l.com\/en\/#organization"},"potentialAction":[{"@type":"SearchAction","target":{"@type":"EntryPoint","urlTemplate":"https:\/\/librairie7l.com\/en\/?s={search_term_string}"},"query-input":"required name=search_term_string"}],"inLanguage":"en-US"},{"@type":"Organization","@id":"https:\/\/librairie7l.com\/en\/#organization","name":"Librairie 7L","url":"https:\/\/librairie7l.com\/en\/","logo":{"@type":"ImageObject","inLanguage":"en-US","@id":"https:\/\/librairie7l.com\/en\/#\/schema\/logo\/image\/","url":"https:\/\/librairie7l.com\/wp-content\/uploads\/2022\/08\/logo-1.png","contentUrl":"https:\/\/librairie7l.com\/wp-content\/uploads\/2022\/08\/logo-1.png","width":227,"height":301,"caption":"Librairie 7L"},"image":{"@id":"https:\/\/librairie7l.com\/en\/#\/schema\/logo\/image\/"}}]}},"_links":{"self":[{"href":"https:\/\/librairie7l.com\/en\/wp-json\/wp\/v2\/product\/52555"}],"collection":[{"href":"https:\/\/librairie7l.com\/en\/wp-json\/wp\/v2\/product"}],"about":[{"href":"https:\/\/librairie7l.com\/en\/wp-json\/wp\/v2\/types\/product"}],"wp:featuredmedia":[{"embeddable":true,"href":"https:\/\/librairie7l.com\/en\/wp-json\/wp\/v2\/media\/52553"}],"wp:attachment":[{"href":"https:\/\/librairie7l.com\/en\/wp-json\/wp\/v2\/media?parent=52555"}],"wp:term":[{"taxonomy":"product_cat","embeddable":true,"href":"https:\/\/librairie7l.com\/en\/wp-json\/wp\/v2\/product_cat?post=52555"},{"taxonomy":"product_tag","embeddable":true,"href":"https:\/\/librairie7l.com\/en\/wp-json\/wp\/v2\/product_tag?post=52555"}],"curies":[{"name":"wp","href":"https:\/\/api.w.org\/{rel}","templated":true}]}}