{"id":52567,"date":"2025-11-20T10:16:26","date_gmt":"2025-11-20T09:16:26","guid":{"rendered":"https:\/\/librairie7l.com\/?post_type=product&#038;p=52567"},"modified":"2026-04-09T12:06:02","modified_gmt":"2026-04-09T10:06:02","slug":"florine-asch-un-monde-merveilleux-2","status":"publish","type":"product","link":"https:\/\/librairie7l.com\/en\/produit\/florine-asch-un-monde-merveilleux-2\/","title":{"rendered":"FLORINE ASCH : UN MONDE MERVEILLEUX"},"content":{"rendered":"<p>D&#8217;aussi loin qu&#8217;elle s&#8217;en souvienne, Florine Asch a toujours dessin\u00e9. Apr\u00e8s ses \u00e9tudes \u00e0 l&#8217;\u00c9cole des arts d\u00e9coratifs de Strasbourg, sa ville natale, elle s&#8217;installe \u00e0 Paris o\u00f9 sa carri\u00e8re d&#8217;illustratrice est lanc\u00e9e. Ses carnets de voyages et ses aquarelles lui ouvrent rapidement les portes des maisons de luxe. Elle dessine avec le m\u00eame enthousiasme des faire-part de mariage, des cartons de naissance, des cartes de voeux&#8230; Elle a cr\u00e9\u00e9 un univers d\u00e9licat et color\u00e9, v\u00e9ritable invitation au merveilleux. Florine Asch has been drawing for as long as she can remember. After studying at the \u00c9cole des Arts D\u00e9coratifs in her native Strasbourg, she moved to Paris, where her career as an illustrator was launched. Her travel sketchbooks and watercolours quickly opened the doors to luxury houses. With the same enthusiasm, she designs wedding invitations, birth announcements, greeting cards&#8230; She has created a delicate, colourful universe, a true invitation to wonder.<\/p>\n","protected":false},"excerpt":{"rendered":"<p>D&#8217;aussi loin qu&#8217;elle s&#8217;en souvienne, Florine Asch a toujours dessin\u00e9. Apr\u00e8s ses \u00e9tudes \u00e0 l&#8217;\u00c9cole des arts d\u00e9coratifs de Strasbourg, sa ville natale, elle s&#8217;installe \u00e0 Paris o\u00f9 sa carri\u00e8re d&#8217;illustratrice est lanc\u00e9e. Ses carnets de voyages et ses aquarelles lui ouvrent rapidement les portes des maisons de luxe. Elle dessine avec le m\u00eame enthousiasme [&hellip;]<\/p>\n","protected":false},"featured_media":52565,"template":"","meta":[],"product_cat":[2948,2951],"product_tag":[],"acf":[],"yoast_head":"<!-- This site is optimized with the Yoast SEO plugin v20.11 - https:\/\/yoast.com\/wordpress\/plugins\/seo\/ -->\n<title>Florine Asch : Un monde merveilleux - Librairie 7L<\/title>\n<meta name=\"robots\" content=\"index, follow, max-snippet:-1, max-image-preview:large, max-video-preview:-1\" \/>\n<link rel=\"canonical\" href=\"https:\/\/librairie7l.com\/en\/produit\/florine-asch-un-monde-merveilleux-2\/\" \/>\n<meta property=\"og:locale\" content=\"en_US\" \/>\n<meta property=\"og:type\" content=\"article\" \/>\n<meta property=\"og:title\" content=\"Florine Asch : Un monde merveilleux - Librairie 7L\" \/>\n<meta property=\"og:description\" content=\"D&#8217;aussi loin qu&#8217;elle s&#8217;en souvienne, Florine Asch a toujours dessin\u00e9. Apr\u00e8s ses \u00e9tudes \u00e0 l&#8217;\u00c9cole des arts d\u00e9coratifs de Strasbourg, sa ville natale, elle s&#8217;installe \u00e0 Paris o\u00f9 sa carri\u00e8re d&#8217;illustratrice est lanc\u00e9e. Ses carnets de voyages et ses aquarelles lui ouvrent rapidement les portes des maisons de luxe. Elle dessine avec le m\u00eame enthousiasme [&hellip;]\" \/>\n<meta property=\"og:url\" content=\"https:\/\/librairie7l.com\/en\/produit\/florine-asch-un-monde-merveilleux-2\/\" \/>\n<meta property=\"og:site_name\" content=\"Librairie 7L\" \/>\n<meta property=\"article:modified_time\" content=\"2026-04-09T10:06:02+00:00\" \/>\n<meta property=\"og:image\" content=\"https:\/\/librairie7l.com\/wp-content\/uploads\/2025\/06\/9782080490957_1_75.jpg\" \/>\n\t<meta property=\"og:image:width\" content=\"600\" \/>\n\t<meta property=\"og:image:height\" content=\"764\" \/>\n\t<meta property=\"og:image:type\" content=\"image\/jpeg\" \/>\n<meta name=\"twitter:card\" content=\"summary_large_image\" \/>\n<meta name=\"twitter:label1\" content=\"Est. reading time\" \/>\n\t<meta name=\"twitter:data1\" content=\"1 minute\" \/>\n<script type=\"application\/ld+json\" class=\"yoast-schema-graph\">{\"@context\":\"https:\/\/schema.org\",\"@graph\":[{\"@type\":\"WebPage\",\"@id\":\"https:\/\/librairie7l.com\/en\/produit\/florine-asch-un-monde-merveilleux-2\/\",\"url\":\"https:\/\/librairie7l.com\/en\/produit\/florine-asch-un-monde-merveilleux-2\/\",\"name\":\"Florine Asch : Un monde merveilleux - Librairie 7L\",\"isPartOf\":{\"@id\":\"https:\/\/librairie7l.com\/en\/#website\"},\"datePublished\":\"2025-11-20T09:16:26+00:00\",\"dateModified\":\"2026-04-09T10:06:02+00:00\",\"breadcrumb\":{\"@id\":\"https:\/\/librairie7l.com\/en\/produit\/florine-asch-un-monde-merveilleux-2\/#breadcrumb\"},\"inLanguage\":\"en-US\",\"potentialAction\":[{\"@type\":\"ReadAction\",\"target\":[\"https:\/\/librairie7l.com\/en\/produit\/florine-asch-un-monde-merveilleux-2\/\"]}]},{\"@type\":\"BreadcrumbList\",\"@id\":\"https:\/\/librairie7l.com\/en\/produit\/florine-asch-un-monde-merveilleux-2\/#breadcrumb\",\"itemListElement\":[{\"@type\":\"ListItem\",\"position\":1,\"name\":\"Accueil\",\"item\":\"https:\/\/librairie7l.com\/en\/\"},{\"@type\":\"ListItem\",\"position\":2,\"name\":\"Shop\",\"item\":\"https:\/\/librairie7l.com\/en\/shop\/\"},{\"@type\":\"ListItem\",\"position\":3,\"name\":\"FLORINE ASCH : UN MONDE MERVEILLEUX\"}]},{\"@type\":\"WebSite\",\"@id\":\"https:\/\/librairie7l.com\/en\/#website\",\"url\":\"https:\/\/librairie7l.com\/en\/\",\"name\":\"Librairie 7L\",\"description\":\"Librairie fond\u00e9e en 1999 par Karl Lagerfeld \u00e0 Paris\",\"publisher\":{\"@id\":\"https:\/\/librairie7l.com\/en\/#organization\"},\"potentialAction\":[{\"@type\":\"SearchAction\",\"target\":{\"@type\":\"EntryPoint\",\"urlTemplate\":\"https:\/\/librairie7l.com\/en\/?s={search_term_string}\"},\"query-input\":\"required name=search_term_string\"}],\"inLanguage\":\"en-US\"},{\"@type\":\"Organization\",\"@id\":\"https:\/\/librairie7l.com\/en\/#organization\",\"name\":\"Librairie 7L\",\"url\":\"https:\/\/librairie7l.com\/en\/\",\"logo\":{\"@type\":\"ImageObject\",\"inLanguage\":\"en-US\",\"@id\":\"https:\/\/librairie7l.com\/en\/#\/schema\/logo\/image\/\",\"url\":\"https:\/\/librairie7l.com\/wp-content\/uploads\/2022\/08\/logo-1.png\",\"contentUrl\":\"https:\/\/librairie7l.com\/wp-content\/uploads\/2022\/08\/logo-1.png\",\"width\":227,\"height\":301,\"caption\":\"Librairie 7L\"},\"image\":{\"@id\":\"https:\/\/librairie7l.com\/en\/#\/schema\/logo\/image\/\"}}]}<\/script>\n<!-- \/ Yoast SEO plugin. -->","yoast_head_json":{"title":"Florine Asch : Un monde merveilleux - Librairie 7L","robots":{"index":"index","follow":"follow","max-snippet":"max-snippet:-1","max-image-preview":"max-image-preview:large","max-video-preview":"max-video-preview:-1"},"canonical":"https:\/\/librairie7l.com\/en\/produit\/florine-asch-un-monde-merveilleux-2\/","og_locale":"en_US","og_type":"article","og_title":"Florine Asch : Un monde merveilleux - Librairie 7L","og_description":"D&#8217;aussi loin qu&#8217;elle s&#8217;en souvienne, Florine Asch a toujours dessin\u00e9. Apr\u00e8s ses \u00e9tudes \u00e0 l&#8217;\u00c9cole des arts d\u00e9coratifs de Strasbourg, sa ville natale, elle s&#8217;installe \u00e0 Paris o\u00f9 sa carri\u00e8re d&#8217;illustratrice est lanc\u00e9e. Ses carnets de voyages et ses aquarelles lui ouvrent rapidement les portes des maisons de luxe. Elle dessine avec le m\u00eame enthousiasme [&hellip;]","og_url":"https:\/\/librairie7l.com\/en\/produit\/florine-asch-un-monde-merveilleux-2\/","og_site_name":"Librairie 7L","article_modified_time":"2026-04-09T10:06:02+00:00","og_image":[{"width":600,"height":764,"url":"https:\/\/librairie7l.com\/wp-content\/uploads\/2025\/06\/9782080490957_1_75.jpg","type":"image\/jpeg"}],"twitter_card":"summary_large_image","twitter_misc":{"Est. reading time":"1 minute"},"schema":{"@context":"https:\/\/schema.org","@graph":[{"@type":"WebPage","@id":"https:\/\/librairie7l.com\/en\/produit\/florine-asch-un-monde-merveilleux-2\/","url":"https:\/\/librairie7l.com\/en\/produit\/florine-asch-un-monde-merveilleux-2\/","name":"Florine Asch : Un monde merveilleux - Librairie 7L","isPartOf":{"@id":"https:\/\/librairie7l.com\/en\/#website"},"datePublished":"2025-11-20T09:16:26+00:00","dateModified":"2026-04-09T10:06:02+00:00","breadcrumb":{"@id":"https:\/\/librairie7l.com\/en\/produit\/florine-asch-un-monde-merveilleux-2\/#breadcrumb"},"inLanguage":"en-US","potentialAction":[{"@type":"ReadAction","target":["https:\/\/librairie7l.com\/en\/produit\/florine-asch-un-monde-merveilleux-2\/"]}]},{"@type":"BreadcrumbList","@id":"https:\/\/librairie7l.com\/en\/produit\/florine-asch-un-monde-merveilleux-2\/#breadcrumb","itemListElement":[{"@type":"ListItem","position":1,"name":"Accueil","item":"https:\/\/librairie7l.com\/en\/"},{"@type":"ListItem","position":2,"name":"Shop","item":"https:\/\/librairie7l.com\/en\/shop\/"},{"@type":"ListItem","position":3,"name":"FLORINE ASCH : UN MONDE MERVEILLEUX"}]},{"@type":"WebSite","@id":"https:\/\/librairie7l.com\/en\/#website","url":"https:\/\/librairie7l.com\/en\/","name":"Librairie 7L","description":"Librairie fond\u00e9e en 1999 par Karl Lagerfeld \u00e0 Paris","publisher":{"@id":"https:\/\/librairie7l.com\/en\/#organization"},"potentialAction":[{"@type":"SearchAction","target":{"@type":"EntryPoint","urlTemplate":"https:\/\/librairie7l.com\/en\/?s={search_term_string}"},"query-input":"required name=search_term_string"}],"inLanguage":"en-US"},{"@type":"Organization","@id":"https:\/\/librairie7l.com\/en\/#organization","name":"Librairie 7L","url":"https:\/\/librairie7l.com\/en\/","logo":{"@type":"ImageObject","inLanguage":"en-US","@id":"https:\/\/librairie7l.com\/en\/#\/schema\/logo\/image\/","url":"https:\/\/librairie7l.com\/wp-content\/uploads\/2022\/08\/logo-1.png","contentUrl":"https:\/\/librairie7l.com\/wp-content\/uploads\/2022\/08\/logo-1.png","width":227,"height":301,"caption":"Librairie 7L"},"image":{"@id":"https:\/\/librairie7l.com\/en\/#\/schema\/logo\/image\/"}}]}},"_links":{"self":[{"href":"https:\/\/librairie7l.com\/en\/wp-json\/wp\/v2\/product\/52567"}],"collection":[{"href":"https:\/\/librairie7l.com\/en\/wp-json\/wp\/v2\/product"}],"about":[{"href":"https:\/\/librairie7l.com\/en\/wp-json\/wp\/v2\/types\/product"}],"wp:featuredmedia":[{"embeddable":true,"href":"https:\/\/librairie7l.com\/en\/wp-json\/wp\/v2\/media\/52565"}],"wp:attachment":[{"href":"https:\/\/librairie7l.com\/en\/wp-json\/wp\/v2\/media?parent=52567"}],"wp:term":[{"taxonomy":"product_cat","embeddable":true,"href":"https:\/\/librairie7l.com\/en\/wp-json\/wp\/v2\/product_cat?post=52567"},{"taxonomy":"product_tag","embeddable":true,"href":"https:\/\/librairie7l.com\/en\/wp-json\/wp\/v2\/product_tag?post=52567"}],"curies":[{"name":"wp","href":"https:\/\/api.w.org\/{rel}","templated":true}]}}