{"id":52590,"date":"2025-11-20T20:33:50","date_gmt":"2025-11-20T19:33:50","guid":{"rendered":"https:\/\/librairie7l.com\/?post_type=product&#038;p=52590"},"modified":"2026-04-05T13:20:08","modified_gmt":"2026-04-05T11:20:08","slug":"manfred-thierry-mugler-photographe-2","status":"publish","type":"product","link":"https:\/\/librairie7l.com\/en\/produit\/manfred-thierry-mugler-photographe-2\/","title":{"rendered":"MANFRED THIERRY MUGLER, PHOTOGRAPHE"},"content":{"rendered":"<p>Port\u00e9 par son inspiration limite et sa qu\u00eate de l&#8217;image id\u00e9ale, Manfred Thierry Mugler d\u00e9voile une r\u00e9trospective de son travail \u00e0 la fois visionnaire et spectaculaire.<\/p>\n<p>\u00ab Vous ne prenez pas une photographie, vous la faites \u00bb, disait Ansel Adams. Un point de vue parfaitement illustr\u00e9 par le travail de faiseur d&#8217;images de Manfred Thierry Mugler.<\/p>\n<p>Tout au long de sa carri\u00e8re, l&#8217;artiste visionnaire a su s&#8217;imposer avec un style r\u00e9volutionnaire, \u00e0 travers des d\u00e9fil\u00e9s \u00e9v\u00e9nements qui faisaient figure de tableaux vivants. Des oeuvres d&#8217;art anim\u00e9es, r\u00e9sultant d&#8217;une inspiration g\u00e9niale que l&#8217;artiste a eu \u00e0 coeur d&#8217;immortaliser avec son objectif, offrant sa vision d&#8217;un monde sublim\u00e9, empreint de beaut\u00e9 et de cr\u00e9ativit\u00e9.<\/p>\n<p>\u00c0 la fronti\u00e8re entre la mode, l&#8217;art et la publicit\u00e9, ses images puissantes mettent en sc\u00e8ne des femmes et des hommes aux prises avec le gigantisme des monuments et d\u00e9cors deson monde : le Chrysler Building \u00e0 New York, le Grand Palais \u00e0 Paris, le d\u00e9sert saharien, les pays de l&#8217;ex-bloc sovi\u00e9tique&#8230;<\/p>\n<p>\u00c0 la fin de l&#8217;ouvrage, Manfred Thierry Mugler propose un carnet de voyages qui t\u00e9moigne des coulisses de son oeuvre r\u00e9alis\u00e9e aux quatre coins du monde ; de l&#8217;aventure humaine et des risques encourus par le photographe et son \u00e9quipe qui se cachent derri\u00e8re chaque prise ; de la puissance de la nature \u00e0 laquelle se m\u00eale sa cr\u00e9ativit\u00e9 pour apporter une fraicheur et une force uniques \u00e0 son travail. Graphique, color\u00e9 et hors normes, son univers s&#8217;exprime ici dans toute sa dimension artistique.<\/p>\n","protected":false},"excerpt":{"rendered":"<p>Port\u00e9 par son inspiration limite et sa qu\u00eate de l&#8217;image id\u00e9ale, Manfred Thierry Mugler d\u00e9voile une r\u00e9trospective de son travail \u00e0 la fois visionnaire et spectaculaire. \u00ab Vous ne prenez pas une photographie, vous la faites \u00bb, disait Ansel Adams. Un point de vue parfaitement illustr\u00e9 par le travail de faiseur d&#8217;images de Manfred Thierry [&hellip;]<\/p>\n","protected":false},"featured_media":52588,"template":"","meta":[],"product_cat":[7364,2948],"product_tag":[],"acf":[],"yoast_head":"<!-- This site is optimized with the Yoast SEO plugin v20.11 - https:\/\/yoast.com\/wordpress\/plugins\/seo\/ -->\n<title>Manfred Thierry Mugler, photographe - Librairie 7L<\/title>\n<meta name=\"robots\" content=\"index, follow, max-snippet:-1, max-image-preview:large, max-video-preview:-1\" \/>\n<link rel=\"canonical\" href=\"https:\/\/librairie7l.com\/en\/produit\/manfred-thierry-mugler-photographe-2\/\" \/>\n<meta property=\"og:locale\" content=\"en_US\" \/>\n<meta property=\"og:type\" content=\"article\" \/>\n<meta property=\"og:title\" content=\"Manfred Thierry Mugler, photographe - Librairie 7L\" \/>\n<meta property=\"og:description\" content=\"Port\u00e9 par son inspiration limite et sa qu\u00eate de l&#8217;image id\u00e9ale, Manfred Thierry Mugler d\u00e9voile une r\u00e9trospective de son travail \u00e0 la fois visionnaire et spectaculaire. \u00ab Vous ne prenez pas une photographie, vous la faites \u00bb, disait Ansel Adams. Un point de vue parfaitement illustr\u00e9 par le travail de faiseur d&#8217;images de Manfred Thierry [&hellip;]\" \/>\n<meta property=\"og:url\" content=\"https:\/\/librairie7l.com\/en\/produit\/manfred-thierry-mugler-photographe-2\/\" \/>\n<meta property=\"og:site_name\" content=\"Librairie 7L\" \/>\n<meta property=\"article:modified_time\" content=\"2026-04-05T11:20:08+00:00\" \/>\n<meta property=\"og:image\" content=\"https:\/\/librairie7l.com\/wp-content\/uploads\/2019\/07\/9782732492766_1_75.jpg\" \/>\n\t<meta property=\"og:image:width\" content=\"269\" \/>\n\t<meta property=\"og:image:height\" content=\"453\" \/>\n\t<meta property=\"og:image:type\" content=\"image\/jpeg\" \/>\n<meta name=\"twitter:card\" content=\"summary_large_image\" \/>\n<meta name=\"twitter:label1\" content=\"Est. reading time\" \/>\n\t<meta name=\"twitter:data1\" content=\"1 minute\" \/>\n<script type=\"application\/ld+json\" class=\"yoast-schema-graph\">{\"@context\":\"https:\/\/schema.org\",\"@graph\":[{\"@type\":\"WebPage\",\"@id\":\"https:\/\/librairie7l.com\/en\/produit\/manfred-thierry-mugler-photographe-2\/\",\"url\":\"https:\/\/librairie7l.com\/en\/produit\/manfred-thierry-mugler-photographe-2\/\",\"name\":\"Manfred Thierry Mugler, photographe - Librairie 7L\",\"isPartOf\":{\"@id\":\"https:\/\/librairie7l.com\/en\/#website\"},\"datePublished\":\"2025-11-20T19:33:50+00:00\",\"dateModified\":\"2026-04-05T11:20:08+00:00\",\"breadcrumb\":{\"@id\":\"https:\/\/librairie7l.com\/en\/produit\/manfred-thierry-mugler-photographe-2\/#breadcrumb\"},\"inLanguage\":\"en-US\",\"potentialAction\":[{\"@type\":\"ReadAction\",\"target\":[\"https:\/\/librairie7l.com\/en\/produit\/manfred-thierry-mugler-photographe-2\/\"]}]},{\"@type\":\"BreadcrumbList\",\"@id\":\"https:\/\/librairie7l.com\/en\/produit\/manfred-thierry-mugler-photographe-2\/#breadcrumb\",\"itemListElement\":[{\"@type\":\"ListItem\",\"position\":1,\"name\":\"Accueil\",\"item\":\"https:\/\/librairie7l.com\/en\/\"},{\"@type\":\"ListItem\",\"position\":2,\"name\":\"Shop\",\"item\":\"https:\/\/librairie7l.com\/en\/shop\/\"},{\"@type\":\"ListItem\",\"position\":3,\"name\":\"MANFRED THIERRY MUGLER, PHOTOGRAPHE\"}]},{\"@type\":\"WebSite\",\"@id\":\"https:\/\/librairie7l.com\/en\/#website\",\"url\":\"https:\/\/librairie7l.com\/en\/\",\"name\":\"Librairie 7L\",\"description\":\"Librairie fond\u00e9e en 1999 par Karl Lagerfeld \u00e0 Paris\",\"publisher\":{\"@id\":\"https:\/\/librairie7l.com\/en\/#organization\"},\"potentialAction\":[{\"@type\":\"SearchAction\",\"target\":{\"@type\":\"EntryPoint\",\"urlTemplate\":\"https:\/\/librairie7l.com\/en\/?s={search_term_string}\"},\"query-input\":\"required name=search_term_string\"}],\"inLanguage\":\"en-US\"},{\"@type\":\"Organization\",\"@id\":\"https:\/\/librairie7l.com\/en\/#organization\",\"name\":\"Librairie 7L\",\"url\":\"https:\/\/librairie7l.com\/en\/\",\"logo\":{\"@type\":\"ImageObject\",\"inLanguage\":\"en-US\",\"@id\":\"https:\/\/librairie7l.com\/en\/#\/schema\/logo\/image\/\",\"url\":\"https:\/\/librairie7l.com\/wp-content\/uploads\/2022\/08\/logo-1.png\",\"contentUrl\":\"https:\/\/librairie7l.com\/wp-content\/uploads\/2022\/08\/logo-1.png\",\"width\":227,\"height\":301,\"caption\":\"Librairie 7L\"},\"image\":{\"@id\":\"https:\/\/librairie7l.com\/en\/#\/schema\/logo\/image\/\"}}]}<\/script>\n<!-- \/ Yoast SEO plugin. -->","yoast_head_json":{"title":"Manfred Thierry Mugler, photographe - Librairie 7L","robots":{"index":"index","follow":"follow","max-snippet":"max-snippet:-1","max-image-preview":"max-image-preview:large","max-video-preview":"max-video-preview:-1"},"canonical":"https:\/\/librairie7l.com\/en\/produit\/manfred-thierry-mugler-photographe-2\/","og_locale":"en_US","og_type":"article","og_title":"Manfred Thierry Mugler, photographe - Librairie 7L","og_description":"Port\u00e9 par son inspiration limite et sa qu\u00eate de l&#8217;image id\u00e9ale, Manfred Thierry Mugler d\u00e9voile une r\u00e9trospective de son travail \u00e0 la fois visionnaire et spectaculaire. \u00ab Vous ne prenez pas une photographie, vous la faites \u00bb, disait Ansel Adams. Un point de vue parfaitement illustr\u00e9 par le travail de faiseur d&#8217;images de Manfred Thierry [&hellip;]","og_url":"https:\/\/librairie7l.com\/en\/produit\/manfred-thierry-mugler-photographe-2\/","og_site_name":"Librairie 7L","article_modified_time":"2026-04-05T11:20:08+00:00","og_image":[{"width":269,"height":453,"url":"https:\/\/librairie7l.com\/wp-content\/uploads\/2019\/07\/9782732492766_1_75.jpg","type":"image\/jpeg"}],"twitter_card":"summary_large_image","twitter_misc":{"Est. reading time":"1 minute"},"schema":{"@context":"https:\/\/schema.org","@graph":[{"@type":"WebPage","@id":"https:\/\/librairie7l.com\/en\/produit\/manfred-thierry-mugler-photographe-2\/","url":"https:\/\/librairie7l.com\/en\/produit\/manfred-thierry-mugler-photographe-2\/","name":"Manfred Thierry Mugler, photographe - Librairie 7L","isPartOf":{"@id":"https:\/\/librairie7l.com\/en\/#website"},"datePublished":"2025-11-20T19:33:50+00:00","dateModified":"2026-04-05T11:20:08+00:00","breadcrumb":{"@id":"https:\/\/librairie7l.com\/en\/produit\/manfred-thierry-mugler-photographe-2\/#breadcrumb"},"inLanguage":"en-US","potentialAction":[{"@type":"ReadAction","target":["https:\/\/librairie7l.com\/en\/produit\/manfred-thierry-mugler-photographe-2\/"]}]},{"@type":"BreadcrumbList","@id":"https:\/\/librairie7l.com\/en\/produit\/manfred-thierry-mugler-photographe-2\/#breadcrumb","itemListElement":[{"@type":"ListItem","position":1,"name":"Accueil","item":"https:\/\/librairie7l.com\/en\/"},{"@type":"ListItem","position":2,"name":"Shop","item":"https:\/\/librairie7l.com\/en\/shop\/"},{"@type":"ListItem","position":3,"name":"MANFRED THIERRY MUGLER, PHOTOGRAPHE"}]},{"@type":"WebSite","@id":"https:\/\/librairie7l.com\/en\/#website","url":"https:\/\/librairie7l.com\/en\/","name":"Librairie 7L","description":"Librairie fond\u00e9e en 1999 par Karl Lagerfeld \u00e0 Paris","publisher":{"@id":"https:\/\/librairie7l.com\/en\/#organization"},"potentialAction":[{"@type":"SearchAction","target":{"@type":"EntryPoint","urlTemplate":"https:\/\/librairie7l.com\/en\/?s={search_term_string}"},"query-input":"required name=search_term_string"}],"inLanguage":"en-US"},{"@type":"Organization","@id":"https:\/\/librairie7l.com\/en\/#organization","name":"Librairie 7L","url":"https:\/\/librairie7l.com\/en\/","logo":{"@type":"ImageObject","inLanguage":"en-US","@id":"https:\/\/librairie7l.com\/en\/#\/schema\/logo\/image\/","url":"https:\/\/librairie7l.com\/wp-content\/uploads\/2022\/08\/logo-1.png","contentUrl":"https:\/\/librairie7l.com\/wp-content\/uploads\/2022\/08\/logo-1.png","width":227,"height":301,"caption":"Librairie 7L"},"image":{"@id":"https:\/\/librairie7l.com\/en\/#\/schema\/logo\/image\/"}}]}},"_links":{"self":[{"href":"https:\/\/librairie7l.com\/en\/wp-json\/wp\/v2\/product\/52590"}],"collection":[{"href":"https:\/\/librairie7l.com\/en\/wp-json\/wp\/v2\/product"}],"about":[{"href":"https:\/\/librairie7l.com\/en\/wp-json\/wp\/v2\/types\/product"}],"wp:featuredmedia":[{"embeddable":true,"href":"https:\/\/librairie7l.com\/en\/wp-json\/wp\/v2\/media\/52588"}],"wp:attachment":[{"href":"https:\/\/librairie7l.com\/en\/wp-json\/wp\/v2\/media?parent=52590"}],"wp:term":[{"taxonomy":"product_cat","embeddable":true,"href":"https:\/\/librairie7l.com\/en\/wp-json\/wp\/v2\/product_cat?post=52590"},{"taxonomy":"product_tag","embeddable":true,"href":"https:\/\/librairie7l.com\/en\/wp-json\/wp\/v2\/product_tag?post=52590"}],"curies":[{"name":"wp","href":"https:\/\/api.w.org\/{rel}","templated":true}]}}