{"id":52595,"date":"2025-11-21T09:18:05","date_gmt":"2025-11-21T08:18:05","guid":{"rendered":"https:\/\/librairie7l.com\/?post_type=product&#038;p=52595"},"modified":"2026-04-22T02:44:11","modified_gmt":"2026-04-22T00:44:11","slug":"la-collection-dior-dazzedine-alaia-2","status":"publish","type":"product","link":"https:\/\/librairie7l.com\/en\/produit\/la-collection-dior-dazzedine-alaia-2\/","title":{"rendered":"LA COLLECTION DIOR D&#8217;AZZEDINE ALA\u00cfA"},"content":{"rendered":"<p>Azzedine Ala\u00efa (1935-2017), couturier de renom,<br \/>\n\u00e9tait aussi un collectionneur passionn\u00e9. \u00c9pris des<br \/>\npi\u00e8ces qui constituent le patrimoine de la mode,<br \/>\nil a rassembl\u00e9 une collection de plus de 20 000<br \/>\nv\u00eatements dessin\u00e9s par de grands cr\u00e9ateurs, avec<br \/>\nune place d&#8217;honneur pour les r\u00e9alisations de<br \/>\nChristian Dior et des directeurs artistiques qui<br \/>\nlui ont succ\u00e9d\u00e9 \u00e0 la t\u00eate de la maison Dior.<br \/>\nCe livre c\u00e9l\u00e8bre une nouvelle exposition \u00e0 la<br \/>\nGalerie Dior et d\u00e9voile pour la premi\u00e8re fois<br \/>\nla collection personnelle de pi\u00e8ces Dior r\u00e9unies<br \/>\npar Ala\u00efa \u00e0 partir des ann\u00e9es soixante, t\u00e9moignant<br \/>\nde sa longue relation avec l&#8217;univers Dior. \u00c2g\u00e9 de<br \/>\n22 ans, le jeune couturier tunisien a d&#8217;ailleurs<br \/>\ntravaill\u00e9 quelques jours chez la maison Dior, une<br \/>\nexp\u00e9rience qui a marqu\u00e9 les d\u00e9buts de sa carri\u00e8re<br \/>\ndans la mode.<br \/>\nLe livre aborde, dans des chapitres th\u00e9matiques,<br \/>\nles \u00e9l\u00e9ments qui ont \u00e9veill\u00e9 la curiosit\u00e9 et le d\u00e9sir<br \/>\nde collectionner d&#8217;Ala\u00efa : l&#8217;architecture des robes,<br \/>\nla po\u00e9sie des noms de cr\u00e9ations comme Joli coeur,<br \/>\nMusique de nuit, Bal de printemps, F\u00eate \u00e0 Grenade,<br \/>\nou encore Myst\u00e8re de New York, et les diff\u00e9rentes<br \/>\nfa\u00e7ons d&#8217;utiliser les textures et les couleurs,<br \/>\nnotamment le rouge vif ch\u00e9ri par Christian Dior.<br \/>\nIllustr\u00e9 par des photographies in\u00e9dites de robes<br \/>\niconiques, images d&#8217;archives, dessins sign\u00e9s<br \/>\nChristian Dior et chartes de collection, ce livre<br \/>\noffre une vision nouvelle de l&#8217;histoire de Dior \u00e0<br \/>\ntravers les robes collectionn\u00e9es par Ala\u00efa. Le livre<br \/>\ninclut aussi une interview exclusive avec Olivier<br \/>\nSaillard, directeur de la Fondation Azzedine Ala\u00efa,<br \/>\no\u00f9 une exposition soeur c\u00e9l\u00e8bre les cr\u00e9ations d&#8217;Ala\u00efa<br \/>\ninspir\u00e9es par Dior.<\/p>\n","protected":false},"excerpt":{"rendered":"<p>Azzedine Ala\u00efa (1935-2017), couturier de renom, \u00e9tait aussi un collectionneur passionn\u00e9. \u00c9pris des pi\u00e8ces qui constituent le patrimoine de la mode, il a rassembl\u00e9 une collection de plus de 20 000 v\u00eatements dessin\u00e9s par de grands cr\u00e9ateurs, avec une place d&#8217;honneur pour les r\u00e9alisations de Christian Dior et des directeurs artistiques qui lui ont succ\u00e9d\u00e9 [&hellip;]<\/p>\n","protected":false},"featured_media":52593,"template":"","meta":[],"product_cat":[2948,2957],"product_tag":[],"acf":[],"yoast_head":"<!-- This site is optimized with the Yoast SEO plugin v20.11 - https:\/\/yoast.com\/wordpress\/plugins\/seo\/ -->\n<title>La collection Dior d&#039;Azzedine Ala\u00efa - Librairie 7L<\/title>\n<meta name=\"robots\" content=\"index, follow, max-snippet:-1, max-image-preview:large, max-video-preview:-1\" \/>\n<link rel=\"canonical\" href=\"https:\/\/librairie7l.com\/en\/produit\/la-collection-dior-dazzedine-alaia-2\/\" \/>\n<meta property=\"og:locale\" content=\"en_US\" \/>\n<meta property=\"og:type\" content=\"article\" \/>\n<meta property=\"og:title\" content=\"La collection Dior d&#039;Azzedine Ala\u00efa - Librairie 7L\" \/>\n<meta property=\"og:description\" content=\"Azzedine Ala\u00efa (1935-2017), couturier de renom, \u00e9tait aussi un collectionneur passionn\u00e9. \u00c9pris des pi\u00e8ces qui constituent le patrimoine de la mode, il a rassembl\u00e9 une collection de plus de 20 000 v\u00eatements dessin\u00e9s par de grands cr\u00e9ateurs, avec une place d&#8217;honneur pour les r\u00e9alisations de Christian Dior et des directeurs artistiques qui lui ont succ\u00e9d\u00e9 [&hellip;]\" \/>\n<meta property=\"og:url\" content=\"https:\/\/librairie7l.com\/en\/produit\/la-collection-dior-dazzedine-alaia-2\/\" \/>\n<meta property=\"og:site_name\" content=\"Librairie 7L\" \/>\n<meta property=\"article:modified_time\" content=\"2026-04-22T00:44:11+00:00\" \/>\n<meta property=\"og:image\" content=\"https:\/\/librairie7l.com\/wp-content\/uploads\/2025\/04\/9780847876105_1_75.jpg\" \/>\n\t<meta property=\"og:image:width\" content=\"600\" \/>\n\t<meta property=\"og:image:height\" content=\"766\" \/>\n\t<meta property=\"og:image:type\" content=\"image\/jpeg\" \/>\n<meta name=\"twitter:card\" content=\"summary_large_image\" \/>\n<meta name=\"twitter:label1\" content=\"Est. reading time\" \/>\n\t<meta name=\"twitter:data1\" content=\"1 minute\" \/>\n<script type=\"application\/ld+json\" class=\"yoast-schema-graph\">{\"@context\":\"https:\/\/schema.org\",\"@graph\":[{\"@type\":\"WebPage\",\"@id\":\"https:\/\/librairie7l.com\/en\/produit\/la-collection-dior-dazzedine-alaia-2\/\",\"url\":\"https:\/\/librairie7l.com\/en\/produit\/la-collection-dior-dazzedine-alaia-2\/\",\"name\":\"La collection Dior d'Azzedine Ala\u00efa - Librairie 7L\",\"isPartOf\":{\"@id\":\"https:\/\/librairie7l.com\/en\/#website\"},\"datePublished\":\"2025-11-21T08:18:05+00:00\",\"dateModified\":\"2026-04-22T00:44:11+00:00\",\"breadcrumb\":{\"@id\":\"https:\/\/librairie7l.com\/en\/produit\/la-collection-dior-dazzedine-alaia-2\/#breadcrumb\"},\"inLanguage\":\"en-US\",\"potentialAction\":[{\"@type\":\"ReadAction\",\"target\":[\"https:\/\/librairie7l.com\/en\/produit\/la-collection-dior-dazzedine-alaia-2\/\"]}]},{\"@type\":\"BreadcrumbList\",\"@id\":\"https:\/\/librairie7l.com\/en\/produit\/la-collection-dior-dazzedine-alaia-2\/#breadcrumb\",\"itemListElement\":[{\"@type\":\"ListItem\",\"position\":1,\"name\":\"Accueil\",\"item\":\"https:\/\/librairie7l.com\/en\/\"},{\"@type\":\"ListItem\",\"position\":2,\"name\":\"Shop\",\"item\":\"https:\/\/librairie7l.com\/en\/shop\/\"},{\"@type\":\"ListItem\",\"position\":3,\"name\":\"LA COLLECTION DIOR D&#8217;AZZEDINE ALA\u00cfA\"}]},{\"@type\":\"WebSite\",\"@id\":\"https:\/\/librairie7l.com\/en\/#website\",\"url\":\"https:\/\/librairie7l.com\/en\/\",\"name\":\"Librairie 7L\",\"description\":\"Librairie fond\u00e9e en 1999 par Karl Lagerfeld \u00e0 Paris\",\"publisher\":{\"@id\":\"https:\/\/librairie7l.com\/en\/#organization\"},\"potentialAction\":[{\"@type\":\"SearchAction\",\"target\":{\"@type\":\"EntryPoint\",\"urlTemplate\":\"https:\/\/librairie7l.com\/en\/?s={search_term_string}\"},\"query-input\":\"required name=search_term_string\"}],\"inLanguage\":\"en-US\"},{\"@type\":\"Organization\",\"@id\":\"https:\/\/librairie7l.com\/en\/#organization\",\"name\":\"Librairie 7L\",\"url\":\"https:\/\/librairie7l.com\/en\/\",\"logo\":{\"@type\":\"ImageObject\",\"inLanguage\":\"en-US\",\"@id\":\"https:\/\/librairie7l.com\/en\/#\/schema\/logo\/image\/\",\"url\":\"https:\/\/librairie7l.com\/wp-content\/uploads\/2022\/08\/logo-1.png\",\"contentUrl\":\"https:\/\/librairie7l.com\/wp-content\/uploads\/2022\/08\/logo-1.png\",\"width\":227,\"height\":301,\"caption\":\"Librairie 7L\"},\"image\":{\"@id\":\"https:\/\/librairie7l.com\/en\/#\/schema\/logo\/image\/\"}}]}<\/script>\n<!-- \/ Yoast SEO plugin. -->","yoast_head_json":{"title":"La collection Dior d'Azzedine Ala\u00efa - Librairie 7L","robots":{"index":"index","follow":"follow","max-snippet":"max-snippet:-1","max-image-preview":"max-image-preview:large","max-video-preview":"max-video-preview:-1"},"canonical":"https:\/\/librairie7l.com\/en\/produit\/la-collection-dior-dazzedine-alaia-2\/","og_locale":"en_US","og_type":"article","og_title":"La collection Dior d'Azzedine Ala\u00efa - Librairie 7L","og_description":"Azzedine Ala\u00efa (1935-2017), couturier de renom, \u00e9tait aussi un collectionneur passionn\u00e9. \u00c9pris des pi\u00e8ces qui constituent le patrimoine de la mode, il a rassembl\u00e9 une collection de plus de 20 000 v\u00eatements dessin\u00e9s par de grands cr\u00e9ateurs, avec une place d&#8217;honneur pour les r\u00e9alisations de Christian Dior et des directeurs artistiques qui lui ont succ\u00e9d\u00e9 [&hellip;]","og_url":"https:\/\/librairie7l.com\/en\/produit\/la-collection-dior-dazzedine-alaia-2\/","og_site_name":"Librairie 7L","article_modified_time":"2026-04-22T00:44:11+00:00","og_image":[{"width":600,"height":766,"url":"https:\/\/librairie7l.com\/wp-content\/uploads\/2025\/04\/9780847876105_1_75.jpg","type":"image\/jpeg"}],"twitter_card":"summary_large_image","twitter_misc":{"Est. reading time":"1 minute"},"schema":{"@context":"https:\/\/schema.org","@graph":[{"@type":"WebPage","@id":"https:\/\/librairie7l.com\/en\/produit\/la-collection-dior-dazzedine-alaia-2\/","url":"https:\/\/librairie7l.com\/en\/produit\/la-collection-dior-dazzedine-alaia-2\/","name":"La collection Dior d'Azzedine Ala\u00efa - Librairie 7L","isPartOf":{"@id":"https:\/\/librairie7l.com\/en\/#website"},"datePublished":"2025-11-21T08:18:05+00:00","dateModified":"2026-04-22T00:44:11+00:00","breadcrumb":{"@id":"https:\/\/librairie7l.com\/en\/produit\/la-collection-dior-dazzedine-alaia-2\/#breadcrumb"},"inLanguage":"en-US","potentialAction":[{"@type":"ReadAction","target":["https:\/\/librairie7l.com\/en\/produit\/la-collection-dior-dazzedine-alaia-2\/"]}]},{"@type":"BreadcrumbList","@id":"https:\/\/librairie7l.com\/en\/produit\/la-collection-dior-dazzedine-alaia-2\/#breadcrumb","itemListElement":[{"@type":"ListItem","position":1,"name":"Accueil","item":"https:\/\/librairie7l.com\/en\/"},{"@type":"ListItem","position":2,"name":"Shop","item":"https:\/\/librairie7l.com\/en\/shop\/"},{"@type":"ListItem","position":3,"name":"LA COLLECTION DIOR D&#8217;AZZEDINE ALA\u00cfA"}]},{"@type":"WebSite","@id":"https:\/\/librairie7l.com\/en\/#website","url":"https:\/\/librairie7l.com\/en\/","name":"Librairie 7L","description":"Librairie fond\u00e9e en 1999 par Karl Lagerfeld \u00e0 Paris","publisher":{"@id":"https:\/\/librairie7l.com\/en\/#organization"},"potentialAction":[{"@type":"SearchAction","target":{"@type":"EntryPoint","urlTemplate":"https:\/\/librairie7l.com\/en\/?s={search_term_string}"},"query-input":"required name=search_term_string"}],"inLanguage":"en-US"},{"@type":"Organization","@id":"https:\/\/librairie7l.com\/en\/#organization","name":"Librairie 7L","url":"https:\/\/librairie7l.com\/en\/","logo":{"@type":"ImageObject","inLanguage":"en-US","@id":"https:\/\/librairie7l.com\/en\/#\/schema\/logo\/image\/","url":"https:\/\/librairie7l.com\/wp-content\/uploads\/2022\/08\/logo-1.png","contentUrl":"https:\/\/librairie7l.com\/wp-content\/uploads\/2022\/08\/logo-1.png","width":227,"height":301,"caption":"Librairie 7L"},"image":{"@id":"https:\/\/librairie7l.com\/en\/#\/schema\/logo\/image\/"}}]}},"_links":{"self":[{"href":"https:\/\/librairie7l.com\/en\/wp-json\/wp\/v2\/product\/52595"}],"collection":[{"href":"https:\/\/librairie7l.com\/en\/wp-json\/wp\/v2\/product"}],"about":[{"href":"https:\/\/librairie7l.com\/en\/wp-json\/wp\/v2\/types\/product"}],"wp:featuredmedia":[{"embeddable":true,"href":"https:\/\/librairie7l.com\/en\/wp-json\/wp\/v2\/media\/52593"}],"wp:attachment":[{"href":"https:\/\/librairie7l.com\/en\/wp-json\/wp\/v2\/media?parent=52595"}],"wp:term":[{"taxonomy":"product_cat","embeddable":true,"href":"https:\/\/librairie7l.com\/en\/wp-json\/wp\/v2\/product_cat?post=52595"},{"taxonomy":"product_tag","embeddable":true,"href":"https:\/\/librairie7l.com\/en\/wp-json\/wp\/v2\/product_tag?post=52595"}],"curies":[{"name":"wp","href":"https:\/\/api.w.org\/{rel}","templated":true}]}}