{"id":52607,"date":"2025-11-21T09:18:14","date_gmt":"2025-11-21T08:18:14","guid":{"rendered":"https:\/\/librairie7l.com\/?post_type=product&#038;p=52607"},"modified":"2026-04-03T20:15:37","modified_gmt":"2026-04-03T18:15:37","slug":"brutalist-berlin-a-photographic-and-architectural-survey-of-berlins-brutalist-buildings-2","status":"publish","type":"product","link":"https:\/\/librairie7l.com\/en\/produit\/brutalist-berlin-a-photographic-and-architectural-survey-of-berlins-brutalist-buildings-2\/","title":{"rendered":"BRUTALIST BERLIN : A PHOTOGRAPHIC AND ARCHITECTURAL SURVEY OF BERLIN&#8217;S BRUTALIST BUILDINGS"},"content":{"rendered":"<p>Brutalist Berlin est le premier d&#8217;une s\u00e9rie de guides d&#8217;architecture urbaine magnifiquement produits et r\u00e9dig\u00e9s par Blue row Media. R\u00e9dig\u00e9 et photographi\u00e9 par le Dr Felix orkar, bas\u00e9 \u00e0 Berlin, le livre couvre plus de cinquante btiments de la capitale allemande, avec des d\u00e9tails, des textes et des photographies tout au long de l&#8217;ouvrage. Dans son introduction, M. orkar replace l&#8217;architecture brutaliste de Berlin dans le contexte de la position unique de la ville au centre de l&#8217;histoire europ\u00e9enne du e si\u00e8cle. Felix Torkar est un historien de l&#8217;architecture qui se concentre sur l&#8217;architecture et le design des e et Ie si\u00e8cles. Ses recherches portent sur l&#8217;architecture brutaliste et sa r\u00e9surgence. Il est l&#8217;auteur de Bruta- list Berlin (2025).<\/p>\n","protected":false},"excerpt":{"rendered":"<p>Brutalist Berlin est le premier d&#8217;une s\u00e9rie de guides d&#8217;architecture urbaine magnifiquement produits et r\u00e9dig\u00e9s par Blue row Media. R\u00e9dig\u00e9 et photographi\u00e9 par le Dr Felix orkar, bas\u00e9 \u00e0 Berlin, le livre couvre plus de cinquante btiments de la capitale allemande, avec des d\u00e9tails, des textes et des photographies tout au long de l&#8217;ouvrage. Dans [&hellip;]<\/p>\n","protected":false},"featured_media":52605,"template":"","meta":[],"product_cat":[2948,2950],"product_tag":[],"acf":[],"yoast_head":"<!-- This site is optimized with the Yoast SEO plugin v20.11 - https:\/\/yoast.com\/wordpress\/plugins\/seo\/ -->\n<title>Brutalist Berlin : A photographic and architectural survey of Berlin&#039;s brutalist buildings - Librairie 7L<\/title>\n<meta name=\"robots\" content=\"index, follow, max-snippet:-1, max-image-preview:large, max-video-preview:-1\" \/>\n<link rel=\"canonical\" href=\"https:\/\/librairie7l.com\/en\/produit\/brutalist-berlin-a-photographic-and-architectural-survey-of-berlins-brutalist-buildings-2\/\" \/>\n<meta property=\"og:locale\" content=\"en_US\" \/>\n<meta property=\"og:type\" content=\"article\" \/>\n<meta property=\"og:title\" content=\"Brutalist Berlin : A photographic and architectural survey of Berlin&#039;s brutalist buildings - Librairie 7L\" \/>\n<meta property=\"og:description\" content=\"Brutalist Berlin est le premier d&#8217;une s\u00e9rie de guides d&#8217;architecture urbaine magnifiquement produits et r\u00e9dig\u00e9s par Blue row Media. R\u00e9dig\u00e9 et photographi\u00e9 par le Dr Felix orkar, bas\u00e9 \u00e0 Berlin, le livre couvre plus de cinquante btiments de la capitale allemande, avec des d\u00e9tails, des textes et des photographies tout au long de l&#8217;ouvrage. Dans [&hellip;]\" \/>\n<meta property=\"og:url\" content=\"https:\/\/librairie7l.com\/en\/produit\/brutalist-berlin-a-photographic-and-architectural-survey-of-berlins-brutalist-buildings-2\/\" \/>\n<meta property=\"og:site_name\" content=\"Librairie 7L\" \/>\n<meta property=\"article:modified_time\" content=\"2026-04-03T18:15:37+00:00\" \/>\n<meta property=\"og:image\" content=\"https:\/\/librairie7l.com\/wp-content\/uploads\/2025\/08\/9781912018253_1_75.jpg\" \/>\n\t<meta property=\"og:image:width\" content=\"600\" \/>\n\t<meta property=\"og:image:height\" content=\"890\" \/>\n\t<meta property=\"og:image:type\" content=\"image\/jpeg\" \/>\n<meta name=\"twitter:card\" content=\"summary_large_image\" \/>\n<meta name=\"twitter:label1\" content=\"Est. reading time\" \/>\n\t<meta name=\"twitter:data1\" content=\"1 minute\" \/>\n<script type=\"application\/ld+json\" class=\"yoast-schema-graph\">{\"@context\":\"https:\/\/schema.org\",\"@graph\":[{\"@type\":\"WebPage\",\"@id\":\"https:\/\/librairie7l.com\/en\/produit\/brutalist-berlin-a-photographic-and-architectural-survey-of-berlins-brutalist-buildings-2\/\",\"url\":\"https:\/\/librairie7l.com\/en\/produit\/brutalist-berlin-a-photographic-and-architectural-survey-of-berlins-brutalist-buildings-2\/\",\"name\":\"Brutalist Berlin : A photographic and architectural survey of Berlin's brutalist buildings - Librairie 7L\",\"isPartOf\":{\"@id\":\"https:\/\/librairie7l.com\/en\/#website\"},\"datePublished\":\"2025-11-21T08:18:14+00:00\",\"dateModified\":\"2026-04-03T18:15:37+00:00\",\"breadcrumb\":{\"@id\":\"https:\/\/librairie7l.com\/en\/produit\/brutalist-berlin-a-photographic-and-architectural-survey-of-berlins-brutalist-buildings-2\/#breadcrumb\"},\"inLanguage\":\"en-US\",\"potentialAction\":[{\"@type\":\"ReadAction\",\"target\":[\"https:\/\/librairie7l.com\/en\/produit\/brutalist-berlin-a-photographic-and-architectural-survey-of-berlins-brutalist-buildings-2\/\"]}]},{\"@type\":\"BreadcrumbList\",\"@id\":\"https:\/\/librairie7l.com\/en\/produit\/brutalist-berlin-a-photographic-and-architectural-survey-of-berlins-brutalist-buildings-2\/#breadcrumb\",\"itemListElement\":[{\"@type\":\"ListItem\",\"position\":1,\"name\":\"Accueil\",\"item\":\"https:\/\/librairie7l.com\/en\/\"},{\"@type\":\"ListItem\",\"position\":2,\"name\":\"Shop\",\"item\":\"https:\/\/librairie7l.com\/en\/shop\/\"},{\"@type\":\"ListItem\",\"position\":3,\"name\":\"BRUTALIST BERLIN : A PHOTOGRAPHIC AND ARCHITECTURAL SURVEY OF BERLIN&#8217;S BRUTALIST BUILDINGS\"}]},{\"@type\":\"WebSite\",\"@id\":\"https:\/\/librairie7l.com\/en\/#website\",\"url\":\"https:\/\/librairie7l.com\/en\/\",\"name\":\"Librairie 7L\",\"description\":\"Librairie fond\u00e9e en 1999 par Karl Lagerfeld \u00e0 Paris\",\"publisher\":{\"@id\":\"https:\/\/librairie7l.com\/en\/#organization\"},\"potentialAction\":[{\"@type\":\"SearchAction\",\"target\":{\"@type\":\"EntryPoint\",\"urlTemplate\":\"https:\/\/librairie7l.com\/en\/?s={search_term_string}\"},\"query-input\":\"required name=search_term_string\"}],\"inLanguage\":\"en-US\"},{\"@type\":\"Organization\",\"@id\":\"https:\/\/librairie7l.com\/en\/#organization\",\"name\":\"Librairie 7L\",\"url\":\"https:\/\/librairie7l.com\/en\/\",\"logo\":{\"@type\":\"ImageObject\",\"inLanguage\":\"en-US\",\"@id\":\"https:\/\/librairie7l.com\/en\/#\/schema\/logo\/image\/\",\"url\":\"https:\/\/librairie7l.com\/wp-content\/uploads\/2022\/08\/logo-1.png\",\"contentUrl\":\"https:\/\/librairie7l.com\/wp-content\/uploads\/2022\/08\/logo-1.png\",\"width\":227,\"height\":301,\"caption\":\"Librairie 7L\"},\"image\":{\"@id\":\"https:\/\/librairie7l.com\/en\/#\/schema\/logo\/image\/\"}}]}<\/script>\n<!-- \/ Yoast SEO plugin. -->","yoast_head_json":{"title":"Brutalist Berlin : A photographic and architectural survey of Berlin's brutalist buildings - Librairie 7L","robots":{"index":"index","follow":"follow","max-snippet":"max-snippet:-1","max-image-preview":"max-image-preview:large","max-video-preview":"max-video-preview:-1"},"canonical":"https:\/\/librairie7l.com\/en\/produit\/brutalist-berlin-a-photographic-and-architectural-survey-of-berlins-brutalist-buildings-2\/","og_locale":"en_US","og_type":"article","og_title":"Brutalist Berlin : A photographic and architectural survey of Berlin's brutalist buildings - Librairie 7L","og_description":"Brutalist Berlin est le premier d&#8217;une s\u00e9rie de guides d&#8217;architecture urbaine magnifiquement produits et r\u00e9dig\u00e9s par Blue row Media. R\u00e9dig\u00e9 et photographi\u00e9 par le Dr Felix orkar, bas\u00e9 \u00e0 Berlin, le livre couvre plus de cinquante btiments de la capitale allemande, avec des d\u00e9tails, des textes et des photographies tout au long de l&#8217;ouvrage. Dans [&hellip;]","og_url":"https:\/\/librairie7l.com\/en\/produit\/brutalist-berlin-a-photographic-and-architectural-survey-of-berlins-brutalist-buildings-2\/","og_site_name":"Librairie 7L","article_modified_time":"2026-04-03T18:15:37+00:00","og_image":[{"width":600,"height":890,"url":"https:\/\/librairie7l.com\/wp-content\/uploads\/2025\/08\/9781912018253_1_75.jpg","type":"image\/jpeg"}],"twitter_card":"summary_large_image","twitter_misc":{"Est. reading time":"1 minute"},"schema":{"@context":"https:\/\/schema.org","@graph":[{"@type":"WebPage","@id":"https:\/\/librairie7l.com\/en\/produit\/brutalist-berlin-a-photographic-and-architectural-survey-of-berlins-brutalist-buildings-2\/","url":"https:\/\/librairie7l.com\/en\/produit\/brutalist-berlin-a-photographic-and-architectural-survey-of-berlins-brutalist-buildings-2\/","name":"Brutalist Berlin : A photographic and architectural survey of Berlin's brutalist buildings - Librairie 7L","isPartOf":{"@id":"https:\/\/librairie7l.com\/en\/#website"},"datePublished":"2025-11-21T08:18:14+00:00","dateModified":"2026-04-03T18:15:37+00:00","breadcrumb":{"@id":"https:\/\/librairie7l.com\/en\/produit\/brutalist-berlin-a-photographic-and-architectural-survey-of-berlins-brutalist-buildings-2\/#breadcrumb"},"inLanguage":"en-US","potentialAction":[{"@type":"ReadAction","target":["https:\/\/librairie7l.com\/en\/produit\/brutalist-berlin-a-photographic-and-architectural-survey-of-berlins-brutalist-buildings-2\/"]}]},{"@type":"BreadcrumbList","@id":"https:\/\/librairie7l.com\/en\/produit\/brutalist-berlin-a-photographic-and-architectural-survey-of-berlins-brutalist-buildings-2\/#breadcrumb","itemListElement":[{"@type":"ListItem","position":1,"name":"Accueil","item":"https:\/\/librairie7l.com\/en\/"},{"@type":"ListItem","position":2,"name":"Shop","item":"https:\/\/librairie7l.com\/en\/shop\/"},{"@type":"ListItem","position":3,"name":"BRUTALIST BERLIN : A PHOTOGRAPHIC AND ARCHITECTURAL SURVEY OF BERLIN&#8217;S BRUTALIST BUILDINGS"}]},{"@type":"WebSite","@id":"https:\/\/librairie7l.com\/en\/#website","url":"https:\/\/librairie7l.com\/en\/","name":"Librairie 7L","description":"Librairie fond\u00e9e en 1999 par Karl Lagerfeld \u00e0 Paris","publisher":{"@id":"https:\/\/librairie7l.com\/en\/#organization"},"potentialAction":[{"@type":"SearchAction","target":{"@type":"EntryPoint","urlTemplate":"https:\/\/librairie7l.com\/en\/?s={search_term_string}"},"query-input":"required name=search_term_string"}],"inLanguage":"en-US"},{"@type":"Organization","@id":"https:\/\/librairie7l.com\/en\/#organization","name":"Librairie 7L","url":"https:\/\/librairie7l.com\/en\/","logo":{"@type":"ImageObject","inLanguage":"en-US","@id":"https:\/\/librairie7l.com\/en\/#\/schema\/logo\/image\/","url":"https:\/\/librairie7l.com\/wp-content\/uploads\/2022\/08\/logo-1.png","contentUrl":"https:\/\/librairie7l.com\/wp-content\/uploads\/2022\/08\/logo-1.png","width":227,"height":301,"caption":"Librairie 7L"},"image":{"@id":"https:\/\/librairie7l.com\/en\/#\/schema\/logo\/image\/"}}]}},"_links":{"self":[{"href":"https:\/\/librairie7l.com\/en\/wp-json\/wp\/v2\/product\/52607"}],"collection":[{"href":"https:\/\/librairie7l.com\/en\/wp-json\/wp\/v2\/product"}],"about":[{"href":"https:\/\/librairie7l.com\/en\/wp-json\/wp\/v2\/types\/product"}],"wp:featuredmedia":[{"embeddable":true,"href":"https:\/\/librairie7l.com\/en\/wp-json\/wp\/v2\/media\/52605"}],"wp:attachment":[{"href":"https:\/\/librairie7l.com\/en\/wp-json\/wp\/v2\/media?parent=52607"}],"wp:term":[{"taxonomy":"product_cat","embeddable":true,"href":"https:\/\/librairie7l.com\/en\/wp-json\/wp\/v2\/product_cat?post=52607"},{"taxonomy":"product_tag","embeddable":true,"href":"https:\/\/librairie7l.com\/en\/wp-json\/wp\/v2\/product_tag?post=52607"}],"curies":[{"name":"wp","href":"https:\/\/api.w.org\/{rel}","templated":true}]}}