{"id":52611,"date":"2025-11-21T09:18:16","date_gmt":"2025-11-21T08:18:16","guid":{"rendered":"https:\/\/librairie7l.com\/?post_type=product&#038;p=52611"},"modified":"2026-05-03T22:40:11","modified_gmt":"2026-05-03T20:40:11","slug":"brutalist-interiors-2","status":"publish","type":"product","link":"https:\/\/librairie7l.com\/en\/produit\/brutalist-interiors-2\/","title":{"rendered":"BRUTALIST INTERIORS"},"content":{"rendered":"<p>Brutalist Interiors r\u00e9v\u00e8le les int\u00e9rieurs jusqu&#8217;ici ignor\u00e9s de b\u00e2timents brutalistes et en b\u00e9-ton dans le monde entier. L&#8217;ouvrage associe des photographies d&#8217;int\u00e9rieurs s\u00e9lectionn\u00e9s \u00e0 des essais r\u00e9dig\u00e9s par d&#8217;\u00e9minents \u00e9crivains et universitaires sp\u00e9cialis\u00e9s dans l&#8217;architec-ture, sur des sujets allant de l&#8217;enfance \u00e0 l&#8217;int\u00e9rieur d&#8217;Habitat 67 \u00e0 Montr\u00e9al aux int\u00e9rieurs de Denys Lasdun au Ghana et de Tadao Ando au Japon, en passant par l&#8217;utilisation des techniques brutalistes dans le design contemporain. Les photographies de grands photographes d&#8217;architecture tels que Roberto Conte, Stefa-no Perego, Simon Phipps et Iwan Baan et les essais \u00e9crits par Blake Gopnik, Ewan Harrison, Deane Madsen, Gili Merin, Naomi Pollock, Felix Torkar, Ljubica Slavkovic et Rixt Wouds-tra emm\u00e8nent les lecteurs \u00e0 l&#8217;int\u00e9rieur de certains des b\u00e2timents en b\u00e9ton brutalistes et contemporains les plus remarquables au monde. Blue Crow Media est connu pour sa fa\u00e7on de promouvoir le Brutalisme \u00e0 travers ses cartes d&#8217;architecture urbaine populaires et son calendrier annuel culte du Brutalisme.<\/p>\n","protected":false},"excerpt":{"rendered":"<p>Brutalist Interiors r\u00e9v\u00e8le les int\u00e9rieurs jusqu&#8217;ici ignor\u00e9s de b\u00e2timents brutalistes et en b\u00e9-ton dans le monde entier. L&#8217;ouvrage associe des photographies d&#8217;int\u00e9rieurs s\u00e9lectionn\u00e9s \u00e0 des essais r\u00e9dig\u00e9s par d&#8217;\u00e9minents \u00e9crivains et universitaires sp\u00e9cialis\u00e9s dans l&#8217;architec-ture, sur des sujets allant de l&#8217;enfance \u00e0 l&#8217;int\u00e9rieur d&#8217;Habitat 67 \u00e0 Montr\u00e9al aux int\u00e9rieurs de Denys Lasdun au Ghana et [&hellip;]<\/p>\n","protected":false},"featured_media":52609,"template":"","meta":[],"product_cat":[2948,2951],"product_tag":[],"acf":[],"yoast_head":"<!-- This site is optimized with the Yoast SEO plugin v20.11 - https:\/\/yoast.com\/wordpress\/plugins\/seo\/ -->\n<title>Brutalist interiors - Librairie 7L<\/title>\n<meta name=\"robots\" content=\"index, follow, max-snippet:-1, max-image-preview:large, max-video-preview:-1\" \/>\n<link rel=\"canonical\" href=\"https:\/\/librairie7l.com\/en\/produit\/brutalist-interiors-2\/\" \/>\n<meta property=\"og:locale\" content=\"en_US\" \/>\n<meta property=\"og:type\" content=\"article\" \/>\n<meta property=\"og:title\" content=\"Brutalist interiors - Librairie 7L\" \/>\n<meta property=\"og:description\" content=\"Brutalist Interiors r\u00e9v\u00e8le les int\u00e9rieurs jusqu&#8217;ici ignor\u00e9s de b\u00e2timents brutalistes et en b\u00e9-ton dans le monde entier. L&#8217;ouvrage associe des photographies d&#8217;int\u00e9rieurs s\u00e9lectionn\u00e9s \u00e0 des essais r\u00e9dig\u00e9s par d&#8217;\u00e9minents \u00e9crivains et universitaires sp\u00e9cialis\u00e9s dans l&#8217;architec-ture, sur des sujets allant de l&#8217;enfance \u00e0 l&#8217;int\u00e9rieur d&#8217;Habitat 67 \u00e0 Montr\u00e9al aux int\u00e9rieurs de Denys Lasdun au Ghana et [&hellip;]\" \/>\n<meta property=\"og:url\" content=\"https:\/\/librairie7l.com\/en\/produit\/brutalist-interiors-2\/\" \/>\n<meta property=\"og:site_name\" content=\"Librairie 7L\" \/>\n<meta property=\"article:modified_time\" content=\"2026-05-03T20:40:11+00:00\" \/>\n<meta property=\"og:image\" content=\"https:\/\/librairie7l.com\/wp-content\/uploads\/2025\/04\/9781912018222_1_75.jpg\" \/>\n\t<meta property=\"og:image:width\" content=\"600\" \/>\n\t<meta property=\"og:image:height\" content=\"850\" \/>\n\t<meta property=\"og:image:type\" content=\"image\/jpeg\" \/>\n<meta name=\"twitter:card\" content=\"summary_large_image\" \/>\n<meta name=\"twitter:label1\" content=\"Est. reading time\" \/>\n\t<meta name=\"twitter:data1\" content=\"1 minute\" \/>\n<script type=\"application\/ld+json\" class=\"yoast-schema-graph\">{\"@context\":\"https:\/\/schema.org\",\"@graph\":[{\"@type\":\"WebPage\",\"@id\":\"https:\/\/librairie7l.com\/en\/produit\/brutalist-interiors-2\/\",\"url\":\"https:\/\/librairie7l.com\/en\/produit\/brutalist-interiors-2\/\",\"name\":\"Brutalist interiors - Librairie 7L\",\"isPartOf\":{\"@id\":\"https:\/\/librairie7l.com\/en\/#website\"},\"datePublished\":\"2025-11-21T08:18:16+00:00\",\"dateModified\":\"2026-05-03T20:40:11+00:00\",\"breadcrumb\":{\"@id\":\"https:\/\/librairie7l.com\/en\/produit\/brutalist-interiors-2\/#breadcrumb\"},\"inLanguage\":\"en-US\",\"potentialAction\":[{\"@type\":\"ReadAction\",\"target\":[\"https:\/\/librairie7l.com\/en\/produit\/brutalist-interiors-2\/\"]}]},{\"@type\":\"BreadcrumbList\",\"@id\":\"https:\/\/librairie7l.com\/en\/produit\/brutalist-interiors-2\/#breadcrumb\",\"itemListElement\":[{\"@type\":\"ListItem\",\"position\":1,\"name\":\"Accueil\",\"item\":\"https:\/\/librairie7l.com\/en\/\"},{\"@type\":\"ListItem\",\"position\":2,\"name\":\"Shop\",\"item\":\"https:\/\/librairie7l.com\/en\/shop\/\"},{\"@type\":\"ListItem\",\"position\":3,\"name\":\"BRUTALIST INTERIORS\"}]},{\"@type\":\"WebSite\",\"@id\":\"https:\/\/librairie7l.com\/en\/#website\",\"url\":\"https:\/\/librairie7l.com\/en\/\",\"name\":\"Librairie 7L\",\"description\":\"Librairie fond\u00e9e en 1999 par Karl Lagerfeld \u00e0 Paris\",\"publisher\":{\"@id\":\"https:\/\/librairie7l.com\/en\/#organization\"},\"potentialAction\":[{\"@type\":\"SearchAction\",\"target\":{\"@type\":\"EntryPoint\",\"urlTemplate\":\"https:\/\/librairie7l.com\/en\/?s={search_term_string}\"},\"query-input\":\"required name=search_term_string\"}],\"inLanguage\":\"en-US\"},{\"@type\":\"Organization\",\"@id\":\"https:\/\/librairie7l.com\/en\/#organization\",\"name\":\"Librairie 7L\",\"url\":\"https:\/\/librairie7l.com\/en\/\",\"logo\":{\"@type\":\"ImageObject\",\"inLanguage\":\"en-US\",\"@id\":\"https:\/\/librairie7l.com\/en\/#\/schema\/logo\/image\/\",\"url\":\"https:\/\/librairie7l.com\/wp-content\/uploads\/2022\/08\/logo-1.png\",\"contentUrl\":\"https:\/\/librairie7l.com\/wp-content\/uploads\/2022\/08\/logo-1.png\",\"width\":227,\"height\":301,\"caption\":\"Librairie 7L\"},\"image\":{\"@id\":\"https:\/\/librairie7l.com\/en\/#\/schema\/logo\/image\/\"}}]}<\/script>\n<!-- \/ Yoast SEO plugin. -->","yoast_head_json":{"title":"Brutalist interiors - Librairie 7L","robots":{"index":"index","follow":"follow","max-snippet":"max-snippet:-1","max-image-preview":"max-image-preview:large","max-video-preview":"max-video-preview:-1"},"canonical":"https:\/\/librairie7l.com\/en\/produit\/brutalist-interiors-2\/","og_locale":"en_US","og_type":"article","og_title":"Brutalist interiors - Librairie 7L","og_description":"Brutalist Interiors r\u00e9v\u00e8le les int\u00e9rieurs jusqu&#8217;ici ignor\u00e9s de b\u00e2timents brutalistes et en b\u00e9-ton dans le monde entier. L&#8217;ouvrage associe des photographies d&#8217;int\u00e9rieurs s\u00e9lectionn\u00e9s \u00e0 des essais r\u00e9dig\u00e9s par d&#8217;\u00e9minents \u00e9crivains et universitaires sp\u00e9cialis\u00e9s dans l&#8217;architec-ture, sur des sujets allant de l&#8217;enfance \u00e0 l&#8217;int\u00e9rieur d&#8217;Habitat 67 \u00e0 Montr\u00e9al aux int\u00e9rieurs de Denys Lasdun au Ghana et [&hellip;]","og_url":"https:\/\/librairie7l.com\/en\/produit\/brutalist-interiors-2\/","og_site_name":"Librairie 7L","article_modified_time":"2026-05-03T20:40:11+00:00","og_image":[{"width":600,"height":850,"url":"https:\/\/librairie7l.com\/wp-content\/uploads\/2025\/04\/9781912018222_1_75.jpg","type":"image\/jpeg"}],"twitter_card":"summary_large_image","twitter_misc":{"Est. reading time":"1 minute"},"schema":{"@context":"https:\/\/schema.org","@graph":[{"@type":"WebPage","@id":"https:\/\/librairie7l.com\/en\/produit\/brutalist-interiors-2\/","url":"https:\/\/librairie7l.com\/en\/produit\/brutalist-interiors-2\/","name":"Brutalist interiors - Librairie 7L","isPartOf":{"@id":"https:\/\/librairie7l.com\/en\/#website"},"datePublished":"2025-11-21T08:18:16+00:00","dateModified":"2026-05-03T20:40:11+00:00","breadcrumb":{"@id":"https:\/\/librairie7l.com\/en\/produit\/brutalist-interiors-2\/#breadcrumb"},"inLanguage":"en-US","potentialAction":[{"@type":"ReadAction","target":["https:\/\/librairie7l.com\/en\/produit\/brutalist-interiors-2\/"]}]},{"@type":"BreadcrumbList","@id":"https:\/\/librairie7l.com\/en\/produit\/brutalist-interiors-2\/#breadcrumb","itemListElement":[{"@type":"ListItem","position":1,"name":"Accueil","item":"https:\/\/librairie7l.com\/en\/"},{"@type":"ListItem","position":2,"name":"Shop","item":"https:\/\/librairie7l.com\/en\/shop\/"},{"@type":"ListItem","position":3,"name":"BRUTALIST INTERIORS"}]},{"@type":"WebSite","@id":"https:\/\/librairie7l.com\/en\/#website","url":"https:\/\/librairie7l.com\/en\/","name":"Librairie 7L","description":"Librairie fond\u00e9e en 1999 par Karl Lagerfeld \u00e0 Paris","publisher":{"@id":"https:\/\/librairie7l.com\/en\/#organization"},"potentialAction":[{"@type":"SearchAction","target":{"@type":"EntryPoint","urlTemplate":"https:\/\/librairie7l.com\/en\/?s={search_term_string}"},"query-input":"required name=search_term_string"}],"inLanguage":"en-US"},{"@type":"Organization","@id":"https:\/\/librairie7l.com\/en\/#organization","name":"Librairie 7L","url":"https:\/\/librairie7l.com\/en\/","logo":{"@type":"ImageObject","inLanguage":"en-US","@id":"https:\/\/librairie7l.com\/en\/#\/schema\/logo\/image\/","url":"https:\/\/librairie7l.com\/wp-content\/uploads\/2022\/08\/logo-1.png","contentUrl":"https:\/\/librairie7l.com\/wp-content\/uploads\/2022\/08\/logo-1.png","width":227,"height":301,"caption":"Librairie 7L"},"image":{"@id":"https:\/\/librairie7l.com\/en\/#\/schema\/logo\/image\/"}}]}},"_links":{"self":[{"href":"https:\/\/librairie7l.com\/en\/wp-json\/wp\/v2\/product\/52611"}],"collection":[{"href":"https:\/\/librairie7l.com\/en\/wp-json\/wp\/v2\/product"}],"about":[{"href":"https:\/\/librairie7l.com\/en\/wp-json\/wp\/v2\/types\/product"}],"wp:featuredmedia":[{"embeddable":true,"href":"https:\/\/librairie7l.com\/en\/wp-json\/wp\/v2\/media\/52609"}],"wp:attachment":[{"href":"https:\/\/librairie7l.com\/en\/wp-json\/wp\/v2\/media?parent=52611"}],"wp:term":[{"taxonomy":"product_cat","embeddable":true,"href":"https:\/\/librairie7l.com\/en\/wp-json\/wp\/v2\/product_cat?post=52611"},{"taxonomy":"product_tag","embeddable":true,"href":"https:\/\/librairie7l.com\/en\/wp-json\/wp\/v2\/product_tag?post=52611"}],"curies":[{"name":"wp","href":"https:\/\/api.w.org\/{rel}","templated":true}]}}